{"id":77764,"date":"2023-01-10T22:15:19","date_gmt":"2023-01-10T22:15:19","guid":{"rendered":"https:\/\/asteralabs.org\/product\/dapoxetin-hcl\/"},"modified":"2026-01-16T08:59:28","modified_gmt":"2026-01-16T08:59:28","slug":"dapoxetin-hcl","status":"publish","type":"product","link":"https:\/\/asteralabs.org\/sv\/product\/dapoxetin-hcl\/","title":{"rendered":"Dapoxetin HCL"},"content":{"rendered":"<p><strong>DOSERING: <\/strong><br \/>\nDapoxetin HCL 60 mg\/tablett <strong>F\u00d6RPACKNINGENS IN <\/strong>NEH\u00c5LL:<br \/>\n1 dosett, 50 tabletter, 60 mg per tablett <strong>VAD \u00c4R DET: <\/strong><br \/>\nDapoxetin \u00e4r ett l\u00e4kemedel som anv\u00e4nds f\u00f6r att behandla f\u00f6r tidig utl\u00f6sning.<br \/>\nDet \u00e4r en kortverkande selektiv serotonin\u00e5terupptagsh\u00e4mmare. <strong>HUR MAN ANV\u00c4NDER: <\/strong><br \/>\nDen dagliga dosen varierar mellan 30 och 60 mg, det \u00e4r l\u00e4mpligt att anpassa dosen beroende p\u00e5 biverkningar och \u00f6nskad effekt. Det \u00e4r l\u00e4mpligt att ta det en timme f\u00f6re starten av sexuell aktivitet, det rekommenderas att inte \u00f6verskrida en daglig dos p\u00e5 60 mg och att anv\u00e4nda den bara en g\u00e5ng om dagen och inte varje dag.<\/p>\n<p><strong>BATCH INFORMATION:<br \/>\n<\/strong>Batch nr: <span data-sheets-root=\"1\" data-sheets-value=\"{\" data-sheets-userformat=\"{\">MD24826<\/span><br \/>\nTillverkningsdatum: <span data-sheets-root=\"1\" data-sheets-value=\"{\" data-sheets-userformat=\"{\">10.2025.<\/span><br \/>\nUtg\u00e5ngsdatum: <span data-sheets-root=\"1\" data-sheets-value=\"{\" data-sheets-userformat=\"{\">10.2028.<\/span><\/p>\n","protected":false},"excerpt":{"rendered":"<p>DOSERING: Dapoxetin HCL 60 mg\/tablett F\u00d6RPACKNINGENS IN NEH\u00c5LL: 1 dosett, 50 tabletter, 60 mg per tablett VAD \u00c4R DET: Dapoxetin \u00e4r ett l\u00e4kemedel som anv\u00e4nds f\u00f6r att behandla f\u00f6r tidig utl\u00f6sning. Det \u00e4r en kortverkande selektiv serotonin\u00e5terupptagsh\u00e4mmare. HUR MAN ANV\u00c4NDER: Den dagliga dosen varierar mellan 30 och 60 mg, det \u00e4r l\u00e4mpligt att anpassa dosen&hellip;<\/p>\n","protected":false},"featured_media":76246,"comment_status":"open","ping_status":"closed","template":"","meta":{"_acf_changed":false},"product_brand":[],"product_cat":[171,179],"product_tag":[],"class_list":{"0":"post-77764","1":"product","2":"type-product","3":"status-publish","4":"has-post-thumbnail","6":"product_cat-all-sv","7":"product_cat-orals-sv","8":"description-off","10":"first","11":"instock","12":"shipping-taxable","13":"product-type-simple"},"acf":[],"yoast_head":"<!-- This site is optimized with the Yoast SEO plugin v27.4 - https:\/\/yoast.com\/product\/yoast-seo-wordpress\/ -->\n<title>Dapoxetin HCL - Astera Labs<\/title>\n<meta name=\"robots\" content=\"index, follow, max-snippet:-1, max-image-preview:large, max-video-preview:-1\" \/>\n<link rel=\"canonical\" href=\"https:\/\/asteralabs.org\/sv\/product\/dapoxetin-hcl\/\" \/>\n<meta property=\"og:locale\" content=\"sv_SE\" \/>\n<meta property=\"og:type\" content=\"article\" \/>\n<meta property=\"og:title\" content=\"Dapoxetin HCL - Astera Labs\" \/>\n<meta property=\"og:description\" content=\"DOSERING: Dapoxetin HCL 60 mg\/tablett F\u00d6RPACKNINGENS IN NEH\u00c5LL: 1 dosett, 50 tabletter, 60 mg per tablett VAD \u00c4R DET: Dapoxetin \u00e4r ett l\u00e4kemedel som anv\u00e4nds f\u00f6r att behandla f\u00f6r tidig utl\u00f6sning. Det \u00e4r en kortverkande selektiv serotonin\u00e5terupptagsh\u00e4mmare. HUR MAN ANV\u00c4NDER: Den dagliga dosen varierar mellan 30 och 60 mg, det \u00e4r l\u00e4mpligt att anpassa dosen&hellip;\" \/>\n<meta property=\"og:url\" content=\"https:\/\/asteralabs.org\/sv\/product\/dapoxetin-hcl\/\" \/>\n<meta property=\"og:site_name\" content=\"Astera Labs\" \/>\n<meta property=\"article:modified_time\" content=\"2026-01-16T08:59:28+00:00\" \/>\n<meta property=\"og:image\" content=\"https:\/\/asteralabs.org\/wp-content\/uploads\/2023\/01\/Dapoxetine-HCL-mockup-nbg.png\" \/>\n\t<meta property=\"og:image:width\" content=\"2000\" \/>\n\t<meta property=\"og:image:height\" content=\"2000\" \/>\n\t<meta property=\"og:image:type\" content=\"image\/png\" \/>\n<meta name=\"twitter:card\" content=\"summary_large_image\" \/>\n<script type=\"application\/ld+json\" class=\"yoast-schema-graph\">{\"@context\":\"https:\\\/\\\/schema.org\",\"@graph\":[{\"@type\":\"WebPage\",\"@id\":\"https:\\\/\\\/asteralabs.org\\\/sv\\\/product\\\/dapoxetin-hcl\\\/\",\"url\":\"https:\\\/\\\/asteralabs.org\\\/sv\\\/product\\\/dapoxetin-hcl\\\/\",\"name\":\"Dapoxetin HCL - Astera Labs\",\"isPartOf\":{\"@id\":\"https:\\\/\\\/asteralabs.org\\\/sv\\\/#website\"},\"primaryImageOfPage\":{\"@id\":\"https:\\\/\\\/asteralabs.org\\\/sv\\\/product\\\/dapoxetin-hcl\\\/#primaryimage\"},\"image\":{\"@id\":\"https:\\\/\\\/asteralabs.org\\\/sv\\\/product\\\/dapoxetin-hcl\\\/#primaryimage\"},\"thumbnailUrl\":\"https:\\\/\\\/asteralabs.org\\\/wp-content\\\/uploads\\\/2023\\\/01\\\/Dapoxetine-HCL-mockup-nbg.png\",\"datePublished\":\"2023-01-10T22:15:19+00:00\",\"dateModified\":\"2026-01-16T08:59:28+00:00\",\"breadcrumb\":{\"@id\":\"https:\\\/\\\/asteralabs.org\\\/sv\\\/product\\\/dapoxetin-hcl\\\/#breadcrumb\"},\"inLanguage\":\"sv-SE\",\"potentialAction\":[{\"@type\":\"ReadAction\",\"target\":[\"https:\\\/\\\/asteralabs.org\\\/sv\\\/product\\\/dapoxetin-hcl\\\/\"]}]},{\"@type\":\"ImageObject\",\"inLanguage\":\"sv-SE\",\"@id\":\"https:\\\/\\\/asteralabs.org\\\/sv\\\/product\\\/dapoxetin-hcl\\\/#primaryimage\",\"url\":\"https:\\\/\\\/asteralabs.org\\\/wp-content\\\/uploads\\\/2023\\\/01\\\/Dapoxetine-HCL-mockup-nbg.png\",\"contentUrl\":\"https:\\\/\\\/asteralabs.org\\\/wp-content\\\/uploads\\\/2023\\\/01\\\/Dapoxetine-HCL-mockup-nbg.png\",\"width\":2000,\"height\":2000},{\"@type\":\"BreadcrumbList\",\"@id\":\"https:\\\/\\\/asteralabs.org\\\/sv\\\/product\\\/dapoxetin-hcl\\\/#breadcrumb\",\"itemListElement\":[{\"@type\":\"ListItem\",\"position\":1,\"name\":\"Home\",\"item\":\"https:\\\/\\\/asteralabs.org\\\/sv\\\/\"},{\"@type\":\"ListItem\",\"position\":2,\"name\":\"Shop\",\"item\":\"https:\\\/\\\/asteralabs.org\\\/shop\\\/\"},{\"@type\":\"ListItem\",\"position\":3,\"name\":\"Dapoxetin HCL\"}]},{\"@type\":\"WebSite\",\"@id\":\"https:\\\/\\\/asteralabs.org\\\/sv\\\/#website\",\"url\":\"https:\\\/\\\/asteralabs.org\\\/sv\\\/\",\"name\":\"Astera Labs\",\"description\":\"Improve Your Quality Of Life\",\"publisher\":{\"@id\":\"https:\\\/\\\/asteralabs.org\\\/sv\\\/#organization\"},\"potentialAction\":[{\"@type\":\"SearchAction\",\"target\":{\"@type\":\"EntryPoint\",\"urlTemplate\":\"https:\\\/\\\/asteralabs.org\\\/sv\\\/?s={search_term_string}\"},\"query-input\":{\"@type\":\"PropertyValueSpecification\",\"valueRequired\":true,\"valueName\":\"search_term_string\"}}],\"inLanguage\":\"sv-SE\"},{\"@type\":\"Organization\",\"@id\":\"https:\\\/\\\/asteralabs.org\\\/sv\\\/#organization\",\"name\":\"Astera Labs\",\"url\":\"https:\\\/\\\/asteralabs.org\\\/sv\\\/\",\"logo\":{\"@type\":\"ImageObject\",\"inLanguage\":\"sv-SE\",\"@id\":\"https:\\\/\\\/asteralabs.org\\\/sv\\\/#\\\/schema\\\/logo\\\/image\\\/\",\"url\":\"https:\\\/\\\/asteralabs.org\\\/wp-content\\\/uploads\\\/2022\\\/12\\\/astera-2.png\",\"contentUrl\":\"https:\\\/\\\/asteralabs.org\\\/wp-content\\\/uploads\\\/2022\\\/12\\\/astera-2.png\",\"width\":437,\"height\":111,\"caption\":\"Astera Labs\"},\"image\":{\"@id\":\"https:\\\/\\\/asteralabs.org\\\/sv\\\/#\\\/schema\\\/logo\\\/image\\\/\"}}]}<\/script>\n<!-- \/ Yoast SEO plugin. -->","yoast_head_json":{"title":"Dapoxetin HCL - Astera Labs","robots":{"index":"index","follow":"follow","max-snippet":"max-snippet:-1","max-image-preview":"max-image-preview:large","max-video-preview":"max-video-preview:-1"},"canonical":"https:\/\/asteralabs.org\/sv\/product\/dapoxetin-hcl\/","og_locale":"sv_SE","og_type":"article","og_title":"Dapoxetin HCL - Astera Labs","og_description":"DOSERING: Dapoxetin HCL 60 mg\/tablett F\u00d6RPACKNINGENS IN NEH\u00c5LL: 1 dosett, 50 tabletter, 60 mg per tablett VAD \u00c4R DET: Dapoxetin \u00e4r ett l\u00e4kemedel som anv\u00e4nds f\u00f6r att behandla f\u00f6r tidig utl\u00f6sning. Det \u00e4r en kortverkande selektiv serotonin\u00e5terupptagsh\u00e4mmare. HUR MAN ANV\u00c4NDER: Den dagliga dosen varierar mellan 30 och 60 mg, det \u00e4r l\u00e4mpligt att anpassa dosen&hellip;","og_url":"https:\/\/asteralabs.org\/sv\/product\/dapoxetin-hcl\/","og_site_name":"Astera Labs","article_modified_time":"2026-01-16T08:59:28+00:00","og_image":[{"width":2000,"height":2000,"url":"https:\/\/asteralabs.org\/wp-content\/uploads\/2023\/01\/Dapoxetine-HCL-mockup-nbg.png","type":"image\/png"}],"twitter_card":"summary_large_image","schema":{"@context":"https:\/\/schema.org","@graph":[{"@type":"WebPage","@id":"https:\/\/asteralabs.org\/sv\/product\/dapoxetin-hcl\/","url":"https:\/\/asteralabs.org\/sv\/product\/dapoxetin-hcl\/","name":"Dapoxetin HCL - Astera Labs","isPartOf":{"@id":"https:\/\/asteralabs.org\/sv\/#website"},"primaryImageOfPage":{"@id":"https:\/\/asteralabs.org\/sv\/product\/dapoxetin-hcl\/#primaryimage"},"image":{"@id":"https:\/\/asteralabs.org\/sv\/product\/dapoxetin-hcl\/#primaryimage"},"thumbnailUrl":"https:\/\/asteralabs.org\/wp-content\/uploads\/2023\/01\/Dapoxetine-HCL-mockup-nbg.png","datePublished":"2023-01-10T22:15:19+00:00","dateModified":"2026-01-16T08:59:28+00:00","breadcrumb":{"@id":"https:\/\/asteralabs.org\/sv\/product\/dapoxetin-hcl\/#breadcrumb"},"inLanguage":"sv-SE","potentialAction":[{"@type":"ReadAction","target":["https:\/\/asteralabs.org\/sv\/product\/dapoxetin-hcl\/"]}]},{"@type":"ImageObject","inLanguage":"sv-SE","@id":"https:\/\/asteralabs.org\/sv\/product\/dapoxetin-hcl\/#primaryimage","url":"https:\/\/asteralabs.org\/wp-content\/uploads\/2023\/01\/Dapoxetine-HCL-mockup-nbg.png","contentUrl":"https:\/\/asteralabs.org\/wp-content\/uploads\/2023\/01\/Dapoxetine-HCL-mockup-nbg.png","width":2000,"height":2000},{"@type":"BreadcrumbList","@id":"https:\/\/asteralabs.org\/sv\/product\/dapoxetin-hcl\/#breadcrumb","itemListElement":[{"@type":"ListItem","position":1,"name":"Home","item":"https:\/\/asteralabs.org\/sv\/"},{"@type":"ListItem","position":2,"name":"Shop","item":"https:\/\/asteralabs.org\/shop\/"},{"@type":"ListItem","position":3,"name":"Dapoxetin HCL"}]},{"@type":"WebSite","@id":"https:\/\/asteralabs.org\/sv\/#website","url":"https:\/\/asteralabs.org\/sv\/","name":"Astera Labs","description":"Improve Your Quality Of Life","publisher":{"@id":"https:\/\/asteralabs.org\/sv\/#organization"},"potentialAction":[{"@type":"SearchAction","target":{"@type":"EntryPoint","urlTemplate":"https:\/\/asteralabs.org\/sv\/?s={search_term_string}"},"query-input":{"@type":"PropertyValueSpecification","valueRequired":true,"valueName":"search_term_string"}}],"inLanguage":"sv-SE"},{"@type":"Organization","@id":"https:\/\/asteralabs.org\/sv\/#organization","name":"Astera Labs","url":"https:\/\/asteralabs.org\/sv\/","logo":{"@type":"ImageObject","inLanguage":"sv-SE","@id":"https:\/\/asteralabs.org\/sv\/#\/schema\/logo\/image\/","url":"https:\/\/asteralabs.org\/wp-content\/uploads\/2022\/12\/astera-2.png","contentUrl":"https:\/\/asteralabs.org\/wp-content\/uploads\/2022\/12\/astera-2.png","width":437,"height":111,"caption":"Astera Labs"},"image":{"@id":"https:\/\/asteralabs.org\/sv\/#\/schema\/logo\/image\/"}}]}},"_links":{"self":[{"href":"https:\/\/asteralabs.org\/sv\/wp-json\/wp\/v2\/product\/77764","targetHints":{"allow":["GET"]}}],"collection":[{"href":"https:\/\/asteralabs.org\/sv\/wp-json\/wp\/v2\/product"}],"about":[{"href":"https:\/\/asteralabs.org\/sv\/wp-json\/wp\/v2\/types\/product"}],"replies":[{"embeddable":true,"href":"https:\/\/asteralabs.org\/sv\/wp-json\/wp\/v2\/comments?post=77764"}],"version-history":[{"count":0,"href":"https:\/\/asteralabs.org\/sv\/wp-json\/wp\/v2\/product\/77764\/revisions"}],"wp:featuredmedia":[{"embeddable":true,"href":"https:\/\/asteralabs.org\/sv\/wp-json\/wp\/v2\/media\/76246"}],"wp:attachment":[{"href":"https:\/\/asteralabs.org\/sv\/wp-json\/wp\/v2\/media?parent=77764"}],"wp:term":[{"taxonomy":"product_brand","embeddable":true,"href":"https:\/\/asteralabs.org\/sv\/wp-json\/wp\/v2\/product_brand?post=77764"},{"taxonomy":"product_cat","embeddable":true,"href":"https:\/\/asteralabs.org\/sv\/wp-json\/wp\/v2\/product_cat?post=77764"},{"taxonomy":"product_tag","embeddable":true,"href":"https:\/\/asteralabs.org\/sv\/wp-json\/wp\/v2\/product_tag?post=77764"}],"curies":[{"name":"wp","href":"https:\/\/api.w.org\/{rel}","templated":true}]}}