{"id":77770,"date":"2023-01-10T22:11:50","date_gmt":"2023-01-10T22:11:50","guid":{"rendered":"https:\/\/asteralabs.org\/product\/cabergolin\/"},"modified":"2026-01-16T08:20:25","modified_gmt":"2026-01-16T08:20:25","slug":"cabergolin","status":"publish","type":"product","link":"https:\/\/asteralabs.org\/sv\/product\/cabergolin\/","title":{"rendered":"Cabergolin"},"content":{"rendered":"<p><strong>DOSERING: <\/strong><br \/>\nCabergolin 0,25 mg\/tablett <strong>F\u00d6RPACKNINGSINNEH\u00c5LL: <\/strong><br \/>\n1 dosett, 50 tabletter, 0,25 mg per tablett <strong>VAD \u00c4R DET: <\/strong><br \/>\nCabergolin \u00e4r ett dopaminergt l\u00e4kemedel som anv\u00e4nds vid behandling av h\u00f6ga prolaktinniv\u00e5er, prolaktinom, Parkinsons sjukdom och f\u00f6r andra indikationer. Det tas genom munnen. Cabergolin \u00e4r ett ergotderivat och en potent dopamin D2-receptoragonist. <strong>HUR MAN ANV\u00c4NDER DET: <\/strong><br \/>\nVi rekommenderar att du tar l\u00e4gsta m\u00f6jliga dos, 0,25 mg varje vecka \u00e4r tillr\u00e4ckligt, och i vissa fall kan 0,5 mg vara r\u00e4tt dos. <strong>BATCHINFORMATION:<br \/>\n<\/strong>Batch nr: <span data-sheets-root=\"1\" data-sheets-value=\"{\" data-sheets-userformat=\"{\">DM22695<\/span><br \/>\nTillverkningsdatum: <span data-sheets-root=\"1\" data-sheets-value=\"{\" data-sheets-userformat=\"{\">10.2025.<\/span><br \/>\nUtg\u00e5ngsdatum: <span data-sheets-root=\"1\" data-sheets-value=\"{\" data-sheets-userformat=\"{\">10.2028.<\/span><\/p>\n","protected":false},"excerpt":{"rendered":"<p>DOSERING: Cabergolin 0,25 mg\/tablett F\u00d6RPACKNINGSINNEH\u00c5LL: 1 dosett, 50 tabletter, 0,25 mg per tablett VAD \u00c4R DET: Cabergolin \u00e4r ett dopaminergt l\u00e4kemedel som anv\u00e4nds vid behandling av h\u00f6ga prolaktinniv\u00e5er, prolaktinom, Parkinsons sjukdom och f\u00f6r andra indikationer. Det tas genom munnen. Cabergolin \u00e4r ett ergotderivat och en potent dopamin D2-receptoragonist. HUR MAN ANV\u00c4NDER DET: Vi rekommenderar att&hellip;<\/p>\n","protected":false},"featured_media":76222,"comment_status":"open","ping_status":"closed","template":"","meta":[],"product_cat":[171,179],"product_tag":[],"yoast_head":"<!-- This site is optimized with the Yoast SEO plugin v23.0 - https:\/\/yoast.com\/wordpress\/plugins\/seo\/ -->\n<title>Cabergolin - Astera Labs<\/title>\n<meta name=\"robots\" content=\"index, follow, max-snippet:-1, max-image-preview:large, max-video-preview:-1\" \/>\n<link rel=\"canonical\" href=\"https:\/\/asteralabs.org\/sv\/product\/cabergolin\/\" \/>\n<meta property=\"og:locale\" content=\"sv_SE\" \/>\n<meta property=\"og:type\" content=\"article\" \/>\n<meta property=\"og:title\" content=\"Cabergolin - Astera Labs\" \/>\n<meta property=\"og:description\" content=\"DOSERING: Cabergolin 0,25 mg\/tablett F\u00d6RPACKNINGSINNEH\u00c5LL: 1 dosett, 50 tabletter, 0,25 mg per tablett VAD \u00c4R DET: Cabergolin \u00e4r ett dopaminergt l\u00e4kemedel som anv\u00e4nds vid behandling av h\u00f6ga prolaktinniv\u00e5er, prolaktinom, Parkinsons sjukdom och f\u00f6r andra indikationer. Det tas genom munnen. Cabergolin \u00e4r ett ergotderivat och en potent dopamin D2-receptoragonist. HUR MAN ANV\u00c4NDER DET: Vi rekommenderar att&hellip;\" \/>\n<meta property=\"og:url\" content=\"https:\/\/asteralabs.org\/sv\/product\/cabergolin\/\" \/>\n<meta property=\"og:site_name\" content=\"Astera Labs\" \/>\n<meta property=\"article:modified_time\" content=\"2026-01-16T08:20:25+00:00\" \/>\n<meta property=\"og:image\" content=\"https:\/\/asteralabs.org\/wp-content\/uploads\/2023\/01\/Cabergoline-mockup-nbg.png\" \/>\n\t<meta property=\"og:image:width\" content=\"2000\" \/>\n\t<meta property=\"og:image:height\" content=\"2000\" \/>\n\t<meta property=\"og:image:type\" content=\"image\/png\" \/>\n<meta name=\"twitter:card\" content=\"summary_large_image\" \/>\n<script type=\"application\/ld+json\" class=\"yoast-schema-graph\">{\"@context\":\"https:\/\/schema.org\",\"@graph\":[{\"@type\":\"WebPage\",\"@id\":\"https:\/\/asteralabs.org\/sv\/product\/cabergolin\/\",\"url\":\"https:\/\/asteralabs.org\/sv\/product\/cabergolin\/\",\"name\":\"Cabergolin - Astera Labs\",\"isPartOf\":{\"@id\":\"https:\/\/asteralabs.org\/sv\/#website\"},\"primaryImageOfPage\":{\"@id\":\"https:\/\/asteralabs.org\/sv\/product\/cabergolin\/#primaryimage\"},\"image\":{\"@id\":\"https:\/\/asteralabs.org\/sv\/product\/cabergolin\/#primaryimage\"},\"thumbnailUrl\":\"https:\/\/asteralabs.org\/wp-content\/uploads\/2023\/01\/Cabergoline-mockup-nbg.png\",\"datePublished\":\"2023-01-10T22:11:50+00:00\",\"dateModified\":\"2026-01-16T08:20:25+00:00\",\"breadcrumb\":{\"@id\":\"https:\/\/asteralabs.org\/sv\/product\/cabergolin\/#breadcrumb\"},\"inLanguage\":\"sv-SE\",\"potentialAction\":[{\"@type\":\"ReadAction\",\"target\":[\"https:\/\/asteralabs.org\/sv\/product\/cabergolin\/\"]}]},{\"@type\":\"ImageObject\",\"inLanguage\":\"sv-SE\",\"@id\":\"https:\/\/asteralabs.org\/sv\/product\/cabergolin\/#primaryimage\",\"url\":\"https:\/\/asteralabs.org\/wp-content\/uploads\/2023\/01\/Cabergoline-mockup-nbg.png\",\"contentUrl\":\"https:\/\/asteralabs.org\/wp-content\/uploads\/2023\/01\/Cabergoline-mockup-nbg.png\",\"width\":2000,\"height\":2000},{\"@type\":\"BreadcrumbList\",\"@id\":\"https:\/\/asteralabs.org\/sv\/product\/cabergolin\/#breadcrumb\",\"itemListElement\":[{\"@type\":\"ListItem\",\"position\":1,\"name\":\"Home\",\"item\":\"https:\/\/asteralabs.org\/sv\/\"},{\"@type\":\"ListItem\",\"position\":2,\"name\":\"Butik\",\"item\":\"https:\/\/asteralabs.org\/butik\/\"},{\"@type\":\"ListItem\",\"position\":3,\"name\":\"Cabergolin\"}]},{\"@type\":\"WebSite\",\"@id\":\"https:\/\/asteralabs.org\/sv\/#website\",\"url\":\"https:\/\/asteralabs.org\/sv\/\",\"name\":\"Astera Labs\",\"description\":\"Improve Your Quality Of Life\",\"publisher\":{\"@id\":\"https:\/\/asteralabs.org\/sv\/#organization\"},\"potentialAction\":[{\"@type\":\"SearchAction\",\"target\":{\"@type\":\"EntryPoint\",\"urlTemplate\":\"https:\/\/asteralabs.org\/sv\/?s={search_term_string}\"},\"query-input\":\"required name=search_term_string\"}],\"inLanguage\":\"sv-SE\"},{\"@type\":\"Organization\",\"@id\":\"https:\/\/asteralabs.org\/sv\/#organization\",\"name\":\"Astera Labs\",\"url\":\"https:\/\/asteralabs.org\/sv\/\",\"logo\":{\"@type\":\"ImageObject\",\"inLanguage\":\"sv-SE\",\"@id\":\"https:\/\/asteralabs.org\/sv\/#\/schema\/logo\/image\/\",\"url\":\"https:\/\/asteralabs.org\/wp-content\/uploads\/2022\/12\/astera-2.png\",\"contentUrl\":\"https:\/\/asteralabs.org\/wp-content\/uploads\/2022\/12\/astera-2.png\",\"width\":437,\"height\":111,\"caption\":\"Astera Labs\"},\"image\":{\"@id\":\"https:\/\/asteralabs.org\/sv\/#\/schema\/logo\/image\/\"}}]}<\/script>\n<!-- \/ Yoast SEO plugin. -->","yoast_head_json":{"title":"Cabergolin - Astera Labs","robots":{"index":"index","follow":"follow","max-snippet":"max-snippet:-1","max-image-preview":"max-image-preview:large","max-video-preview":"max-video-preview:-1"},"canonical":"https:\/\/asteralabs.org\/sv\/product\/cabergolin\/","og_locale":"sv_SE","og_type":"article","og_title":"Cabergolin - Astera Labs","og_description":"DOSERING: Cabergolin 0,25 mg\/tablett F\u00d6RPACKNINGSINNEH\u00c5LL: 1 dosett, 50 tabletter, 0,25 mg per tablett VAD \u00c4R DET: Cabergolin \u00e4r ett dopaminergt l\u00e4kemedel som anv\u00e4nds vid behandling av h\u00f6ga prolaktinniv\u00e5er, prolaktinom, Parkinsons sjukdom och f\u00f6r andra indikationer. Det tas genom munnen. Cabergolin \u00e4r ett ergotderivat och en potent dopamin D2-receptoragonist. HUR MAN ANV\u00c4NDER DET: Vi rekommenderar att&hellip;","og_url":"https:\/\/asteralabs.org\/sv\/product\/cabergolin\/","og_site_name":"Astera Labs","article_modified_time":"2026-01-16T08:20:25+00:00","og_image":[{"width":2000,"height":2000,"url":"https:\/\/asteralabs.org\/wp-content\/uploads\/2023\/01\/Cabergoline-mockup-nbg.png","type":"image\/png"}],"twitter_card":"summary_large_image","schema":{"@context":"https:\/\/schema.org","@graph":[{"@type":"WebPage","@id":"https:\/\/asteralabs.org\/sv\/product\/cabergolin\/","url":"https:\/\/asteralabs.org\/sv\/product\/cabergolin\/","name":"Cabergolin - Astera Labs","isPartOf":{"@id":"https:\/\/asteralabs.org\/sv\/#website"},"primaryImageOfPage":{"@id":"https:\/\/asteralabs.org\/sv\/product\/cabergolin\/#primaryimage"},"image":{"@id":"https:\/\/asteralabs.org\/sv\/product\/cabergolin\/#primaryimage"},"thumbnailUrl":"https:\/\/asteralabs.org\/wp-content\/uploads\/2023\/01\/Cabergoline-mockup-nbg.png","datePublished":"2023-01-10T22:11:50+00:00","dateModified":"2026-01-16T08:20:25+00:00","breadcrumb":{"@id":"https:\/\/asteralabs.org\/sv\/product\/cabergolin\/#breadcrumb"},"inLanguage":"sv-SE","potentialAction":[{"@type":"ReadAction","target":["https:\/\/asteralabs.org\/sv\/product\/cabergolin\/"]}]},{"@type":"ImageObject","inLanguage":"sv-SE","@id":"https:\/\/asteralabs.org\/sv\/product\/cabergolin\/#primaryimage","url":"https:\/\/asteralabs.org\/wp-content\/uploads\/2023\/01\/Cabergoline-mockup-nbg.png","contentUrl":"https:\/\/asteralabs.org\/wp-content\/uploads\/2023\/01\/Cabergoline-mockup-nbg.png","width":2000,"height":2000},{"@type":"BreadcrumbList","@id":"https:\/\/asteralabs.org\/sv\/product\/cabergolin\/#breadcrumb","itemListElement":[{"@type":"ListItem","position":1,"name":"Home","item":"https:\/\/asteralabs.org\/sv\/"},{"@type":"ListItem","position":2,"name":"Butik","item":"https:\/\/asteralabs.org\/butik\/"},{"@type":"ListItem","position":3,"name":"Cabergolin"}]},{"@type":"WebSite","@id":"https:\/\/asteralabs.org\/sv\/#website","url":"https:\/\/asteralabs.org\/sv\/","name":"Astera Labs","description":"Improve Your Quality Of Life","publisher":{"@id":"https:\/\/asteralabs.org\/sv\/#organization"},"potentialAction":[{"@type":"SearchAction","target":{"@type":"EntryPoint","urlTemplate":"https:\/\/asteralabs.org\/sv\/?s={search_term_string}"},"query-input":"required name=search_term_string"}],"inLanguage":"sv-SE"},{"@type":"Organization","@id":"https:\/\/asteralabs.org\/sv\/#organization","name":"Astera Labs","url":"https:\/\/asteralabs.org\/sv\/","logo":{"@type":"ImageObject","inLanguage":"sv-SE","@id":"https:\/\/asteralabs.org\/sv\/#\/schema\/logo\/image\/","url":"https:\/\/asteralabs.org\/wp-content\/uploads\/2022\/12\/astera-2.png","contentUrl":"https:\/\/asteralabs.org\/wp-content\/uploads\/2022\/12\/astera-2.png","width":437,"height":111,"caption":"Astera Labs"},"image":{"@id":"https:\/\/asteralabs.org\/sv\/#\/schema\/logo\/image\/"}}]}},"_links":{"self":[{"href":"https:\/\/asteralabs.org\/sv\/wp-json\/wp\/v2\/product\/77770"}],"collection":[{"href":"https:\/\/asteralabs.org\/sv\/wp-json\/wp\/v2\/product"}],"about":[{"href":"https:\/\/asteralabs.org\/sv\/wp-json\/wp\/v2\/types\/product"}],"replies":[{"embeddable":true,"href":"https:\/\/asteralabs.org\/sv\/wp-json\/wp\/v2\/comments?post=77770"}],"version-history":[{"count":0,"href":"https:\/\/asteralabs.org\/sv\/wp-json\/wp\/v2\/product\/77770\/revisions"}],"wp:featuredmedia":[{"embeddable":true,"href":"https:\/\/asteralabs.org\/sv\/wp-json\/wp\/v2\/media\/76222"}],"wp:attachment":[{"href":"https:\/\/asteralabs.org\/sv\/wp-json\/wp\/v2\/media?parent=77770"}],"wp:term":[{"taxonomy":"product_cat","embeddable":true,"href":"https:\/\/asteralabs.org\/sv\/wp-json\/wp\/v2\/product_cat?post=77770"},{"taxonomy":"product_tag","embeddable":true,"href":"https:\/\/asteralabs.org\/sv\/wp-json\/wp\/v2\/product_tag?post=77770"}],"curies":[{"name":"wp","href":"https:\/\/api.w.org\/{rel}","templated":true}]}}