{"id":77776,"date":"2022-12-29T21:01:59","date_gmt":"2022-12-29T21:01:59","guid":{"rendered":"https:\/\/asteralabs.org\/product\/trestolone-enanthate-ment\/"},"modified":"2026-01-16T07:51:48","modified_gmt":"2026-01-16T07:51:48","slug":"trestolone-enanthate-ment","status":"publish","type":"product","link":"https:\/\/asteralabs.org\/sv\/product\/trestolone-enanthate-ment\/","title":{"rendered":"Trestolone Enanthate (MENT)"},"content":{"rendered":"<p><strong>DOSERING:<\/strong><br \/>\nTrestolone Enanthate 50mg\/ml <strong>F\u00d6RPACKNINGSINNEH\u00c5LL:<\/strong><br \/>\n1 x 10ML injektionsflaska, 50 mg per ml VAD \u00c4R <strong>DET:<\/strong><br \/>\nTRESTOLONE ENANTHATE (MENT) \u00e4r en potent anabol steroid som h\u00e4rr\u00f6r fr\u00e5n hormonet nandrolon. Det \u00e4r popul\u00e4rt anses vara en blandning mellan Trenbolon och Nandrolon, erbjuder en kraftfull kombination av styrka och storlek vinster. Med en h\u00f6gre potens \u00e4n Trenbolone, Trestolone Enanthate \u00e4r en av de mest kraftfulla steroider tillg\u00e4ngliga. Denna f\u00f6rening aromatizes tungt, vilket inneb\u00e4r att det omvandlas till \u00f6strogen i kroppen. Anv\u00e4ndare b\u00f6r vara medvetna om detta och vidta l\u00e4mpliga \u00e5tg\u00e4rder f\u00f6r att kontrollera estradiol niv\u00e5er, utnyttja olika strategier \u00e4n de som vanligtvis anv\u00e4nds med mindre potenta f\u00f6reningar eller v\u00e4lja mindre doser. Trestolone Enanthate konverterar inte till DHT, vilket minskar risken f\u00f6r h\u00e5ravfall och andra DHT-relaterade biverkningar. Intressant nog har den en h\u00f6g inhiberingskonstant, och en av anv\u00e4ndningarna av detta \u00e4mne \u00e4r som ett manligt preventivmedel. HUR <strong>MAN ANV\u00c4NDER:<\/strong><br \/>\nDosen av Trestolone Enanthate varierar beroende p\u00e5 anv\u00e4ndarens erfarenhet och m\u00e5l. Vanliga doser str\u00e4cker sig fr\u00e5n 5-10 mg per dag (35-70 mg per vecka) f\u00f6r nyb\u00f6rjare, medan mer avancerade anv\u00e4ndare kan anv\u00e4nda 10-25 mg per dag (70-175 mg per vecka) eller till och med 25-50 mg per dag (175-350 mg per vecka). Det rekommenderas att \u00f6ka dosen gradvis, p\u00e5 veckobasis, tills de \u00f6nskade effekterna uppn\u00e5s. Cyklerna varar vanligtvis 8-12 veckor, d\u00e4r anv\u00e4ndarna noggrant \u00f6vervakar sitt svar p\u00e5 f\u00f6reningen och justerar dosen efter behov f\u00f6r att optimera resultaten samtidigt som de minimerar potentiella biverkningar. N\u00e4r cykeln \u00e4r klar rekommenderas en postcykelterapi (PCT) f\u00f6r att \u00e5terst\u00e4lla den naturliga testosteronproduktionen och bibeh\u00e5lla de vinster som uppn\u00e5tts under cykeln. <strong>BATCH INFORMATION:<br \/>\n<\/strong>Batch nr: <span data-sheets-root=\"1\" data-sheets-value=\"{\" data-sheets-userformat=\"{\">QD65113<\/span><br \/>\nTillverkningsdatum: <span data-sheets-root=\"1\" data-sheets-value=\"{\" data-sheets-userformat=\"{\">10.2025.<\/span><br \/>\nUtg\u00e5ngsdatum: <span data-sheets-root=\"1\" data-sheets-value=\"{\" data-sheets-userformat=\"{\">10.2028.<\/span><\/p>\n","protected":false},"excerpt":{"rendered":"<p>DOSERING: Trestolone Enanthate 50mg\/ml F\u00d6RPACKNINGSINNEH\u00c5LL: 1 x 10ML injektionsflaska, 50 mg per ml VAD \u00c4R DET: TRESTOLONE ENANTHATE (MENT) \u00e4r en potent anabol steroid som h\u00e4rr\u00f6r fr\u00e5n hormonet nandrolon. Det \u00e4r popul\u00e4rt anses vara en blandning mellan Trenbolon och Nandrolon, erbjuder en kraftfull kombination av styrka och storlek vinster. Med en h\u00f6gre potens \u00e4n Trenbolone,&hellip;<\/p>\n","protected":false},"featured_media":75702,"comment_status":"open","ping_status":"closed","template":"","meta":[],"product_cat":[169],"product_tag":[],"yoast_head":"<!-- This site is optimized with the Yoast SEO plugin v23.0 - https:\/\/yoast.com\/wordpress\/plugins\/seo\/ -->\n<title>Trestolone Enanthate (MENT) - Astera Labs<\/title>\n<meta name=\"robots\" content=\"index, follow, max-snippet:-1, max-image-preview:large, max-video-preview:-1\" \/>\n<link rel=\"canonical\" href=\"https:\/\/asteralabs.org\/sv\/product\/trestolone-enanthate-ment\/\" \/>\n<meta property=\"og:locale\" content=\"sv_SE\" \/>\n<meta property=\"og:type\" content=\"article\" \/>\n<meta property=\"og:title\" content=\"Trestolone Enanthate (MENT) - Astera Labs\" \/>\n<meta property=\"og:description\" content=\"DOSERING: Trestolone Enanthate 50mg\/ml F\u00d6RPACKNINGSINNEH\u00c5LL: 1 x 10ML injektionsflaska, 50 mg per ml VAD \u00c4R DET: TRESTOLONE ENANTHATE (MENT) \u00e4r en potent anabol steroid som h\u00e4rr\u00f6r fr\u00e5n hormonet nandrolon. Det \u00e4r popul\u00e4rt anses vara en blandning mellan Trenbolon och Nandrolon, erbjuder en kraftfull kombination av styrka och storlek vinster. Med en h\u00f6gre potens \u00e4n Trenbolone,&hellip;\" \/>\n<meta property=\"og:url\" content=\"https:\/\/asteralabs.org\/sv\/product\/trestolone-enanthate-ment\/\" \/>\n<meta property=\"og:site_name\" content=\"Astera Labs\" \/>\n<meta property=\"article:modified_time\" content=\"2026-01-16T07:51:48+00:00\" \/>\n<meta property=\"og:image\" content=\"https:\/\/asteralabs.org\/wp-content\/uploads\/2022\/12\/8.png\" \/>\n\t<meta property=\"og:image:width\" content=\"2000\" \/>\n\t<meta property=\"og:image:height\" content=\"2000\" \/>\n\t<meta property=\"og:image:type\" content=\"image\/png\" \/>\n<meta name=\"twitter:card\" content=\"summary_large_image\" \/>\n<script type=\"application\/ld+json\" class=\"yoast-schema-graph\">{\"@context\":\"https:\/\/schema.org\",\"@graph\":[{\"@type\":\"WebPage\",\"@id\":\"https:\/\/asteralabs.org\/sv\/product\/trestolone-enanthate-ment\/\",\"url\":\"https:\/\/asteralabs.org\/sv\/product\/trestolone-enanthate-ment\/\",\"name\":\"Trestolone Enanthate (MENT) - Astera Labs\",\"isPartOf\":{\"@id\":\"https:\/\/asteralabs.org\/sv\/#website\"},\"primaryImageOfPage\":{\"@id\":\"https:\/\/asteralabs.org\/sv\/product\/trestolone-enanthate-ment\/#primaryimage\"},\"image\":{\"@id\":\"https:\/\/asteralabs.org\/sv\/product\/trestolone-enanthate-ment\/#primaryimage\"},\"thumbnailUrl\":\"https:\/\/asteralabs.org\/wp-content\/uploads\/2022\/12\/8.png\",\"datePublished\":\"2022-12-29T21:01:59+00:00\",\"dateModified\":\"2026-01-16T07:51:48+00:00\",\"breadcrumb\":{\"@id\":\"https:\/\/asteralabs.org\/sv\/product\/trestolone-enanthate-ment\/#breadcrumb\"},\"inLanguage\":\"sv-SE\",\"potentialAction\":[{\"@type\":\"ReadAction\",\"target\":[\"https:\/\/asteralabs.org\/sv\/product\/trestolone-enanthate-ment\/\"]}]},{\"@type\":\"ImageObject\",\"inLanguage\":\"sv-SE\",\"@id\":\"https:\/\/asteralabs.org\/sv\/product\/trestolone-enanthate-ment\/#primaryimage\",\"url\":\"https:\/\/asteralabs.org\/wp-content\/uploads\/2022\/12\/8.png\",\"contentUrl\":\"https:\/\/asteralabs.org\/wp-content\/uploads\/2022\/12\/8.png\",\"width\":2000,\"height\":2000},{\"@type\":\"BreadcrumbList\",\"@id\":\"https:\/\/asteralabs.org\/sv\/product\/trestolone-enanthate-ment\/#breadcrumb\",\"itemListElement\":[{\"@type\":\"ListItem\",\"position\":1,\"name\":\"Home\",\"item\":\"https:\/\/asteralabs.org\/sv\/\"},{\"@type\":\"ListItem\",\"position\":2,\"name\":\"Butik\",\"item\":\"https:\/\/asteralabs.org\/butik\/\"},{\"@type\":\"ListItem\",\"position\":3,\"name\":\"Trestolone Enanthate (MENT)\"}]},{\"@type\":\"WebSite\",\"@id\":\"https:\/\/asteralabs.org\/sv\/#website\",\"url\":\"https:\/\/asteralabs.org\/sv\/\",\"name\":\"Astera Labs\",\"description\":\"Improve Your Quality Of Life\",\"publisher\":{\"@id\":\"https:\/\/asteralabs.org\/sv\/#organization\"},\"potentialAction\":[{\"@type\":\"SearchAction\",\"target\":{\"@type\":\"EntryPoint\",\"urlTemplate\":\"https:\/\/asteralabs.org\/sv\/?s={search_term_string}\"},\"query-input\":\"required name=search_term_string\"}],\"inLanguage\":\"sv-SE\"},{\"@type\":\"Organization\",\"@id\":\"https:\/\/asteralabs.org\/sv\/#organization\",\"name\":\"Astera Labs\",\"url\":\"https:\/\/asteralabs.org\/sv\/\",\"logo\":{\"@type\":\"ImageObject\",\"inLanguage\":\"sv-SE\",\"@id\":\"https:\/\/asteralabs.org\/sv\/#\/schema\/logo\/image\/\",\"url\":\"https:\/\/asteralabs.org\/wp-content\/uploads\/2022\/12\/astera-2.png\",\"contentUrl\":\"https:\/\/asteralabs.org\/wp-content\/uploads\/2022\/12\/astera-2.png\",\"width\":437,\"height\":111,\"caption\":\"Astera Labs\"},\"image\":{\"@id\":\"https:\/\/asteralabs.org\/sv\/#\/schema\/logo\/image\/\"}}]}<\/script>\n<!-- \/ Yoast SEO plugin. -->","yoast_head_json":{"title":"Trestolone Enanthate (MENT) - Astera Labs","robots":{"index":"index","follow":"follow","max-snippet":"max-snippet:-1","max-image-preview":"max-image-preview:large","max-video-preview":"max-video-preview:-1"},"canonical":"https:\/\/asteralabs.org\/sv\/product\/trestolone-enanthate-ment\/","og_locale":"sv_SE","og_type":"article","og_title":"Trestolone Enanthate (MENT) - Astera Labs","og_description":"DOSERING: Trestolone Enanthate 50mg\/ml F\u00d6RPACKNINGSINNEH\u00c5LL: 1 x 10ML injektionsflaska, 50 mg per ml VAD \u00c4R DET: TRESTOLONE ENANTHATE (MENT) \u00e4r en potent anabol steroid som h\u00e4rr\u00f6r fr\u00e5n hormonet nandrolon. Det \u00e4r popul\u00e4rt anses vara en blandning mellan Trenbolon och Nandrolon, erbjuder en kraftfull kombination av styrka och storlek vinster. Med en h\u00f6gre potens \u00e4n Trenbolone,&hellip;","og_url":"https:\/\/asteralabs.org\/sv\/product\/trestolone-enanthate-ment\/","og_site_name":"Astera Labs","article_modified_time":"2026-01-16T07:51:48+00:00","og_image":[{"width":2000,"height":2000,"url":"https:\/\/asteralabs.org\/wp-content\/uploads\/2022\/12\/8.png","type":"image\/png"}],"twitter_card":"summary_large_image","schema":{"@context":"https:\/\/schema.org","@graph":[{"@type":"WebPage","@id":"https:\/\/asteralabs.org\/sv\/product\/trestolone-enanthate-ment\/","url":"https:\/\/asteralabs.org\/sv\/product\/trestolone-enanthate-ment\/","name":"Trestolone Enanthate (MENT) - Astera Labs","isPartOf":{"@id":"https:\/\/asteralabs.org\/sv\/#website"},"primaryImageOfPage":{"@id":"https:\/\/asteralabs.org\/sv\/product\/trestolone-enanthate-ment\/#primaryimage"},"image":{"@id":"https:\/\/asteralabs.org\/sv\/product\/trestolone-enanthate-ment\/#primaryimage"},"thumbnailUrl":"https:\/\/asteralabs.org\/wp-content\/uploads\/2022\/12\/8.png","datePublished":"2022-12-29T21:01:59+00:00","dateModified":"2026-01-16T07:51:48+00:00","breadcrumb":{"@id":"https:\/\/asteralabs.org\/sv\/product\/trestolone-enanthate-ment\/#breadcrumb"},"inLanguage":"sv-SE","potentialAction":[{"@type":"ReadAction","target":["https:\/\/asteralabs.org\/sv\/product\/trestolone-enanthate-ment\/"]}]},{"@type":"ImageObject","inLanguage":"sv-SE","@id":"https:\/\/asteralabs.org\/sv\/product\/trestolone-enanthate-ment\/#primaryimage","url":"https:\/\/asteralabs.org\/wp-content\/uploads\/2022\/12\/8.png","contentUrl":"https:\/\/asteralabs.org\/wp-content\/uploads\/2022\/12\/8.png","width":2000,"height":2000},{"@type":"BreadcrumbList","@id":"https:\/\/asteralabs.org\/sv\/product\/trestolone-enanthate-ment\/#breadcrumb","itemListElement":[{"@type":"ListItem","position":1,"name":"Home","item":"https:\/\/asteralabs.org\/sv\/"},{"@type":"ListItem","position":2,"name":"Butik","item":"https:\/\/asteralabs.org\/butik\/"},{"@type":"ListItem","position":3,"name":"Trestolone Enanthate (MENT)"}]},{"@type":"WebSite","@id":"https:\/\/asteralabs.org\/sv\/#website","url":"https:\/\/asteralabs.org\/sv\/","name":"Astera Labs","description":"Improve Your Quality Of Life","publisher":{"@id":"https:\/\/asteralabs.org\/sv\/#organization"},"potentialAction":[{"@type":"SearchAction","target":{"@type":"EntryPoint","urlTemplate":"https:\/\/asteralabs.org\/sv\/?s={search_term_string}"},"query-input":"required name=search_term_string"}],"inLanguage":"sv-SE"},{"@type":"Organization","@id":"https:\/\/asteralabs.org\/sv\/#organization","name":"Astera Labs","url":"https:\/\/asteralabs.org\/sv\/","logo":{"@type":"ImageObject","inLanguage":"sv-SE","@id":"https:\/\/asteralabs.org\/sv\/#\/schema\/logo\/image\/","url":"https:\/\/asteralabs.org\/wp-content\/uploads\/2022\/12\/astera-2.png","contentUrl":"https:\/\/asteralabs.org\/wp-content\/uploads\/2022\/12\/astera-2.png","width":437,"height":111,"caption":"Astera Labs"},"image":{"@id":"https:\/\/asteralabs.org\/sv\/#\/schema\/logo\/image\/"}}]}},"_links":{"self":[{"href":"https:\/\/asteralabs.org\/sv\/wp-json\/wp\/v2\/product\/77776"}],"collection":[{"href":"https:\/\/asteralabs.org\/sv\/wp-json\/wp\/v2\/product"}],"about":[{"href":"https:\/\/asteralabs.org\/sv\/wp-json\/wp\/v2\/types\/product"}],"replies":[{"embeddable":true,"href":"https:\/\/asteralabs.org\/sv\/wp-json\/wp\/v2\/comments?post=77776"}],"version-history":[{"count":0,"href":"https:\/\/asteralabs.org\/sv\/wp-json\/wp\/v2\/product\/77776\/revisions"}],"wp:featuredmedia":[{"embeddable":true,"href":"https:\/\/asteralabs.org\/sv\/wp-json\/wp\/v2\/media\/75702"}],"wp:attachment":[{"href":"https:\/\/asteralabs.org\/sv\/wp-json\/wp\/v2\/media?parent=77776"}],"wp:term":[{"taxonomy":"product_cat","embeddable":true,"href":"https:\/\/asteralabs.org\/sv\/wp-json\/wp\/v2\/product_cat?post=77776"},{"taxonomy":"product_tag","embeddable":true,"href":"https:\/\/asteralabs.org\/sv\/wp-json\/wp\/v2\/product_tag?post=77776"}],"curies":[{"name":"wp","href":"https:\/\/api.w.org\/{rel}","templated":true}]}}