{"id":77802,"date":"2022-11-05T23:10:13","date_gmt":"2022-11-05T23:10:13","guid":{"rendered":"https:\/\/asteralabs.org\/product\/nandrolon-fenylpropionat-npp\/"},"modified":"2026-01-15T10:18:53","modified_gmt":"2026-01-15T10:18:53","slug":"nandrolon-fenylpropionat-npp","status":"publish","type":"product","link":"https:\/\/asteralabs.org\/sv\/product\/nandrolon-fenylpropionat-npp\/","title":{"rendered":"Nandrolon fenylpropionat (NPP)"},"content":{"rendered":"<p><strong>DOSERING:<\/strong><br \/>\nNandrolonfenylpropionat (NPP) 100 mg \/ ml <strong>F\u00d6RPACKNINGSINNEH\u00c5LL<\/strong>:<br \/>\n1 x 10ML injektionsflaska, 100 mg per ml VAD \u00c4R <strong>DET:<\/strong><br \/>\nNandrolon \u00e4r en allm\u00e4nt anv\u00e4nd steroid som tillh\u00f6r 19 nors-familjen. 19-Nors k\u00e4nnetecknas i allm\u00e4nhet av deras anabolism och progestogen aktivitet.<br \/>\nDe \u00e4r mycket anabola, men de uppvisar ocks\u00e5 betydande m\u00e4ngder satellitinteraktion med andra receptorer i kroppen. Det mest anm\u00e4rkningsv\u00e4rda \u00e4r deras interaktion med progesteronreceptorn.<br \/>\n19-Nor h\u00e4rledda progestiner \u00e4r agonister f\u00f6r progesteronreceptorn, vilket inneb\u00e4r att de kan binda till progesteronreceptorn och aktivera den. Nandrolon orsakar en minskning av f\u00f6rm\u00e5gan att uppfatta sm\u00e4rta (vilken \u00f6kning f\u00f6rv\u00e4xlas med en helande effekt) och kan ocks\u00e5 reduceras till DHN, DHN kan f\u00f6rskjuta DHT fr\u00e5n dess receptorer orsakar flera biverkningar, bland vilka hum\u00f6rsv\u00e4ngningar sticker ut och fr\u00e5nvaro av erektioner, detta kan \u00e5tg\u00e4rdas med Masteron, Proviron eller n\u00e5gon annan steroid som reagerar direkt med androgenreceptorn genom DHT. HUR MAN ANV\u00c4NDER <strong>:<\/strong><br \/>\nNormala doser \u00e4r vanligtvis 200 till 400 mg per vecka f\u00f6r nyb\u00f6rjare och mellanliggande idrottare, med m\u00f6jlighet att anv\u00e4nda 800 per vecka f\u00f6r specifika eller konkurrenskraftiga \u00e4ndam\u00e5l. Eftersom den har en kort ester rekommenderas det att injicera den ED eller EOD. <strong>BATCHINFORMATION:<br \/>\n<\/strong>Batch nr: <span data-sheets-root=\"1\" data-sheets-value=\"{\" data-sheets-userformat=\"{\">FG43540<\/span><br \/>\nTillverkningsdatum: <span data-sheets-root=\"1\" data-sheets-value=\"{\" data-sheets-userformat=\"{\">10.2025.<\/span><br \/>\nUtg\u00e5ngsdatum: <span data-sheets-root=\"1\" data-sheets-value=\"{\" data-sheets-userformat=\"{\">10.2028.<\/span><\/p>\n","protected":false},"excerpt":{"rendered":"<p>DOSERING: Nandrolonfenylpropionat (NPP) 100 mg \/ ml F\u00d6RPACKNINGSINNEH\u00c5LL: 1 x 10ML injektionsflaska, 100 mg per ml VAD \u00c4R DET: Nandrolon \u00e4r en allm\u00e4nt anv\u00e4nd steroid som tillh\u00f6r 19 nors-familjen. 19-Nors k\u00e4nnetecknas i allm\u00e4nhet av deras anabolism och progestogen aktivitet. De \u00e4r mycket anabola, men de uppvisar ocks\u00e5 betydande m\u00e4ngder satellitinteraktion med andra receptorer i kroppen.&hellip;<\/p>\n","protected":false},"featured_media":75198,"comment_status":"open","ping_status":"closed","template":"","meta":{"_acf_changed":false},"product_brand":[],"product_cat":[171,169],"product_tag":[],"class_list":{"0":"post-77802","1":"product","2":"type-product","3":"status-publish","4":"has-post-thumbnail","6":"product_cat-all-sv","7":"product_cat-injectables-sv","8":"description-off","10":"first","11":"instock","12":"shipping-taxable","13":"product-type-simple"},"acf":[],"yoast_head":"<!-- This site is optimized with the Yoast SEO plugin v27.4 - https:\/\/yoast.com\/product\/yoast-seo-wordpress\/ -->\n<title>Nandrolon fenylpropionat (NPP) - Astera Labs<\/title>\n<meta name=\"robots\" content=\"index, follow, max-snippet:-1, max-image-preview:large, max-video-preview:-1\" \/>\n<link rel=\"canonical\" href=\"https:\/\/asteralabs.org\/sv\/product\/nandrolon-fenylpropionat-npp\/\" \/>\n<meta property=\"og:locale\" content=\"sv_SE\" \/>\n<meta property=\"og:type\" content=\"article\" \/>\n<meta property=\"og:title\" content=\"Nandrolon fenylpropionat (NPP) - Astera Labs\" \/>\n<meta property=\"og:description\" content=\"DOSERING: Nandrolonfenylpropionat (NPP) 100 mg \/ ml F\u00d6RPACKNINGSINNEH\u00c5LL: 1 x 10ML injektionsflaska, 100 mg per ml VAD \u00c4R DET: Nandrolon \u00e4r en allm\u00e4nt anv\u00e4nd steroid som tillh\u00f6r 19 nors-familjen. 19-Nors k\u00e4nnetecknas i allm\u00e4nhet av deras anabolism och progestogen aktivitet. De \u00e4r mycket anabola, men de uppvisar ocks\u00e5 betydande m\u00e4ngder satellitinteraktion med andra receptorer i kroppen.&hellip;\" \/>\n<meta property=\"og:url\" content=\"https:\/\/asteralabs.org\/sv\/product\/nandrolon-fenylpropionat-npp\/\" \/>\n<meta property=\"og:site_name\" content=\"Astera Labs\" \/>\n<meta property=\"article:modified_time\" content=\"2026-01-15T10:18:53+00:00\" \/>\n<meta property=\"og:image\" content=\"https:\/\/asteralabs.org\/wp-content\/uploads\/2022\/11\/19.png\" \/>\n\t<meta property=\"og:image:width\" content=\"2000\" \/>\n\t<meta property=\"og:image:height\" content=\"2000\" \/>\n\t<meta property=\"og:image:type\" content=\"image\/png\" \/>\n<meta name=\"twitter:card\" content=\"summary_large_image\" \/>\n<script type=\"application\/ld+json\" class=\"yoast-schema-graph\">{\"@context\":\"https:\\\/\\\/schema.org\",\"@graph\":[{\"@type\":\"WebPage\",\"@id\":\"https:\\\/\\\/asteralabs.org\\\/sv\\\/product\\\/nandrolon-fenylpropionat-npp\\\/\",\"url\":\"https:\\\/\\\/asteralabs.org\\\/sv\\\/product\\\/nandrolon-fenylpropionat-npp\\\/\",\"name\":\"Nandrolon fenylpropionat (NPP) - Astera Labs\",\"isPartOf\":{\"@id\":\"https:\\\/\\\/asteralabs.org\\\/sv\\\/#website\"},\"primaryImageOfPage\":{\"@id\":\"https:\\\/\\\/asteralabs.org\\\/sv\\\/product\\\/nandrolon-fenylpropionat-npp\\\/#primaryimage\"},\"image\":{\"@id\":\"https:\\\/\\\/asteralabs.org\\\/sv\\\/product\\\/nandrolon-fenylpropionat-npp\\\/#primaryimage\"},\"thumbnailUrl\":\"https:\\\/\\\/asteralabs.org\\\/wp-content\\\/uploads\\\/2022\\\/11\\\/19.png\",\"datePublished\":\"2022-11-05T23:10:13+00:00\",\"dateModified\":\"2026-01-15T10:18:53+00:00\",\"breadcrumb\":{\"@id\":\"https:\\\/\\\/asteralabs.org\\\/sv\\\/product\\\/nandrolon-fenylpropionat-npp\\\/#breadcrumb\"},\"inLanguage\":\"sv-SE\",\"potentialAction\":[{\"@type\":\"ReadAction\",\"target\":[\"https:\\\/\\\/asteralabs.org\\\/sv\\\/product\\\/nandrolon-fenylpropionat-npp\\\/\"]}]},{\"@type\":\"ImageObject\",\"inLanguage\":\"sv-SE\",\"@id\":\"https:\\\/\\\/asteralabs.org\\\/sv\\\/product\\\/nandrolon-fenylpropionat-npp\\\/#primaryimage\",\"url\":\"https:\\\/\\\/asteralabs.org\\\/wp-content\\\/uploads\\\/2022\\\/11\\\/19.png\",\"contentUrl\":\"https:\\\/\\\/asteralabs.org\\\/wp-content\\\/uploads\\\/2022\\\/11\\\/19.png\",\"width\":2000,\"height\":2000},{\"@type\":\"BreadcrumbList\",\"@id\":\"https:\\\/\\\/asteralabs.org\\\/sv\\\/product\\\/nandrolon-fenylpropionat-npp\\\/#breadcrumb\",\"itemListElement\":[{\"@type\":\"ListItem\",\"position\":1,\"name\":\"Home\",\"item\":\"https:\\\/\\\/asteralabs.org\\\/sv\\\/\"},{\"@type\":\"ListItem\",\"position\":2,\"name\":\"Butik\",\"item\":\"https:\\\/\\\/asteralabs.org\\\/sv\\\/butik\\\/\"},{\"@type\":\"ListItem\",\"position\":3,\"name\":\"Nandrolon fenylpropionat (NPP)\"}]},{\"@type\":\"WebSite\",\"@id\":\"https:\\\/\\\/asteralabs.org\\\/sv\\\/#website\",\"url\":\"https:\\\/\\\/asteralabs.org\\\/sv\\\/\",\"name\":\"Astera Labs\",\"description\":\"Improve Your Quality Of Life\",\"publisher\":{\"@id\":\"https:\\\/\\\/asteralabs.org\\\/sv\\\/#organization\"},\"potentialAction\":[{\"@type\":\"SearchAction\",\"target\":{\"@type\":\"EntryPoint\",\"urlTemplate\":\"https:\\\/\\\/asteralabs.org\\\/sv\\\/?s={search_term_string}\"},\"query-input\":{\"@type\":\"PropertyValueSpecification\",\"valueRequired\":true,\"valueName\":\"search_term_string\"}}],\"inLanguage\":\"sv-SE\"},{\"@type\":\"Organization\",\"@id\":\"https:\\\/\\\/asteralabs.org\\\/sv\\\/#organization\",\"name\":\"Astera Labs\",\"url\":\"https:\\\/\\\/asteralabs.org\\\/sv\\\/\",\"logo\":{\"@type\":\"ImageObject\",\"inLanguage\":\"sv-SE\",\"@id\":\"https:\\\/\\\/asteralabs.org\\\/sv\\\/#\\\/schema\\\/logo\\\/image\\\/\",\"url\":\"https:\\\/\\\/asteralabs.org\\\/wp-content\\\/uploads\\\/2022\\\/12\\\/astera-2.png\",\"contentUrl\":\"https:\\\/\\\/asteralabs.org\\\/wp-content\\\/uploads\\\/2022\\\/12\\\/astera-2.png\",\"width\":437,\"height\":111,\"caption\":\"Astera Labs\"},\"image\":{\"@id\":\"https:\\\/\\\/asteralabs.org\\\/sv\\\/#\\\/schema\\\/logo\\\/image\\\/\"}}]}<\/script>\n<!-- \/ Yoast SEO plugin. -->","yoast_head_json":{"title":"Nandrolon fenylpropionat (NPP) - Astera Labs","robots":{"index":"index","follow":"follow","max-snippet":"max-snippet:-1","max-image-preview":"max-image-preview:large","max-video-preview":"max-video-preview:-1"},"canonical":"https:\/\/asteralabs.org\/sv\/product\/nandrolon-fenylpropionat-npp\/","og_locale":"sv_SE","og_type":"article","og_title":"Nandrolon fenylpropionat (NPP) - Astera Labs","og_description":"DOSERING: Nandrolonfenylpropionat (NPP) 100 mg \/ ml F\u00d6RPACKNINGSINNEH\u00c5LL: 1 x 10ML injektionsflaska, 100 mg per ml VAD \u00c4R DET: Nandrolon \u00e4r en allm\u00e4nt anv\u00e4nd steroid som tillh\u00f6r 19 nors-familjen. 19-Nors k\u00e4nnetecknas i allm\u00e4nhet av deras anabolism och progestogen aktivitet. De \u00e4r mycket anabola, men de uppvisar ocks\u00e5 betydande m\u00e4ngder satellitinteraktion med andra receptorer i kroppen.&hellip;","og_url":"https:\/\/asteralabs.org\/sv\/product\/nandrolon-fenylpropionat-npp\/","og_site_name":"Astera Labs","article_modified_time":"2026-01-15T10:18:53+00:00","og_image":[{"width":2000,"height":2000,"url":"https:\/\/asteralabs.org\/wp-content\/uploads\/2022\/11\/19.png","type":"image\/png"}],"twitter_card":"summary_large_image","schema":{"@context":"https:\/\/schema.org","@graph":[{"@type":"WebPage","@id":"https:\/\/asteralabs.org\/sv\/product\/nandrolon-fenylpropionat-npp\/","url":"https:\/\/asteralabs.org\/sv\/product\/nandrolon-fenylpropionat-npp\/","name":"Nandrolon fenylpropionat (NPP) - Astera Labs","isPartOf":{"@id":"https:\/\/asteralabs.org\/sv\/#website"},"primaryImageOfPage":{"@id":"https:\/\/asteralabs.org\/sv\/product\/nandrolon-fenylpropionat-npp\/#primaryimage"},"image":{"@id":"https:\/\/asteralabs.org\/sv\/product\/nandrolon-fenylpropionat-npp\/#primaryimage"},"thumbnailUrl":"https:\/\/asteralabs.org\/wp-content\/uploads\/2022\/11\/19.png","datePublished":"2022-11-05T23:10:13+00:00","dateModified":"2026-01-15T10:18:53+00:00","breadcrumb":{"@id":"https:\/\/asteralabs.org\/sv\/product\/nandrolon-fenylpropionat-npp\/#breadcrumb"},"inLanguage":"sv-SE","potentialAction":[{"@type":"ReadAction","target":["https:\/\/asteralabs.org\/sv\/product\/nandrolon-fenylpropionat-npp\/"]}]},{"@type":"ImageObject","inLanguage":"sv-SE","@id":"https:\/\/asteralabs.org\/sv\/product\/nandrolon-fenylpropionat-npp\/#primaryimage","url":"https:\/\/asteralabs.org\/wp-content\/uploads\/2022\/11\/19.png","contentUrl":"https:\/\/asteralabs.org\/wp-content\/uploads\/2022\/11\/19.png","width":2000,"height":2000},{"@type":"BreadcrumbList","@id":"https:\/\/asteralabs.org\/sv\/product\/nandrolon-fenylpropionat-npp\/#breadcrumb","itemListElement":[{"@type":"ListItem","position":1,"name":"Home","item":"https:\/\/asteralabs.org\/sv\/"},{"@type":"ListItem","position":2,"name":"Butik","item":"https:\/\/asteralabs.org\/sv\/butik\/"},{"@type":"ListItem","position":3,"name":"Nandrolon fenylpropionat (NPP)"}]},{"@type":"WebSite","@id":"https:\/\/asteralabs.org\/sv\/#website","url":"https:\/\/asteralabs.org\/sv\/","name":"Astera Labs","description":"Improve Your Quality Of Life","publisher":{"@id":"https:\/\/asteralabs.org\/sv\/#organization"},"potentialAction":[{"@type":"SearchAction","target":{"@type":"EntryPoint","urlTemplate":"https:\/\/asteralabs.org\/sv\/?s={search_term_string}"},"query-input":{"@type":"PropertyValueSpecification","valueRequired":true,"valueName":"search_term_string"}}],"inLanguage":"sv-SE"},{"@type":"Organization","@id":"https:\/\/asteralabs.org\/sv\/#organization","name":"Astera Labs","url":"https:\/\/asteralabs.org\/sv\/","logo":{"@type":"ImageObject","inLanguage":"sv-SE","@id":"https:\/\/asteralabs.org\/sv\/#\/schema\/logo\/image\/","url":"https:\/\/asteralabs.org\/wp-content\/uploads\/2022\/12\/astera-2.png","contentUrl":"https:\/\/asteralabs.org\/wp-content\/uploads\/2022\/12\/astera-2.png","width":437,"height":111,"caption":"Astera Labs"},"image":{"@id":"https:\/\/asteralabs.org\/sv\/#\/schema\/logo\/image\/"}}]}},"_links":{"self":[{"href":"https:\/\/asteralabs.org\/sv\/wp-json\/wp\/v2\/product\/77802","targetHints":{"allow":["GET"]}}],"collection":[{"href":"https:\/\/asteralabs.org\/sv\/wp-json\/wp\/v2\/product"}],"about":[{"href":"https:\/\/asteralabs.org\/sv\/wp-json\/wp\/v2\/types\/product"}],"replies":[{"embeddable":true,"href":"https:\/\/asteralabs.org\/sv\/wp-json\/wp\/v2\/comments?post=77802"}],"version-history":[{"count":0,"href":"https:\/\/asteralabs.org\/sv\/wp-json\/wp\/v2\/product\/77802\/revisions"}],"wp:featuredmedia":[{"embeddable":true,"href":"https:\/\/asteralabs.org\/sv\/wp-json\/wp\/v2\/media\/75198"}],"wp:attachment":[{"href":"https:\/\/asteralabs.org\/sv\/wp-json\/wp\/v2\/media?parent=77802"}],"wp:term":[{"taxonomy":"product_brand","embeddable":true,"href":"https:\/\/asteralabs.org\/sv\/wp-json\/wp\/v2\/product_brand?post=77802"},{"taxonomy":"product_cat","embeddable":true,"href":"https:\/\/asteralabs.org\/sv\/wp-json\/wp\/v2\/product_cat?post=77802"},{"taxonomy":"product_tag","embeddable":true,"href":"https:\/\/asteralabs.org\/sv\/wp-json\/wp\/v2\/product_tag?post=77802"}],"curies":[{"name":"wp","href":"https:\/\/api.w.org\/{rel}","templated":true}]}}