{"id":77810,"date":"2022-11-05T23:08:48","date_gmt":"2022-11-05T23:08:48","guid":{"rendered":"https:\/\/asteralabs.org\/product\/drostanolonpropionat\/"},"modified":"2026-01-15T08:59:40","modified_gmt":"2026-01-15T08:59:40","slug":"drostanolonpropionat","status":"publish","type":"product","link":"https:\/\/asteralabs.org\/sv\/product\/drostanolonpropionat\/","title":{"rendered":"Drostanolonpropionat"},"content":{"rendered":"<p><strong>DOSERING:<\/strong><br \/>\nDrostanolone Propionate 100 mg \/ ml <strong>F\u00d6RPACKNINGSINNEH\u00c5LL:<\/strong><br \/>\n1 x 10ML injektionsflaska, 100 mg per ml VAD \u00c4R <strong>DET:<\/strong><br \/>\nDrostanolone Propionate \u00e4r en injicerbar anabol steroid med en f\u00f6rh\u00f6jd androgen styrka. P\u00e5 grund av sin h\u00f6ga androgena potens anv\u00e4nds det vanligtvis under sk\u00e4rcykler f\u00f6r att f\u00f6rb\u00e4ttra fettf\u00f6rlusten, det orsakar vanligtvis ett torrt och h\u00e5rt utseende om det anv\u00e4nds korrekt, det \u00e4r ocks\u00e5 anv\u00e4ndbart som androgent st\u00f6d under en cykel med Nandrolone f\u00f6r att undvika att omvandlingen av detta till DHN orsakar o\u00f6nskade biverkningar. HUR MAN ANV\u00c4NDER <strong>:<\/strong><br \/>\nNormala doser \u00e4r vanligtvis 300 till 500 mg per vecka f\u00f6r nyb\u00f6rjare och mellanliggande idrottare, med m\u00f6jlighet att anv\u00e4nda 800 per vecka f\u00f6r specifika eller konkurrenskraftiga \u00e4ndam\u00e5l. Det anv\u00e4nds vanligtvis fr\u00e5n 10 till 16 veckor. Eftersom det har en stor androgen potens, \u00e4r dess anv\u00e4ndning av kvinnor inte rekommenderas utom i mycket specifika fall (konkurrenskraftiga \u00e4ndam\u00e5l) i mycket korta perioder och vid mycket l\u00e5ga doser. Eftersom det har en kort ester rekommenderas det att injicera det ED eller EOD. <strong>BATCH INFORMATION:<br \/>\n<\/strong>Batch nr: <span data-sheets-root=\"1\" data-sheets-value=\"{\" data-sheets-userformat=\"{\">XH08584<\/span><br \/>\nTillverkningsdatum: <span data-sheets-root=\"1\" data-sheets-value=\"{\" data-sheets-userformat=\"{\">10.2025.<\/span><br \/>\nUtg\u00e5ngsdatum: <span data-sheets-root=\"1\" data-sheets-value=\"{\" data-sheets-userformat=\"{\">10.2028.<\/span><\/p>\n","protected":false},"excerpt":{"rendered":"<p>DOSERING: Drostanolone Propionate 100 mg \/ ml F\u00d6RPACKNINGSINNEH\u00c5LL: 1 x 10ML injektionsflaska, 100 mg per ml VAD \u00c4R DET: Drostanolone Propionate \u00e4r en injicerbar anabol steroid med en f\u00f6rh\u00f6jd androgen styrka. P\u00e5 grund av sin h\u00f6ga androgena potens anv\u00e4nds det vanligtvis under sk\u00e4rcykler f\u00f6r att f\u00f6rb\u00e4ttra fettf\u00f6rlusten, det orsakar vanligtvis ett torrt och h\u00e5rt utseende&hellip;<\/p>\n","protected":false},"featured_media":75190,"comment_status":"open","ping_status":"closed","template":"","meta":[],"product_cat":[171,169],"product_tag":[],"yoast_head":"<!-- This site is optimized with the Yoast SEO plugin v23.0 - https:\/\/yoast.com\/wordpress\/plugins\/seo\/ -->\n<title>Drostanolonpropionat - Astera Labs<\/title>\n<meta name=\"robots\" content=\"index, follow, max-snippet:-1, max-image-preview:large, max-video-preview:-1\" \/>\n<link rel=\"canonical\" href=\"https:\/\/asteralabs.org\/sv\/product\/drostanolonpropionat\/\" \/>\n<meta property=\"og:locale\" content=\"sv_SE\" \/>\n<meta property=\"og:type\" content=\"article\" \/>\n<meta property=\"og:title\" content=\"Drostanolonpropionat - Astera Labs\" \/>\n<meta property=\"og:description\" content=\"DOSERING: Drostanolone Propionate 100 mg \/ ml F\u00d6RPACKNINGSINNEH\u00c5LL: 1 x 10ML injektionsflaska, 100 mg per ml VAD \u00c4R DET: Drostanolone Propionate \u00e4r en injicerbar anabol steroid med en f\u00f6rh\u00f6jd androgen styrka. P\u00e5 grund av sin h\u00f6ga androgena potens anv\u00e4nds det vanligtvis under sk\u00e4rcykler f\u00f6r att f\u00f6rb\u00e4ttra fettf\u00f6rlusten, det orsakar vanligtvis ett torrt och h\u00e5rt utseende&hellip;\" \/>\n<meta property=\"og:url\" content=\"https:\/\/asteralabs.org\/sv\/product\/drostanolonpropionat\/\" \/>\n<meta property=\"og:site_name\" content=\"Astera Labs\" \/>\n<meta property=\"article:modified_time\" content=\"2026-01-15T08:59:40+00:00\" \/>\n<meta property=\"og:image\" content=\"https:\/\/asteralabs.org\/wp-content\/uploads\/2022\/11\/18.png\" \/>\n\t<meta property=\"og:image:width\" content=\"2000\" \/>\n\t<meta property=\"og:image:height\" content=\"2000\" \/>\n\t<meta property=\"og:image:type\" content=\"image\/png\" \/>\n<meta name=\"twitter:card\" content=\"summary_large_image\" \/>\n<script type=\"application\/ld+json\" class=\"yoast-schema-graph\">{\"@context\":\"https:\/\/schema.org\",\"@graph\":[{\"@type\":\"WebPage\",\"@id\":\"https:\/\/asteralabs.org\/sv\/product\/drostanolonpropionat\/\",\"url\":\"https:\/\/asteralabs.org\/sv\/product\/drostanolonpropionat\/\",\"name\":\"Drostanolonpropionat - Astera Labs\",\"isPartOf\":{\"@id\":\"https:\/\/asteralabs.org\/sv\/#website\"},\"primaryImageOfPage\":{\"@id\":\"https:\/\/asteralabs.org\/sv\/product\/drostanolonpropionat\/#primaryimage\"},\"image\":{\"@id\":\"https:\/\/asteralabs.org\/sv\/product\/drostanolonpropionat\/#primaryimage\"},\"thumbnailUrl\":\"https:\/\/asteralabs.org\/wp-content\/uploads\/2022\/11\/18.png\",\"datePublished\":\"2022-11-05T23:08:48+00:00\",\"dateModified\":\"2026-01-15T08:59:40+00:00\",\"breadcrumb\":{\"@id\":\"https:\/\/asteralabs.org\/sv\/product\/drostanolonpropionat\/#breadcrumb\"},\"inLanguage\":\"sv-SE\",\"potentialAction\":[{\"@type\":\"ReadAction\",\"target\":[\"https:\/\/asteralabs.org\/sv\/product\/drostanolonpropionat\/\"]}]},{\"@type\":\"ImageObject\",\"inLanguage\":\"sv-SE\",\"@id\":\"https:\/\/asteralabs.org\/sv\/product\/drostanolonpropionat\/#primaryimage\",\"url\":\"https:\/\/asteralabs.org\/wp-content\/uploads\/2022\/11\/18.png\",\"contentUrl\":\"https:\/\/asteralabs.org\/wp-content\/uploads\/2022\/11\/18.png\",\"width\":2000,\"height\":2000},{\"@type\":\"BreadcrumbList\",\"@id\":\"https:\/\/asteralabs.org\/sv\/product\/drostanolonpropionat\/#breadcrumb\",\"itemListElement\":[{\"@type\":\"ListItem\",\"position\":1,\"name\":\"Home\",\"item\":\"https:\/\/asteralabs.org\/sv\/\"},{\"@type\":\"ListItem\",\"position\":2,\"name\":\"Butik\",\"item\":\"https:\/\/asteralabs.org\/butik\/\"},{\"@type\":\"ListItem\",\"position\":3,\"name\":\"Drostanolonpropionat\"}]},{\"@type\":\"WebSite\",\"@id\":\"https:\/\/asteralabs.org\/sv\/#website\",\"url\":\"https:\/\/asteralabs.org\/sv\/\",\"name\":\"Astera Labs\",\"description\":\"Improve Your Quality Of Life\",\"publisher\":{\"@id\":\"https:\/\/asteralabs.org\/sv\/#organization\"},\"potentialAction\":[{\"@type\":\"SearchAction\",\"target\":{\"@type\":\"EntryPoint\",\"urlTemplate\":\"https:\/\/asteralabs.org\/sv\/?s={search_term_string}\"},\"query-input\":\"required name=search_term_string\"}],\"inLanguage\":\"sv-SE\"},{\"@type\":\"Organization\",\"@id\":\"https:\/\/asteralabs.org\/sv\/#organization\",\"name\":\"Astera Labs\",\"url\":\"https:\/\/asteralabs.org\/sv\/\",\"logo\":{\"@type\":\"ImageObject\",\"inLanguage\":\"sv-SE\",\"@id\":\"https:\/\/asteralabs.org\/sv\/#\/schema\/logo\/image\/\",\"url\":\"https:\/\/asteralabs.org\/wp-content\/uploads\/2022\/12\/astera-2.png\",\"contentUrl\":\"https:\/\/asteralabs.org\/wp-content\/uploads\/2022\/12\/astera-2.png\",\"width\":437,\"height\":111,\"caption\":\"Astera Labs\"},\"image\":{\"@id\":\"https:\/\/asteralabs.org\/sv\/#\/schema\/logo\/image\/\"}}]}<\/script>\n<!-- \/ Yoast SEO plugin. -->","yoast_head_json":{"title":"Drostanolonpropionat - Astera Labs","robots":{"index":"index","follow":"follow","max-snippet":"max-snippet:-1","max-image-preview":"max-image-preview:large","max-video-preview":"max-video-preview:-1"},"canonical":"https:\/\/asteralabs.org\/sv\/product\/drostanolonpropionat\/","og_locale":"sv_SE","og_type":"article","og_title":"Drostanolonpropionat - Astera Labs","og_description":"DOSERING: Drostanolone Propionate 100 mg \/ ml F\u00d6RPACKNINGSINNEH\u00c5LL: 1 x 10ML injektionsflaska, 100 mg per ml VAD \u00c4R DET: Drostanolone Propionate \u00e4r en injicerbar anabol steroid med en f\u00f6rh\u00f6jd androgen styrka. P\u00e5 grund av sin h\u00f6ga androgena potens anv\u00e4nds det vanligtvis under sk\u00e4rcykler f\u00f6r att f\u00f6rb\u00e4ttra fettf\u00f6rlusten, det orsakar vanligtvis ett torrt och h\u00e5rt utseende&hellip;","og_url":"https:\/\/asteralabs.org\/sv\/product\/drostanolonpropionat\/","og_site_name":"Astera Labs","article_modified_time":"2026-01-15T08:59:40+00:00","og_image":[{"width":2000,"height":2000,"url":"https:\/\/asteralabs.org\/wp-content\/uploads\/2022\/11\/18.png","type":"image\/png"}],"twitter_card":"summary_large_image","schema":{"@context":"https:\/\/schema.org","@graph":[{"@type":"WebPage","@id":"https:\/\/asteralabs.org\/sv\/product\/drostanolonpropionat\/","url":"https:\/\/asteralabs.org\/sv\/product\/drostanolonpropionat\/","name":"Drostanolonpropionat - Astera Labs","isPartOf":{"@id":"https:\/\/asteralabs.org\/sv\/#website"},"primaryImageOfPage":{"@id":"https:\/\/asteralabs.org\/sv\/product\/drostanolonpropionat\/#primaryimage"},"image":{"@id":"https:\/\/asteralabs.org\/sv\/product\/drostanolonpropionat\/#primaryimage"},"thumbnailUrl":"https:\/\/asteralabs.org\/wp-content\/uploads\/2022\/11\/18.png","datePublished":"2022-11-05T23:08:48+00:00","dateModified":"2026-01-15T08:59:40+00:00","breadcrumb":{"@id":"https:\/\/asteralabs.org\/sv\/product\/drostanolonpropionat\/#breadcrumb"},"inLanguage":"sv-SE","potentialAction":[{"@type":"ReadAction","target":["https:\/\/asteralabs.org\/sv\/product\/drostanolonpropionat\/"]}]},{"@type":"ImageObject","inLanguage":"sv-SE","@id":"https:\/\/asteralabs.org\/sv\/product\/drostanolonpropionat\/#primaryimage","url":"https:\/\/asteralabs.org\/wp-content\/uploads\/2022\/11\/18.png","contentUrl":"https:\/\/asteralabs.org\/wp-content\/uploads\/2022\/11\/18.png","width":2000,"height":2000},{"@type":"BreadcrumbList","@id":"https:\/\/asteralabs.org\/sv\/product\/drostanolonpropionat\/#breadcrumb","itemListElement":[{"@type":"ListItem","position":1,"name":"Home","item":"https:\/\/asteralabs.org\/sv\/"},{"@type":"ListItem","position":2,"name":"Butik","item":"https:\/\/asteralabs.org\/butik\/"},{"@type":"ListItem","position":3,"name":"Drostanolonpropionat"}]},{"@type":"WebSite","@id":"https:\/\/asteralabs.org\/sv\/#website","url":"https:\/\/asteralabs.org\/sv\/","name":"Astera Labs","description":"Improve Your Quality Of Life","publisher":{"@id":"https:\/\/asteralabs.org\/sv\/#organization"},"potentialAction":[{"@type":"SearchAction","target":{"@type":"EntryPoint","urlTemplate":"https:\/\/asteralabs.org\/sv\/?s={search_term_string}"},"query-input":"required name=search_term_string"}],"inLanguage":"sv-SE"},{"@type":"Organization","@id":"https:\/\/asteralabs.org\/sv\/#organization","name":"Astera Labs","url":"https:\/\/asteralabs.org\/sv\/","logo":{"@type":"ImageObject","inLanguage":"sv-SE","@id":"https:\/\/asteralabs.org\/sv\/#\/schema\/logo\/image\/","url":"https:\/\/asteralabs.org\/wp-content\/uploads\/2022\/12\/astera-2.png","contentUrl":"https:\/\/asteralabs.org\/wp-content\/uploads\/2022\/12\/astera-2.png","width":437,"height":111,"caption":"Astera Labs"},"image":{"@id":"https:\/\/asteralabs.org\/sv\/#\/schema\/logo\/image\/"}}]}},"_links":{"self":[{"href":"https:\/\/asteralabs.org\/sv\/wp-json\/wp\/v2\/product\/77810"}],"collection":[{"href":"https:\/\/asteralabs.org\/sv\/wp-json\/wp\/v2\/product"}],"about":[{"href":"https:\/\/asteralabs.org\/sv\/wp-json\/wp\/v2\/types\/product"}],"replies":[{"embeddable":true,"href":"https:\/\/asteralabs.org\/sv\/wp-json\/wp\/v2\/comments?post=77810"}],"version-history":[{"count":0,"href":"https:\/\/asteralabs.org\/sv\/wp-json\/wp\/v2\/product\/77810\/revisions"}],"wp:featuredmedia":[{"embeddable":true,"href":"https:\/\/asteralabs.org\/sv\/wp-json\/wp\/v2\/media\/75190"}],"wp:attachment":[{"href":"https:\/\/asteralabs.org\/sv\/wp-json\/wp\/v2\/media?parent=77810"}],"wp:term":[{"taxonomy":"product_cat","embeddable":true,"href":"https:\/\/asteralabs.org\/sv\/wp-json\/wp\/v2\/product_cat?post=77810"},{"taxonomy":"product_tag","embeddable":true,"href":"https:\/\/asteralabs.org\/sv\/wp-json\/wp\/v2\/product_tag?post=77810"}],"curies":[{"name":"wp","href":"https:\/\/api.w.org\/{rel}","templated":true}]}}