{"id":77856,"date":"2022-11-05T22:55:48","date_gmt":"2022-11-05T22:55:48","guid":{"rendered":"https:\/\/asteralabs.org\/product\/methenolone-enanthate-200\/"},"modified":"2026-01-15T09:42:52","modified_gmt":"2026-01-15T09:42:52","slug":"methenolone-enanthate-200","status":"publish","type":"product","link":"https:\/\/asteralabs.org\/sv\/product\/methenolone-enanthate-200\/","title":{"rendered":"Methenolone Enanthate 200"},"content":{"rendered":"<p><strong>DOSERING:<\/strong><br \/>\nMethenolone Enanthate 200 mg \/ ml <strong>F\u00d6RPACKNINGSINNEH\u00c5LL:<\/strong><br \/>\n1 x 10ML injektionsflaska, 200 mg per ml VAD \u00c4R <strong>DET:<\/strong><br \/>\nMethenolone Enanthate \u00e4r en av de mest k\u00e4nda och allm\u00e4nt anv\u00e4nda steroiderna p\u00e5 marknaden, delvis p\u00e5 grund av dess brist p\u00e5 biverkningar. Det \u00e4r en anv\u00e4ndbar steroid b\u00e5de i volym och under en sk\u00e4rfas, eftersom den saknar biverkningar kan den l\u00e4ggas till i vilken cykel som helst f\u00f6r att f\u00f6rb\u00e4ttra dess styrka. HUR MAN ANV\u00c4NDER <strong>:<\/strong><br \/>\nDe doser som kan anv\u00e4ndas utan risk eller med milda biverkningar \u00e4r mycket h\u00f6ga, och det anv\u00e4nds vanligtvis fr\u00e5n 400 mg varje vecka till vad din ficka kan till\u00e5ta. Cyklerna \u00e4r vanligtvis l\u00e5nga, vanligtvis 14 till 20 veckor. Jag rekommenderar att du injicerar EOD eller E3D. <strong>BATCHINFORMATION:<br \/>\n<\/strong>Batch nr:<span data-sheets-root=\"1\" data-sheets-value=\"{\" data-sheets-userformat=\"{\">\u00a0IF90310<\/span><br \/>\nTillverkningsdatum: <span data-sheets-root=\"1\" data-sheets-value=\"{\" data-sheets-userformat=\"{\">10.2025.<\/span><br \/>\nUtg\u00e5ngsdatum: <span data-sheets-root=\"1\" data-sheets-value=\"{\" data-sheets-userformat=\"{\">10.2028.<\/span><\/p>\n","protected":false},"excerpt":{"rendered":"<p>DOSERING: Methenolone Enanthate 200 mg \/ ml F\u00d6RPACKNINGSINNEH\u00c5LL: 1 x 10ML injektionsflaska, 200 mg per ml VAD \u00c4R DET: Methenolone Enanthate \u00e4r en av de mest k\u00e4nda och allm\u00e4nt anv\u00e4nda steroiderna p\u00e5 marknaden, delvis p\u00e5 grund av dess brist p\u00e5 biverkningar. Det \u00e4r en anv\u00e4ndbar steroid b\u00e5de i volym och under en sk\u00e4rfas, eftersom den&hellip;<\/p>\n","protected":false},"featured_media":75142,"comment_status":"open","ping_status":"closed","template":"","meta":[],"product_cat":[171,169],"product_tag":[],"yoast_head":"<!-- This site is optimized with the Yoast SEO plugin v23.0 - https:\/\/yoast.com\/wordpress\/plugins\/seo\/ -->\n<title>Methenolone Enanthate 200 - Astera Labs<\/title>\n<meta name=\"robots\" content=\"index, follow, max-snippet:-1, max-image-preview:large, max-video-preview:-1\" \/>\n<link rel=\"canonical\" href=\"https:\/\/asteralabs.org\/sv\/product\/methenolone-enanthate-200\/\" \/>\n<meta property=\"og:locale\" content=\"sv_SE\" \/>\n<meta property=\"og:type\" content=\"article\" \/>\n<meta property=\"og:title\" content=\"Methenolone Enanthate 200 - Astera Labs\" \/>\n<meta property=\"og:description\" content=\"DOSERING: Methenolone Enanthate 200 mg \/ ml F\u00d6RPACKNINGSINNEH\u00c5LL: 1 x 10ML injektionsflaska, 200 mg per ml VAD \u00c4R DET: Methenolone Enanthate \u00e4r en av de mest k\u00e4nda och allm\u00e4nt anv\u00e4nda steroiderna p\u00e5 marknaden, delvis p\u00e5 grund av dess brist p\u00e5 biverkningar. Det \u00e4r en anv\u00e4ndbar steroid b\u00e5de i volym och under en sk\u00e4rfas, eftersom den&hellip;\" \/>\n<meta property=\"og:url\" content=\"https:\/\/asteralabs.org\/sv\/product\/methenolone-enanthate-200\/\" \/>\n<meta property=\"og:site_name\" content=\"Astera Labs\" \/>\n<meta property=\"article:modified_time\" content=\"2026-01-15T09:42:52+00:00\" \/>\n<meta property=\"og:image\" content=\"https:\/\/asteralabs.org\/wp-content\/uploads\/2022\/11\/22.png\" \/>\n\t<meta property=\"og:image:width\" content=\"2000\" \/>\n\t<meta property=\"og:image:height\" content=\"2000\" \/>\n\t<meta property=\"og:image:type\" content=\"image\/png\" \/>\n<meta name=\"twitter:card\" content=\"summary_large_image\" \/>\n<script type=\"application\/ld+json\" class=\"yoast-schema-graph\">{\"@context\":\"https:\/\/schema.org\",\"@graph\":[{\"@type\":\"WebPage\",\"@id\":\"https:\/\/asteralabs.org\/sv\/product\/methenolone-enanthate-200\/\",\"url\":\"https:\/\/asteralabs.org\/sv\/product\/methenolone-enanthate-200\/\",\"name\":\"Methenolone Enanthate 200 - Astera Labs\",\"isPartOf\":{\"@id\":\"https:\/\/asteralabs.org\/sv\/#website\"},\"primaryImageOfPage\":{\"@id\":\"https:\/\/asteralabs.org\/sv\/product\/methenolone-enanthate-200\/#primaryimage\"},\"image\":{\"@id\":\"https:\/\/asteralabs.org\/sv\/product\/methenolone-enanthate-200\/#primaryimage\"},\"thumbnailUrl\":\"https:\/\/asteralabs.org\/wp-content\/uploads\/2022\/11\/22.png\",\"datePublished\":\"2022-11-05T22:55:48+00:00\",\"dateModified\":\"2026-01-15T09:42:52+00:00\",\"breadcrumb\":{\"@id\":\"https:\/\/asteralabs.org\/sv\/product\/methenolone-enanthate-200\/#breadcrumb\"},\"inLanguage\":\"sv-SE\",\"potentialAction\":[{\"@type\":\"ReadAction\",\"target\":[\"https:\/\/asteralabs.org\/sv\/product\/methenolone-enanthate-200\/\"]}]},{\"@type\":\"ImageObject\",\"inLanguage\":\"sv-SE\",\"@id\":\"https:\/\/asteralabs.org\/sv\/product\/methenolone-enanthate-200\/#primaryimage\",\"url\":\"https:\/\/asteralabs.org\/wp-content\/uploads\/2022\/11\/22.png\",\"contentUrl\":\"https:\/\/asteralabs.org\/wp-content\/uploads\/2022\/11\/22.png\",\"width\":2000,\"height\":2000},{\"@type\":\"BreadcrumbList\",\"@id\":\"https:\/\/asteralabs.org\/sv\/product\/methenolone-enanthate-200\/#breadcrumb\",\"itemListElement\":[{\"@type\":\"ListItem\",\"position\":1,\"name\":\"Home\",\"item\":\"https:\/\/asteralabs.org\/sv\/\"},{\"@type\":\"ListItem\",\"position\":2,\"name\":\"Butik\",\"item\":\"https:\/\/asteralabs.org\/butik\/\"},{\"@type\":\"ListItem\",\"position\":3,\"name\":\"Methenolone Enanthate 200\"}]},{\"@type\":\"WebSite\",\"@id\":\"https:\/\/asteralabs.org\/sv\/#website\",\"url\":\"https:\/\/asteralabs.org\/sv\/\",\"name\":\"Astera Labs\",\"description\":\"Improve Your Quality Of Life\",\"publisher\":{\"@id\":\"https:\/\/asteralabs.org\/sv\/#organization\"},\"potentialAction\":[{\"@type\":\"SearchAction\",\"target\":{\"@type\":\"EntryPoint\",\"urlTemplate\":\"https:\/\/asteralabs.org\/sv\/?s={search_term_string}\"},\"query-input\":\"required name=search_term_string\"}],\"inLanguage\":\"sv-SE\"},{\"@type\":\"Organization\",\"@id\":\"https:\/\/asteralabs.org\/sv\/#organization\",\"name\":\"Astera Labs\",\"url\":\"https:\/\/asteralabs.org\/sv\/\",\"logo\":{\"@type\":\"ImageObject\",\"inLanguage\":\"sv-SE\",\"@id\":\"https:\/\/asteralabs.org\/sv\/#\/schema\/logo\/image\/\",\"url\":\"https:\/\/asteralabs.org\/wp-content\/uploads\/2022\/12\/astera-2.png\",\"contentUrl\":\"https:\/\/asteralabs.org\/wp-content\/uploads\/2022\/12\/astera-2.png\",\"width\":437,\"height\":111,\"caption\":\"Astera Labs\"},\"image\":{\"@id\":\"https:\/\/asteralabs.org\/sv\/#\/schema\/logo\/image\/\"}}]}<\/script>\n<!-- \/ Yoast SEO plugin. -->","yoast_head_json":{"title":"Methenolone Enanthate 200 - Astera Labs","robots":{"index":"index","follow":"follow","max-snippet":"max-snippet:-1","max-image-preview":"max-image-preview:large","max-video-preview":"max-video-preview:-1"},"canonical":"https:\/\/asteralabs.org\/sv\/product\/methenolone-enanthate-200\/","og_locale":"sv_SE","og_type":"article","og_title":"Methenolone Enanthate 200 - Astera Labs","og_description":"DOSERING: Methenolone Enanthate 200 mg \/ ml F\u00d6RPACKNINGSINNEH\u00c5LL: 1 x 10ML injektionsflaska, 200 mg per ml VAD \u00c4R DET: Methenolone Enanthate \u00e4r en av de mest k\u00e4nda och allm\u00e4nt anv\u00e4nda steroiderna p\u00e5 marknaden, delvis p\u00e5 grund av dess brist p\u00e5 biverkningar. Det \u00e4r en anv\u00e4ndbar steroid b\u00e5de i volym och under en sk\u00e4rfas, eftersom den&hellip;","og_url":"https:\/\/asteralabs.org\/sv\/product\/methenolone-enanthate-200\/","og_site_name":"Astera Labs","article_modified_time":"2026-01-15T09:42:52+00:00","og_image":[{"width":2000,"height":2000,"url":"https:\/\/asteralabs.org\/wp-content\/uploads\/2022\/11\/22.png","type":"image\/png"}],"twitter_card":"summary_large_image","schema":{"@context":"https:\/\/schema.org","@graph":[{"@type":"WebPage","@id":"https:\/\/asteralabs.org\/sv\/product\/methenolone-enanthate-200\/","url":"https:\/\/asteralabs.org\/sv\/product\/methenolone-enanthate-200\/","name":"Methenolone Enanthate 200 - Astera Labs","isPartOf":{"@id":"https:\/\/asteralabs.org\/sv\/#website"},"primaryImageOfPage":{"@id":"https:\/\/asteralabs.org\/sv\/product\/methenolone-enanthate-200\/#primaryimage"},"image":{"@id":"https:\/\/asteralabs.org\/sv\/product\/methenolone-enanthate-200\/#primaryimage"},"thumbnailUrl":"https:\/\/asteralabs.org\/wp-content\/uploads\/2022\/11\/22.png","datePublished":"2022-11-05T22:55:48+00:00","dateModified":"2026-01-15T09:42:52+00:00","breadcrumb":{"@id":"https:\/\/asteralabs.org\/sv\/product\/methenolone-enanthate-200\/#breadcrumb"},"inLanguage":"sv-SE","potentialAction":[{"@type":"ReadAction","target":["https:\/\/asteralabs.org\/sv\/product\/methenolone-enanthate-200\/"]}]},{"@type":"ImageObject","inLanguage":"sv-SE","@id":"https:\/\/asteralabs.org\/sv\/product\/methenolone-enanthate-200\/#primaryimage","url":"https:\/\/asteralabs.org\/wp-content\/uploads\/2022\/11\/22.png","contentUrl":"https:\/\/asteralabs.org\/wp-content\/uploads\/2022\/11\/22.png","width":2000,"height":2000},{"@type":"BreadcrumbList","@id":"https:\/\/asteralabs.org\/sv\/product\/methenolone-enanthate-200\/#breadcrumb","itemListElement":[{"@type":"ListItem","position":1,"name":"Home","item":"https:\/\/asteralabs.org\/sv\/"},{"@type":"ListItem","position":2,"name":"Butik","item":"https:\/\/asteralabs.org\/butik\/"},{"@type":"ListItem","position":3,"name":"Methenolone Enanthate 200"}]},{"@type":"WebSite","@id":"https:\/\/asteralabs.org\/sv\/#website","url":"https:\/\/asteralabs.org\/sv\/","name":"Astera Labs","description":"Improve Your Quality Of Life","publisher":{"@id":"https:\/\/asteralabs.org\/sv\/#organization"},"potentialAction":[{"@type":"SearchAction","target":{"@type":"EntryPoint","urlTemplate":"https:\/\/asteralabs.org\/sv\/?s={search_term_string}"},"query-input":"required name=search_term_string"}],"inLanguage":"sv-SE"},{"@type":"Organization","@id":"https:\/\/asteralabs.org\/sv\/#organization","name":"Astera Labs","url":"https:\/\/asteralabs.org\/sv\/","logo":{"@type":"ImageObject","inLanguage":"sv-SE","@id":"https:\/\/asteralabs.org\/sv\/#\/schema\/logo\/image\/","url":"https:\/\/asteralabs.org\/wp-content\/uploads\/2022\/12\/astera-2.png","contentUrl":"https:\/\/asteralabs.org\/wp-content\/uploads\/2022\/12\/astera-2.png","width":437,"height":111,"caption":"Astera Labs"},"image":{"@id":"https:\/\/asteralabs.org\/sv\/#\/schema\/logo\/image\/"}}]}},"_links":{"self":[{"href":"https:\/\/asteralabs.org\/sv\/wp-json\/wp\/v2\/product\/77856"}],"collection":[{"href":"https:\/\/asteralabs.org\/sv\/wp-json\/wp\/v2\/product"}],"about":[{"href":"https:\/\/asteralabs.org\/sv\/wp-json\/wp\/v2\/types\/product"}],"replies":[{"embeddable":true,"href":"https:\/\/asteralabs.org\/sv\/wp-json\/wp\/v2\/comments?post=77856"}],"version-history":[{"count":0,"href":"https:\/\/asteralabs.org\/sv\/wp-json\/wp\/v2\/product\/77856\/revisions"}],"wp:featuredmedia":[{"embeddable":true,"href":"https:\/\/asteralabs.org\/sv\/wp-json\/wp\/v2\/media\/75142"}],"wp:attachment":[{"href":"https:\/\/asteralabs.org\/sv\/wp-json\/wp\/v2\/media?parent=77856"}],"wp:term":[{"taxonomy":"product_cat","embeddable":true,"href":"https:\/\/asteralabs.org\/sv\/wp-json\/wp\/v2\/product_cat?post=77856"},{"taxonomy":"product_tag","embeddable":true,"href":"https:\/\/asteralabs.org\/sv\/wp-json\/wp\/v2\/product_tag?post=77856"}],"curies":[{"name":"wp","href":"https:\/\/api.w.org\/{rel}","templated":true}]}}