{"id":77871,"date":"2022-11-05T22:53:52","date_gmt":"2022-11-05T22:53:52","guid":{"rendered":"https:\/\/asteralabs.org\/product\/l-karnitin\/"},"modified":"2026-01-15T09:15:19","modified_gmt":"2026-01-15T09:15:19","slug":"l-karnitin","status":"publish","type":"product","link":"https:\/\/asteralabs.org\/sv\/product\/l-karnitin\/","title":{"rendered":"L-karnitin"},"content":{"rendered":"<p><strong>DOSERING:<\/strong><br \/>\nL-karnitin 500 mg\/ml <strong>F\u00d6RPACKNINGSINNEH\u00c5LL:<\/strong><br \/>\n1 x 10 ml injektionsflaska, 500 mg per ml VAD \u00c4R <strong>DET:<\/strong><br \/>\nKarnitin \u00e4r en aminosyra vars funktion \u00e4r att transportera fettsyror in i mitokondrierna. Karnitin \u00e4r anv\u00e4ndbart f\u00f6r att f\u00f6rb\u00e4ttra och optimera fettf\u00f6rbr\u00e4nning, f\u00f6rb\u00e4ttra \u00e5terh\u00e4mtning och \u00f6ka explosiva styrkeniv\u00e5er. Eftersom karnitinniv\u00e5erna kan minskas kraftigt med ett enkelt tr\u00e4ningspass rekommenderas dess exogena administrering, och baserat p\u00e5 tillg\u00e4ngliga kliniska pr\u00f6vningar rekommenderas det att det administreras i ett tillst\u00e5nd av hyperinsulinemi f\u00f6r att f\u00f6rb\u00e4ttra dess absorption. HUR <strong>MAN ANV\u00c4NDER:<\/strong><br \/>\nDet kan administreras b\u00e5de intramuskul\u00e4rt (IM) och subkutant (Subq), minimidosen kommer att vara 400 mg dagligen, h\u00f6gst s\u00e5 mycket du har r\u00e5d med, \u00e4ven om du med den minsta angivna dosen i allm\u00e4nhet kommer att ha mer \u00e4n tillr\u00e4ckligt s\u00e5 l\u00e4nge du uppr\u00e4tth\u00e5ller en injektionsrytm. konstant uppr\u00e4tth\u00e5llande av m\u00e4ttnadsniv\u00e5er. Denna administrering av L-karnitin m\u00e5ste \u00e5tf\u00f6ljas av ett tillst\u00e5nd av hyperinsulinemi, vi kan uppn\u00e5 detta genom att administrera en h\u00f6g m\u00e4ngd enkla kolhydrater, cirka 90 gram. Det kan ocks\u00e5 uppn\u00e5s helt enkelt genom att injicera insulin, med exakt 7 till 10 IE ultra-rapid insulin subkutant. <strong>BATCHINFORMATION:<br \/>\n<\/strong>Batch nr: <span data-sheets-root=\"1\" data-sheets-value=\"{\" data-sheets-userformat=\"{\">LU71048<\/span><br \/>\nTillverkningsdatum: <span data-sheets-root=\"1\" data-sheets-value=\"{\" data-sheets-userformat=\"{\">10.2025.<\/span><br \/>\nUtg\u00e5ngsdatum: <span data-sheets-root=\"1\" data-sheets-value=\"{\" data-sheets-userformat=\"{\">10.2028.<\/span><\/p>\n","protected":false},"excerpt":{"rendered":"<p>DOSERING: L-karnitin 500 mg\/ml F\u00d6RPACKNINGSINNEH\u00c5LL: 1 x 10 ml injektionsflaska, 500 mg per ml VAD \u00c4R DET: Karnitin \u00e4r en aminosyra vars funktion \u00e4r att transportera fettsyror in i mitokondrierna. Karnitin \u00e4r anv\u00e4ndbart f\u00f6r att f\u00f6rb\u00e4ttra och optimera fettf\u00f6rbr\u00e4nning, f\u00f6rb\u00e4ttra \u00e5terh\u00e4mtning och \u00f6ka explosiva styrkeniv\u00e5er. Eftersom karnitinniv\u00e5erna kan minskas kraftigt med ett enkelt tr\u00e4ningspass rekommenderas&hellip;<\/p>\n","protected":false},"featured_media":75134,"comment_status":"open","ping_status":"closed","template":"","meta":[],"product_cat":[171,184],"product_tag":[],"yoast_head":"<!-- This site is optimized with the Yoast SEO plugin v23.0 - https:\/\/yoast.com\/wordpress\/plugins\/seo\/ -->\n<title>L-karnitin - Astera Labs<\/title>\n<meta name=\"robots\" content=\"index, follow, max-snippet:-1, max-image-preview:large, max-video-preview:-1\" \/>\n<link rel=\"canonical\" href=\"https:\/\/asteralabs.org\/sv\/product\/l-karnitin\/\" \/>\n<meta property=\"og:locale\" content=\"sv_SE\" \/>\n<meta property=\"og:type\" content=\"article\" \/>\n<meta property=\"og:title\" content=\"L-karnitin - Astera Labs\" \/>\n<meta property=\"og:description\" content=\"DOSERING: L-karnitin 500 mg\/ml F\u00d6RPACKNINGSINNEH\u00c5LL: 1 x 10 ml injektionsflaska, 500 mg per ml VAD \u00c4R DET: Karnitin \u00e4r en aminosyra vars funktion \u00e4r att transportera fettsyror in i mitokondrierna. Karnitin \u00e4r anv\u00e4ndbart f\u00f6r att f\u00f6rb\u00e4ttra och optimera fettf\u00f6rbr\u00e4nning, f\u00f6rb\u00e4ttra \u00e5terh\u00e4mtning och \u00f6ka explosiva styrkeniv\u00e5er. Eftersom karnitinniv\u00e5erna kan minskas kraftigt med ett enkelt tr\u00e4ningspass rekommenderas&hellip;\" \/>\n<meta property=\"og:url\" content=\"https:\/\/asteralabs.org\/sv\/product\/l-karnitin\/\" \/>\n<meta property=\"og:site_name\" content=\"Astera Labs\" \/>\n<meta property=\"article:modified_time\" content=\"2026-01-15T09:15:19+00:00\" \/>\n<meta property=\"og:image\" content=\"https:\/\/asteralabs.org\/wp-content\/uploads\/2022\/11\/25.png\" \/>\n\t<meta property=\"og:image:width\" content=\"2000\" \/>\n\t<meta property=\"og:image:height\" content=\"2000\" \/>\n\t<meta property=\"og:image:type\" content=\"image\/png\" \/>\n<meta name=\"twitter:card\" content=\"summary_large_image\" \/>\n<script type=\"application\/ld+json\" class=\"yoast-schema-graph\">{\"@context\":\"https:\/\/schema.org\",\"@graph\":[{\"@type\":\"WebPage\",\"@id\":\"https:\/\/asteralabs.org\/sv\/product\/l-karnitin\/\",\"url\":\"https:\/\/asteralabs.org\/sv\/product\/l-karnitin\/\",\"name\":\"L-karnitin - Astera Labs\",\"isPartOf\":{\"@id\":\"https:\/\/asteralabs.org\/sv\/#website\"},\"primaryImageOfPage\":{\"@id\":\"https:\/\/asteralabs.org\/sv\/product\/l-karnitin\/#primaryimage\"},\"image\":{\"@id\":\"https:\/\/asteralabs.org\/sv\/product\/l-karnitin\/#primaryimage\"},\"thumbnailUrl\":\"https:\/\/asteralabs.org\/wp-content\/uploads\/2022\/11\/25.png\",\"datePublished\":\"2022-11-05T22:53:52+00:00\",\"dateModified\":\"2026-01-15T09:15:19+00:00\",\"breadcrumb\":{\"@id\":\"https:\/\/asteralabs.org\/sv\/product\/l-karnitin\/#breadcrumb\"},\"inLanguage\":\"sv-SE\",\"potentialAction\":[{\"@type\":\"ReadAction\",\"target\":[\"https:\/\/asteralabs.org\/sv\/product\/l-karnitin\/\"]}]},{\"@type\":\"ImageObject\",\"inLanguage\":\"sv-SE\",\"@id\":\"https:\/\/asteralabs.org\/sv\/product\/l-karnitin\/#primaryimage\",\"url\":\"https:\/\/asteralabs.org\/wp-content\/uploads\/2022\/11\/25.png\",\"contentUrl\":\"https:\/\/asteralabs.org\/wp-content\/uploads\/2022\/11\/25.png\",\"width\":2000,\"height\":2000},{\"@type\":\"BreadcrumbList\",\"@id\":\"https:\/\/asteralabs.org\/sv\/product\/l-karnitin\/#breadcrumb\",\"itemListElement\":[{\"@type\":\"ListItem\",\"position\":1,\"name\":\"Home\",\"item\":\"https:\/\/asteralabs.org\/sv\/\"},{\"@type\":\"ListItem\",\"position\":2,\"name\":\"Butik\",\"item\":\"https:\/\/asteralabs.org\/butik\/\"},{\"@type\":\"ListItem\",\"position\":3,\"name\":\"L-karnitin\"}]},{\"@type\":\"WebSite\",\"@id\":\"https:\/\/asteralabs.org\/sv\/#website\",\"url\":\"https:\/\/asteralabs.org\/sv\/\",\"name\":\"Astera Labs\",\"description\":\"Improve Your Quality Of Life\",\"publisher\":{\"@id\":\"https:\/\/asteralabs.org\/sv\/#organization\"},\"potentialAction\":[{\"@type\":\"SearchAction\",\"target\":{\"@type\":\"EntryPoint\",\"urlTemplate\":\"https:\/\/asteralabs.org\/sv\/?s={search_term_string}\"},\"query-input\":\"required name=search_term_string\"}],\"inLanguage\":\"sv-SE\"},{\"@type\":\"Organization\",\"@id\":\"https:\/\/asteralabs.org\/sv\/#organization\",\"name\":\"Astera Labs\",\"url\":\"https:\/\/asteralabs.org\/sv\/\",\"logo\":{\"@type\":\"ImageObject\",\"inLanguage\":\"sv-SE\",\"@id\":\"https:\/\/asteralabs.org\/sv\/#\/schema\/logo\/image\/\",\"url\":\"https:\/\/asteralabs.org\/wp-content\/uploads\/2022\/12\/astera-2.png\",\"contentUrl\":\"https:\/\/asteralabs.org\/wp-content\/uploads\/2022\/12\/astera-2.png\",\"width\":437,\"height\":111,\"caption\":\"Astera Labs\"},\"image\":{\"@id\":\"https:\/\/asteralabs.org\/sv\/#\/schema\/logo\/image\/\"}}]}<\/script>\n<!-- \/ Yoast SEO plugin. -->","yoast_head_json":{"title":"L-karnitin - Astera Labs","robots":{"index":"index","follow":"follow","max-snippet":"max-snippet:-1","max-image-preview":"max-image-preview:large","max-video-preview":"max-video-preview:-1"},"canonical":"https:\/\/asteralabs.org\/sv\/product\/l-karnitin\/","og_locale":"sv_SE","og_type":"article","og_title":"L-karnitin - Astera Labs","og_description":"DOSERING: L-karnitin 500 mg\/ml F\u00d6RPACKNINGSINNEH\u00c5LL: 1 x 10 ml injektionsflaska, 500 mg per ml VAD \u00c4R DET: Karnitin \u00e4r en aminosyra vars funktion \u00e4r att transportera fettsyror in i mitokondrierna. Karnitin \u00e4r anv\u00e4ndbart f\u00f6r att f\u00f6rb\u00e4ttra och optimera fettf\u00f6rbr\u00e4nning, f\u00f6rb\u00e4ttra \u00e5terh\u00e4mtning och \u00f6ka explosiva styrkeniv\u00e5er. Eftersom karnitinniv\u00e5erna kan minskas kraftigt med ett enkelt tr\u00e4ningspass rekommenderas&hellip;","og_url":"https:\/\/asteralabs.org\/sv\/product\/l-karnitin\/","og_site_name":"Astera Labs","article_modified_time":"2026-01-15T09:15:19+00:00","og_image":[{"width":2000,"height":2000,"url":"https:\/\/asteralabs.org\/wp-content\/uploads\/2022\/11\/25.png","type":"image\/png"}],"twitter_card":"summary_large_image","schema":{"@context":"https:\/\/schema.org","@graph":[{"@type":"WebPage","@id":"https:\/\/asteralabs.org\/sv\/product\/l-karnitin\/","url":"https:\/\/asteralabs.org\/sv\/product\/l-karnitin\/","name":"L-karnitin - Astera Labs","isPartOf":{"@id":"https:\/\/asteralabs.org\/sv\/#website"},"primaryImageOfPage":{"@id":"https:\/\/asteralabs.org\/sv\/product\/l-karnitin\/#primaryimage"},"image":{"@id":"https:\/\/asteralabs.org\/sv\/product\/l-karnitin\/#primaryimage"},"thumbnailUrl":"https:\/\/asteralabs.org\/wp-content\/uploads\/2022\/11\/25.png","datePublished":"2022-11-05T22:53:52+00:00","dateModified":"2026-01-15T09:15:19+00:00","breadcrumb":{"@id":"https:\/\/asteralabs.org\/sv\/product\/l-karnitin\/#breadcrumb"},"inLanguage":"sv-SE","potentialAction":[{"@type":"ReadAction","target":["https:\/\/asteralabs.org\/sv\/product\/l-karnitin\/"]}]},{"@type":"ImageObject","inLanguage":"sv-SE","@id":"https:\/\/asteralabs.org\/sv\/product\/l-karnitin\/#primaryimage","url":"https:\/\/asteralabs.org\/wp-content\/uploads\/2022\/11\/25.png","contentUrl":"https:\/\/asteralabs.org\/wp-content\/uploads\/2022\/11\/25.png","width":2000,"height":2000},{"@type":"BreadcrumbList","@id":"https:\/\/asteralabs.org\/sv\/product\/l-karnitin\/#breadcrumb","itemListElement":[{"@type":"ListItem","position":1,"name":"Home","item":"https:\/\/asteralabs.org\/sv\/"},{"@type":"ListItem","position":2,"name":"Butik","item":"https:\/\/asteralabs.org\/butik\/"},{"@type":"ListItem","position":3,"name":"L-karnitin"}]},{"@type":"WebSite","@id":"https:\/\/asteralabs.org\/sv\/#website","url":"https:\/\/asteralabs.org\/sv\/","name":"Astera Labs","description":"Improve Your Quality Of Life","publisher":{"@id":"https:\/\/asteralabs.org\/sv\/#organization"},"potentialAction":[{"@type":"SearchAction","target":{"@type":"EntryPoint","urlTemplate":"https:\/\/asteralabs.org\/sv\/?s={search_term_string}"},"query-input":"required name=search_term_string"}],"inLanguage":"sv-SE"},{"@type":"Organization","@id":"https:\/\/asteralabs.org\/sv\/#organization","name":"Astera Labs","url":"https:\/\/asteralabs.org\/sv\/","logo":{"@type":"ImageObject","inLanguage":"sv-SE","@id":"https:\/\/asteralabs.org\/sv\/#\/schema\/logo\/image\/","url":"https:\/\/asteralabs.org\/wp-content\/uploads\/2022\/12\/astera-2.png","contentUrl":"https:\/\/asteralabs.org\/wp-content\/uploads\/2022\/12\/astera-2.png","width":437,"height":111,"caption":"Astera Labs"},"image":{"@id":"https:\/\/asteralabs.org\/sv\/#\/schema\/logo\/image\/"}}]}},"_links":{"self":[{"href":"https:\/\/asteralabs.org\/sv\/wp-json\/wp\/v2\/product\/77871"}],"collection":[{"href":"https:\/\/asteralabs.org\/sv\/wp-json\/wp\/v2\/product"}],"about":[{"href":"https:\/\/asteralabs.org\/sv\/wp-json\/wp\/v2\/types\/product"}],"replies":[{"embeddable":true,"href":"https:\/\/asteralabs.org\/sv\/wp-json\/wp\/v2\/comments?post=77871"}],"version-history":[{"count":0,"href":"https:\/\/asteralabs.org\/sv\/wp-json\/wp\/v2\/product\/77871\/revisions"}],"wp:featuredmedia":[{"embeddable":true,"href":"https:\/\/asteralabs.org\/sv\/wp-json\/wp\/v2\/media\/75134"}],"wp:attachment":[{"href":"https:\/\/asteralabs.org\/sv\/wp-json\/wp\/v2\/media?parent=77871"}],"wp:term":[{"taxonomy":"product_cat","embeddable":true,"href":"https:\/\/asteralabs.org\/sv\/wp-json\/wp\/v2\/product_cat?post=77871"},{"taxonomy":"product_tag","embeddable":true,"href":"https:\/\/asteralabs.org\/sv\/wp-json\/wp\/v2\/product_tag?post=77871"}],"curies":[{"name":"wp","href":"https:\/\/api.w.org\/{rel}","templated":true}]}}