{"id":77890,"date":"2022-11-05T22:43:39","date_gmt":"2022-11-05T22:43:39","guid":{"rendered":"https:\/\/asteralabs.org\/product\/testosteronundekanoat\/"},"modified":"2026-01-15T12:15:34","modified_gmt":"2026-01-15T12:15:34","slug":"testosteronundekanoat","status":"publish","type":"product","link":"https:\/\/asteralabs.org\/sv\/product\/testosteronundekanoat\/","title":{"rendered":"Testosteronundekanoat"},"content":{"rendered":"<p><strong>DOSERING: <\/strong><br \/>\nTestosteronundekanoat 250 mg \/ ml <strong>F\u00d6RPACKNINGSINNEH\u00c5LL: <\/strong><br \/>\n1 x 10ML injektionsflaska, 250 mg per ml VAD \u00c4R <strong>DET: <\/strong><br \/>\nTestosteron \u00e4r den mest anv\u00e4nda och mest m\u00e5ngsidiga steroiden p\u00e5 marknaden. Alla cykler beh\u00f6ver en bas av testosteron i kombination med andra steroider eller de kan till och med bara best\u00e5 av testosteron, det kan ocks\u00e5 anv\u00e4ndas i sm\u00e5 doser som TRT. <strong>HUR MAN ANV\u00c4NDER: <\/strong><br \/>\nDess anv\u00e4ndning beror p\u00e5 sammanhanget i vilket den anv\u00e4nds, doser i en cykel kan variera fr\u00e5n 250 mg f\u00f6r nyb\u00f6rjare till 1 gram eller mer hos professionella kroppsbyggare, vi rekommenderar personligen att anv\u00e4nda den maximala m\u00f6jliga dosen som kan anv\u00e4ndas (uppenbarligen beroende p\u00e5 m\u00e5let) i avsaknad av biverkningar. F\u00f6r en TRT rekommenderar vi att du anv\u00e4nder en dos baserad p\u00e5 ditt blodarbete. Eftersom det \u00e4r en riktigt l\u00e5ng ester rekommenderar vi att du injicerar eller E3D eller en g\u00e5ng i veckan om det beh\u00f6vs, eftersom halveringstiden \u00e4r s\u00e5 l\u00e5ng rekommenderar vi vanligtvis denna specifika ester f\u00f6r TRT eller innan du reser utomlands. <strong>BATCHINFORMATION:<br \/>\n<\/strong>Batch nr: <span data-sheets-root=\"1\" data-sheets-value=\"{\" data-sheets-userformat=\"{\">PS84265<\/span><br \/>\nTillverkningsdatum: <span data-sheets-root=\"1\" data-sheets-value=\"{\" data-sheets-userformat=\"{\">10.2025.<\/span><br \/>\nUtg\u00e5ngsdatum: <span data-sheets-root=\"1\" data-sheets-value=\"{\" data-sheets-userformat=\"{\">10.2028.<\/span><\/p>\n","protected":false},"excerpt":{"rendered":"<p>DOSERING: Testosteronundekanoat 250 mg \/ ml F\u00d6RPACKNINGSINNEH\u00c5LL: 1 x 10ML injektionsflaska, 250 mg per ml VAD \u00c4R DET: Testosteron \u00e4r den mest anv\u00e4nda och mest m\u00e5ngsidiga steroiden p\u00e5 marknaden. Alla cykler beh\u00f6ver en bas av testosteron i kombination med andra steroider eller de kan till och med bara best\u00e5 av testosteron, det kan ocks\u00e5 anv\u00e4ndas&hellip;<\/p>\n","protected":false},"featured_media":75110,"comment_status":"open","ping_status":"closed","template":"","meta":[],"product_cat":[171,169],"product_tag":[],"yoast_head":"<!-- This site is optimized with the Yoast SEO plugin v23.0 - https:\/\/yoast.com\/wordpress\/plugins\/seo\/ -->\n<title>Testosteronundekanoat - Astera Labs<\/title>\n<meta name=\"robots\" content=\"index, follow, max-snippet:-1, max-image-preview:large, max-video-preview:-1\" \/>\n<link rel=\"canonical\" href=\"https:\/\/asteralabs.org\/sv\/product\/testosteronundekanoat\/\" \/>\n<meta property=\"og:locale\" content=\"sv_SE\" \/>\n<meta property=\"og:type\" content=\"article\" \/>\n<meta property=\"og:title\" content=\"Testosteronundekanoat - Astera Labs\" \/>\n<meta property=\"og:description\" content=\"DOSERING: Testosteronundekanoat 250 mg \/ ml F\u00d6RPACKNINGSINNEH\u00c5LL: 1 x 10ML injektionsflaska, 250 mg per ml VAD \u00c4R DET: Testosteron \u00e4r den mest anv\u00e4nda och mest m\u00e5ngsidiga steroiden p\u00e5 marknaden. Alla cykler beh\u00f6ver en bas av testosteron i kombination med andra steroider eller de kan till och med bara best\u00e5 av testosteron, det kan ocks\u00e5 anv\u00e4ndas&hellip;\" \/>\n<meta property=\"og:url\" content=\"https:\/\/asteralabs.org\/sv\/product\/testosteronundekanoat\/\" \/>\n<meta property=\"og:site_name\" content=\"Astera Labs\" \/>\n<meta property=\"article:modified_time\" content=\"2026-01-15T12:15:34+00:00\" \/>\n<meta property=\"og:image\" content=\"https:\/\/asteralabs.org\/wp-content\/uploads\/2022\/11\/11.png\" \/>\n\t<meta property=\"og:image:width\" content=\"2000\" \/>\n\t<meta property=\"og:image:height\" content=\"2000\" \/>\n\t<meta property=\"og:image:type\" content=\"image\/png\" \/>\n<meta name=\"twitter:card\" content=\"summary_large_image\" \/>\n<script type=\"application\/ld+json\" class=\"yoast-schema-graph\">{\"@context\":\"https:\/\/schema.org\",\"@graph\":[{\"@type\":\"WebPage\",\"@id\":\"https:\/\/asteralabs.org\/sv\/product\/testosteronundekanoat\/\",\"url\":\"https:\/\/asteralabs.org\/sv\/product\/testosteronundekanoat\/\",\"name\":\"Testosteronundekanoat - Astera Labs\",\"isPartOf\":{\"@id\":\"https:\/\/asteralabs.org\/sv\/#website\"},\"primaryImageOfPage\":{\"@id\":\"https:\/\/asteralabs.org\/sv\/product\/testosteronundekanoat\/#primaryimage\"},\"image\":{\"@id\":\"https:\/\/asteralabs.org\/sv\/product\/testosteronundekanoat\/#primaryimage\"},\"thumbnailUrl\":\"https:\/\/asteralabs.org\/wp-content\/uploads\/2022\/11\/11.png\",\"datePublished\":\"2022-11-05T22:43:39+00:00\",\"dateModified\":\"2026-01-15T12:15:34+00:00\",\"breadcrumb\":{\"@id\":\"https:\/\/asteralabs.org\/sv\/product\/testosteronundekanoat\/#breadcrumb\"},\"inLanguage\":\"sv-SE\",\"potentialAction\":[{\"@type\":\"ReadAction\",\"target\":[\"https:\/\/asteralabs.org\/sv\/product\/testosteronundekanoat\/\"]}]},{\"@type\":\"ImageObject\",\"inLanguage\":\"sv-SE\",\"@id\":\"https:\/\/asteralabs.org\/sv\/product\/testosteronundekanoat\/#primaryimage\",\"url\":\"https:\/\/asteralabs.org\/wp-content\/uploads\/2022\/11\/11.png\",\"contentUrl\":\"https:\/\/asteralabs.org\/wp-content\/uploads\/2022\/11\/11.png\",\"width\":2000,\"height\":2000},{\"@type\":\"BreadcrumbList\",\"@id\":\"https:\/\/asteralabs.org\/sv\/product\/testosteronundekanoat\/#breadcrumb\",\"itemListElement\":[{\"@type\":\"ListItem\",\"position\":1,\"name\":\"Home\",\"item\":\"https:\/\/asteralabs.org\/sv\/\"},{\"@type\":\"ListItem\",\"position\":2,\"name\":\"Butik\",\"item\":\"https:\/\/asteralabs.org\/butik\/\"},{\"@type\":\"ListItem\",\"position\":3,\"name\":\"Testosteronundekanoat\"}]},{\"@type\":\"WebSite\",\"@id\":\"https:\/\/asteralabs.org\/sv\/#website\",\"url\":\"https:\/\/asteralabs.org\/sv\/\",\"name\":\"Astera Labs\",\"description\":\"Improve Your Quality Of Life\",\"publisher\":{\"@id\":\"https:\/\/asteralabs.org\/sv\/#organization\"},\"potentialAction\":[{\"@type\":\"SearchAction\",\"target\":{\"@type\":\"EntryPoint\",\"urlTemplate\":\"https:\/\/asteralabs.org\/sv\/?s={search_term_string}\"},\"query-input\":\"required name=search_term_string\"}],\"inLanguage\":\"sv-SE\"},{\"@type\":\"Organization\",\"@id\":\"https:\/\/asteralabs.org\/sv\/#organization\",\"name\":\"Astera Labs\",\"url\":\"https:\/\/asteralabs.org\/sv\/\",\"logo\":{\"@type\":\"ImageObject\",\"inLanguage\":\"sv-SE\",\"@id\":\"https:\/\/asteralabs.org\/sv\/#\/schema\/logo\/image\/\",\"url\":\"https:\/\/asteralabs.org\/wp-content\/uploads\/2022\/12\/astera-2.png\",\"contentUrl\":\"https:\/\/asteralabs.org\/wp-content\/uploads\/2022\/12\/astera-2.png\",\"width\":437,\"height\":111,\"caption\":\"Astera Labs\"},\"image\":{\"@id\":\"https:\/\/asteralabs.org\/sv\/#\/schema\/logo\/image\/\"}}]}<\/script>\n<!-- \/ Yoast SEO plugin. -->","yoast_head_json":{"title":"Testosteronundekanoat - Astera Labs","robots":{"index":"index","follow":"follow","max-snippet":"max-snippet:-1","max-image-preview":"max-image-preview:large","max-video-preview":"max-video-preview:-1"},"canonical":"https:\/\/asteralabs.org\/sv\/product\/testosteronundekanoat\/","og_locale":"sv_SE","og_type":"article","og_title":"Testosteronundekanoat - Astera Labs","og_description":"DOSERING: Testosteronundekanoat 250 mg \/ ml F\u00d6RPACKNINGSINNEH\u00c5LL: 1 x 10ML injektionsflaska, 250 mg per ml VAD \u00c4R DET: Testosteron \u00e4r den mest anv\u00e4nda och mest m\u00e5ngsidiga steroiden p\u00e5 marknaden. Alla cykler beh\u00f6ver en bas av testosteron i kombination med andra steroider eller de kan till och med bara best\u00e5 av testosteron, det kan ocks\u00e5 anv\u00e4ndas&hellip;","og_url":"https:\/\/asteralabs.org\/sv\/product\/testosteronundekanoat\/","og_site_name":"Astera Labs","article_modified_time":"2026-01-15T12:15:34+00:00","og_image":[{"width":2000,"height":2000,"url":"https:\/\/asteralabs.org\/wp-content\/uploads\/2022\/11\/11.png","type":"image\/png"}],"twitter_card":"summary_large_image","schema":{"@context":"https:\/\/schema.org","@graph":[{"@type":"WebPage","@id":"https:\/\/asteralabs.org\/sv\/product\/testosteronundekanoat\/","url":"https:\/\/asteralabs.org\/sv\/product\/testosteronundekanoat\/","name":"Testosteronundekanoat - Astera Labs","isPartOf":{"@id":"https:\/\/asteralabs.org\/sv\/#website"},"primaryImageOfPage":{"@id":"https:\/\/asteralabs.org\/sv\/product\/testosteronundekanoat\/#primaryimage"},"image":{"@id":"https:\/\/asteralabs.org\/sv\/product\/testosteronundekanoat\/#primaryimage"},"thumbnailUrl":"https:\/\/asteralabs.org\/wp-content\/uploads\/2022\/11\/11.png","datePublished":"2022-11-05T22:43:39+00:00","dateModified":"2026-01-15T12:15:34+00:00","breadcrumb":{"@id":"https:\/\/asteralabs.org\/sv\/product\/testosteronundekanoat\/#breadcrumb"},"inLanguage":"sv-SE","potentialAction":[{"@type":"ReadAction","target":["https:\/\/asteralabs.org\/sv\/product\/testosteronundekanoat\/"]}]},{"@type":"ImageObject","inLanguage":"sv-SE","@id":"https:\/\/asteralabs.org\/sv\/product\/testosteronundekanoat\/#primaryimage","url":"https:\/\/asteralabs.org\/wp-content\/uploads\/2022\/11\/11.png","contentUrl":"https:\/\/asteralabs.org\/wp-content\/uploads\/2022\/11\/11.png","width":2000,"height":2000},{"@type":"BreadcrumbList","@id":"https:\/\/asteralabs.org\/sv\/product\/testosteronundekanoat\/#breadcrumb","itemListElement":[{"@type":"ListItem","position":1,"name":"Home","item":"https:\/\/asteralabs.org\/sv\/"},{"@type":"ListItem","position":2,"name":"Butik","item":"https:\/\/asteralabs.org\/butik\/"},{"@type":"ListItem","position":3,"name":"Testosteronundekanoat"}]},{"@type":"WebSite","@id":"https:\/\/asteralabs.org\/sv\/#website","url":"https:\/\/asteralabs.org\/sv\/","name":"Astera Labs","description":"Improve Your Quality Of Life","publisher":{"@id":"https:\/\/asteralabs.org\/sv\/#organization"},"potentialAction":[{"@type":"SearchAction","target":{"@type":"EntryPoint","urlTemplate":"https:\/\/asteralabs.org\/sv\/?s={search_term_string}"},"query-input":"required name=search_term_string"}],"inLanguage":"sv-SE"},{"@type":"Organization","@id":"https:\/\/asteralabs.org\/sv\/#organization","name":"Astera Labs","url":"https:\/\/asteralabs.org\/sv\/","logo":{"@type":"ImageObject","inLanguage":"sv-SE","@id":"https:\/\/asteralabs.org\/sv\/#\/schema\/logo\/image\/","url":"https:\/\/asteralabs.org\/wp-content\/uploads\/2022\/12\/astera-2.png","contentUrl":"https:\/\/asteralabs.org\/wp-content\/uploads\/2022\/12\/astera-2.png","width":437,"height":111,"caption":"Astera Labs"},"image":{"@id":"https:\/\/asteralabs.org\/sv\/#\/schema\/logo\/image\/"}}]}},"_links":{"self":[{"href":"https:\/\/asteralabs.org\/sv\/wp-json\/wp\/v2\/product\/77890"}],"collection":[{"href":"https:\/\/asteralabs.org\/sv\/wp-json\/wp\/v2\/product"}],"about":[{"href":"https:\/\/asteralabs.org\/sv\/wp-json\/wp\/v2\/types\/product"}],"replies":[{"embeddable":true,"href":"https:\/\/asteralabs.org\/sv\/wp-json\/wp\/v2\/comments?post=77890"}],"version-history":[{"count":0,"href":"https:\/\/asteralabs.org\/sv\/wp-json\/wp\/v2\/product\/77890\/revisions"}],"wp:featuredmedia":[{"embeddable":true,"href":"https:\/\/asteralabs.org\/sv\/wp-json\/wp\/v2\/media\/75110"}],"wp:attachment":[{"href":"https:\/\/asteralabs.org\/sv\/wp-json\/wp\/v2\/media?parent=77890"}],"wp:term":[{"taxonomy":"product_cat","embeddable":true,"href":"https:\/\/asteralabs.org\/sv\/wp-json\/wp\/v2\/product_cat?post=77890"},{"taxonomy":"product_tag","embeddable":true,"href":"https:\/\/asteralabs.org\/sv\/wp-json\/wp\/v2\/product_tag?post=77890"}],"curies":[{"name":"wp","href":"https:\/\/api.w.org\/{rel}","templated":true}]}}