{"id":77918,"date":"2022-11-05T22:37:30","date_gmt":"2022-11-05T22:37:30","guid":{"rendered":"https:\/\/asteralabs.org\/product\/trenbolonacetat\/"},"modified":"2026-01-15T12:24:12","modified_gmt":"2026-01-15T12:24:12","slug":"trenbolonacetat","status":"publish","type":"product","link":"https:\/\/asteralabs.org\/sv\/product\/trenbolonacetat\/","title":{"rendered":"Trenbolonacetat"},"content":{"rendered":"<p><strong>DOSERING: <\/strong><br \/>\nTrenbolone Acerate 100mg\/ml <strong>F\u00d6RPACKNINGSINNEH\u00c5LL: <\/strong><br \/>\n1 x 10ML injektionsflaska, 100 mg per ml VAD \u00c4R <strong>DET: <\/strong><br \/>\nTrenbolon \u00e4r en steroid som h\u00e4rr\u00f6r fr\u00e5n 19-Nortestosteron och \u00e4r en av de mest kraftfulla och effektiva steroiderna som f\u00f6r n\u00e4rvarande finns.<br \/>\nP\u00e5 grund av sin h\u00f6ga affinitet till androgenreceptorer \u00e4r det en m\u00e5ngsidig steroid, anv\u00e4ndbar f\u00f6r att f\u00e5 muskelmassa, f\u00f6rlora fett och \u00f6ka styrkan. Det \u00e4r mycket anv\u00e4ndbart under en sk\u00e4rcykel f\u00f6r att bibeh\u00e5lla s\u00e5 mycket mager massa som m\u00f6jligt samtidigt som man f\u00f6rlorar s\u00e5 mycket fett som m\u00f6jligt.<br \/>\n\u00c4ven om dess biverkningar \u00e4r \u00f6verdrivna och liknar de hos andra steroider och dosberoende, m\u00e5ste man ta h\u00e4nsyn till att det orsakar s\u00f6mnst\u00f6rningar (beroende p\u00e5 dos och anv\u00e4ndningstid) och hum\u00f6rf\u00f6r\u00e4ndringar (beroende p\u00e5 person). <strong>HUR MAN ANV\u00c4NDER: <\/strong><br \/>\nAtt vara en mycket m\u00e5ngsidig steroid kan doser p\u00e5 75 mg per vecka vara mycket anv\u00e4ndbara under en sk\u00e4rfas utan att orsaka biverkningar eller minska risken f\u00f6r dem. Doser p\u00e5 200-400 mg per vecka anses vara &#8220;normala&#8221; beroende p\u00e5 hur avancerad idrottaren \u00e4r, Vi rekommenderar att du b\u00f6rjar med 75 mg per vecka och gradvis \u00f6kar dosen tills du m\u00e4rker n\u00e5gra biverkningar och det skulle vara din maximala dos. Eftersom det \u00e4r en kort ester b\u00f6r den injiceras ED eller EOD.<\/p>\n<p><strong>BATCH INFORMATION:<br \/>\n<\/strong>Batch nr: <span data-sheets-root=\"1\" data-sheets-value=\"{\" data-sheets-userformat=\"{\">OE25218<\/span><br \/>\nTillverkningsdatum: <span data-sheets-root=\"1\" data-sheets-value=\"{\" data-sheets-userformat=\"{\">10.2025.<\/span><br \/>\nUtg\u00e5ngsdatum: <span data-sheets-root=\"1\" data-sheets-value=\"{\" data-sheets-userformat=\"{\">10.2028.<\/span><\/p>\n","protected":false},"excerpt":{"rendered":"<p>DOSERING: Trenbolone Acerate 100mg\/ml F\u00d6RPACKNINGSINNEH\u00c5LL: 1 x 10ML injektionsflaska, 100 mg per ml VAD \u00c4R DET: Trenbolon \u00e4r en steroid som h\u00e4rr\u00f6r fr\u00e5n 19-Nortestosteron och \u00e4r en av de mest kraftfulla och effektiva steroiderna som f\u00f6r n\u00e4rvarande finns. P\u00e5 grund av sin h\u00f6ga affinitet till androgenreceptorer \u00e4r det en m\u00e5ngsidig steroid, anv\u00e4ndbar f\u00f6r att f\u00e5&hellip;<\/p>\n","protected":false},"featured_media":75086,"comment_status":"open","ping_status":"closed","template":"","meta":{"_acf_changed":false},"product_brand":[],"product_cat":[171,169],"product_tag":[],"class_list":{"0":"post-77918","1":"product","2":"type-product","3":"status-publish","4":"has-post-thumbnail","6":"product_cat-all-sv","7":"product_cat-injectables-sv","8":"description-off","10":"first","11":"instock","12":"shipping-taxable","13":"product-type-simple"},"acf":[],"yoast_head":"<!-- This site is optimized with the Yoast SEO plugin v27.4 - https:\/\/yoast.com\/product\/yoast-seo-wordpress\/ -->\n<title>Trenbolonacetat - Astera Labs<\/title>\n<meta name=\"robots\" content=\"index, follow, max-snippet:-1, max-image-preview:large, max-video-preview:-1\" \/>\n<link rel=\"canonical\" href=\"https:\/\/asteralabs.org\/sv\/product\/trenbolonacetat\/\" \/>\n<meta property=\"og:locale\" content=\"sv_SE\" \/>\n<meta property=\"og:type\" content=\"article\" \/>\n<meta property=\"og:title\" content=\"Trenbolonacetat - Astera Labs\" \/>\n<meta property=\"og:description\" content=\"DOSERING: Trenbolone Acerate 100mg\/ml F\u00d6RPACKNINGSINNEH\u00c5LL: 1 x 10ML injektionsflaska, 100 mg per ml VAD \u00c4R DET: Trenbolon \u00e4r en steroid som h\u00e4rr\u00f6r fr\u00e5n 19-Nortestosteron och \u00e4r en av de mest kraftfulla och effektiva steroiderna som f\u00f6r n\u00e4rvarande finns. P\u00e5 grund av sin h\u00f6ga affinitet till androgenreceptorer \u00e4r det en m\u00e5ngsidig steroid, anv\u00e4ndbar f\u00f6r att f\u00e5&hellip;\" \/>\n<meta property=\"og:url\" content=\"https:\/\/asteralabs.org\/sv\/product\/trenbolonacetat\/\" \/>\n<meta property=\"og:site_name\" content=\"Astera Labs\" \/>\n<meta property=\"article:modified_time\" content=\"2026-01-15T12:24:12+00:00\" \/>\n<meta property=\"og:image\" content=\"https:\/\/asteralabs.org\/wp-content\/uploads\/2022\/11\/17.png\" \/>\n\t<meta property=\"og:image:width\" content=\"2000\" \/>\n\t<meta property=\"og:image:height\" content=\"2000\" \/>\n\t<meta property=\"og:image:type\" content=\"image\/png\" \/>\n<meta name=\"twitter:card\" content=\"summary_large_image\" \/>\n<script type=\"application\/ld+json\" class=\"yoast-schema-graph\">{\"@context\":\"https:\\\/\\\/schema.org\",\"@graph\":[{\"@type\":\"WebPage\",\"@id\":\"https:\\\/\\\/asteralabs.org\\\/sv\\\/product\\\/trenbolonacetat\\\/\",\"url\":\"https:\\\/\\\/asteralabs.org\\\/sv\\\/product\\\/trenbolonacetat\\\/\",\"name\":\"Trenbolonacetat - Astera Labs\",\"isPartOf\":{\"@id\":\"https:\\\/\\\/asteralabs.org\\\/sv\\\/#website\"},\"primaryImageOfPage\":{\"@id\":\"https:\\\/\\\/asteralabs.org\\\/sv\\\/product\\\/trenbolonacetat\\\/#primaryimage\"},\"image\":{\"@id\":\"https:\\\/\\\/asteralabs.org\\\/sv\\\/product\\\/trenbolonacetat\\\/#primaryimage\"},\"thumbnailUrl\":\"https:\\\/\\\/asteralabs.org\\\/wp-content\\\/uploads\\\/2022\\\/11\\\/17.png\",\"datePublished\":\"2022-11-05T22:37:30+00:00\",\"dateModified\":\"2026-01-15T12:24:12+00:00\",\"breadcrumb\":{\"@id\":\"https:\\\/\\\/asteralabs.org\\\/sv\\\/product\\\/trenbolonacetat\\\/#breadcrumb\"},\"inLanguage\":\"sv-SE\",\"potentialAction\":[{\"@type\":\"ReadAction\",\"target\":[\"https:\\\/\\\/asteralabs.org\\\/sv\\\/product\\\/trenbolonacetat\\\/\"]}]},{\"@type\":\"ImageObject\",\"inLanguage\":\"sv-SE\",\"@id\":\"https:\\\/\\\/asteralabs.org\\\/sv\\\/product\\\/trenbolonacetat\\\/#primaryimage\",\"url\":\"https:\\\/\\\/asteralabs.org\\\/wp-content\\\/uploads\\\/2022\\\/11\\\/17.png\",\"contentUrl\":\"https:\\\/\\\/asteralabs.org\\\/wp-content\\\/uploads\\\/2022\\\/11\\\/17.png\",\"width\":2000,\"height\":2000},{\"@type\":\"BreadcrumbList\",\"@id\":\"https:\\\/\\\/asteralabs.org\\\/sv\\\/product\\\/trenbolonacetat\\\/#breadcrumb\",\"itemListElement\":[{\"@type\":\"ListItem\",\"position\":1,\"name\":\"Home\",\"item\":\"https:\\\/\\\/asteralabs.org\\\/sv\\\/\"},{\"@type\":\"ListItem\",\"position\":2,\"name\":\"Butik\",\"item\":\"https:\\\/\\\/asteralabs.org\\\/sv\\\/butik\\\/\"},{\"@type\":\"ListItem\",\"position\":3,\"name\":\"Trenbolonacetat\"}]},{\"@type\":\"WebSite\",\"@id\":\"https:\\\/\\\/asteralabs.org\\\/sv\\\/#website\",\"url\":\"https:\\\/\\\/asteralabs.org\\\/sv\\\/\",\"name\":\"Astera Labs\",\"description\":\"Improve Your Quality Of Life\",\"publisher\":{\"@id\":\"https:\\\/\\\/asteralabs.org\\\/sv\\\/#organization\"},\"potentialAction\":[{\"@type\":\"SearchAction\",\"target\":{\"@type\":\"EntryPoint\",\"urlTemplate\":\"https:\\\/\\\/asteralabs.org\\\/sv\\\/?s={search_term_string}\"},\"query-input\":{\"@type\":\"PropertyValueSpecification\",\"valueRequired\":true,\"valueName\":\"search_term_string\"}}],\"inLanguage\":\"sv-SE\"},{\"@type\":\"Organization\",\"@id\":\"https:\\\/\\\/asteralabs.org\\\/sv\\\/#organization\",\"name\":\"Astera Labs\",\"url\":\"https:\\\/\\\/asteralabs.org\\\/sv\\\/\",\"logo\":{\"@type\":\"ImageObject\",\"inLanguage\":\"sv-SE\",\"@id\":\"https:\\\/\\\/asteralabs.org\\\/sv\\\/#\\\/schema\\\/logo\\\/image\\\/\",\"url\":\"https:\\\/\\\/asteralabs.org\\\/wp-content\\\/uploads\\\/2022\\\/12\\\/astera-2.png\",\"contentUrl\":\"https:\\\/\\\/asteralabs.org\\\/wp-content\\\/uploads\\\/2022\\\/12\\\/astera-2.png\",\"width\":437,\"height\":111,\"caption\":\"Astera Labs\"},\"image\":{\"@id\":\"https:\\\/\\\/asteralabs.org\\\/sv\\\/#\\\/schema\\\/logo\\\/image\\\/\"}}]}<\/script>\n<!-- \/ Yoast SEO plugin. -->","yoast_head_json":{"title":"Trenbolonacetat - Astera Labs","robots":{"index":"index","follow":"follow","max-snippet":"max-snippet:-1","max-image-preview":"max-image-preview:large","max-video-preview":"max-video-preview:-1"},"canonical":"https:\/\/asteralabs.org\/sv\/product\/trenbolonacetat\/","og_locale":"sv_SE","og_type":"article","og_title":"Trenbolonacetat - Astera Labs","og_description":"DOSERING: Trenbolone Acerate 100mg\/ml F\u00d6RPACKNINGSINNEH\u00c5LL: 1 x 10ML injektionsflaska, 100 mg per ml VAD \u00c4R DET: Trenbolon \u00e4r en steroid som h\u00e4rr\u00f6r fr\u00e5n 19-Nortestosteron och \u00e4r en av de mest kraftfulla och effektiva steroiderna som f\u00f6r n\u00e4rvarande finns. P\u00e5 grund av sin h\u00f6ga affinitet till androgenreceptorer \u00e4r det en m\u00e5ngsidig steroid, anv\u00e4ndbar f\u00f6r att f\u00e5&hellip;","og_url":"https:\/\/asteralabs.org\/sv\/product\/trenbolonacetat\/","og_site_name":"Astera Labs","article_modified_time":"2026-01-15T12:24:12+00:00","og_image":[{"width":2000,"height":2000,"url":"https:\/\/asteralabs.org\/wp-content\/uploads\/2022\/11\/17.png","type":"image\/png"}],"twitter_card":"summary_large_image","schema":{"@context":"https:\/\/schema.org","@graph":[{"@type":"WebPage","@id":"https:\/\/asteralabs.org\/sv\/product\/trenbolonacetat\/","url":"https:\/\/asteralabs.org\/sv\/product\/trenbolonacetat\/","name":"Trenbolonacetat - Astera Labs","isPartOf":{"@id":"https:\/\/asteralabs.org\/sv\/#website"},"primaryImageOfPage":{"@id":"https:\/\/asteralabs.org\/sv\/product\/trenbolonacetat\/#primaryimage"},"image":{"@id":"https:\/\/asteralabs.org\/sv\/product\/trenbolonacetat\/#primaryimage"},"thumbnailUrl":"https:\/\/asteralabs.org\/wp-content\/uploads\/2022\/11\/17.png","datePublished":"2022-11-05T22:37:30+00:00","dateModified":"2026-01-15T12:24:12+00:00","breadcrumb":{"@id":"https:\/\/asteralabs.org\/sv\/product\/trenbolonacetat\/#breadcrumb"},"inLanguage":"sv-SE","potentialAction":[{"@type":"ReadAction","target":["https:\/\/asteralabs.org\/sv\/product\/trenbolonacetat\/"]}]},{"@type":"ImageObject","inLanguage":"sv-SE","@id":"https:\/\/asteralabs.org\/sv\/product\/trenbolonacetat\/#primaryimage","url":"https:\/\/asteralabs.org\/wp-content\/uploads\/2022\/11\/17.png","contentUrl":"https:\/\/asteralabs.org\/wp-content\/uploads\/2022\/11\/17.png","width":2000,"height":2000},{"@type":"BreadcrumbList","@id":"https:\/\/asteralabs.org\/sv\/product\/trenbolonacetat\/#breadcrumb","itemListElement":[{"@type":"ListItem","position":1,"name":"Home","item":"https:\/\/asteralabs.org\/sv\/"},{"@type":"ListItem","position":2,"name":"Butik","item":"https:\/\/asteralabs.org\/sv\/butik\/"},{"@type":"ListItem","position":3,"name":"Trenbolonacetat"}]},{"@type":"WebSite","@id":"https:\/\/asteralabs.org\/sv\/#website","url":"https:\/\/asteralabs.org\/sv\/","name":"Astera Labs","description":"Improve Your Quality Of Life","publisher":{"@id":"https:\/\/asteralabs.org\/sv\/#organization"},"potentialAction":[{"@type":"SearchAction","target":{"@type":"EntryPoint","urlTemplate":"https:\/\/asteralabs.org\/sv\/?s={search_term_string}"},"query-input":{"@type":"PropertyValueSpecification","valueRequired":true,"valueName":"search_term_string"}}],"inLanguage":"sv-SE"},{"@type":"Organization","@id":"https:\/\/asteralabs.org\/sv\/#organization","name":"Astera Labs","url":"https:\/\/asteralabs.org\/sv\/","logo":{"@type":"ImageObject","inLanguage":"sv-SE","@id":"https:\/\/asteralabs.org\/sv\/#\/schema\/logo\/image\/","url":"https:\/\/asteralabs.org\/wp-content\/uploads\/2022\/12\/astera-2.png","contentUrl":"https:\/\/asteralabs.org\/wp-content\/uploads\/2022\/12\/astera-2.png","width":437,"height":111,"caption":"Astera Labs"},"image":{"@id":"https:\/\/asteralabs.org\/sv\/#\/schema\/logo\/image\/"}}]}},"_links":{"self":[{"href":"https:\/\/asteralabs.org\/sv\/wp-json\/wp\/v2\/product\/77918","targetHints":{"allow":["GET"]}}],"collection":[{"href":"https:\/\/asteralabs.org\/sv\/wp-json\/wp\/v2\/product"}],"about":[{"href":"https:\/\/asteralabs.org\/sv\/wp-json\/wp\/v2\/types\/product"}],"replies":[{"embeddable":true,"href":"https:\/\/asteralabs.org\/sv\/wp-json\/wp\/v2\/comments?post=77918"}],"version-history":[{"count":0,"href":"https:\/\/asteralabs.org\/sv\/wp-json\/wp\/v2\/product\/77918\/revisions"}],"wp:featuredmedia":[{"embeddable":true,"href":"https:\/\/asteralabs.org\/sv\/wp-json\/wp\/v2\/media\/75086"}],"wp:attachment":[{"href":"https:\/\/asteralabs.org\/sv\/wp-json\/wp\/v2\/media?parent=77918"}],"wp:term":[{"taxonomy":"product_brand","embeddable":true,"href":"https:\/\/asteralabs.org\/sv\/wp-json\/wp\/v2\/product_brand?post=77918"},{"taxonomy":"product_cat","embeddable":true,"href":"https:\/\/asteralabs.org\/sv\/wp-json\/wp\/v2\/product_cat?post=77918"},{"taxonomy":"product_tag","embeddable":true,"href":"https:\/\/asteralabs.org\/sv\/wp-json\/wp\/v2\/product_tag?post=77918"}],"curies":[{"name":"wp","href":"https:\/\/api.w.org\/{rel}","templated":true}]}}