{"id":77929,"date":"2022-11-05T22:32:03","date_gmt":"2022-11-05T22:32:03","guid":{"rendered":"https:\/\/asteralabs.org\/product\/trestolone-acetate-ment\/"},"modified":"2026-01-16T07:44:12","modified_gmt":"2026-01-16T07:44:12","slug":"trestolone-acetate-ment","status":"publish","type":"product","link":"https:\/\/asteralabs.org\/sv\/product\/trestolone-acetate-ment\/","title":{"rendered":"Trestolone Acetate (MENT)"},"content":{"rendered":"<p><strong>DOSERING: <\/strong><br \/>\nTrestolone Acetate 50mg\/ml <strong>F\u00d6RPACKNINGSINNEH\u00c5LL: <\/strong><br \/>\n1 x 10ML injektionsflaska, 50 mg per ml VAD \u00c4R <strong>DET: <\/strong><br \/>\nDen mest potenta steroiden k\u00e4nd som Trestolone Acetate, som \u00e4r den metylerade versionen av Nandrolone och har en styrka som \u00e4r mycket h\u00f6gre \u00e4n Trenbolone, betraktas allm\u00e4nt som en kombination av de tv\u00e5. Det \u00e4r en mycket aromatizable \u00e4mne, s\u00e5 om det anv\u00e4nds, b\u00f6r man se till att hantera estradiol med hj\u00e4lp av alternativa metoder eller l\u00e4gre doser \u00e4n vad som skulle vara typiskt f\u00f6r vanliga \u00e4mnen. Det \u00e4r inte f\u00f6rvandlas till DHT. Det \u00e4r den kemikalie som har den h\u00f6gsta milligram-till-milligram-inhiberingskonstanten, och en av dess anv\u00e4ndningar \u00e4r som ett manligt preventivmedel. <strong>HUR MAN ANV\u00c4NDER: <\/strong><br \/>\nDoseringen beror p\u00e5 anv\u00e4ndaren. Som kontakt \u00e4r doser p\u00e5 5-10 mg per dag (35-70 mg per vecka) mycket vanliga. Mer erfarna anv\u00e4ndare anv\u00e4nder vanligen 10-25 mg per dag (70-175 mg per vecka) eller till och med 25-50 mg per dag (150-350 mg per vecka). Vi rekommenderar att du \u00f6kar dosen varje vecka tills du hittar den dos som b\u00e4st uppfyller dina behov. Vanligtvis varar cyklerna i 8 till 12 veckor. <strong>BATCHINFORMATION:<br \/>\n<\/strong>Batch nr: <span data-sheets-root=\"1\" data-sheets-value=\"{&quot;1&quot;:2,&quot;2&quot;:&quot;JN70582&quot;}\" data-sheets-userformat=\"{&quot;2&quot;:4224,&quot;10&quot;:2,&quot;15&quot;:&quot;Arial&quot;}\">SY44821<\/span><br \/>\nTillverkningsdatum: <span data-sheets-root=\"1\" data-sheets-value=\"{\" data-sheets-userformat=\"{\">10.2025.<\/span><br \/>\nUtg\u00e5ngsdatum: <span data-sheets-root=\"1\" data-sheets-value=\"{\" data-sheets-userformat=\"{\">10.2028.<\/span><\/p>\n","protected":false},"excerpt":{"rendered":"<p>DOSERING: Trestolone Acetate 50mg\/ml F\u00d6RPACKNINGSINNEH\u00c5LL: 1 x 10ML injektionsflaska, 50 mg per ml VAD \u00c4R DET: Den mest potenta steroiden k\u00e4nd som Trestolone Acetate, som \u00e4r den metylerade versionen av Nandrolone och har en styrka som \u00e4r mycket h\u00f6gre \u00e4n Trenbolone, betraktas allm\u00e4nt som en kombination av de tv\u00e5. Det \u00e4r en mycket aromatizable \u00e4mne,&hellip;<\/p>\n","protected":false},"featured_media":75070,"comment_status":"open","ping_status":"closed","template":"","meta":[],"product_cat":[171,169],"product_tag":[],"yoast_head":"<!-- This site is optimized with the Yoast SEO plugin v23.0 - https:\/\/yoast.com\/wordpress\/plugins\/seo\/ -->\n<title>Trestolone Acetate (MENT) - Astera Labs<\/title>\n<meta name=\"robots\" content=\"index, follow, max-snippet:-1, max-image-preview:large, max-video-preview:-1\" \/>\n<link rel=\"canonical\" href=\"https:\/\/asteralabs.org\/sv\/product\/trestolone-acetate-ment\/\" \/>\n<meta property=\"og:locale\" content=\"sv_SE\" \/>\n<meta property=\"og:type\" content=\"article\" \/>\n<meta property=\"og:title\" content=\"Trestolone Acetate (MENT) - Astera Labs\" \/>\n<meta property=\"og:description\" content=\"DOSERING: Trestolone Acetate 50mg\/ml F\u00d6RPACKNINGSINNEH\u00c5LL: 1 x 10ML injektionsflaska, 50 mg per ml VAD \u00c4R DET: Den mest potenta steroiden k\u00e4nd som Trestolone Acetate, som \u00e4r den metylerade versionen av Nandrolone och har en styrka som \u00e4r mycket h\u00f6gre \u00e4n Trenbolone, betraktas allm\u00e4nt som en kombination av de tv\u00e5. Det \u00e4r en mycket aromatizable \u00e4mne,&hellip;\" \/>\n<meta property=\"og:url\" content=\"https:\/\/asteralabs.org\/sv\/product\/trestolone-acetate-ment\/\" \/>\n<meta property=\"og:site_name\" content=\"Astera Labs\" \/>\n<meta property=\"article:modified_time\" content=\"2026-01-16T07:44:12+00:00\" \/>\n<meta property=\"og:image\" content=\"https:\/\/asteralabs.org\/wp-content\/uploads\/2022\/11\/28.png\" \/>\n\t<meta property=\"og:image:width\" content=\"2000\" \/>\n\t<meta property=\"og:image:height\" content=\"2000\" \/>\n\t<meta property=\"og:image:type\" content=\"image\/png\" \/>\n<meta name=\"twitter:card\" content=\"summary_large_image\" \/>\n<script type=\"application\/ld+json\" class=\"yoast-schema-graph\">{\"@context\":\"https:\/\/schema.org\",\"@graph\":[{\"@type\":\"WebPage\",\"@id\":\"https:\/\/asteralabs.org\/sv\/product\/trestolone-acetate-ment\/\",\"url\":\"https:\/\/asteralabs.org\/sv\/product\/trestolone-acetate-ment\/\",\"name\":\"Trestolone Acetate (MENT) - Astera Labs\",\"isPartOf\":{\"@id\":\"https:\/\/asteralabs.org\/sv\/#website\"},\"primaryImageOfPage\":{\"@id\":\"https:\/\/asteralabs.org\/sv\/product\/trestolone-acetate-ment\/#primaryimage\"},\"image\":{\"@id\":\"https:\/\/asteralabs.org\/sv\/product\/trestolone-acetate-ment\/#primaryimage\"},\"thumbnailUrl\":\"https:\/\/asteralabs.org\/wp-content\/uploads\/2022\/11\/28.png\",\"datePublished\":\"2022-11-05T22:32:03+00:00\",\"dateModified\":\"2026-01-16T07:44:12+00:00\",\"breadcrumb\":{\"@id\":\"https:\/\/asteralabs.org\/sv\/product\/trestolone-acetate-ment\/#breadcrumb\"},\"inLanguage\":\"sv-SE\",\"potentialAction\":[{\"@type\":\"ReadAction\",\"target\":[\"https:\/\/asteralabs.org\/sv\/product\/trestolone-acetate-ment\/\"]}]},{\"@type\":\"ImageObject\",\"inLanguage\":\"sv-SE\",\"@id\":\"https:\/\/asteralabs.org\/sv\/product\/trestolone-acetate-ment\/#primaryimage\",\"url\":\"https:\/\/asteralabs.org\/wp-content\/uploads\/2022\/11\/28.png\",\"contentUrl\":\"https:\/\/asteralabs.org\/wp-content\/uploads\/2022\/11\/28.png\",\"width\":2000,\"height\":2000},{\"@type\":\"BreadcrumbList\",\"@id\":\"https:\/\/asteralabs.org\/sv\/product\/trestolone-acetate-ment\/#breadcrumb\",\"itemListElement\":[{\"@type\":\"ListItem\",\"position\":1,\"name\":\"Home\",\"item\":\"https:\/\/asteralabs.org\/sv\/\"},{\"@type\":\"ListItem\",\"position\":2,\"name\":\"Butik\",\"item\":\"https:\/\/asteralabs.org\/butik\/\"},{\"@type\":\"ListItem\",\"position\":3,\"name\":\"Trestolone Acetate (MENT)\"}]},{\"@type\":\"WebSite\",\"@id\":\"https:\/\/asteralabs.org\/sv\/#website\",\"url\":\"https:\/\/asteralabs.org\/sv\/\",\"name\":\"Astera Labs\",\"description\":\"Improve Your Quality Of Life\",\"publisher\":{\"@id\":\"https:\/\/asteralabs.org\/sv\/#organization\"},\"potentialAction\":[{\"@type\":\"SearchAction\",\"target\":{\"@type\":\"EntryPoint\",\"urlTemplate\":\"https:\/\/asteralabs.org\/sv\/?s={search_term_string}\"},\"query-input\":\"required name=search_term_string\"}],\"inLanguage\":\"sv-SE\"},{\"@type\":\"Organization\",\"@id\":\"https:\/\/asteralabs.org\/sv\/#organization\",\"name\":\"Astera Labs\",\"url\":\"https:\/\/asteralabs.org\/sv\/\",\"logo\":{\"@type\":\"ImageObject\",\"inLanguage\":\"sv-SE\",\"@id\":\"https:\/\/asteralabs.org\/sv\/#\/schema\/logo\/image\/\",\"url\":\"https:\/\/asteralabs.org\/wp-content\/uploads\/2022\/12\/astera-2.png\",\"contentUrl\":\"https:\/\/asteralabs.org\/wp-content\/uploads\/2022\/12\/astera-2.png\",\"width\":437,\"height\":111,\"caption\":\"Astera Labs\"},\"image\":{\"@id\":\"https:\/\/asteralabs.org\/sv\/#\/schema\/logo\/image\/\"}}]}<\/script>\n<!-- \/ Yoast SEO plugin. -->","yoast_head_json":{"title":"Trestolone Acetate (MENT) - Astera Labs","robots":{"index":"index","follow":"follow","max-snippet":"max-snippet:-1","max-image-preview":"max-image-preview:large","max-video-preview":"max-video-preview:-1"},"canonical":"https:\/\/asteralabs.org\/sv\/product\/trestolone-acetate-ment\/","og_locale":"sv_SE","og_type":"article","og_title":"Trestolone Acetate (MENT) - Astera Labs","og_description":"DOSERING: Trestolone Acetate 50mg\/ml F\u00d6RPACKNINGSINNEH\u00c5LL: 1 x 10ML injektionsflaska, 50 mg per ml VAD \u00c4R DET: Den mest potenta steroiden k\u00e4nd som Trestolone Acetate, som \u00e4r den metylerade versionen av Nandrolone och har en styrka som \u00e4r mycket h\u00f6gre \u00e4n Trenbolone, betraktas allm\u00e4nt som en kombination av de tv\u00e5. Det \u00e4r en mycket aromatizable \u00e4mne,&hellip;","og_url":"https:\/\/asteralabs.org\/sv\/product\/trestolone-acetate-ment\/","og_site_name":"Astera Labs","article_modified_time":"2026-01-16T07:44:12+00:00","og_image":[{"width":2000,"height":2000,"url":"https:\/\/asteralabs.org\/wp-content\/uploads\/2022\/11\/28.png","type":"image\/png"}],"twitter_card":"summary_large_image","schema":{"@context":"https:\/\/schema.org","@graph":[{"@type":"WebPage","@id":"https:\/\/asteralabs.org\/sv\/product\/trestolone-acetate-ment\/","url":"https:\/\/asteralabs.org\/sv\/product\/trestolone-acetate-ment\/","name":"Trestolone Acetate (MENT) - Astera Labs","isPartOf":{"@id":"https:\/\/asteralabs.org\/sv\/#website"},"primaryImageOfPage":{"@id":"https:\/\/asteralabs.org\/sv\/product\/trestolone-acetate-ment\/#primaryimage"},"image":{"@id":"https:\/\/asteralabs.org\/sv\/product\/trestolone-acetate-ment\/#primaryimage"},"thumbnailUrl":"https:\/\/asteralabs.org\/wp-content\/uploads\/2022\/11\/28.png","datePublished":"2022-11-05T22:32:03+00:00","dateModified":"2026-01-16T07:44:12+00:00","breadcrumb":{"@id":"https:\/\/asteralabs.org\/sv\/product\/trestolone-acetate-ment\/#breadcrumb"},"inLanguage":"sv-SE","potentialAction":[{"@type":"ReadAction","target":["https:\/\/asteralabs.org\/sv\/product\/trestolone-acetate-ment\/"]}]},{"@type":"ImageObject","inLanguage":"sv-SE","@id":"https:\/\/asteralabs.org\/sv\/product\/trestolone-acetate-ment\/#primaryimage","url":"https:\/\/asteralabs.org\/wp-content\/uploads\/2022\/11\/28.png","contentUrl":"https:\/\/asteralabs.org\/wp-content\/uploads\/2022\/11\/28.png","width":2000,"height":2000},{"@type":"BreadcrumbList","@id":"https:\/\/asteralabs.org\/sv\/product\/trestolone-acetate-ment\/#breadcrumb","itemListElement":[{"@type":"ListItem","position":1,"name":"Home","item":"https:\/\/asteralabs.org\/sv\/"},{"@type":"ListItem","position":2,"name":"Butik","item":"https:\/\/asteralabs.org\/butik\/"},{"@type":"ListItem","position":3,"name":"Trestolone Acetate (MENT)"}]},{"@type":"WebSite","@id":"https:\/\/asteralabs.org\/sv\/#website","url":"https:\/\/asteralabs.org\/sv\/","name":"Astera Labs","description":"Improve Your Quality Of Life","publisher":{"@id":"https:\/\/asteralabs.org\/sv\/#organization"},"potentialAction":[{"@type":"SearchAction","target":{"@type":"EntryPoint","urlTemplate":"https:\/\/asteralabs.org\/sv\/?s={search_term_string}"},"query-input":"required name=search_term_string"}],"inLanguage":"sv-SE"},{"@type":"Organization","@id":"https:\/\/asteralabs.org\/sv\/#organization","name":"Astera Labs","url":"https:\/\/asteralabs.org\/sv\/","logo":{"@type":"ImageObject","inLanguage":"sv-SE","@id":"https:\/\/asteralabs.org\/sv\/#\/schema\/logo\/image\/","url":"https:\/\/asteralabs.org\/wp-content\/uploads\/2022\/12\/astera-2.png","contentUrl":"https:\/\/asteralabs.org\/wp-content\/uploads\/2022\/12\/astera-2.png","width":437,"height":111,"caption":"Astera Labs"},"image":{"@id":"https:\/\/asteralabs.org\/sv\/#\/schema\/logo\/image\/"}}]}},"_links":{"self":[{"href":"https:\/\/asteralabs.org\/sv\/wp-json\/wp\/v2\/product\/77929"}],"collection":[{"href":"https:\/\/asteralabs.org\/sv\/wp-json\/wp\/v2\/product"}],"about":[{"href":"https:\/\/asteralabs.org\/sv\/wp-json\/wp\/v2\/types\/product"}],"replies":[{"embeddable":true,"href":"https:\/\/asteralabs.org\/sv\/wp-json\/wp\/v2\/comments?post=77929"}],"version-history":[{"count":0,"href":"https:\/\/asteralabs.org\/sv\/wp-json\/wp\/v2\/product\/77929\/revisions"}],"wp:featuredmedia":[{"embeddable":true,"href":"https:\/\/asteralabs.org\/sv\/wp-json\/wp\/v2\/media\/75070"}],"wp:attachment":[{"href":"https:\/\/asteralabs.org\/sv\/wp-json\/wp\/v2\/media?parent=77929"}],"wp:term":[{"taxonomy":"product_cat","embeddable":true,"href":"https:\/\/asteralabs.org\/sv\/wp-json\/wp\/v2\/product_cat?post=77929"},{"taxonomy":"product_tag","embeddable":true,"href":"https:\/\/asteralabs.org\/sv\/wp-json\/wp\/v2\/product_tag?post=77929"}],"curies":[{"name":"wp","href":"https:\/\/api.w.org\/{rel}","templated":true}]}}