{"id":77952,"date":"2022-11-05T22:24:04","date_gmt":"2022-11-05T22:24:04","guid":{"rendered":"https:\/\/asteralabs.org\/product\/dihydroboldenon-dhb\/"},"modified":"2026-01-15T08:36:09","modified_gmt":"2026-01-15T08:36:09","slug":"dihydroboldenon-dhb","status":"publish","type":"product","link":"https:\/\/asteralabs.org\/sv\/product\/dihydroboldenon-dhb\/","title":{"rendered":"Dihydroboldenon (DHB)"},"content":{"rendered":"<p><strong>DOSERING<\/strong>:<br \/>\nDihydroboldenone (DHB) 100 mg \/ ml <strong>F\u00d6RPACKNINGSINNEH\u00c5LL <\/strong>:<br \/>\n1 x 10ML injektionsflaska, 100 mg per ml VAD \u00c4R <strong>DET: <\/strong><br \/>\nDen reducerade formen av Boldenone kallas DHB-MED 100 (Dihydroboldenone Cypionate), och nyligen har den f\u00e5tt mycket uppm\u00e4rksamhet. Det tros ha en styrka som liknar testosteron baserat p\u00e5 djurforskning, men det kr\u00e4ver h\u00f6ga doser f\u00f6r att helt m\u00e4tta UDP-Glucuronosyltransferaserna, vilket \u00e4r mycket fascinerande. Det \u00e4r en mycket fascinerande steroid under en sk\u00e4rande fas p\u00e5 grund av dess starka affinitet f\u00f6r androgenreceptorn, vilket kan bidra till att stimulera lipaserna i fettv\u00e4vnad och fr\u00e4mja fettf\u00f6rlust. P\u00e5 grund av dess h\u00f6ga affinitet till androgenreceptorer och dess androgena aktivitet \u00e4r den rekommenderade dosen f\u00f6r m\u00e4n 200 mg till 400 mg per vecka. P\u00e5 grund av det faktum att denna produkt inneh\u00e5ller <strong>HUR MAN ANV\u00c4NDER: <\/strong><br \/>\nP\u00e5 grund av dess starka affinitet till androgenreceptorer och dess androgena effekt rekommenderar vi inte denna produkt f\u00f6r kvinnor p\u00e5 grund av risken f\u00f6r virilisering. Den rekommenderade dosen f\u00f6r m\u00e4n varierar mellan 200 mg och 400 mg per vecka.<br \/>\nDet kan administreras i 8-12 veckors cykler, alltid med h\u00e4nsyn till resultaten av blodarbetet och med stor uppm\u00e4rksamhet \u00e5t njurparametrarna.<\/p>\n<p><strong>BATCH INFORMATION:<br \/>\n<\/strong>Batch nr: <span data-sheets-root=\"1\" data-sheets-value=\"{\" data-sheets-userformat=\"{\">YQ15731<\/span><br \/>\nTillverkningsdatum: <span data-sheets-root=\"1\" data-sheets-value=\"{\" data-sheets-userformat=\"{\">10.2025.<\/span><br \/>\nUtg\u00e5ngsdatum: <span data-sheets-root=\"1\" data-sheets-value=\"{\" data-sheets-userformat=\"{\">10.2028.<\/span><\/p>\n","protected":false},"excerpt":{"rendered":"<p>DOSERING: Dihydroboldenone (DHB) 100 mg \/ ml F\u00d6RPACKNINGSINNEH\u00c5LL : 1 x 10ML injektionsflaska, 100 mg per ml VAD \u00c4R DET: Den reducerade formen av Boldenone kallas DHB-MED 100 (Dihydroboldenone Cypionate), och nyligen har den f\u00e5tt mycket uppm\u00e4rksamhet. Det tros ha en styrka som liknar testosteron baserat p\u00e5 djurforskning, men det kr\u00e4ver h\u00f6ga doser f\u00f6r att&hellip;<\/p>\n","protected":false},"featured_media":75054,"comment_status":"open","ping_status":"closed","template":"","meta":[],"product_cat":[171,169],"product_tag":[],"yoast_head":"<!-- This site is optimized with the Yoast SEO plugin v23.0 - https:\/\/yoast.com\/wordpress\/plugins\/seo\/ -->\n<title>Dihydroboldenon (DHB) - Astera Labs<\/title>\n<meta name=\"robots\" content=\"index, follow, max-snippet:-1, max-image-preview:large, max-video-preview:-1\" \/>\n<link rel=\"canonical\" href=\"https:\/\/asteralabs.org\/sv\/product\/dihydroboldenon-dhb\/\" \/>\n<meta property=\"og:locale\" content=\"sv_SE\" \/>\n<meta property=\"og:type\" content=\"article\" \/>\n<meta property=\"og:title\" content=\"Dihydroboldenon (DHB) - Astera Labs\" \/>\n<meta property=\"og:description\" content=\"DOSERING: Dihydroboldenone (DHB) 100 mg \/ ml F\u00d6RPACKNINGSINNEH\u00c5LL : 1 x 10ML injektionsflaska, 100 mg per ml VAD \u00c4R DET: Den reducerade formen av Boldenone kallas DHB-MED 100 (Dihydroboldenone Cypionate), och nyligen har den f\u00e5tt mycket uppm\u00e4rksamhet. Det tros ha en styrka som liknar testosteron baserat p\u00e5 djurforskning, men det kr\u00e4ver h\u00f6ga doser f\u00f6r att&hellip;\" \/>\n<meta property=\"og:url\" content=\"https:\/\/asteralabs.org\/sv\/product\/dihydroboldenon-dhb\/\" \/>\n<meta property=\"og:site_name\" content=\"Astera Labs\" \/>\n<meta property=\"article:modified_time\" content=\"2026-01-15T08:36:09+00:00\" \/>\n<meta property=\"og:image\" content=\"https:\/\/asteralabs.org\/wp-content\/uploads\/2022\/11\/31.png\" \/>\n\t<meta property=\"og:image:width\" content=\"2000\" \/>\n\t<meta property=\"og:image:height\" content=\"2000\" \/>\n\t<meta property=\"og:image:type\" content=\"image\/png\" \/>\n<meta name=\"twitter:card\" content=\"summary_large_image\" \/>\n<script type=\"application\/ld+json\" class=\"yoast-schema-graph\">{\"@context\":\"https:\/\/schema.org\",\"@graph\":[{\"@type\":\"WebPage\",\"@id\":\"https:\/\/asteralabs.org\/sv\/product\/dihydroboldenon-dhb\/\",\"url\":\"https:\/\/asteralabs.org\/sv\/product\/dihydroboldenon-dhb\/\",\"name\":\"Dihydroboldenon (DHB) - Astera Labs\",\"isPartOf\":{\"@id\":\"https:\/\/asteralabs.org\/sv\/#website\"},\"primaryImageOfPage\":{\"@id\":\"https:\/\/asteralabs.org\/sv\/product\/dihydroboldenon-dhb\/#primaryimage\"},\"image\":{\"@id\":\"https:\/\/asteralabs.org\/sv\/product\/dihydroboldenon-dhb\/#primaryimage\"},\"thumbnailUrl\":\"https:\/\/asteralabs.org\/wp-content\/uploads\/2022\/11\/31.png\",\"datePublished\":\"2022-11-05T22:24:04+00:00\",\"dateModified\":\"2026-01-15T08:36:09+00:00\",\"breadcrumb\":{\"@id\":\"https:\/\/asteralabs.org\/sv\/product\/dihydroboldenon-dhb\/#breadcrumb\"},\"inLanguage\":\"sv-SE\",\"potentialAction\":[{\"@type\":\"ReadAction\",\"target\":[\"https:\/\/asteralabs.org\/sv\/product\/dihydroboldenon-dhb\/\"]}]},{\"@type\":\"ImageObject\",\"inLanguage\":\"sv-SE\",\"@id\":\"https:\/\/asteralabs.org\/sv\/product\/dihydroboldenon-dhb\/#primaryimage\",\"url\":\"https:\/\/asteralabs.org\/wp-content\/uploads\/2022\/11\/31.png\",\"contentUrl\":\"https:\/\/asteralabs.org\/wp-content\/uploads\/2022\/11\/31.png\",\"width\":2000,\"height\":2000},{\"@type\":\"BreadcrumbList\",\"@id\":\"https:\/\/asteralabs.org\/sv\/product\/dihydroboldenon-dhb\/#breadcrumb\",\"itemListElement\":[{\"@type\":\"ListItem\",\"position\":1,\"name\":\"Home\",\"item\":\"https:\/\/asteralabs.org\/sv\/\"},{\"@type\":\"ListItem\",\"position\":2,\"name\":\"Butik\",\"item\":\"https:\/\/asteralabs.org\/butik\/\"},{\"@type\":\"ListItem\",\"position\":3,\"name\":\"Dihydroboldenon (DHB)\"}]},{\"@type\":\"WebSite\",\"@id\":\"https:\/\/asteralabs.org\/sv\/#website\",\"url\":\"https:\/\/asteralabs.org\/sv\/\",\"name\":\"Astera Labs\",\"description\":\"Improve Your Quality Of Life\",\"publisher\":{\"@id\":\"https:\/\/asteralabs.org\/sv\/#organization\"},\"potentialAction\":[{\"@type\":\"SearchAction\",\"target\":{\"@type\":\"EntryPoint\",\"urlTemplate\":\"https:\/\/asteralabs.org\/sv\/?s={search_term_string}\"},\"query-input\":\"required name=search_term_string\"}],\"inLanguage\":\"sv-SE\"},{\"@type\":\"Organization\",\"@id\":\"https:\/\/asteralabs.org\/sv\/#organization\",\"name\":\"Astera Labs\",\"url\":\"https:\/\/asteralabs.org\/sv\/\",\"logo\":{\"@type\":\"ImageObject\",\"inLanguage\":\"sv-SE\",\"@id\":\"https:\/\/asteralabs.org\/sv\/#\/schema\/logo\/image\/\",\"url\":\"https:\/\/asteralabs.org\/wp-content\/uploads\/2022\/12\/astera-2.png\",\"contentUrl\":\"https:\/\/asteralabs.org\/wp-content\/uploads\/2022\/12\/astera-2.png\",\"width\":437,\"height\":111,\"caption\":\"Astera Labs\"},\"image\":{\"@id\":\"https:\/\/asteralabs.org\/sv\/#\/schema\/logo\/image\/\"}}]}<\/script>\n<!-- \/ Yoast SEO plugin. -->","yoast_head_json":{"title":"Dihydroboldenon (DHB) - Astera Labs","robots":{"index":"index","follow":"follow","max-snippet":"max-snippet:-1","max-image-preview":"max-image-preview:large","max-video-preview":"max-video-preview:-1"},"canonical":"https:\/\/asteralabs.org\/sv\/product\/dihydroboldenon-dhb\/","og_locale":"sv_SE","og_type":"article","og_title":"Dihydroboldenon (DHB) - Astera Labs","og_description":"DOSERING: Dihydroboldenone (DHB) 100 mg \/ ml F\u00d6RPACKNINGSINNEH\u00c5LL : 1 x 10ML injektionsflaska, 100 mg per ml VAD \u00c4R DET: Den reducerade formen av Boldenone kallas DHB-MED 100 (Dihydroboldenone Cypionate), och nyligen har den f\u00e5tt mycket uppm\u00e4rksamhet. Det tros ha en styrka som liknar testosteron baserat p\u00e5 djurforskning, men det kr\u00e4ver h\u00f6ga doser f\u00f6r att&hellip;","og_url":"https:\/\/asteralabs.org\/sv\/product\/dihydroboldenon-dhb\/","og_site_name":"Astera Labs","article_modified_time":"2026-01-15T08:36:09+00:00","og_image":[{"width":2000,"height":2000,"url":"https:\/\/asteralabs.org\/wp-content\/uploads\/2022\/11\/31.png","type":"image\/png"}],"twitter_card":"summary_large_image","schema":{"@context":"https:\/\/schema.org","@graph":[{"@type":"WebPage","@id":"https:\/\/asteralabs.org\/sv\/product\/dihydroboldenon-dhb\/","url":"https:\/\/asteralabs.org\/sv\/product\/dihydroboldenon-dhb\/","name":"Dihydroboldenon (DHB) - Astera Labs","isPartOf":{"@id":"https:\/\/asteralabs.org\/sv\/#website"},"primaryImageOfPage":{"@id":"https:\/\/asteralabs.org\/sv\/product\/dihydroboldenon-dhb\/#primaryimage"},"image":{"@id":"https:\/\/asteralabs.org\/sv\/product\/dihydroboldenon-dhb\/#primaryimage"},"thumbnailUrl":"https:\/\/asteralabs.org\/wp-content\/uploads\/2022\/11\/31.png","datePublished":"2022-11-05T22:24:04+00:00","dateModified":"2026-01-15T08:36:09+00:00","breadcrumb":{"@id":"https:\/\/asteralabs.org\/sv\/product\/dihydroboldenon-dhb\/#breadcrumb"},"inLanguage":"sv-SE","potentialAction":[{"@type":"ReadAction","target":["https:\/\/asteralabs.org\/sv\/product\/dihydroboldenon-dhb\/"]}]},{"@type":"ImageObject","inLanguage":"sv-SE","@id":"https:\/\/asteralabs.org\/sv\/product\/dihydroboldenon-dhb\/#primaryimage","url":"https:\/\/asteralabs.org\/wp-content\/uploads\/2022\/11\/31.png","contentUrl":"https:\/\/asteralabs.org\/wp-content\/uploads\/2022\/11\/31.png","width":2000,"height":2000},{"@type":"BreadcrumbList","@id":"https:\/\/asteralabs.org\/sv\/product\/dihydroboldenon-dhb\/#breadcrumb","itemListElement":[{"@type":"ListItem","position":1,"name":"Home","item":"https:\/\/asteralabs.org\/sv\/"},{"@type":"ListItem","position":2,"name":"Butik","item":"https:\/\/asteralabs.org\/butik\/"},{"@type":"ListItem","position":3,"name":"Dihydroboldenon (DHB)"}]},{"@type":"WebSite","@id":"https:\/\/asteralabs.org\/sv\/#website","url":"https:\/\/asteralabs.org\/sv\/","name":"Astera Labs","description":"Improve Your Quality Of Life","publisher":{"@id":"https:\/\/asteralabs.org\/sv\/#organization"},"potentialAction":[{"@type":"SearchAction","target":{"@type":"EntryPoint","urlTemplate":"https:\/\/asteralabs.org\/sv\/?s={search_term_string}"},"query-input":"required name=search_term_string"}],"inLanguage":"sv-SE"},{"@type":"Organization","@id":"https:\/\/asteralabs.org\/sv\/#organization","name":"Astera Labs","url":"https:\/\/asteralabs.org\/sv\/","logo":{"@type":"ImageObject","inLanguage":"sv-SE","@id":"https:\/\/asteralabs.org\/sv\/#\/schema\/logo\/image\/","url":"https:\/\/asteralabs.org\/wp-content\/uploads\/2022\/12\/astera-2.png","contentUrl":"https:\/\/asteralabs.org\/wp-content\/uploads\/2022\/12\/astera-2.png","width":437,"height":111,"caption":"Astera Labs"},"image":{"@id":"https:\/\/asteralabs.org\/sv\/#\/schema\/logo\/image\/"}}]}},"_links":{"self":[{"href":"https:\/\/asteralabs.org\/sv\/wp-json\/wp\/v2\/product\/77952"}],"collection":[{"href":"https:\/\/asteralabs.org\/sv\/wp-json\/wp\/v2\/product"}],"about":[{"href":"https:\/\/asteralabs.org\/sv\/wp-json\/wp\/v2\/types\/product"}],"replies":[{"embeddable":true,"href":"https:\/\/asteralabs.org\/sv\/wp-json\/wp\/v2\/comments?post=77952"}],"version-history":[{"count":0,"href":"https:\/\/asteralabs.org\/sv\/wp-json\/wp\/v2\/product\/77952\/revisions"}],"wp:featuredmedia":[{"embeddable":true,"href":"https:\/\/asteralabs.org\/sv\/wp-json\/wp\/v2\/media\/75054"}],"wp:attachment":[{"href":"https:\/\/asteralabs.org\/sv\/wp-json\/wp\/v2\/media?parent=77952"}],"wp:term":[{"taxonomy":"product_cat","embeddable":true,"href":"https:\/\/asteralabs.org\/sv\/wp-json\/wp\/v2\/product_cat?post=77952"},{"taxonomy":"product_tag","embeddable":true,"href":"https:\/\/asteralabs.org\/sv\/wp-json\/wp\/v2\/product_tag?post=77952"}],"curies":[{"name":"wp","href":"https:\/\/api.w.org\/{rel}","templated":true}]}}