{"id":77963,"date":"2022-11-05T22:20:41","date_gmt":"2022-11-05T22:20:41","guid":{"rendered":"https:\/\/asteralabs.org\/product\/kortverkande-mix\/"},"modified":"2026-01-15T13:25:41","modified_gmt":"2026-01-15T13:25:41","slug":"kortverkande-mix","status":"publish","type":"product","link":"https:\/\/asteralabs.org\/sv\/product\/kortverkande-mix\/","title":{"rendered":"Kortverkande mix"},"content":{"rendered":"<p><strong>DOSERING:<\/strong><br \/>\nDrostanolonpropionat 75 mg<br \/>\nTestosteronpropionat 125 mg<br \/>\nTrenbolonacetat 75 mg <strong>F\u00d6RPACKNINGSINNEH\u00c5LL:<\/strong><br \/>\n1 x 10 ml injektionsflaska, 75\/125\/75 mg per ml VAD \u00c4R <strong>DET:<\/strong><br \/>\nDenna produkt \u00e4r en komplett sk\u00e4rcykel i en injektionsflaska, den inneh\u00e5ller testosteron, masteron och trenbolon. <strong>HUR MAN AN<\/strong>V\u00c4NDER<br \/>\nDoseringar beror p\u00e5 anv\u00e4ndaren och m\u00e5len, 2 ml i veckan skulle r\u00e4cka f\u00f6r de flesta anv\u00e4ndare. Eftersom det \u00e4r en kombination av korta estrar rekommenderar vi att du injicerar ED eller EOD.<\/p>\n<p><strong>BATCH INFORMATION:<br \/>\n<\/strong>Batch nr: <span data-sheets-root=\"1\" data-sheets-value=\"{\" data-sheets-userformat=\"{\">KV90356<\/span><br \/>\nTillverkningsdatum: <span data-sheets-root=\"1\" data-sheets-value=\"{\" data-sheets-userformat=\"{\">10.2025.<\/span><br \/>\nUtg\u00e5ngsdatum: <span data-sheets-root=\"1\" data-sheets-value=\"{\" data-sheets-userformat=\"{\">10.2028.<\/span><\/p>\n","protected":false},"excerpt":{"rendered":"<p>DOSERING: Drostanolonpropionat 75 mg Testosteronpropionat 125 mg Trenbolonacetat 75 mg F\u00d6RPACKNINGSINNEH\u00c5LL: 1 x 10 ml injektionsflaska, 75\/125\/75 mg per ml VAD \u00c4R DET: Denna produkt \u00e4r en komplett sk\u00e4rcykel i en injektionsflaska, den inneh\u00e5ller testosteron, masteron och trenbolon. HUR MAN ANV\u00c4NDER Doseringar beror p\u00e5 anv\u00e4ndaren och m\u00e5len, 2 ml i veckan skulle r\u00e4cka f\u00f6r de&hellip;<\/p>\n","protected":false},"featured_media":76030,"comment_status":"open","ping_status":"closed","template":"","meta":[],"product_cat":[171,169],"product_tag":[170],"yoast_head":"<!-- This site is optimized with the Yoast SEO plugin v23.0 - https:\/\/yoast.com\/wordpress\/plugins\/seo\/ -->\n<title>Kortverkande mix - Astera Labs<\/title>\n<meta name=\"robots\" content=\"index, follow, max-snippet:-1, max-image-preview:large, max-video-preview:-1\" \/>\n<link rel=\"canonical\" href=\"https:\/\/asteralabs.org\/sv\/product\/kortverkande-mix\/\" \/>\n<meta property=\"og:locale\" content=\"sv_SE\" \/>\n<meta property=\"og:type\" content=\"article\" \/>\n<meta property=\"og:title\" content=\"Kortverkande mix - Astera Labs\" \/>\n<meta property=\"og:description\" content=\"DOSERING: Drostanolonpropionat 75 mg Testosteronpropionat 125 mg Trenbolonacetat 75 mg F\u00d6RPACKNINGSINNEH\u00c5LL: 1 x 10 ml injektionsflaska, 75\/125\/75 mg per ml VAD \u00c4R DET: Denna produkt \u00e4r en komplett sk\u00e4rcykel i en injektionsflaska, den inneh\u00e5ller testosteron, masteron och trenbolon. HUR MAN ANV\u00c4NDER Doseringar beror p\u00e5 anv\u00e4ndaren och m\u00e5len, 2 ml i veckan skulle r\u00e4cka f\u00f6r de&hellip;\" \/>\n<meta property=\"og:url\" content=\"https:\/\/asteralabs.org\/sv\/product\/kortverkande-mix\/\" \/>\n<meta property=\"og:site_name\" content=\"Astera Labs\" \/>\n<meta property=\"article:modified_time\" content=\"2026-01-15T13:25:41+00:00\" \/>\n<meta property=\"og:image\" content=\"https:\/\/asteralabs.org\/wp-content\/uploads\/2022\/11\/Short-acting-mix-inject-nbg.png\" \/>\n\t<meta property=\"og:image:width\" content=\"2000\" \/>\n\t<meta property=\"og:image:height\" content=\"2000\" \/>\n\t<meta property=\"og:image:type\" content=\"image\/png\" \/>\n<meta name=\"twitter:card\" content=\"summary_large_image\" \/>\n<script type=\"application\/ld+json\" class=\"yoast-schema-graph\">{\"@context\":\"https:\/\/schema.org\",\"@graph\":[{\"@type\":\"WebPage\",\"@id\":\"https:\/\/asteralabs.org\/sv\/product\/kortverkande-mix\/\",\"url\":\"https:\/\/asteralabs.org\/sv\/product\/kortverkande-mix\/\",\"name\":\"Kortverkande mix - Astera Labs\",\"isPartOf\":{\"@id\":\"https:\/\/asteralabs.org\/sv\/#website\"},\"primaryImageOfPage\":{\"@id\":\"https:\/\/asteralabs.org\/sv\/product\/kortverkande-mix\/#primaryimage\"},\"image\":{\"@id\":\"https:\/\/asteralabs.org\/sv\/product\/kortverkande-mix\/#primaryimage\"},\"thumbnailUrl\":\"https:\/\/asteralabs.org\/wp-content\/uploads\/2022\/11\/Short-acting-mix-inject-nbg.png\",\"datePublished\":\"2022-11-05T22:20:41+00:00\",\"dateModified\":\"2026-01-15T13:25:41+00:00\",\"breadcrumb\":{\"@id\":\"https:\/\/asteralabs.org\/sv\/product\/kortverkande-mix\/#breadcrumb\"},\"inLanguage\":\"sv-SE\",\"potentialAction\":[{\"@type\":\"ReadAction\",\"target\":[\"https:\/\/asteralabs.org\/sv\/product\/kortverkande-mix\/\"]}]},{\"@type\":\"ImageObject\",\"inLanguage\":\"sv-SE\",\"@id\":\"https:\/\/asteralabs.org\/sv\/product\/kortverkande-mix\/#primaryimage\",\"url\":\"https:\/\/asteralabs.org\/wp-content\/uploads\/2022\/11\/Short-acting-mix-inject-nbg.png\",\"contentUrl\":\"https:\/\/asteralabs.org\/wp-content\/uploads\/2022\/11\/Short-acting-mix-inject-nbg.png\",\"width\":2000,\"height\":2000},{\"@type\":\"BreadcrumbList\",\"@id\":\"https:\/\/asteralabs.org\/sv\/product\/kortverkande-mix\/#breadcrumb\",\"itemListElement\":[{\"@type\":\"ListItem\",\"position\":1,\"name\":\"Home\",\"item\":\"https:\/\/asteralabs.org\/sv\/\"},{\"@type\":\"ListItem\",\"position\":2,\"name\":\"Butik\",\"item\":\"https:\/\/asteralabs.org\/butik\/\"},{\"@type\":\"ListItem\",\"position\":3,\"name\":\"Kortverkande mix\"}]},{\"@type\":\"WebSite\",\"@id\":\"https:\/\/asteralabs.org\/sv\/#website\",\"url\":\"https:\/\/asteralabs.org\/sv\/\",\"name\":\"Astera Labs\",\"description\":\"Improve Your Quality Of Life\",\"publisher\":{\"@id\":\"https:\/\/asteralabs.org\/sv\/#organization\"},\"potentialAction\":[{\"@type\":\"SearchAction\",\"target\":{\"@type\":\"EntryPoint\",\"urlTemplate\":\"https:\/\/asteralabs.org\/sv\/?s={search_term_string}\"},\"query-input\":\"required name=search_term_string\"}],\"inLanguage\":\"sv-SE\"},{\"@type\":\"Organization\",\"@id\":\"https:\/\/asteralabs.org\/sv\/#organization\",\"name\":\"Astera Labs\",\"url\":\"https:\/\/asteralabs.org\/sv\/\",\"logo\":{\"@type\":\"ImageObject\",\"inLanguage\":\"sv-SE\",\"@id\":\"https:\/\/asteralabs.org\/sv\/#\/schema\/logo\/image\/\",\"url\":\"https:\/\/asteralabs.org\/wp-content\/uploads\/2022\/12\/astera-2.png\",\"contentUrl\":\"https:\/\/asteralabs.org\/wp-content\/uploads\/2022\/12\/astera-2.png\",\"width\":437,\"height\":111,\"caption\":\"Astera Labs\"},\"image\":{\"@id\":\"https:\/\/asteralabs.org\/sv\/#\/schema\/logo\/image\/\"}}]}<\/script>\n<!-- \/ Yoast SEO plugin. -->","yoast_head_json":{"title":"Kortverkande mix - Astera Labs","robots":{"index":"index","follow":"follow","max-snippet":"max-snippet:-1","max-image-preview":"max-image-preview:large","max-video-preview":"max-video-preview:-1"},"canonical":"https:\/\/asteralabs.org\/sv\/product\/kortverkande-mix\/","og_locale":"sv_SE","og_type":"article","og_title":"Kortverkande mix - Astera Labs","og_description":"DOSERING: Drostanolonpropionat 75 mg Testosteronpropionat 125 mg Trenbolonacetat 75 mg F\u00d6RPACKNINGSINNEH\u00c5LL: 1 x 10 ml injektionsflaska, 75\/125\/75 mg per ml VAD \u00c4R DET: Denna produkt \u00e4r en komplett sk\u00e4rcykel i en injektionsflaska, den inneh\u00e5ller testosteron, masteron och trenbolon. HUR MAN ANV\u00c4NDER Doseringar beror p\u00e5 anv\u00e4ndaren och m\u00e5len, 2 ml i veckan skulle r\u00e4cka f\u00f6r de&hellip;","og_url":"https:\/\/asteralabs.org\/sv\/product\/kortverkande-mix\/","og_site_name":"Astera Labs","article_modified_time":"2026-01-15T13:25:41+00:00","og_image":[{"width":2000,"height":2000,"url":"https:\/\/asteralabs.org\/wp-content\/uploads\/2022\/11\/Short-acting-mix-inject-nbg.png","type":"image\/png"}],"twitter_card":"summary_large_image","schema":{"@context":"https:\/\/schema.org","@graph":[{"@type":"WebPage","@id":"https:\/\/asteralabs.org\/sv\/product\/kortverkande-mix\/","url":"https:\/\/asteralabs.org\/sv\/product\/kortverkande-mix\/","name":"Kortverkande mix - Astera Labs","isPartOf":{"@id":"https:\/\/asteralabs.org\/sv\/#website"},"primaryImageOfPage":{"@id":"https:\/\/asteralabs.org\/sv\/product\/kortverkande-mix\/#primaryimage"},"image":{"@id":"https:\/\/asteralabs.org\/sv\/product\/kortverkande-mix\/#primaryimage"},"thumbnailUrl":"https:\/\/asteralabs.org\/wp-content\/uploads\/2022\/11\/Short-acting-mix-inject-nbg.png","datePublished":"2022-11-05T22:20:41+00:00","dateModified":"2026-01-15T13:25:41+00:00","breadcrumb":{"@id":"https:\/\/asteralabs.org\/sv\/product\/kortverkande-mix\/#breadcrumb"},"inLanguage":"sv-SE","potentialAction":[{"@type":"ReadAction","target":["https:\/\/asteralabs.org\/sv\/product\/kortverkande-mix\/"]}]},{"@type":"ImageObject","inLanguage":"sv-SE","@id":"https:\/\/asteralabs.org\/sv\/product\/kortverkande-mix\/#primaryimage","url":"https:\/\/asteralabs.org\/wp-content\/uploads\/2022\/11\/Short-acting-mix-inject-nbg.png","contentUrl":"https:\/\/asteralabs.org\/wp-content\/uploads\/2022\/11\/Short-acting-mix-inject-nbg.png","width":2000,"height":2000},{"@type":"BreadcrumbList","@id":"https:\/\/asteralabs.org\/sv\/product\/kortverkande-mix\/#breadcrumb","itemListElement":[{"@type":"ListItem","position":1,"name":"Home","item":"https:\/\/asteralabs.org\/sv\/"},{"@type":"ListItem","position":2,"name":"Butik","item":"https:\/\/asteralabs.org\/butik\/"},{"@type":"ListItem","position":3,"name":"Kortverkande mix"}]},{"@type":"WebSite","@id":"https:\/\/asteralabs.org\/sv\/#website","url":"https:\/\/asteralabs.org\/sv\/","name":"Astera Labs","description":"Improve Your Quality Of Life","publisher":{"@id":"https:\/\/asteralabs.org\/sv\/#organization"},"potentialAction":[{"@type":"SearchAction","target":{"@type":"EntryPoint","urlTemplate":"https:\/\/asteralabs.org\/sv\/?s={search_term_string}"},"query-input":"required name=search_term_string"}],"inLanguage":"sv-SE"},{"@type":"Organization","@id":"https:\/\/asteralabs.org\/sv\/#organization","name":"Astera Labs","url":"https:\/\/asteralabs.org\/sv\/","logo":{"@type":"ImageObject","inLanguage":"sv-SE","@id":"https:\/\/asteralabs.org\/sv\/#\/schema\/logo\/image\/","url":"https:\/\/asteralabs.org\/wp-content\/uploads\/2022\/12\/astera-2.png","contentUrl":"https:\/\/asteralabs.org\/wp-content\/uploads\/2022\/12\/astera-2.png","width":437,"height":111,"caption":"Astera Labs"},"image":{"@id":"https:\/\/asteralabs.org\/sv\/#\/schema\/logo\/image\/"}}]}},"_links":{"self":[{"href":"https:\/\/asteralabs.org\/sv\/wp-json\/wp\/v2\/product\/77963"}],"collection":[{"href":"https:\/\/asteralabs.org\/sv\/wp-json\/wp\/v2\/product"}],"about":[{"href":"https:\/\/asteralabs.org\/sv\/wp-json\/wp\/v2\/types\/product"}],"replies":[{"embeddable":true,"href":"https:\/\/asteralabs.org\/sv\/wp-json\/wp\/v2\/comments?post=77963"}],"version-history":[{"count":0,"href":"https:\/\/asteralabs.org\/sv\/wp-json\/wp\/v2\/product\/77963\/revisions"}],"wp:featuredmedia":[{"embeddable":true,"href":"https:\/\/asteralabs.org\/sv\/wp-json\/wp\/v2\/media\/76030"}],"wp:attachment":[{"href":"https:\/\/asteralabs.org\/sv\/wp-json\/wp\/v2\/media?parent=77963"}],"wp:term":[{"taxonomy":"product_cat","embeddable":true,"href":"https:\/\/asteralabs.org\/sv\/wp-json\/wp\/v2\/product_cat?post=77963"},{"taxonomy":"product_tag","embeddable":true,"href":"https:\/\/asteralabs.org\/sv\/wp-json\/wp\/v2\/product_tag?post=77963"}],"curies":[{"name":"wp","href":"https:\/\/api.w.org\/{rel}","templated":true}]}}