{"id":77972,"date":"2022-11-05T22:17:23","date_gmt":"2022-11-05T22:17:23","guid":{"rendered":"https:\/\/asteralabs.org\/product\/trenbolon-mix\/"},"modified":"2026-01-15T14:06:33","modified_gmt":"2026-01-15T14:06:33","slug":"trenbolon-mix","status":"publish","type":"product","link":"https:\/\/asteralabs.org\/sv\/product\/trenbolon-mix\/","title":{"rendered":"Trenbolon Mix"},"content":{"rendered":"<p><strong>DOSERING:<\/strong><br \/>\nTrenbolonacetat 50 mg<br \/>\nTrenbolonenantat 50 mg<br \/>\nTrenbolonhexahydrobensylkarbonat 50 mg <strong>F\u00d6RPACKNINGSINNEH\u00c5LL:<\/strong><br \/>\n1 x 10 ml vial, 150 mg per ml <strong>VAD \u00c4R DET:<\/strong><br \/>\nTrenbolon \u00e4r en steroid som h\u00e4rr\u00f6r fr\u00e5n 19-Nortestosteron och \u00e4r en av de mest kraftfulla och effektiva steroider som f\u00f6r n\u00e4rvarande finns. P\u00e5 grund av sin h\u00f6ga affinitet till androgenreceptorer \u00e4r det en m\u00e5ngsidig steroid, anv\u00e4ndbar f\u00f6r att f\u00e5 muskelmassa, f\u00f6rlora fett och \u00f6ka styrkan. Det \u00e4r mycket anv\u00e4ndbart under en sk\u00e4rcykel f\u00f6r att bibeh\u00e5lla s\u00e5 mycket mager massa som m\u00f6jligt samtidigt som man f\u00f6rlorar s\u00e5 mycket fett som m\u00f6jligt. \u00c4ven om dess biverkningar \u00e4r \u00f6verdrivna och liknar de hos andra steroider och dosberoende, m\u00e5ste man ta h\u00e4nsyn till att det orsakar s\u00f6mnst\u00f6rningar (beroende p\u00e5 dos och anv\u00e4ndningstid) och hum\u00f6rf\u00f6r\u00e4ndringar (beroende p\u00e5 person). HUR MAN ANV\u00c4NDER <strong>:<\/strong><br \/>\nAtt vara en mycket m\u00e5ngsidig steroid kan doser p\u00e5 75 mg per vecka vara mycket anv\u00e4ndbara under en sk\u00e4rfas utan att orsaka biverkningar eller minska risken f\u00f6r dem. Doser p\u00e5 200-400 mg per vecka anses vara &#8220;normala&#8221; beroende p\u00e5 hur avancerad idrottaren \u00e4r, Vi rekommenderar att du b\u00f6rjar med 75 mg per vecka och gradvis \u00f6kar dosen tills du m\u00e4rker n\u00e5gra biverkningar och det skulle vara din maximala dos. Eftersom det har en kombination av tre estrar rekommenderade vi att anv\u00e4nda samma injektionsfrekvens som vi skulle anv\u00e4nda med den kortare estern, s\u00e5 ED eller EOD.<\/p>\n<p><strong>BATCH INFORMATION:<br \/>\n<\/strong>Batch nr: <span data-sheets-root=\"1\" data-sheets-value=\"{\" data-sheets-userformat=\"{\">YO09765<\/span><br \/>\nTillverkningsdatum: <span data-sheets-root=\"1\" data-sheets-value=\"{\" data-sheets-userformat=\"{\">10.2025.<\/span><br \/>\nUtg\u00e5ngsdatum: <span data-sheets-root=\"1\" data-sheets-value=\"{\" data-sheets-userformat=\"{\">10.2028.<\/span><\/p>\n","protected":false},"excerpt":{"rendered":"<p>DOSERING: Trenbolonacetat 50 mg Trenbolonenantat 50 mg Trenbolonhexahydrobensylkarbonat 50 mg F\u00d6RPACKNINGSINNEH\u00c5LL: 1 x 10 ml vial, 150 mg per ml VAD \u00c4R DET: Trenbolon \u00e4r en steroid som h\u00e4rr\u00f6r fr\u00e5n 19-Nortestosteron och \u00e4r en av de mest kraftfulla och effektiva steroider som f\u00f6r n\u00e4rvarande finns. P\u00e5 grund av sin h\u00f6ga affinitet till androgenreceptorer \u00e4r det&hellip;<\/p>\n","protected":false},"featured_media":76182,"comment_status":"open","ping_status":"closed","template":"","meta":[],"product_cat":[171,169],"product_tag":[],"yoast_head":"<!-- This site is optimized with the Yoast SEO plugin v23.0 - https:\/\/yoast.com\/wordpress\/plugins\/seo\/ -->\n<title>Trenbolon Mix - Astera Labs<\/title>\n<meta name=\"robots\" content=\"index, follow, max-snippet:-1, max-image-preview:large, max-video-preview:-1\" \/>\n<link rel=\"canonical\" href=\"https:\/\/asteralabs.org\/sv\/product\/trenbolon-mix\/\" \/>\n<meta property=\"og:locale\" content=\"sv_SE\" \/>\n<meta property=\"og:type\" content=\"article\" \/>\n<meta property=\"og:title\" content=\"Trenbolon Mix - Astera Labs\" \/>\n<meta property=\"og:description\" content=\"DOSERING: Trenbolonacetat 50 mg Trenbolonenantat 50 mg Trenbolonhexahydrobensylkarbonat 50 mg F\u00d6RPACKNINGSINNEH\u00c5LL: 1 x 10 ml vial, 150 mg per ml VAD \u00c4R DET: Trenbolon \u00e4r en steroid som h\u00e4rr\u00f6r fr\u00e5n 19-Nortestosteron och \u00e4r en av de mest kraftfulla och effektiva steroider som f\u00f6r n\u00e4rvarande finns. P\u00e5 grund av sin h\u00f6ga affinitet till androgenreceptorer \u00e4r det&hellip;\" \/>\n<meta property=\"og:url\" content=\"https:\/\/asteralabs.org\/sv\/product\/trenbolon-mix\/\" \/>\n<meta property=\"og:site_name\" content=\"Astera Labs\" \/>\n<meta property=\"article:modified_time\" content=\"2026-01-15T14:06:33+00:00\" \/>\n<meta property=\"og:image\" content=\"https:\/\/asteralabs.org\/wp-content\/uploads\/2022\/11\/Trenbolone-mix-inject-nbg-1.png\" \/>\n\t<meta property=\"og:image:width\" content=\"2000\" \/>\n\t<meta property=\"og:image:height\" content=\"2000\" \/>\n\t<meta property=\"og:image:type\" content=\"image\/png\" \/>\n<meta name=\"twitter:card\" content=\"summary_large_image\" \/>\n<script type=\"application\/ld+json\" class=\"yoast-schema-graph\">{\"@context\":\"https:\/\/schema.org\",\"@graph\":[{\"@type\":\"WebPage\",\"@id\":\"https:\/\/asteralabs.org\/sv\/product\/trenbolon-mix\/\",\"url\":\"https:\/\/asteralabs.org\/sv\/product\/trenbolon-mix\/\",\"name\":\"Trenbolon Mix - Astera Labs\",\"isPartOf\":{\"@id\":\"https:\/\/asteralabs.org\/sv\/#website\"},\"primaryImageOfPage\":{\"@id\":\"https:\/\/asteralabs.org\/sv\/product\/trenbolon-mix\/#primaryimage\"},\"image\":{\"@id\":\"https:\/\/asteralabs.org\/sv\/product\/trenbolon-mix\/#primaryimage\"},\"thumbnailUrl\":\"https:\/\/asteralabs.org\/wp-content\/uploads\/2022\/11\/Trenbolone-mix-inject-nbg-1.png\",\"datePublished\":\"2022-11-05T22:17:23+00:00\",\"dateModified\":\"2026-01-15T14:06:33+00:00\",\"breadcrumb\":{\"@id\":\"https:\/\/asteralabs.org\/sv\/product\/trenbolon-mix\/#breadcrumb\"},\"inLanguage\":\"sv-SE\",\"potentialAction\":[{\"@type\":\"ReadAction\",\"target\":[\"https:\/\/asteralabs.org\/sv\/product\/trenbolon-mix\/\"]}]},{\"@type\":\"ImageObject\",\"inLanguage\":\"sv-SE\",\"@id\":\"https:\/\/asteralabs.org\/sv\/product\/trenbolon-mix\/#primaryimage\",\"url\":\"https:\/\/asteralabs.org\/wp-content\/uploads\/2022\/11\/Trenbolone-mix-inject-nbg-1.png\",\"contentUrl\":\"https:\/\/asteralabs.org\/wp-content\/uploads\/2022\/11\/Trenbolone-mix-inject-nbg-1.png\",\"width\":2000,\"height\":2000},{\"@type\":\"BreadcrumbList\",\"@id\":\"https:\/\/asteralabs.org\/sv\/product\/trenbolon-mix\/#breadcrumb\",\"itemListElement\":[{\"@type\":\"ListItem\",\"position\":1,\"name\":\"Home\",\"item\":\"https:\/\/asteralabs.org\/sv\/\"},{\"@type\":\"ListItem\",\"position\":2,\"name\":\"Butik\",\"item\":\"https:\/\/asteralabs.org\/butik\/\"},{\"@type\":\"ListItem\",\"position\":3,\"name\":\"Trenbolon Mix\"}]},{\"@type\":\"WebSite\",\"@id\":\"https:\/\/asteralabs.org\/sv\/#website\",\"url\":\"https:\/\/asteralabs.org\/sv\/\",\"name\":\"Astera Labs\",\"description\":\"Improve Your Quality Of Life\",\"publisher\":{\"@id\":\"https:\/\/asteralabs.org\/sv\/#organization\"},\"potentialAction\":[{\"@type\":\"SearchAction\",\"target\":{\"@type\":\"EntryPoint\",\"urlTemplate\":\"https:\/\/asteralabs.org\/sv\/?s={search_term_string}\"},\"query-input\":\"required name=search_term_string\"}],\"inLanguage\":\"sv-SE\"},{\"@type\":\"Organization\",\"@id\":\"https:\/\/asteralabs.org\/sv\/#organization\",\"name\":\"Astera Labs\",\"url\":\"https:\/\/asteralabs.org\/sv\/\",\"logo\":{\"@type\":\"ImageObject\",\"inLanguage\":\"sv-SE\",\"@id\":\"https:\/\/asteralabs.org\/sv\/#\/schema\/logo\/image\/\",\"url\":\"https:\/\/asteralabs.org\/wp-content\/uploads\/2022\/12\/astera-2.png\",\"contentUrl\":\"https:\/\/asteralabs.org\/wp-content\/uploads\/2022\/12\/astera-2.png\",\"width\":437,\"height\":111,\"caption\":\"Astera Labs\"},\"image\":{\"@id\":\"https:\/\/asteralabs.org\/sv\/#\/schema\/logo\/image\/\"}}]}<\/script>\n<!-- \/ Yoast SEO plugin. -->","yoast_head_json":{"title":"Trenbolon Mix - Astera Labs","robots":{"index":"index","follow":"follow","max-snippet":"max-snippet:-1","max-image-preview":"max-image-preview:large","max-video-preview":"max-video-preview:-1"},"canonical":"https:\/\/asteralabs.org\/sv\/product\/trenbolon-mix\/","og_locale":"sv_SE","og_type":"article","og_title":"Trenbolon Mix - Astera Labs","og_description":"DOSERING: Trenbolonacetat 50 mg Trenbolonenantat 50 mg Trenbolonhexahydrobensylkarbonat 50 mg F\u00d6RPACKNINGSINNEH\u00c5LL: 1 x 10 ml vial, 150 mg per ml VAD \u00c4R DET: Trenbolon \u00e4r en steroid som h\u00e4rr\u00f6r fr\u00e5n 19-Nortestosteron och \u00e4r en av de mest kraftfulla och effektiva steroider som f\u00f6r n\u00e4rvarande finns. P\u00e5 grund av sin h\u00f6ga affinitet till androgenreceptorer \u00e4r det&hellip;","og_url":"https:\/\/asteralabs.org\/sv\/product\/trenbolon-mix\/","og_site_name":"Astera Labs","article_modified_time":"2026-01-15T14:06:33+00:00","og_image":[{"width":2000,"height":2000,"url":"https:\/\/asteralabs.org\/wp-content\/uploads\/2022\/11\/Trenbolone-mix-inject-nbg-1.png","type":"image\/png"}],"twitter_card":"summary_large_image","schema":{"@context":"https:\/\/schema.org","@graph":[{"@type":"WebPage","@id":"https:\/\/asteralabs.org\/sv\/product\/trenbolon-mix\/","url":"https:\/\/asteralabs.org\/sv\/product\/trenbolon-mix\/","name":"Trenbolon Mix - Astera Labs","isPartOf":{"@id":"https:\/\/asteralabs.org\/sv\/#website"},"primaryImageOfPage":{"@id":"https:\/\/asteralabs.org\/sv\/product\/trenbolon-mix\/#primaryimage"},"image":{"@id":"https:\/\/asteralabs.org\/sv\/product\/trenbolon-mix\/#primaryimage"},"thumbnailUrl":"https:\/\/asteralabs.org\/wp-content\/uploads\/2022\/11\/Trenbolone-mix-inject-nbg-1.png","datePublished":"2022-11-05T22:17:23+00:00","dateModified":"2026-01-15T14:06:33+00:00","breadcrumb":{"@id":"https:\/\/asteralabs.org\/sv\/product\/trenbolon-mix\/#breadcrumb"},"inLanguage":"sv-SE","potentialAction":[{"@type":"ReadAction","target":["https:\/\/asteralabs.org\/sv\/product\/trenbolon-mix\/"]}]},{"@type":"ImageObject","inLanguage":"sv-SE","@id":"https:\/\/asteralabs.org\/sv\/product\/trenbolon-mix\/#primaryimage","url":"https:\/\/asteralabs.org\/wp-content\/uploads\/2022\/11\/Trenbolone-mix-inject-nbg-1.png","contentUrl":"https:\/\/asteralabs.org\/wp-content\/uploads\/2022\/11\/Trenbolone-mix-inject-nbg-1.png","width":2000,"height":2000},{"@type":"BreadcrumbList","@id":"https:\/\/asteralabs.org\/sv\/product\/trenbolon-mix\/#breadcrumb","itemListElement":[{"@type":"ListItem","position":1,"name":"Home","item":"https:\/\/asteralabs.org\/sv\/"},{"@type":"ListItem","position":2,"name":"Butik","item":"https:\/\/asteralabs.org\/butik\/"},{"@type":"ListItem","position":3,"name":"Trenbolon Mix"}]},{"@type":"WebSite","@id":"https:\/\/asteralabs.org\/sv\/#website","url":"https:\/\/asteralabs.org\/sv\/","name":"Astera Labs","description":"Improve Your Quality Of Life","publisher":{"@id":"https:\/\/asteralabs.org\/sv\/#organization"},"potentialAction":[{"@type":"SearchAction","target":{"@type":"EntryPoint","urlTemplate":"https:\/\/asteralabs.org\/sv\/?s={search_term_string}"},"query-input":"required name=search_term_string"}],"inLanguage":"sv-SE"},{"@type":"Organization","@id":"https:\/\/asteralabs.org\/sv\/#organization","name":"Astera Labs","url":"https:\/\/asteralabs.org\/sv\/","logo":{"@type":"ImageObject","inLanguage":"sv-SE","@id":"https:\/\/asteralabs.org\/sv\/#\/schema\/logo\/image\/","url":"https:\/\/asteralabs.org\/wp-content\/uploads\/2022\/12\/astera-2.png","contentUrl":"https:\/\/asteralabs.org\/wp-content\/uploads\/2022\/12\/astera-2.png","width":437,"height":111,"caption":"Astera Labs"},"image":{"@id":"https:\/\/asteralabs.org\/sv\/#\/schema\/logo\/image\/"}}]}},"_links":{"self":[{"href":"https:\/\/asteralabs.org\/sv\/wp-json\/wp\/v2\/product\/77972"}],"collection":[{"href":"https:\/\/asteralabs.org\/sv\/wp-json\/wp\/v2\/product"}],"about":[{"href":"https:\/\/asteralabs.org\/sv\/wp-json\/wp\/v2\/types\/product"}],"replies":[{"embeddable":true,"href":"https:\/\/asteralabs.org\/sv\/wp-json\/wp\/v2\/comments?post=77972"}],"version-history":[{"count":0,"href":"https:\/\/asteralabs.org\/sv\/wp-json\/wp\/v2\/product\/77972\/revisions"}],"wp:featuredmedia":[{"embeddable":true,"href":"https:\/\/asteralabs.org\/sv\/wp-json\/wp\/v2\/media\/76182"}],"wp:attachment":[{"href":"https:\/\/asteralabs.org\/sv\/wp-json\/wp\/v2\/media?parent=77972"}],"wp:term":[{"taxonomy":"product_cat","embeddable":true,"href":"https:\/\/asteralabs.org\/sv\/wp-json\/wp\/v2\/product_cat?post=77972"},{"taxonomy":"product_tag","embeddable":true,"href":"https:\/\/asteralabs.org\/sv\/wp-json\/wp\/v2\/product_tag?post=77972"}],"curies":[{"name":"wp","href":"https:\/\/api.w.org\/{rel}","templated":true}]}}