{"id":77976,"date":"2022-11-05T22:11:39","date_gmt":"2022-11-05T22:11:39","guid":{"rendered":"https:\/\/asteralabs.org\/product\/boldenoncypionat\/"},"modified":"2026-01-15T08:19:03","modified_gmt":"2026-01-15T08:19:03","slug":"boldenoncypionat","status":"publish","type":"product","link":"https:\/\/asteralabs.org\/sv\/product\/boldenoncypionat\/","title":{"rendered":"Boldenoncypionat"},"content":{"rendered":"<p><strong>DOSERING: <\/strong><br \/>\nBoldenone cypionate 200 mg\/ml <strong>F\u00d6RPACKNINGSINNEH\u00c5LL: <\/strong><br \/>\n1 x 10ML injektionsflaska, 200 mg per ml VAD \u00c4R <strong>DET: <\/strong><br \/>\nBoldenone Cypionate \u00e4r en extremt omtyckt injicerbar anabol steroid. Detta \u00e4mne \u00e4r ett syntetiskt derivat av testosteron som visar mindre androgen aktivitet \u00e4n testosteron samtidigt som det har starka anabola egenskaper. Den har samma niv\u00e5 av anabola potens som dess hormon far, testosteron (100). Cykler av Boldenone Cypionate \u00e4r ofta genomf\u00f6rs f\u00f6r bulk vinst. Minsta cykell\u00e4ngd \u00e4r 8 veckor, medan maximal cykell\u00e4ngd \u00e4r 18 veckor. <strong>HUR MAN ANV\u00c4NDER: <\/strong><br \/>\nDen rekommenderade startdosen f\u00f6r Boldenone cypionate \u00e4r 300 till 500 mg per vecka. L\u00e4ngden p\u00e5 en s\u00e5dan cykel b\u00f6r vara 14 veckor totalt. Den typiska veckodosen f\u00f6r avancerade anv\u00e4ndare \u00e4r \u00f6ver 600 mg. <strong>BATCHINFORMATION:<br \/>\n<\/strong>Batch nr: <span data-sheets-root=\"1\" data-sheets-value=\"{\" data-sheets-userformat=\"{\">VK06931<\/span><br \/>\nTillverkningsdatum: <span data-sheets-root=\"1\" data-sheets-value=\"{\" data-sheets-userformat=\"{\">10.2025.<\/span><br \/>\nUtg\u00e5ngsdatum: <span data-sheets-root=\"1\" data-sheets-value=\"{\" data-sheets-userformat=\"{\">10.2028.<\/span><\/p>\n","protected":false},"excerpt":{"rendered":"<p>DOSERING: Boldenone cypionate 200 mg\/ml F\u00d6RPACKNINGSINNEH\u00c5LL: 1 x 10ML injektionsflaska, 200 mg per ml VAD \u00c4R DET: Boldenone Cypionate \u00e4r en extremt omtyckt injicerbar anabol steroid. Detta \u00e4mne \u00e4r ett syntetiskt derivat av testosteron som visar mindre androgen aktivitet \u00e4n testosteron samtidigt som det har starka anabola egenskaper. Den har samma niv\u00e5 av anabola potens&hellip;<\/p>\n","protected":false},"featured_media":75022,"comment_status":"open","ping_status":"closed","template":"","meta":[],"product_cat":[171,169],"product_tag":[],"yoast_head":"<!-- This site is optimized with the Yoast SEO plugin v23.0 - https:\/\/yoast.com\/wordpress\/plugins\/seo\/ -->\n<title>Boldenoncypionat - Astera Labs<\/title>\n<meta name=\"robots\" content=\"index, follow, max-snippet:-1, max-image-preview:large, max-video-preview:-1\" \/>\n<link rel=\"canonical\" href=\"https:\/\/asteralabs.org\/sv\/product\/boldenoncypionat\/\" \/>\n<meta property=\"og:locale\" content=\"sv_SE\" \/>\n<meta property=\"og:type\" content=\"article\" \/>\n<meta property=\"og:title\" content=\"Boldenoncypionat - Astera Labs\" \/>\n<meta property=\"og:description\" content=\"DOSERING: Boldenone cypionate 200 mg\/ml F\u00d6RPACKNINGSINNEH\u00c5LL: 1 x 10ML injektionsflaska, 200 mg per ml VAD \u00c4R DET: Boldenone Cypionate \u00e4r en extremt omtyckt injicerbar anabol steroid. Detta \u00e4mne \u00e4r ett syntetiskt derivat av testosteron som visar mindre androgen aktivitet \u00e4n testosteron samtidigt som det har starka anabola egenskaper. Den har samma niv\u00e5 av anabola potens&hellip;\" \/>\n<meta property=\"og:url\" content=\"https:\/\/asteralabs.org\/sv\/product\/boldenoncypionat\/\" \/>\n<meta property=\"og:site_name\" content=\"Astera Labs\" \/>\n<meta property=\"article:modified_time\" content=\"2026-01-15T08:19:03+00:00\" \/>\n<meta property=\"og:image\" content=\"https:\/\/asteralabs.org\/wp-content\/uploads\/2022\/11\/33.png\" \/>\n\t<meta property=\"og:image:width\" content=\"2000\" \/>\n\t<meta property=\"og:image:height\" content=\"2000\" \/>\n\t<meta property=\"og:image:type\" content=\"image\/png\" \/>\n<meta name=\"twitter:card\" content=\"summary_large_image\" \/>\n<script type=\"application\/ld+json\" class=\"yoast-schema-graph\">{\"@context\":\"https:\/\/schema.org\",\"@graph\":[{\"@type\":\"WebPage\",\"@id\":\"https:\/\/asteralabs.org\/sv\/product\/boldenoncypionat\/\",\"url\":\"https:\/\/asteralabs.org\/sv\/product\/boldenoncypionat\/\",\"name\":\"Boldenoncypionat - Astera Labs\",\"isPartOf\":{\"@id\":\"https:\/\/asteralabs.org\/sv\/#website\"},\"primaryImageOfPage\":{\"@id\":\"https:\/\/asteralabs.org\/sv\/product\/boldenoncypionat\/#primaryimage\"},\"image\":{\"@id\":\"https:\/\/asteralabs.org\/sv\/product\/boldenoncypionat\/#primaryimage\"},\"thumbnailUrl\":\"https:\/\/asteralabs.org\/wp-content\/uploads\/2022\/11\/33.png\",\"datePublished\":\"2022-11-05T22:11:39+00:00\",\"dateModified\":\"2026-01-15T08:19:03+00:00\",\"breadcrumb\":{\"@id\":\"https:\/\/asteralabs.org\/sv\/product\/boldenoncypionat\/#breadcrumb\"},\"inLanguage\":\"sv-SE\",\"potentialAction\":[{\"@type\":\"ReadAction\",\"target\":[\"https:\/\/asteralabs.org\/sv\/product\/boldenoncypionat\/\"]}]},{\"@type\":\"ImageObject\",\"inLanguage\":\"sv-SE\",\"@id\":\"https:\/\/asteralabs.org\/sv\/product\/boldenoncypionat\/#primaryimage\",\"url\":\"https:\/\/asteralabs.org\/wp-content\/uploads\/2022\/11\/33.png\",\"contentUrl\":\"https:\/\/asteralabs.org\/wp-content\/uploads\/2022\/11\/33.png\",\"width\":2000,\"height\":2000},{\"@type\":\"BreadcrumbList\",\"@id\":\"https:\/\/asteralabs.org\/sv\/product\/boldenoncypionat\/#breadcrumb\",\"itemListElement\":[{\"@type\":\"ListItem\",\"position\":1,\"name\":\"Home\",\"item\":\"https:\/\/asteralabs.org\/sv\/\"},{\"@type\":\"ListItem\",\"position\":2,\"name\":\"Butik\",\"item\":\"https:\/\/asteralabs.org\/butik\/\"},{\"@type\":\"ListItem\",\"position\":3,\"name\":\"Boldenoncypionat\"}]},{\"@type\":\"WebSite\",\"@id\":\"https:\/\/asteralabs.org\/sv\/#website\",\"url\":\"https:\/\/asteralabs.org\/sv\/\",\"name\":\"Astera Labs\",\"description\":\"Improve Your Quality Of Life\",\"publisher\":{\"@id\":\"https:\/\/asteralabs.org\/sv\/#organization\"},\"potentialAction\":[{\"@type\":\"SearchAction\",\"target\":{\"@type\":\"EntryPoint\",\"urlTemplate\":\"https:\/\/asteralabs.org\/sv\/?s={search_term_string}\"},\"query-input\":\"required name=search_term_string\"}],\"inLanguage\":\"sv-SE\"},{\"@type\":\"Organization\",\"@id\":\"https:\/\/asteralabs.org\/sv\/#organization\",\"name\":\"Astera Labs\",\"url\":\"https:\/\/asteralabs.org\/sv\/\",\"logo\":{\"@type\":\"ImageObject\",\"inLanguage\":\"sv-SE\",\"@id\":\"https:\/\/asteralabs.org\/sv\/#\/schema\/logo\/image\/\",\"url\":\"https:\/\/asteralabs.org\/wp-content\/uploads\/2022\/12\/astera-2.png\",\"contentUrl\":\"https:\/\/asteralabs.org\/wp-content\/uploads\/2022\/12\/astera-2.png\",\"width\":437,\"height\":111,\"caption\":\"Astera Labs\"},\"image\":{\"@id\":\"https:\/\/asteralabs.org\/sv\/#\/schema\/logo\/image\/\"}}]}<\/script>\n<!-- \/ Yoast SEO plugin. -->","yoast_head_json":{"title":"Boldenoncypionat - Astera Labs","robots":{"index":"index","follow":"follow","max-snippet":"max-snippet:-1","max-image-preview":"max-image-preview:large","max-video-preview":"max-video-preview:-1"},"canonical":"https:\/\/asteralabs.org\/sv\/product\/boldenoncypionat\/","og_locale":"sv_SE","og_type":"article","og_title":"Boldenoncypionat - Astera Labs","og_description":"DOSERING: Boldenone cypionate 200 mg\/ml F\u00d6RPACKNINGSINNEH\u00c5LL: 1 x 10ML injektionsflaska, 200 mg per ml VAD \u00c4R DET: Boldenone Cypionate \u00e4r en extremt omtyckt injicerbar anabol steroid. Detta \u00e4mne \u00e4r ett syntetiskt derivat av testosteron som visar mindre androgen aktivitet \u00e4n testosteron samtidigt som det har starka anabola egenskaper. Den har samma niv\u00e5 av anabola potens&hellip;","og_url":"https:\/\/asteralabs.org\/sv\/product\/boldenoncypionat\/","og_site_name":"Astera Labs","article_modified_time":"2026-01-15T08:19:03+00:00","og_image":[{"width":2000,"height":2000,"url":"https:\/\/asteralabs.org\/wp-content\/uploads\/2022\/11\/33.png","type":"image\/png"}],"twitter_card":"summary_large_image","schema":{"@context":"https:\/\/schema.org","@graph":[{"@type":"WebPage","@id":"https:\/\/asteralabs.org\/sv\/product\/boldenoncypionat\/","url":"https:\/\/asteralabs.org\/sv\/product\/boldenoncypionat\/","name":"Boldenoncypionat - Astera Labs","isPartOf":{"@id":"https:\/\/asteralabs.org\/sv\/#website"},"primaryImageOfPage":{"@id":"https:\/\/asteralabs.org\/sv\/product\/boldenoncypionat\/#primaryimage"},"image":{"@id":"https:\/\/asteralabs.org\/sv\/product\/boldenoncypionat\/#primaryimage"},"thumbnailUrl":"https:\/\/asteralabs.org\/wp-content\/uploads\/2022\/11\/33.png","datePublished":"2022-11-05T22:11:39+00:00","dateModified":"2026-01-15T08:19:03+00:00","breadcrumb":{"@id":"https:\/\/asteralabs.org\/sv\/product\/boldenoncypionat\/#breadcrumb"},"inLanguage":"sv-SE","potentialAction":[{"@type":"ReadAction","target":["https:\/\/asteralabs.org\/sv\/product\/boldenoncypionat\/"]}]},{"@type":"ImageObject","inLanguage":"sv-SE","@id":"https:\/\/asteralabs.org\/sv\/product\/boldenoncypionat\/#primaryimage","url":"https:\/\/asteralabs.org\/wp-content\/uploads\/2022\/11\/33.png","contentUrl":"https:\/\/asteralabs.org\/wp-content\/uploads\/2022\/11\/33.png","width":2000,"height":2000},{"@type":"BreadcrumbList","@id":"https:\/\/asteralabs.org\/sv\/product\/boldenoncypionat\/#breadcrumb","itemListElement":[{"@type":"ListItem","position":1,"name":"Home","item":"https:\/\/asteralabs.org\/sv\/"},{"@type":"ListItem","position":2,"name":"Butik","item":"https:\/\/asteralabs.org\/butik\/"},{"@type":"ListItem","position":3,"name":"Boldenoncypionat"}]},{"@type":"WebSite","@id":"https:\/\/asteralabs.org\/sv\/#website","url":"https:\/\/asteralabs.org\/sv\/","name":"Astera Labs","description":"Improve Your Quality Of Life","publisher":{"@id":"https:\/\/asteralabs.org\/sv\/#organization"},"potentialAction":[{"@type":"SearchAction","target":{"@type":"EntryPoint","urlTemplate":"https:\/\/asteralabs.org\/sv\/?s={search_term_string}"},"query-input":"required name=search_term_string"}],"inLanguage":"sv-SE"},{"@type":"Organization","@id":"https:\/\/asteralabs.org\/sv\/#organization","name":"Astera Labs","url":"https:\/\/asteralabs.org\/sv\/","logo":{"@type":"ImageObject","inLanguage":"sv-SE","@id":"https:\/\/asteralabs.org\/sv\/#\/schema\/logo\/image\/","url":"https:\/\/asteralabs.org\/wp-content\/uploads\/2022\/12\/astera-2.png","contentUrl":"https:\/\/asteralabs.org\/wp-content\/uploads\/2022\/12\/astera-2.png","width":437,"height":111,"caption":"Astera Labs"},"image":{"@id":"https:\/\/asteralabs.org\/sv\/#\/schema\/logo\/image\/"}}]}},"_links":{"self":[{"href":"https:\/\/asteralabs.org\/sv\/wp-json\/wp\/v2\/product\/77976"}],"collection":[{"href":"https:\/\/asteralabs.org\/sv\/wp-json\/wp\/v2\/product"}],"about":[{"href":"https:\/\/asteralabs.org\/sv\/wp-json\/wp\/v2\/types\/product"}],"replies":[{"embeddable":true,"href":"https:\/\/asteralabs.org\/sv\/wp-json\/wp\/v2\/comments?post=77976"}],"version-history":[{"count":0,"href":"https:\/\/asteralabs.org\/sv\/wp-json\/wp\/v2\/product\/77976\/revisions"}],"wp:featuredmedia":[{"embeddable":true,"href":"https:\/\/asteralabs.org\/sv\/wp-json\/wp\/v2\/media\/75022"}],"wp:attachment":[{"href":"https:\/\/asteralabs.org\/sv\/wp-json\/wp\/v2\/media?parent=77976"}],"wp:term":[{"taxonomy":"product_cat","embeddable":true,"href":"https:\/\/asteralabs.org\/sv\/wp-json\/wp\/v2\/product_cat?post=77976"},{"taxonomy":"product_tag","embeddable":true,"href":"https:\/\/asteralabs.org\/sv\/wp-json\/wp\/v2\/product_tag?post=77976"}],"curies":[{"name":"wp","href":"https:\/\/api.w.org\/{rel}","templated":true}]}}