{"id":77992,"date":"2022-11-05T22:04:15","date_gmt":"2022-11-05T22:04:15","guid":{"rendered":"https:\/\/asteralabs.org\/product\/methyldrostanolone-superdrol-2\/"},"modified":"2026-01-15T09:52:32","modified_gmt":"2026-01-15T09:52:32","slug":"methyldrostanolone-superdrol-2","status":"publish","type":"product","link":"https:\/\/asteralabs.org\/sv\/product\/methyldrostanolone-superdrol-2\/","title":{"rendered":"Methyldrostanolone (Superdrol)"},"content":{"rendered":"<p><strong>DOSERING:<\/strong><br \/>\nMetyldrostanolon (Superdrol) 40 mg \/ ml <strong>F\u00d6RPACKNINGSINNEH\u00c5LL:<\/strong><br \/>\n1 x 10ML injektionsflaska, 40 mg per ml VAD \u00c4R <strong>DET:<\/strong><br \/>\nMetyldrosnanolon, \u00e4ven k\u00e4nd som Superdrol, \u00e4r den mest kraftfulla orala steroiden som finns. Det \u00e4r en metylerad modifiering av drostanolon, men det ser inte ut som det, det har en h\u00f6g anabol och androgen kraft, och kan anv\u00e4ndas i volym, klippa eller i styrka stadier och precis som Anadrol m\u00e4ttar glykogen ins\u00e4ttningar. Det \u00e4r en mycket hepatotoxisk steroid, men dess injicerbara version g\u00f6r det mer tolerabelt. HUR <strong>MAN ANV\u00c4NDER:<\/strong><br \/>\nEn dos p\u00e5 10 mg \u00e4r redan mycket effektiv, men doser p\u00e5 upp till 40-50 mg per dag anv\u00e4nds ofta. Vi rekommenderar att du anv\u00e4nder det i h\u00f6gst 4 veckor och injicerar det en g\u00e5ng om dagen, ED. Det b\u00f6r anv\u00e4ndas tillsammans med ett leverskyddsmedel som TUDCA. <strong>BATCHINFORMATION:<br \/>\n<\/strong>Batch nr: <span data-sheets-root=\"1\" data-sheets-value=\"{\" data-sheets-userformat=\"{\">KW19458<\/span><br \/>\nTillverkningsdatum: <span data-sheets-root=\"1\" data-sheets-value=\"{\" data-sheets-userformat=\"{\">10.2025.<\/span><br \/>\nUtg\u00e5ngsdatum: <span data-sheets-root=\"1\" data-sheets-value=\"{\" data-sheets-userformat=\"{\">10.2028.<\/span><\/p>\n","protected":false},"excerpt":{"rendered":"<p>DOSERING: Metyldrostanolon (Superdrol) 40 mg \/ ml F\u00d6RPACKNINGSINNEH\u00c5LL: 1 x 10ML injektionsflaska, 40 mg per ml VAD \u00c4R DET: Metyldrosnanolon, \u00e4ven k\u00e4nd som Superdrol, \u00e4r den mest kraftfulla orala steroiden som finns. Det \u00e4r en metylerad modifiering av drostanolon, men det ser inte ut som det, det har en h\u00f6g anabol och androgen kraft, och&hellip;<\/p>\n","protected":false},"featured_media":76086,"comment_status":"open","ping_status":"closed","template":"","meta":[],"product_cat":[171,169],"product_tag":[],"yoast_head":"<!-- This site is optimized with the Yoast SEO plugin v23.0 - https:\/\/yoast.com\/wordpress\/plugins\/seo\/ -->\n<title>Methyldrostanolone (Superdrol) - Astera Labs<\/title>\n<meta name=\"robots\" content=\"index, follow, max-snippet:-1, max-image-preview:large, max-video-preview:-1\" \/>\n<link rel=\"canonical\" href=\"https:\/\/asteralabs.org\/sv\/product\/methyldrostanolone-superdrol-2\/\" \/>\n<meta property=\"og:locale\" content=\"sv_SE\" \/>\n<meta property=\"og:type\" content=\"article\" \/>\n<meta property=\"og:title\" content=\"Methyldrostanolone (Superdrol) - Astera Labs\" \/>\n<meta property=\"og:description\" content=\"DOSERING: Metyldrostanolon (Superdrol) 40 mg \/ ml F\u00d6RPACKNINGSINNEH\u00c5LL: 1 x 10ML injektionsflaska, 40 mg per ml VAD \u00c4R DET: Metyldrosnanolon, \u00e4ven k\u00e4nd som Superdrol, \u00e4r den mest kraftfulla orala steroiden som finns. Det \u00e4r en metylerad modifiering av drostanolon, men det ser inte ut som det, det har en h\u00f6g anabol och androgen kraft, och&hellip;\" \/>\n<meta property=\"og:url\" content=\"https:\/\/asteralabs.org\/sv\/product\/methyldrostanolone-superdrol-2\/\" \/>\n<meta property=\"og:site_name\" content=\"Astera Labs\" \/>\n<meta property=\"article:modified_time\" content=\"2026-01-15T09:52:32+00:00\" \/>\n<meta property=\"og:image\" content=\"https:\/\/asteralabs.org\/wp-content\/uploads\/2022\/11\/Methyldrostanolone-Superdrol-inject-nbg.png\" \/>\n\t<meta property=\"og:image:width\" content=\"2000\" \/>\n\t<meta property=\"og:image:height\" content=\"2000\" \/>\n\t<meta property=\"og:image:type\" content=\"image\/png\" \/>\n<meta name=\"twitter:card\" content=\"summary_large_image\" \/>\n<script type=\"application\/ld+json\" class=\"yoast-schema-graph\">{\"@context\":\"https:\/\/schema.org\",\"@graph\":[{\"@type\":\"WebPage\",\"@id\":\"https:\/\/asteralabs.org\/sv\/product\/methyldrostanolone-superdrol-2\/\",\"url\":\"https:\/\/asteralabs.org\/sv\/product\/methyldrostanolone-superdrol-2\/\",\"name\":\"Methyldrostanolone (Superdrol) - Astera Labs\",\"isPartOf\":{\"@id\":\"https:\/\/asteralabs.org\/sv\/#website\"},\"primaryImageOfPage\":{\"@id\":\"https:\/\/asteralabs.org\/sv\/product\/methyldrostanolone-superdrol-2\/#primaryimage\"},\"image\":{\"@id\":\"https:\/\/asteralabs.org\/sv\/product\/methyldrostanolone-superdrol-2\/#primaryimage\"},\"thumbnailUrl\":\"https:\/\/asteralabs.org\/wp-content\/uploads\/2022\/11\/Methyldrostanolone-Superdrol-inject-nbg.png\",\"datePublished\":\"2022-11-05T22:04:15+00:00\",\"dateModified\":\"2026-01-15T09:52:32+00:00\",\"breadcrumb\":{\"@id\":\"https:\/\/asteralabs.org\/sv\/product\/methyldrostanolone-superdrol-2\/#breadcrumb\"},\"inLanguage\":\"sv-SE\",\"potentialAction\":[{\"@type\":\"ReadAction\",\"target\":[\"https:\/\/asteralabs.org\/sv\/product\/methyldrostanolone-superdrol-2\/\"]}]},{\"@type\":\"ImageObject\",\"inLanguage\":\"sv-SE\",\"@id\":\"https:\/\/asteralabs.org\/sv\/product\/methyldrostanolone-superdrol-2\/#primaryimage\",\"url\":\"https:\/\/asteralabs.org\/wp-content\/uploads\/2022\/11\/Methyldrostanolone-Superdrol-inject-nbg.png\",\"contentUrl\":\"https:\/\/asteralabs.org\/wp-content\/uploads\/2022\/11\/Methyldrostanolone-Superdrol-inject-nbg.png\",\"width\":2000,\"height\":2000},{\"@type\":\"BreadcrumbList\",\"@id\":\"https:\/\/asteralabs.org\/sv\/product\/methyldrostanolone-superdrol-2\/#breadcrumb\",\"itemListElement\":[{\"@type\":\"ListItem\",\"position\":1,\"name\":\"Home\",\"item\":\"https:\/\/asteralabs.org\/sv\/\"},{\"@type\":\"ListItem\",\"position\":2,\"name\":\"Butik\",\"item\":\"https:\/\/asteralabs.org\/butik\/\"},{\"@type\":\"ListItem\",\"position\":3,\"name\":\"Methyldrostanolone (Superdrol)\"}]},{\"@type\":\"WebSite\",\"@id\":\"https:\/\/asteralabs.org\/sv\/#website\",\"url\":\"https:\/\/asteralabs.org\/sv\/\",\"name\":\"Astera Labs\",\"description\":\"Improve Your Quality Of Life\",\"publisher\":{\"@id\":\"https:\/\/asteralabs.org\/sv\/#organization\"},\"potentialAction\":[{\"@type\":\"SearchAction\",\"target\":{\"@type\":\"EntryPoint\",\"urlTemplate\":\"https:\/\/asteralabs.org\/sv\/?s={search_term_string}\"},\"query-input\":\"required name=search_term_string\"}],\"inLanguage\":\"sv-SE\"},{\"@type\":\"Organization\",\"@id\":\"https:\/\/asteralabs.org\/sv\/#organization\",\"name\":\"Astera Labs\",\"url\":\"https:\/\/asteralabs.org\/sv\/\",\"logo\":{\"@type\":\"ImageObject\",\"inLanguage\":\"sv-SE\",\"@id\":\"https:\/\/asteralabs.org\/sv\/#\/schema\/logo\/image\/\",\"url\":\"https:\/\/asteralabs.org\/wp-content\/uploads\/2022\/12\/astera-2.png\",\"contentUrl\":\"https:\/\/asteralabs.org\/wp-content\/uploads\/2022\/12\/astera-2.png\",\"width\":437,\"height\":111,\"caption\":\"Astera Labs\"},\"image\":{\"@id\":\"https:\/\/asteralabs.org\/sv\/#\/schema\/logo\/image\/\"}}]}<\/script>\n<!-- \/ Yoast SEO plugin. -->","yoast_head_json":{"title":"Methyldrostanolone (Superdrol) - Astera Labs","robots":{"index":"index","follow":"follow","max-snippet":"max-snippet:-1","max-image-preview":"max-image-preview:large","max-video-preview":"max-video-preview:-1"},"canonical":"https:\/\/asteralabs.org\/sv\/product\/methyldrostanolone-superdrol-2\/","og_locale":"sv_SE","og_type":"article","og_title":"Methyldrostanolone (Superdrol) - Astera Labs","og_description":"DOSERING: Metyldrostanolon (Superdrol) 40 mg \/ ml F\u00d6RPACKNINGSINNEH\u00c5LL: 1 x 10ML injektionsflaska, 40 mg per ml VAD \u00c4R DET: Metyldrosnanolon, \u00e4ven k\u00e4nd som Superdrol, \u00e4r den mest kraftfulla orala steroiden som finns. Det \u00e4r en metylerad modifiering av drostanolon, men det ser inte ut som det, det har en h\u00f6g anabol och androgen kraft, och&hellip;","og_url":"https:\/\/asteralabs.org\/sv\/product\/methyldrostanolone-superdrol-2\/","og_site_name":"Astera Labs","article_modified_time":"2026-01-15T09:52:32+00:00","og_image":[{"width":2000,"height":2000,"url":"https:\/\/asteralabs.org\/wp-content\/uploads\/2022\/11\/Methyldrostanolone-Superdrol-inject-nbg.png","type":"image\/png"}],"twitter_card":"summary_large_image","schema":{"@context":"https:\/\/schema.org","@graph":[{"@type":"WebPage","@id":"https:\/\/asteralabs.org\/sv\/product\/methyldrostanolone-superdrol-2\/","url":"https:\/\/asteralabs.org\/sv\/product\/methyldrostanolone-superdrol-2\/","name":"Methyldrostanolone (Superdrol) - Astera Labs","isPartOf":{"@id":"https:\/\/asteralabs.org\/sv\/#website"},"primaryImageOfPage":{"@id":"https:\/\/asteralabs.org\/sv\/product\/methyldrostanolone-superdrol-2\/#primaryimage"},"image":{"@id":"https:\/\/asteralabs.org\/sv\/product\/methyldrostanolone-superdrol-2\/#primaryimage"},"thumbnailUrl":"https:\/\/asteralabs.org\/wp-content\/uploads\/2022\/11\/Methyldrostanolone-Superdrol-inject-nbg.png","datePublished":"2022-11-05T22:04:15+00:00","dateModified":"2026-01-15T09:52:32+00:00","breadcrumb":{"@id":"https:\/\/asteralabs.org\/sv\/product\/methyldrostanolone-superdrol-2\/#breadcrumb"},"inLanguage":"sv-SE","potentialAction":[{"@type":"ReadAction","target":["https:\/\/asteralabs.org\/sv\/product\/methyldrostanolone-superdrol-2\/"]}]},{"@type":"ImageObject","inLanguage":"sv-SE","@id":"https:\/\/asteralabs.org\/sv\/product\/methyldrostanolone-superdrol-2\/#primaryimage","url":"https:\/\/asteralabs.org\/wp-content\/uploads\/2022\/11\/Methyldrostanolone-Superdrol-inject-nbg.png","contentUrl":"https:\/\/asteralabs.org\/wp-content\/uploads\/2022\/11\/Methyldrostanolone-Superdrol-inject-nbg.png","width":2000,"height":2000},{"@type":"BreadcrumbList","@id":"https:\/\/asteralabs.org\/sv\/product\/methyldrostanolone-superdrol-2\/#breadcrumb","itemListElement":[{"@type":"ListItem","position":1,"name":"Home","item":"https:\/\/asteralabs.org\/sv\/"},{"@type":"ListItem","position":2,"name":"Butik","item":"https:\/\/asteralabs.org\/butik\/"},{"@type":"ListItem","position":3,"name":"Methyldrostanolone (Superdrol)"}]},{"@type":"WebSite","@id":"https:\/\/asteralabs.org\/sv\/#website","url":"https:\/\/asteralabs.org\/sv\/","name":"Astera Labs","description":"Improve Your Quality Of Life","publisher":{"@id":"https:\/\/asteralabs.org\/sv\/#organization"},"potentialAction":[{"@type":"SearchAction","target":{"@type":"EntryPoint","urlTemplate":"https:\/\/asteralabs.org\/sv\/?s={search_term_string}"},"query-input":"required name=search_term_string"}],"inLanguage":"sv-SE"},{"@type":"Organization","@id":"https:\/\/asteralabs.org\/sv\/#organization","name":"Astera Labs","url":"https:\/\/asteralabs.org\/sv\/","logo":{"@type":"ImageObject","inLanguage":"sv-SE","@id":"https:\/\/asteralabs.org\/sv\/#\/schema\/logo\/image\/","url":"https:\/\/asteralabs.org\/wp-content\/uploads\/2022\/12\/astera-2.png","contentUrl":"https:\/\/asteralabs.org\/wp-content\/uploads\/2022\/12\/astera-2.png","width":437,"height":111,"caption":"Astera Labs"},"image":{"@id":"https:\/\/asteralabs.org\/sv\/#\/schema\/logo\/image\/"}}]}},"_links":{"self":[{"href":"https:\/\/asteralabs.org\/sv\/wp-json\/wp\/v2\/product\/77992"}],"collection":[{"href":"https:\/\/asteralabs.org\/sv\/wp-json\/wp\/v2\/product"}],"about":[{"href":"https:\/\/asteralabs.org\/sv\/wp-json\/wp\/v2\/types\/product"}],"replies":[{"embeddable":true,"href":"https:\/\/asteralabs.org\/sv\/wp-json\/wp\/v2\/comments?post=77992"}],"version-history":[{"count":0,"href":"https:\/\/asteralabs.org\/sv\/wp-json\/wp\/v2\/product\/77992\/revisions"}],"wp:featuredmedia":[{"embeddable":true,"href":"https:\/\/asteralabs.org\/sv\/wp-json\/wp\/v2\/media\/76086"}],"wp:attachment":[{"href":"https:\/\/asteralabs.org\/sv\/wp-json\/wp\/v2\/media?parent=77992"}],"wp:term":[{"taxonomy":"product_cat","embeddable":true,"href":"https:\/\/asteralabs.org\/sv\/wp-json\/wp\/v2\/product_cat?post=77992"},{"taxonomy":"product_tag","embeddable":true,"href":"https:\/\/asteralabs.org\/sv\/wp-json\/wp\/v2\/product_tag?post=77992"}],"curies":[{"name":"wp","href":"https:\/\/api.w.org\/{rel}","templated":true}]}}