{"id":78007,"date":"2023-09-07T12:45:37","date_gmt":"2023-09-07T12:45:37","guid":{"rendered":"https:\/\/asteralabs.org\/product\/tb500-bpc157\/"},"modified":"2026-01-15T07:44:36","modified_gmt":"2026-01-15T07:44:36","slug":"tb500-bpc157","status":"publish","type":"product","link":"https:\/\/asteralabs.org\/sv\/product\/tb500-bpc157\/","title":{"rendered":"TB500 &amp; BPC157"},"content":{"rendered":"<p><strong>DOSERING<\/strong>: TB500 (Thymosin Beta-4) och BPC157 (Body Protection Compound-157), 10 mg per injektionsflaska<\/p>\n<p><strong>PAKETETS INNEH\u00c5LL:<\/strong><\/p>\n<p>1 injektionsflaska inneh\u00e5llande 10 mg injicerbar peptidl\u00f6sning<\/p>\n<p><strong>VAD \u00c4R DET?<\/strong><\/p>\n<p>TB500 och BPC157 \u00e4r syntetiska peptider som \u00e4r allm\u00e4nt erk\u00e4nda f\u00f6r sina kraftfulla regenerativa egenskaper och sin f\u00f6rm\u00e5ga att st\u00f6dja \u00e5terh\u00e4mtning av skador och v\u00e4vnadsreparation. TB500, som h\u00e4rr\u00f6r fr\u00e5n Thymosin Beta-4, fr\u00e4mjar cellmigration, proliferation och differentiering, vilket \u00e4r viktiga processer f\u00f6r effektiv s\u00e5rl\u00e4kning och v\u00e4vnadsregenerering. BPC157, \u00e5 andra sidan, stimulerar bildandet av nya blodk\u00e4rl (angiogenes) och \u00f6kar kollagenproduktionen, vilket bidrar till l\u00e4kning av muskler, senor, ligament och andra v\u00e4vnader. N\u00e4r de anv\u00e4nds tillsammans fungerar dessa peptider synergistiskt f\u00f6r att f\u00f6rb\u00e4ttra \u00e5terh\u00e4mtningen fr\u00e5n skador, minska inflammation och f\u00f6rb\u00e4ttra den \u00f6vergripande v\u00e4vnadsh\u00e4lsan.<\/p>\n<p><strong>HUR MAN ANV\u00c4NDER:<\/strong><\/p>\n<ul>\n<li>Dosering:<\/li>\n<\/ul>\n<p>Den rekommenderade dosen beror p\u00e5 skadans typ och sv\u00e5righetsgrad. Ett typiskt protokoll inneb\u00e4r administrering av 2 mg till 10 mg per vecka av varje peptid, uppdelat p\u00e5 flera mindre doser f\u00f6r att s\u00e4kerst\u00e4lla en l\u00e5ngvarig effekt.<\/p>\n<ul>\n<li>Administration:<\/li>\n<\/ul>\n<p>TB500 och BPC157 kan injiceras antingen subkutant i fettv\u00e4vnaden eller intramuskul\u00e4rt n\u00e4ra platsen f\u00f6r skadan, vissa anv\u00e4ndare har rapporterat att IM har en b\u00e4ttre effekt men det finns ingen vetenskaplig forskning som st\u00f6der dessa p\u00e5st\u00e5enden.<\/p>\n<ul>\n<li>Behandlingens varaktighet:<\/li>\n<\/ul>\n<p>Behandlingens l\u00e4ngd varierar beroende p\u00e5 individens reaktion och skadans art. I de flesta fall kan behandlingen p\u00e5g\u00e5 fr\u00e5n n\u00e5gra veckor (4-6 veckor) till flera m\u00e5nader.<\/p>\n<p>BATCH INFORMATION:<br \/>\nBatch nr: <span data-sheets-root=\"1\">JT23369<\/span><br \/>\nTillverkningsdatum: 10<span data-sheets-root=\"1\" data-sheets-value=\"{&quot;1&quot;:2,&quot;2&quot;:&quot;03.2023.&quot;}\" data-sheets-userformat=\"{&quot;2&quot;:577,&quot;3&quot;:{&quot;1&quot;:0},&quot;9&quot;:0,&quot;12&quot;:0}\">.2025.<\/span><br \/>\nUtg\u00e5ngsdatum: <span data-sheets-root=\"1\" data-sheets-value=\"{&quot;1&quot;:2,&quot;2&quot;:&quot;03.2026.&quot;}\" data-sheets-userformat=\"{&quot;2&quot;:637,&quot;3&quot;:{&quot;1&quot;:0},&quot;5&quot;:{&quot;1&quot;:[{&quot;1&quot;:2,&quot;2&quot;:0,&quot;5&quot;:{&quot;1&quot;:2,&quot;2&quot;:0}},{&quot;1&quot;:0,&quot;2&quot;:0,&quot;3&quot;:3},{&quot;1&quot;:1,&quot;2&quot;:0,&quot;4&quot;:1}]},&quot;6&quot;:{&quot;1&quot;:[{&quot;1&quot;:2,&quot;2&quot;:0,&quot;5&quot;:{&quot;1&quot;:2,&quot;2&quot;:0}},{&quot;1&quot;:0,&quot;2&quot;:0,&quot;3&quot;:3},{&quot;1&quot;:1,&quot;2&quot;:0,&quot;4&quot;:1}]},&quot;7&quot;:{&quot;1&quot;:[{&quot;1&quot;:2,&quot;2&quot;:0,&quot;5&quot;:{&quot;1&quot;:2,&quot;2&quot;:0}},{&quot;1&quot;:0,&quot;2&quot;:0,&quot;3&quot;:3},{&quot;1&quot;:1,&quot;2&quot;:0,&quot;4&quot;:1}]},&quot;8&quot;:{&quot;1&quot;:[{&quot;1&quot;:2,&quot;2&quot;:0,&quot;5&quot;:{&quot;1&quot;:2,&quot;2&quot;:0}},{&quot;1&quot;:0,&quot;2&quot;:0,&quot;3&quot;:3},{&quot;1&quot;:1,&quot;2&quot;:0,&quot;4&quot;:1}]},&quot;9&quot;:0,&quot;12&quot;:0}\">10.2028.<\/span><\/p>\n","protected":false},"excerpt":{"rendered":"<p>DOSERING: TB500 (Thymosin Beta-4) och BPC157 (Body Protection Compound-157), 10 mg per injektionsflaska PAKETETS INNEH\u00c5LL: 1 injektionsflaska inneh\u00e5llande 10 mg injicerbar peptidl\u00f6sning VAD \u00c4R DET? TB500 och BPC157 \u00e4r syntetiska peptider som \u00e4r allm\u00e4nt erk\u00e4nda f\u00f6r sina kraftfulla regenerativa egenskaper och sin f\u00f6rm\u00e5ga att st\u00f6dja \u00e5terh\u00e4mtning av skador och v\u00e4vnadsreparation. TB500, som h\u00e4rr\u00f6r fr\u00e5n Thymosin&hellip;<\/p>\n","protected":false},"featured_media":76526,"comment_status":"closed","ping_status":"closed","template":"","meta":[],"product_cat":[171,191],"product_tag":[],"yoast_head":"<!-- This site is optimized with the Yoast SEO plugin v23.0 - https:\/\/yoast.com\/wordpress\/plugins\/seo\/ -->\n<title>TB500 &amp; BPC157 - Astera Labs<\/title>\n<meta name=\"robots\" content=\"index, follow, max-snippet:-1, max-image-preview:large, max-video-preview:-1\" \/>\n<link rel=\"canonical\" href=\"https:\/\/asteralabs.org\/sv\/product\/tb500-bpc157\/\" \/>\n<meta property=\"og:locale\" content=\"sv_SE\" \/>\n<meta property=\"og:type\" content=\"article\" \/>\n<meta property=\"og:title\" content=\"TB500 &amp; BPC157 - Astera Labs\" \/>\n<meta property=\"og:description\" content=\"DOSERING: TB500 (Thymosin Beta-4) och BPC157 (Body Protection Compound-157), 10 mg per injektionsflaska PAKETETS INNEH\u00c5LL: 1 injektionsflaska inneh\u00e5llande 10 mg injicerbar peptidl\u00f6sning VAD \u00c4R DET? TB500 och BPC157 \u00e4r syntetiska peptider som \u00e4r allm\u00e4nt erk\u00e4nda f\u00f6r sina kraftfulla regenerativa egenskaper och sin f\u00f6rm\u00e5ga att st\u00f6dja \u00e5terh\u00e4mtning av skador och v\u00e4vnadsreparation. TB500, som h\u00e4rr\u00f6r fr\u00e5n Thymosin&hellip;\" \/>\n<meta property=\"og:url\" content=\"https:\/\/asteralabs.org\/sv\/product\/tb500-bpc157\/\" \/>\n<meta property=\"og:site_name\" content=\"Astera Labs\" \/>\n<meta property=\"article:modified_time\" content=\"2026-01-15T07:44:36+00:00\" \/>\n<meta property=\"og:image\" content=\"https:\/\/asteralabs.org\/wp-content\/uploads\/2023\/09\/TBBPC-vial-front-noBG.png\" \/>\n\t<meta property=\"og:image:width\" content=\"2000\" \/>\n\t<meta property=\"og:image:height\" content=\"2000\" \/>\n\t<meta property=\"og:image:type\" content=\"image\/png\" \/>\n<meta name=\"twitter:card\" content=\"summary_large_image\" \/>\n<script type=\"application\/ld+json\" class=\"yoast-schema-graph\">{\"@context\":\"https:\/\/schema.org\",\"@graph\":[{\"@type\":\"WebPage\",\"@id\":\"https:\/\/asteralabs.org\/sv\/product\/tb500-bpc157\/\",\"url\":\"https:\/\/asteralabs.org\/sv\/product\/tb500-bpc157\/\",\"name\":\"TB500 &amp; BPC157 - Astera Labs\",\"isPartOf\":{\"@id\":\"https:\/\/asteralabs.org\/sv\/#website\"},\"primaryImageOfPage\":{\"@id\":\"https:\/\/asteralabs.org\/sv\/product\/tb500-bpc157\/#primaryimage\"},\"image\":{\"@id\":\"https:\/\/asteralabs.org\/sv\/product\/tb500-bpc157\/#primaryimage\"},\"thumbnailUrl\":\"https:\/\/asteralabs.org\/wp-content\/uploads\/2023\/09\/TBBPC-vial-front-noBG.png\",\"datePublished\":\"2023-09-07T12:45:37+00:00\",\"dateModified\":\"2026-01-15T07:44:36+00:00\",\"breadcrumb\":{\"@id\":\"https:\/\/asteralabs.org\/sv\/product\/tb500-bpc157\/#breadcrumb\"},\"inLanguage\":\"sv-SE\",\"potentialAction\":[{\"@type\":\"ReadAction\",\"target\":[\"https:\/\/asteralabs.org\/sv\/product\/tb500-bpc157\/\"]}]},{\"@type\":\"ImageObject\",\"inLanguage\":\"sv-SE\",\"@id\":\"https:\/\/asteralabs.org\/sv\/product\/tb500-bpc157\/#primaryimage\",\"url\":\"https:\/\/asteralabs.org\/wp-content\/uploads\/2023\/09\/TBBPC-vial-front-noBG.png\",\"contentUrl\":\"https:\/\/asteralabs.org\/wp-content\/uploads\/2023\/09\/TBBPC-vial-front-noBG.png\",\"width\":2000,\"height\":2000},{\"@type\":\"BreadcrumbList\",\"@id\":\"https:\/\/asteralabs.org\/sv\/product\/tb500-bpc157\/#breadcrumb\",\"itemListElement\":[{\"@type\":\"ListItem\",\"position\":1,\"name\":\"Home\",\"item\":\"https:\/\/asteralabs.org\/sv\/\"},{\"@type\":\"ListItem\",\"position\":2,\"name\":\"Butik\",\"item\":\"https:\/\/asteralabs.org\/butik\/\"},{\"@type\":\"ListItem\",\"position\":3,\"name\":\"TB500 &amp; BPC157\"}]},{\"@type\":\"WebSite\",\"@id\":\"https:\/\/asteralabs.org\/sv\/#website\",\"url\":\"https:\/\/asteralabs.org\/sv\/\",\"name\":\"Astera Labs\",\"description\":\"Improve Your Quality Of Life\",\"publisher\":{\"@id\":\"https:\/\/asteralabs.org\/sv\/#organization\"},\"potentialAction\":[{\"@type\":\"SearchAction\",\"target\":{\"@type\":\"EntryPoint\",\"urlTemplate\":\"https:\/\/asteralabs.org\/sv\/?s={search_term_string}\"},\"query-input\":\"required name=search_term_string\"}],\"inLanguage\":\"sv-SE\"},{\"@type\":\"Organization\",\"@id\":\"https:\/\/asteralabs.org\/sv\/#organization\",\"name\":\"Astera Labs\",\"url\":\"https:\/\/asteralabs.org\/sv\/\",\"logo\":{\"@type\":\"ImageObject\",\"inLanguage\":\"sv-SE\",\"@id\":\"https:\/\/asteralabs.org\/sv\/#\/schema\/logo\/image\/\",\"url\":\"https:\/\/asteralabs.org\/wp-content\/uploads\/2022\/12\/astera-2.png\",\"contentUrl\":\"https:\/\/asteralabs.org\/wp-content\/uploads\/2022\/12\/astera-2.png\",\"width\":437,\"height\":111,\"caption\":\"Astera Labs\"},\"image\":{\"@id\":\"https:\/\/asteralabs.org\/sv\/#\/schema\/logo\/image\/\"}}]}<\/script>\n<!-- \/ Yoast SEO plugin. -->","yoast_head_json":{"title":"TB500 &amp; BPC157 - Astera Labs","robots":{"index":"index","follow":"follow","max-snippet":"max-snippet:-1","max-image-preview":"max-image-preview:large","max-video-preview":"max-video-preview:-1"},"canonical":"https:\/\/asteralabs.org\/sv\/product\/tb500-bpc157\/","og_locale":"sv_SE","og_type":"article","og_title":"TB500 &amp; BPC157 - Astera Labs","og_description":"DOSERING: TB500 (Thymosin Beta-4) och BPC157 (Body Protection Compound-157), 10 mg per injektionsflaska PAKETETS INNEH\u00c5LL: 1 injektionsflaska inneh\u00e5llande 10 mg injicerbar peptidl\u00f6sning VAD \u00c4R DET? TB500 och BPC157 \u00e4r syntetiska peptider som \u00e4r allm\u00e4nt erk\u00e4nda f\u00f6r sina kraftfulla regenerativa egenskaper och sin f\u00f6rm\u00e5ga att st\u00f6dja \u00e5terh\u00e4mtning av skador och v\u00e4vnadsreparation. TB500, som h\u00e4rr\u00f6r fr\u00e5n Thymosin&hellip;","og_url":"https:\/\/asteralabs.org\/sv\/product\/tb500-bpc157\/","og_site_name":"Astera Labs","article_modified_time":"2026-01-15T07:44:36+00:00","og_image":[{"width":2000,"height":2000,"url":"https:\/\/asteralabs.org\/wp-content\/uploads\/2023\/09\/TBBPC-vial-front-noBG.png","type":"image\/png"}],"twitter_card":"summary_large_image","schema":{"@context":"https:\/\/schema.org","@graph":[{"@type":"WebPage","@id":"https:\/\/asteralabs.org\/sv\/product\/tb500-bpc157\/","url":"https:\/\/asteralabs.org\/sv\/product\/tb500-bpc157\/","name":"TB500 &amp; BPC157 - Astera Labs","isPartOf":{"@id":"https:\/\/asteralabs.org\/sv\/#website"},"primaryImageOfPage":{"@id":"https:\/\/asteralabs.org\/sv\/product\/tb500-bpc157\/#primaryimage"},"image":{"@id":"https:\/\/asteralabs.org\/sv\/product\/tb500-bpc157\/#primaryimage"},"thumbnailUrl":"https:\/\/asteralabs.org\/wp-content\/uploads\/2023\/09\/TBBPC-vial-front-noBG.png","datePublished":"2023-09-07T12:45:37+00:00","dateModified":"2026-01-15T07:44:36+00:00","breadcrumb":{"@id":"https:\/\/asteralabs.org\/sv\/product\/tb500-bpc157\/#breadcrumb"},"inLanguage":"sv-SE","potentialAction":[{"@type":"ReadAction","target":["https:\/\/asteralabs.org\/sv\/product\/tb500-bpc157\/"]}]},{"@type":"ImageObject","inLanguage":"sv-SE","@id":"https:\/\/asteralabs.org\/sv\/product\/tb500-bpc157\/#primaryimage","url":"https:\/\/asteralabs.org\/wp-content\/uploads\/2023\/09\/TBBPC-vial-front-noBG.png","contentUrl":"https:\/\/asteralabs.org\/wp-content\/uploads\/2023\/09\/TBBPC-vial-front-noBG.png","width":2000,"height":2000},{"@type":"BreadcrumbList","@id":"https:\/\/asteralabs.org\/sv\/product\/tb500-bpc157\/#breadcrumb","itemListElement":[{"@type":"ListItem","position":1,"name":"Home","item":"https:\/\/asteralabs.org\/sv\/"},{"@type":"ListItem","position":2,"name":"Butik","item":"https:\/\/asteralabs.org\/butik\/"},{"@type":"ListItem","position":3,"name":"TB500 &amp; BPC157"}]},{"@type":"WebSite","@id":"https:\/\/asteralabs.org\/sv\/#website","url":"https:\/\/asteralabs.org\/sv\/","name":"Astera Labs","description":"Improve Your Quality Of Life","publisher":{"@id":"https:\/\/asteralabs.org\/sv\/#organization"},"potentialAction":[{"@type":"SearchAction","target":{"@type":"EntryPoint","urlTemplate":"https:\/\/asteralabs.org\/sv\/?s={search_term_string}"},"query-input":"required name=search_term_string"}],"inLanguage":"sv-SE"},{"@type":"Organization","@id":"https:\/\/asteralabs.org\/sv\/#organization","name":"Astera Labs","url":"https:\/\/asteralabs.org\/sv\/","logo":{"@type":"ImageObject","inLanguage":"sv-SE","@id":"https:\/\/asteralabs.org\/sv\/#\/schema\/logo\/image\/","url":"https:\/\/asteralabs.org\/wp-content\/uploads\/2022\/12\/astera-2.png","contentUrl":"https:\/\/asteralabs.org\/wp-content\/uploads\/2022\/12\/astera-2.png","width":437,"height":111,"caption":"Astera Labs"},"image":{"@id":"https:\/\/asteralabs.org\/sv\/#\/schema\/logo\/image\/"}}]}},"_links":{"self":[{"href":"https:\/\/asteralabs.org\/sv\/wp-json\/wp\/v2\/product\/78007"}],"collection":[{"href":"https:\/\/asteralabs.org\/sv\/wp-json\/wp\/v2\/product"}],"about":[{"href":"https:\/\/asteralabs.org\/sv\/wp-json\/wp\/v2\/types\/product"}],"replies":[{"embeddable":true,"href":"https:\/\/asteralabs.org\/sv\/wp-json\/wp\/v2\/comments?post=78007"}],"version-history":[{"count":2,"href":"https:\/\/asteralabs.org\/sv\/wp-json\/wp\/v2\/product\/78007\/revisions"}],"predecessor-version":[{"id":79171,"href":"https:\/\/asteralabs.org\/sv\/wp-json\/wp\/v2\/product\/78007\/revisions\/79171"}],"wp:featuredmedia":[{"embeddable":true,"href":"https:\/\/asteralabs.org\/sv\/wp-json\/wp\/v2\/media\/76526"}],"wp:attachment":[{"href":"https:\/\/asteralabs.org\/sv\/wp-json\/wp\/v2\/media?parent=78007"}],"wp:term":[{"taxonomy":"product_cat","embeddable":true,"href":"https:\/\/asteralabs.org\/sv\/wp-json\/wp\/v2\/product_cat?post=78007"},{"taxonomy":"product_tag","embeddable":true,"href":"https:\/\/asteralabs.org\/sv\/wp-json\/wp\/v2\/product_tag?post=78007"}],"curies":[{"name":"wp","href":"https:\/\/api.w.org\/{rel}","templated":true}]}}