{"id":78014,"date":"2023-09-07T12:45:54","date_gmt":"2023-09-07T12:45:54","guid":{"rendered":"https:\/\/asteralabs.org\/product\/melanotan-2\/"},"modified":"2026-01-15T07:59:13","modified_gmt":"2026-01-15T07:59:13","slug":"melanotan-2","status":"publish","type":"product","link":"https:\/\/asteralabs.org\/sv\/product\/melanotan-2\/","title":{"rendered":"Melanotan 2"},"content":{"rendered":"<p><strong>DOSERING<\/strong>: Melanotan II Peptidhormon, 10 mg per injektionsflaska<\/p>\n<p><strong>PAKETETS INNEH\u00c5LL:<\/strong><\/p>\n<p>1 injektionsflaska inneh\u00e5llande 10 mg injicerbar peptidl\u00f6sning<\/p>\n<p><strong>VAD \u00c4R DET?<\/strong><\/p>\n<p>Melanotan II \u00e4r en syntetisk analog av peptidhormonet alfa-melanocytstimulerande hormon (\u03b1-MSH), som fr\u00e4mst \u00e4r ansvarigt f\u00f6r att fr\u00e4mja solbr\u00e4nna i huden genom att stimulera melaninproduktionen. Denna peptid f\u00f6rb\u00e4ttrar inte bara hudpigmenteringen utan uppvisar ocks\u00e5 andra anm\u00e4rkningsv\u00e4rda f\u00f6rdelar. Den har afrodisiakumegenskaper som positivt p\u00e5verkar libido och sexuell funktion. Dessutom \u00e4r Melanotan II k\u00e4nt f\u00f6r att ha en mild fettmobiliserande effekt, vilket g\u00f6r det till ett m\u00e5ngsidigt alternativ f\u00f6r dem som s\u00f6ker f\u00f6rb\u00e4ttringar i kroppsestetik och sammans\u00e4ttning.<\/p>\n<p><strong>HUR MAN ANV\u00c4NDER:<\/strong><\/p>\n<p>F\u00f6r optimalt resultat ska Melanotan II administreras enligt f\u00f6ljande protokoll:<\/p>\n<ul>\n<li>Inledande fas: B\u00f6rja med en daglig dos p\u00e5 300 mcg under 1 till 2 veckor. Denna l\u00e4gre startdos hj\u00e4lper kroppen att anpassa sig till peptiden samtidigt som den minimerar potentiella biverkningar som illam\u00e5ende.<\/li>\n<li>Underh\u00e5llsfas: Efter den inledande perioden \u00f6verg\u00e5r du till en underh\u00e5llsdos p\u00e5 500 mcg tv\u00e5 g\u00e5nger i veckan f\u00f6r att beh\u00e5lla de \u00f6nskade effekterna.<\/li>\n<\/ul>\n<p>&nbsp;<\/p>\n<p>Melanotan II-injektionerna administreras subkutant i fettv\u00e4vnaden, vanligen i bukregionen. Det \u00e4r s\u00e4rskilt viktigt att b\u00f6rja med l\u00e4gre doser f\u00f6r att f\u00f6rb\u00e4ttra toleransen och minska sannolikheten f\u00f6r illam\u00e5ende. <strong><br \/>\nBATCHINFORMATION:<br \/>\n<\/strong>Batch nr: <span data-sheets-root=\"1\">ES67269<\/span><br \/>\nTillverkningsdatum: 10<span data-sheets-root=\"1\" data-sheets-value=\"{&quot;1&quot;:2,&quot;2&quot;:&quot;03.2023.&quot;}\" data-sheets-userformat=\"{&quot;2&quot;:577,&quot;3&quot;:{&quot;1&quot;:0},&quot;9&quot;:0,&quot;12&quot;:0}\">.2025.<\/span><br \/>\nUtg\u00e5ngsdatum: 10<span data-sheets-root=\"1\" data-sheets-value=\"{&quot;1&quot;:2,&quot;2&quot;:&quot;03.2026.&quot;}\" data-sheets-userformat=\"{&quot;2&quot;:637,&quot;3&quot;:{&quot;1&quot;:0},&quot;5&quot;:{&quot;1&quot;:[{&quot;1&quot;:2,&quot;2&quot;:0,&quot;5&quot;:{&quot;1&quot;:2,&quot;2&quot;:0}},{&quot;1&quot;:0,&quot;2&quot;:0,&quot;3&quot;:3},{&quot;1&quot;:1,&quot;2&quot;:0,&quot;4&quot;:1}]},&quot;6&quot;:{&quot;1&quot;:[{&quot;1&quot;:2,&quot;2&quot;:0,&quot;5&quot;:{&quot;1&quot;:2,&quot;2&quot;:0}},{&quot;1&quot;:0,&quot;2&quot;:0,&quot;3&quot;:3},{&quot;1&quot;:1,&quot;2&quot;:0,&quot;4&quot;:1}]},&quot;7&quot;:{&quot;1&quot;:[{&quot;1&quot;:2,&quot;2&quot;:0,&quot;5&quot;:{&quot;1&quot;:2,&quot;2&quot;:0}},{&quot;1&quot;:0,&quot;2&quot;:0,&quot;3&quot;:3},{&quot;1&quot;:1,&quot;2&quot;:0,&quot;4&quot;:1}]},&quot;8&quot;:{&quot;1&quot;:[{&quot;1&quot;:2,&quot;2&quot;:0,&quot;5&quot;:{&quot;1&quot;:2,&quot;2&quot;:0}},{&quot;1&quot;:0,&quot;2&quot;:0,&quot;3&quot;:3},{&quot;1&quot;:1,&quot;2&quot;:0,&quot;4&quot;:1}]},&quot;9&quot;:0,&quot;12&quot;:0}\">.2028.<\/span><\/p>\n","protected":false},"excerpt":{"rendered":"<p>DOSERING: Melanotan II Peptidhormon, 10 mg per injektionsflaska PAKETETS INNEH\u00c5LL: 1 injektionsflaska inneh\u00e5llande 10 mg injicerbar peptidl\u00f6sning VAD \u00c4R DET? Melanotan II \u00e4r en syntetisk analog av peptidhormonet alfa-melanocytstimulerande hormon (\u03b1-MSH), som fr\u00e4mst \u00e4r ansvarigt f\u00f6r att fr\u00e4mja solbr\u00e4nna i huden genom att stimulera melaninproduktionen. Denna peptid f\u00f6rb\u00e4ttrar inte bara hudpigmenteringen utan uppvisar ocks\u00e5 andra&hellip;<\/p>\n","protected":false},"featured_media":76518,"comment_status":"closed","ping_status":"closed","template":"","meta":[],"product_cat":[171,191],"product_tag":[],"yoast_head":"<!-- This site is optimized with the Yoast SEO plugin v23.0 - https:\/\/yoast.com\/wordpress\/plugins\/seo\/ -->\n<title>Melanotan 2 - Astera Labs<\/title>\n<meta name=\"robots\" content=\"index, follow, max-snippet:-1, max-image-preview:large, max-video-preview:-1\" \/>\n<link rel=\"canonical\" href=\"https:\/\/asteralabs.org\/sv\/product\/melanotan-2\/\" \/>\n<meta property=\"og:locale\" content=\"sv_SE\" \/>\n<meta property=\"og:type\" content=\"article\" \/>\n<meta property=\"og:title\" content=\"Melanotan 2 - Astera Labs\" \/>\n<meta property=\"og:description\" content=\"DOSERING: Melanotan II Peptidhormon, 10 mg per injektionsflaska PAKETETS INNEH\u00c5LL: 1 injektionsflaska inneh\u00e5llande 10 mg injicerbar peptidl\u00f6sning VAD \u00c4R DET? Melanotan II \u00e4r en syntetisk analog av peptidhormonet alfa-melanocytstimulerande hormon (\u03b1-MSH), som fr\u00e4mst \u00e4r ansvarigt f\u00f6r att fr\u00e4mja solbr\u00e4nna i huden genom att stimulera melaninproduktionen. Denna peptid f\u00f6rb\u00e4ttrar inte bara hudpigmenteringen utan uppvisar ocks\u00e5 andra&hellip;\" \/>\n<meta property=\"og:url\" content=\"https:\/\/asteralabs.org\/sv\/product\/melanotan-2\/\" \/>\n<meta property=\"og:site_name\" content=\"Astera Labs\" \/>\n<meta property=\"article:modified_time\" content=\"2026-01-15T07:59:13+00:00\" \/>\n<meta property=\"og:image\" content=\"https:\/\/asteralabs.org\/wp-content\/uploads\/2023\/09\/Melanotan2-vial-front-noBG.png\" \/>\n\t<meta property=\"og:image:width\" content=\"2000\" \/>\n\t<meta property=\"og:image:height\" content=\"2000\" \/>\n\t<meta property=\"og:image:type\" content=\"image\/png\" \/>\n<meta name=\"twitter:card\" content=\"summary_large_image\" \/>\n<script type=\"application\/ld+json\" class=\"yoast-schema-graph\">{\"@context\":\"https:\/\/schema.org\",\"@graph\":[{\"@type\":\"WebPage\",\"@id\":\"https:\/\/asteralabs.org\/sv\/product\/melanotan-2\/\",\"url\":\"https:\/\/asteralabs.org\/sv\/product\/melanotan-2\/\",\"name\":\"Melanotan 2 - Astera Labs\",\"isPartOf\":{\"@id\":\"https:\/\/asteralabs.org\/sv\/#website\"},\"primaryImageOfPage\":{\"@id\":\"https:\/\/asteralabs.org\/sv\/product\/melanotan-2\/#primaryimage\"},\"image\":{\"@id\":\"https:\/\/asteralabs.org\/sv\/product\/melanotan-2\/#primaryimage\"},\"thumbnailUrl\":\"https:\/\/asteralabs.org\/wp-content\/uploads\/2023\/09\/Melanotan2-vial-front-noBG.png\",\"datePublished\":\"2023-09-07T12:45:54+00:00\",\"dateModified\":\"2026-01-15T07:59:13+00:00\",\"breadcrumb\":{\"@id\":\"https:\/\/asteralabs.org\/sv\/product\/melanotan-2\/#breadcrumb\"},\"inLanguage\":\"sv-SE\",\"potentialAction\":[{\"@type\":\"ReadAction\",\"target\":[\"https:\/\/asteralabs.org\/sv\/product\/melanotan-2\/\"]}]},{\"@type\":\"ImageObject\",\"inLanguage\":\"sv-SE\",\"@id\":\"https:\/\/asteralabs.org\/sv\/product\/melanotan-2\/#primaryimage\",\"url\":\"https:\/\/asteralabs.org\/wp-content\/uploads\/2023\/09\/Melanotan2-vial-front-noBG.png\",\"contentUrl\":\"https:\/\/asteralabs.org\/wp-content\/uploads\/2023\/09\/Melanotan2-vial-front-noBG.png\",\"width\":2000,\"height\":2000},{\"@type\":\"BreadcrumbList\",\"@id\":\"https:\/\/asteralabs.org\/sv\/product\/melanotan-2\/#breadcrumb\",\"itemListElement\":[{\"@type\":\"ListItem\",\"position\":1,\"name\":\"Home\",\"item\":\"https:\/\/asteralabs.org\/sv\/\"},{\"@type\":\"ListItem\",\"position\":2,\"name\":\"Butik\",\"item\":\"https:\/\/asteralabs.org\/butik\/\"},{\"@type\":\"ListItem\",\"position\":3,\"name\":\"Melanotan 2\"}]},{\"@type\":\"WebSite\",\"@id\":\"https:\/\/asteralabs.org\/sv\/#website\",\"url\":\"https:\/\/asteralabs.org\/sv\/\",\"name\":\"Astera Labs\",\"description\":\"Improve Your Quality Of Life\",\"publisher\":{\"@id\":\"https:\/\/asteralabs.org\/sv\/#organization\"},\"potentialAction\":[{\"@type\":\"SearchAction\",\"target\":{\"@type\":\"EntryPoint\",\"urlTemplate\":\"https:\/\/asteralabs.org\/sv\/?s={search_term_string}\"},\"query-input\":\"required name=search_term_string\"}],\"inLanguage\":\"sv-SE\"},{\"@type\":\"Organization\",\"@id\":\"https:\/\/asteralabs.org\/sv\/#organization\",\"name\":\"Astera Labs\",\"url\":\"https:\/\/asteralabs.org\/sv\/\",\"logo\":{\"@type\":\"ImageObject\",\"inLanguage\":\"sv-SE\",\"@id\":\"https:\/\/asteralabs.org\/sv\/#\/schema\/logo\/image\/\",\"url\":\"https:\/\/asteralabs.org\/wp-content\/uploads\/2022\/12\/astera-2.png\",\"contentUrl\":\"https:\/\/asteralabs.org\/wp-content\/uploads\/2022\/12\/astera-2.png\",\"width\":437,\"height\":111,\"caption\":\"Astera Labs\"},\"image\":{\"@id\":\"https:\/\/asteralabs.org\/sv\/#\/schema\/logo\/image\/\"}}]}<\/script>\n<!-- \/ Yoast SEO plugin. -->","yoast_head_json":{"title":"Melanotan 2 - Astera Labs","robots":{"index":"index","follow":"follow","max-snippet":"max-snippet:-1","max-image-preview":"max-image-preview:large","max-video-preview":"max-video-preview:-1"},"canonical":"https:\/\/asteralabs.org\/sv\/product\/melanotan-2\/","og_locale":"sv_SE","og_type":"article","og_title":"Melanotan 2 - Astera Labs","og_description":"DOSERING: Melanotan II Peptidhormon, 10 mg per injektionsflaska PAKETETS INNEH\u00c5LL: 1 injektionsflaska inneh\u00e5llande 10 mg injicerbar peptidl\u00f6sning VAD \u00c4R DET? Melanotan II \u00e4r en syntetisk analog av peptidhormonet alfa-melanocytstimulerande hormon (\u03b1-MSH), som fr\u00e4mst \u00e4r ansvarigt f\u00f6r att fr\u00e4mja solbr\u00e4nna i huden genom att stimulera melaninproduktionen. Denna peptid f\u00f6rb\u00e4ttrar inte bara hudpigmenteringen utan uppvisar ocks\u00e5 andra&hellip;","og_url":"https:\/\/asteralabs.org\/sv\/product\/melanotan-2\/","og_site_name":"Astera Labs","article_modified_time":"2026-01-15T07:59:13+00:00","og_image":[{"width":2000,"height":2000,"url":"https:\/\/asteralabs.org\/wp-content\/uploads\/2023\/09\/Melanotan2-vial-front-noBG.png","type":"image\/png"}],"twitter_card":"summary_large_image","schema":{"@context":"https:\/\/schema.org","@graph":[{"@type":"WebPage","@id":"https:\/\/asteralabs.org\/sv\/product\/melanotan-2\/","url":"https:\/\/asteralabs.org\/sv\/product\/melanotan-2\/","name":"Melanotan 2 - Astera Labs","isPartOf":{"@id":"https:\/\/asteralabs.org\/sv\/#website"},"primaryImageOfPage":{"@id":"https:\/\/asteralabs.org\/sv\/product\/melanotan-2\/#primaryimage"},"image":{"@id":"https:\/\/asteralabs.org\/sv\/product\/melanotan-2\/#primaryimage"},"thumbnailUrl":"https:\/\/asteralabs.org\/wp-content\/uploads\/2023\/09\/Melanotan2-vial-front-noBG.png","datePublished":"2023-09-07T12:45:54+00:00","dateModified":"2026-01-15T07:59:13+00:00","breadcrumb":{"@id":"https:\/\/asteralabs.org\/sv\/product\/melanotan-2\/#breadcrumb"},"inLanguage":"sv-SE","potentialAction":[{"@type":"ReadAction","target":["https:\/\/asteralabs.org\/sv\/product\/melanotan-2\/"]}]},{"@type":"ImageObject","inLanguage":"sv-SE","@id":"https:\/\/asteralabs.org\/sv\/product\/melanotan-2\/#primaryimage","url":"https:\/\/asteralabs.org\/wp-content\/uploads\/2023\/09\/Melanotan2-vial-front-noBG.png","contentUrl":"https:\/\/asteralabs.org\/wp-content\/uploads\/2023\/09\/Melanotan2-vial-front-noBG.png","width":2000,"height":2000},{"@type":"BreadcrumbList","@id":"https:\/\/asteralabs.org\/sv\/product\/melanotan-2\/#breadcrumb","itemListElement":[{"@type":"ListItem","position":1,"name":"Home","item":"https:\/\/asteralabs.org\/sv\/"},{"@type":"ListItem","position":2,"name":"Butik","item":"https:\/\/asteralabs.org\/butik\/"},{"@type":"ListItem","position":3,"name":"Melanotan 2"}]},{"@type":"WebSite","@id":"https:\/\/asteralabs.org\/sv\/#website","url":"https:\/\/asteralabs.org\/sv\/","name":"Astera Labs","description":"Improve Your Quality Of Life","publisher":{"@id":"https:\/\/asteralabs.org\/sv\/#organization"},"potentialAction":[{"@type":"SearchAction","target":{"@type":"EntryPoint","urlTemplate":"https:\/\/asteralabs.org\/sv\/?s={search_term_string}"},"query-input":"required name=search_term_string"}],"inLanguage":"sv-SE"},{"@type":"Organization","@id":"https:\/\/asteralabs.org\/sv\/#organization","name":"Astera Labs","url":"https:\/\/asteralabs.org\/sv\/","logo":{"@type":"ImageObject","inLanguage":"sv-SE","@id":"https:\/\/asteralabs.org\/sv\/#\/schema\/logo\/image\/","url":"https:\/\/asteralabs.org\/wp-content\/uploads\/2022\/12\/astera-2.png","contentUrl":"https:\/\/asteralabs.org\/wp-content\/uploads\/2022\/12\/astera-2.png","width":437,"height":111,"caption":"Astera Labs"},"image":{"@id":"https:\/\/asteralabs.org\/sv\/#\/schema\/logo\/image\/"}}]}},"_links":{"self":[{"href":"https:\/\/asteralabs.org\/sv\/wp-json\/wp\/v2\/product\/78014"}],"collection":[{"href":"https:\/\/asteralabs.org\/sv\/wp-json\/wp\/v2\/product"}],"about":[{"href":"https:\/\/asteralabs.org\/sv\/wp-json\/wp\/v2\/types\/product"}],"replies":[{"embeddable":true,"href":"https:\/\/asteralabs.org\/sv\/wp-json\/wp\/v2\/comments?post=78014"}],"version-history":[{"count":2,"href":"https:\/\/asteralabs.org\/sv\/wp-json\/wp\/v2\/product\/78014\/revisions"}],"predecessor-version":[{"id":79189,"href":"https:\/\/asteralabs.org\/sv\/wp-json\/wp\/v2\/product\/78014\/revisions\/79189"}],"wp:featuredmedia":[{"embeddable":true,"href":"https:\/\/asteralabs.org\/sv\/wp-json\/wp\/v2\/media\/76518"}],"wp:attachment":[{"href":"https:\/\/asteralabs.org\/sv\/wp-json\/wp\/v2\/media?parent=78014"}],"wp:term":[{"taxonomy":"product_cat","embeddable":true,"href":"https:\/\/asteralabs.org\/sv\/wp-json\/wp\/v2\/product_cat?post=78014"},{"taxonomy":"product_tag","embeddable":true,"href":"https:\/\/asteralabs.org\/sv\/wp-json\/wp\/v2\/product_tag?post=78014"}],"curies":[{"name":"wp","href":"https:\/\/api.w.org\/{rel}","templated":true}]}}