{"id":78019,"date":"2023-09-07T12:40:11","date_gmt":"2023-09-07T12:40:11","guid":{"rendered":"https:\/\/asteralabs.org\/product\/hgh-manskligt-tillvaxthormon\/"},"modified":"2026-01-15T10:35:50","modified_gmt":"2026-01-15T10:35:50","slug":"hgh-manskligt-tillvaxthormon","status":"publish","type":"product","link":"https:\/\/asteralabs.org\/sv\/product\/hgh-manskligt-tillvaxthormon\/","title":{"rendered":"HGH (m\u00e4nskligt tillv\u00e4xthormon)"},"content":{"rendered":"\t\t<div data-elementor-type=\"product-post\" data-elementor-id=\"78019\" class=\"elementor elementor-78019 elementor-73703\" data-elementor-post-type=\"product\">\n\t\t\t\t\t\t\t\t\t<section class=\"elementor-section elementor-top-section elementor-element elementor-element-47cc887b elementor-section-boxed elementor-section-height-default elementor-section-height-default\" data-id=\"47cc887b\" data-element_type=\"section\">\n\t\t\t\t\t\t<div class=\"elementor-container elementor-column-gap-default\">\n\t\t\t\t\t<div class=\"elementor-column elementor-col-100 elementor-top-column elementor-element elementor-element-3276811a\" data-id=\"3276811a\" data-element_type=\"column\">\n\t\t\t<div class=\"elementor-widget-wrap elementor-element-populated\">\n\t\t\t\t\t\t\t\t<div class=\"elementor-element elementor-element-42b9210a elementor-widget elementor-widget-text-editor\" data-id=\"42b9210a\" data-element_type=\"widget\" data-widget_type=\"text-editor.default\">\n\t\t\t\t<div class=\"elementor-widget-container\">\n\t\t\t\t\t\t\t<p><strong>DOSAGE<\/strong>:<\/p><p>Human Growth Hormone (HGH), 16 IU per vial<\/p><p><strong>PACKAGE CONTENT:<\/strong><\/p><p>10 vials, each containing 16 IU of injectable solution<\/p><p><strong>WHAT IS IT:<\/strong><\/p><p>Human Growth Hormone (HGH) is a naturally occurring hormone produced by the pituitary gland, essential for growth, development, and tissue regeneration. Synthetic HGH, identical to the natural hormone, is used to treat growth disorders in children and hormone deficiencies in adults. It is also sought after for its potential benefits in muscle growth, fat loss, and anti-aging. HGH supports muscle development, promotes fat breakdown, enhances bone density, and aids in the repair of connective tissues, making it a versatile hormone for health and performance optimization.<\/p><p><strong>HOW TO USE:<\/strong><\/p><ul><li>For General Use:<\/li><\/ul><p>Typical dosages range from 1\u20134 IU per day. Lower doses (1-2IUs) are often used for anti-aging or wellness, while higher doses (3-10IUs) may be prescribed for therapeutic or performance-enhancing purposes, for example 3IUs would be used for fat burning purposes, and 4-8IUs for mass gaining purposes.<\/p><ul><li>Administration:<\/li><\/ul><p>HGH is administered via subcutaneous injection into the fatty tissue of the abdomen, thighs, or buttocks.<\/p><ul><li>Timing:<\/li><\/ul><p>Injections are typically given in the morning or before bedtime to align with the body\u2019s natural secretion patterns, optimizing its effects, if the dosage is above 2IU it should be divided equally between morning and bedtime, also it should be injected on an empty stomach.<br \/><strong><br \/>BATCH INFORMATION:<br \/><\/strong>Batch No: <span data-sheets-root=\"1\">IT47260<\/span><br \/>Manufacturing date: 10<span data-sheets-root=\"1\" data-sheets-value=\"{&quot;1&quot;:2,&quot;2&quot;:&quot;03.2023.&quot;}\" data-sheets-userformat=\"{&quot;2&quot;:577,&quot;3&quot;:{&quot;1&quot;:0},&quot;9&quot;:0,&quot;12&quot;:0}\">.2025.<\/span><br \/>Expiry date: <span data-sheets-root=\"1\" data-sheets-value=\"{&quot;1&quot;:2,&quot;2&quot;:&quot;03.2026.&quot;}\" data-sheets-userformat=\"{&quot;2&quot;:637,&quot;3&quot;:{&quot;1&quot;:0},&quot;5&quot;:{&quot;1&quot;:[{&quot;1&quot;:2,&quot;2&quot;:0,&quot;5&quot;:{&quot;1&quot;:2,&quot;2&quot;:0}},{&quot;1&quot;:0,&quot;2&quot;:0,&quot;3&quot;:3},{&quot;1&quot;:1,&quot;2&quot;:0,&quot;4&quot;:1}]},&quot;6&quot;:{&quot;1&quot;:[{&quot;1&quot;:2,&quot;2&quot;:0,&quot;5&quot;:{&quot;1&quot;:2,&quot;2&quot;:0}},{&quot;1&quot;:0,&quot;2&quot;:0,&quot;3&quot;:3},{&quot;1&quot;:1,&quot;2&quot;:0,&quot;4&quot;:1}]},&quot;7&quot;:{&quot;1&quot;:[{&quot;1&quot;:2,&quot;2&quot;:0,&quot;5&quot;:{&quot;1&quot;:2,&quot;2&quot;:0}},{&quot;1&quot;:0,&quot;2&quot;:0,&quot;3&quot;:3},{&quot;1&quot;:1,&quot;2&quot;:0,&quot;4&quot;:1}]},&quot;8&quot;:{&quot;1&quot;:[{&quot;1&quot;:2,&quot;2&quot;:0,&quot;5&quot;:{&quot;1&quot;:2,&quot;2&quot;:0}},{&quot;1&quot;:0,&quot;2&quot;:0,&quot;3&quot;:3},{&quot;1&quot;:1,&quot;2&quot;:0,&quot;4&quot;:1}]},&quot;9&quot;:0,&quot;12&quot;:0}\">10.2028.<\/span><\/p>\t\t\t\t\t\t<\/div>\n\t\t\t\t<\/div>\n\t\t\t\t\t<\/div>\n\t\t<\/div>\n\t\t\t\t\t\t\t<\/div>\n\t\t<\/section>\n\t\t\t\t\t\t\t<\/div>\n\t\t","protected":false},"excerpt":{"rendered":"<p>DOSERING: Human Growth Hormone (HGH), 16 IE per injektionsflaska PAKETETS INNEH\u00c5LL: 10 injektionsflaskor, var och en inneh\u00e5llande 16 IE injicerbar l\u00f6sning VAD \u00c4R DET? Human Growth Hormone (HGH) \u00e4r ett naturligt f\u00f6rekommande hormon som produceras av hypofysen och som \u00e4r viktigt f\u00f6r tillv\u00e4xt, utveckling och v\u00e4vnadsregenerering. Syntetisk HGH, identisk med det naturliga hormonet, anv\u00e4nds f\u00f6r&hellip;<\/p>\n","protected":false},"featured_media":80480,"comment_status":"closed","ping_status":"closed","template":"","meta":[],"product_cat":[171,191],"product_tag":[],"yoast_head":"<!-- This site is optimized with the Yoast SEO plugin v23.0 - https:\/\/yoast.com\/wordpress\/plugins\/seo\/ -->\n<title>HGH (m\u00e4nskligt tillv\u00e4xthormon) - Astera Labs<\/title>\n<meta name=\"robots\" content=\"index, follow, max-snippet:-1, max-image-preview:large, max-video-preview:-1\" \/>\n<link rel=\"canonical\" href=\"https:\/\/asteralabs.org\/sv\/product\/hgh-manskligt-tillvaxthormon\/\" \/>\n<meta property=\"og:locale\" content=\"sv_SE\" \/>\n<meta property=\"og:type\" content=\"article\" \/>\n<meta property=\"og:title\" content=\"HGH (m\u00e4nskligt tillv\u00e4xthormon) - Astera Labs\" \/>\n<meta property=\"og:description\" content=\"DOSERING: Human Growth Hormone (HGH), 16 IE per injektionsflaska PAKETETS INNEH\u00c5LL: 10 injektionsflaskor, var och en inneh\u00e5llande 16 IE injicerbar l\u00f6sning VAD \u00c4R DET? Human Growth Hormone (HGH) \u00e4r ett naturligt f\u00f6rekommande hormon som produceras av hypofysen och som \u00e4r viktigt f\u00f6r tillv\u00e4xt, utveckling och v\u00e4vnadsregenerering. Syntetisk HGH, identisk med det naturliga hormonet, anv\u00e4nds f\u00f6r&hellip;\" \/>\n<meta property=\"og:url\" content=\"https:\/\/asteralabs.org\/sv\/product\/hgh-manskligt-tillvaxthormon\/\" \/>\n<meta property=\"og:site_name\" content=\"Astera Labs\" \/>\n<meta property=\"article:modified_time\" content=\"2026-01-15T10:35:50+00:00\" \/>\n<meta property=\"og:image\" content=\"https:\/\/asteralabs.org\/wp-content\/uploads\/2023\/09\/HGH-human-growth-hormone-vial-front-noBG.png\" \/>\n\t<meta property=\"og:image:width\" content=\"2000\" \/>\n\t<meta property=\"og:image:height\" content=\"2000\" \/>\n\t<meta property=\"og:image:type\" content=\"image\/png\" \/>\n<meta name=\"twitter:card\" content=\"summary_large_image\" \/>\n<script type=\"application\/ld+json\" class=\"yoast-schema-graph\">{\"@context\":\"https:\/\/schema.org\",\"@graph\":[{\"@type\":\"WebPage\",\"@id\":\"https:\/\/asteralabs.org\/sv\/product\/hgh-manskligt-tillvaxthormon\/\",\"url\":\"https:\/\/asteralabs.org\/sv\/product\/hgh-manskligt-tillvaxthormon\/\",\"name\":\"HGH (m\u00e4nskligt tillv\u00e4xthormon) - Astera Labs\",\"isPartOf\":{\"@id\":\"https:\/\/asteralabs.org\/sv\/#website\"},\"primaryImageOfPage\":{\"@id\":\"https:\/\/asteralabs.org\/sv\/product\/hgh-manskligt-tillvaxthormon\/#primaryimage\"},\"image\":{\"@id\":\"https:\/\/asteralabs.org\/sv\/product\/hgh-manskligt-tillvaxthormon\/#primaryimage\"},\"thumbnailUrl\":\"https:\/\/asteralabs.org\/wp-content\/uploads\/2023\/09\/HGH-human-growth-hormone-vial-front-noBG-FIXED.png\",\"datePublished\":\"2023-09-07T12:40:11+00:00\",\"dateModified\":\"2026-01-15T10:35:50+00:00\",\"breadcrumb\":{\"@id\":\"https:\/\/asteralabs.org\/sv\/product\/hgh-manskligt-tillvaxthormon\/#breadcrumb\"},\"inLanguage\":\"sv-SE\",\"potentialAction\":[{\"@type\":\"ReadAction\",\"target\":[\"https:\/\/asteralabs.org\/sv\/product\/hgh-manskligt-tillvaxthormon\/\"]}]},{\"@type\":\"ImageObject\",\"inLanguage\":\"sv-SE\",\"@id\":\"https:\/\/asteralabs.org\/sv\/product\/hgh-manskligt-tillvaxthormon\/#primaryimage\",\"url\":\"https:\/\/asteralabs.org\/wp-content\/uploads\/2023\/09\/HGH-human-growth-hormone-vial-front-noBG-FIXED.png\",\"contentUrl\":\"https:\/\/asteralabs.org\/wp-content\/uploads\/2023\/09\/HGH-human-growth-hormone-vial-front-noBG-FIXED.png\",\"width\":2000,\"height\":2000},{\"@type\":\"BreadcrumbList\",\"@id\":\"https:\/\/asteralabs.org\/sv\/product\/hgh-manskligt-tillvaxthormon\/#breadcrumb\",\"itemListElement\":[{\"@type\":\"ListItem\",\"position\":1,\"name\":\"Home\",\"item\":\"https:\/\/asteralabs.org\/sv\/\"},{\"@type\":\"ListItem\",\"position\":2,\"name\":\"Butik\",\"item\":\"https:\/\/asteralabs.org\/butik\/\"},{\"@type\":\"ListItem\",\"position\":3,\"name\":\"HGH (m\u00e4nskligt tillv\u00e4xthormon)\"}]},{\"@type\":\"WebSite\",\"@id\":\"https:\/\/asteralabs.org\/sv\/#website\",\"url\":\"https:\/\/asteralabs.org\/sv\/\",\"name\":\"Astera Labs\",\"description\":\"Improve Your Quality Of Life\",\"publisher\":{\"@id\":\"https:\/\/asteralabs.org\/sv\/#organization\"},\"potentialAction\":[{\"@type\":\"SearchAction\",\"target\":{\"@type\":\"EntryPoint\",\"urlTemplate\":\"https:\/\/asteralabs.org\/sv\/?s={search_term_string}\"},\"query-input\":\"required name=search_term_string\"}],\"inLanguage\":\"sv-SE\"},{\"@type\":\"Organization\",\"@id\":\"https:\/\/asteralabs.org\/sv\/#organization\",\"name\":\"Astera Labs\",\"url\":\"https:\/\/asteralabs.org\/sv\/\",\"logo\":{\"@type\":\"ImageObject\",\"inLanguage\":\"sv-SE\",\"@id\":\"https:\/\/asteralabs.org\/sv\/#\/schema\/logo\/image\/\",\"url\":\"https:\/\/asteralabs.org\/wp-content\/uploads\/2022\/12\/astera-2.png\",\"contentUrl\":\"https:\/\/asteralabs.org\/wp-content\/uploads\/2022\/12\/astera-2.png\",\"width\":437,\"height\":111,\"caption\":\"Astera Labs\"},\"image\":{\"@id\":\"https:\/\/asteralabs.org\/sv\/#\/schema\/logo\/image\/\"}}]}<\/script>\n<!-- \/ Yoast SEO plugin. -->","yoast_head_json":{"title":"HGH (m\u00e4nskligt tillv\u00e4xthormon) - Astera Labs","robots":{"index":"index","follow":"follow","max-snippet":"max-snippet:-1","max-image-preview":"max-image-preview:large","max-video-preview":"max-video-preview:-1"},"canonical":"https:\/\/asteralabs.org\/sv\/product\/hgh-manskligt-tillvaxthormon\/","og_locale":"sv_SE","og_type":"article","og_title":"HGH (m\u00e4nskligt tillv\u00e4xthormon) - Astera Labs","og_description":"DOSERING: Human Growth Hormone (HGH), 16 IE per injektionsflaska PAKETETS INNEH\u00c5LL: 10 injektionsflaskor, var och en inneh\u00e5llande 16 IE injicerbar l\u00f6sning VAD \u00c4R DET? Human Growth Hormone (HGH) \u00e4r ett naturligt f\u00f6rekommande hormon som produceras av hypofysen och som \u00e4r viktigt f\u00f6r tillv\u00e4xt, utveckling och v\u00e4vnadsregenerering. Syntetisk HGH, identisk med det naturliga hormonet, anv\u00e4nds f\u00f6r&hellip;","og_url":"https:\/\/asteralabs.org\/sv\/product\/hgh-manskligt-tillvaxthormon\/","og_site_name":"Astera Labs","article_modified_time":"2026-01-15T10:35:50+00:00","og_image":[{"width":2000,"height":2000,"url":"https:\/\/asteralabs.org\/wp-content\/uploads\/2023\/09\/HGH-human-growth-hormone-vial-front-noBG.png","type":"image\/png"}],"twitter_card":"summary_large_image","schema":{"@context":"https:\/\/schema.org","@graph":[{"@type":"WebPage","@id":"https:\/\/asteralabs.org\/sv\/product\/hgh-manskligt-tillvaxthormon\/","url":"https:\/\/asteralabs.org\/sv\/product\/hgh-manskligt-tillvaxthormon\/","name":"HGH (m\u00e4nskligt tillv\u00e4xthormon) - Astera Labs","isPartOf":{"@id":"https:\/\/asteralabs.org\/sv\/#website"},"primaryImageOfPage":{"@id":"https:\/\/asteralabs.org\/sv\/product\/hgh-manskligt-tillvaxthormon\/#primaryimage"},"image":{"@id":"https:\/\/asteralabs.org\/sv\/product\/hgh-manskligt-tillvaxthormon\/#primaryimage"},"thumbnailUrl":"https:\/\/asteralabs.org\/wp-content\/uploads\/2023\/09\/HGH-human-growth-hormone-vial-front-noBG-FIXED.png","datePublished":"2023-09-07T12:40:11+00:00","dateModified":"2026-01-15T10:35:50+00:00","breadcrumb":{"@id":"https:\/\/asteralabs.org\/sv\/product\/hgh-manskligt-tillvaxthormon\/#breadcrumb"},"inLanguage":"sv-SE","potentialAction":[{"@type":"ReadAction","target":["https:\/\/asteralabs.org\/sv\/product\/hgh-manskligt-tillvaxthormon\/"]}]},{"@type":"ImageObject","inLanguage":"sv-SE","@id":"https:\/\/asteralabs.org\/sv\/product\/hgh-manskligt-tillvaxthormon\/#primaryimage","url":"https:\/\/asteralabs.org\/wp-content\/uploads\/2023\/09\/HGH-human-growth-hormone-vial-front-noBG-FIXED.png","contentUrl":"https:\/\/asteralabs.org\/wp-content\/uploads\/2023\/09\/HGH-human-growth-hormone-vial-front-noBG-FIXED.png","width":2000,"height":2000},{"@type":"BreadcrumbList","@id":"https:\/\/asteralabs.org\/sv\/product\/hgh-manskligt-tillvaxthormon\/#breadcrumb","itemListElement":[{"@type":"ListItem","position":1,"name":"Home","item":"https:\/\/asteralabs.org\/sv\/"},{"@type":"ListItem","position":2,"name":"Butik","item":"https:\/\/asteralabs.org\/butik\/"},{"@type":"ListItem","position":3,"name":"HGH (m\u00e4nskligt tillv\u00e4xthormon)"}]},{"@type":"WebSite","@id":"https:\/\/asteralabs.org\/sv\/#website","url":"https:\/\/asteralabs.org\/sv\/","name":"Astera Labs","description":"Improve Your Quality Of Life","publisher":{"@id":"https:\/\/asteralabs.org\/sv\/#organization"},"potentialAction":[{"@type":"SearchAction","target":{"@type":"EntryPoint","urlTemplate":"https:\/\/asteralabs.org\/sv\/?s={search_term_string}"},"query-input":"required name=search_term_string"}],"inLanguage":"sv-SE"},{"@type":"Organization","@id":"https:\/\/asteralabs.org\/sv\/#organization","name":"Astera Labs","url":"https:\/\/asteralabs.org\/sv\/","logo":{"@type":"ImageObject","inLanguage":"sv-SE","@id":"https:\/\/asteralabs.org\/sv\/#\/schema\/logo\/image\/","url":"https:\/\/asteralabs.org\/wp-content\/uploads\/2022\/12\/astera-2.png","contentUrl":"https:\/\/asteralabs.org\/wp-content\/uploads\/2022\/12\/astera-2.png","width":437,"height":111,"caption":"Astera Labs"},"image":{"@id":"https:\/\/asteralabs.org\/sv\/#\/schema\/logo\/image\/"}}]}},"_links":{"self":[{"href":"https:\/\/asteralabs.org\/sv\/wp-json\/wp\/v2\/product\/78019"}],"collection":[{"href":"https:\/\/asteralabs.org\/sv\/wp-json\/wp\/v2\/product"}],"about":[{"href":"https:\/\/asteralabs.org\/sv\/wp-json\/wp\/v2\/types\/product"}],"replies":[{"embeddable":true,"href":"https:\/\/asteralabs.org\/sv\/wp-json\/wp\/v2\/comments?post=78019"}],"version-history":[{"count":2,"href":"https:\/\/asteralabs.org\/sv\/wp-json\/wp\/v2\/product\/78019\/revisions"}],"predecessor-version":[{"id":79480,"href":"https:\/\/asteralabs.org\/sv\/wp-json\/wp\/v2\/product\/78019\/revisions\/79480"}],"wp:featuredmedia":[{"embeddable":true,"href":"https:\/\/asteralabs.org\/sv\/wp-json\/wp\/v2\/media\/80480"}],"wp:attachment":[{"href":"https:\/\/asteralabs.org\/sv\/wp-json\/wp\/v2\/media?parent=78019"}],"wp:term":[{"taxonomy":"product_cat","embeddable":true,"href":"https:\/\/asteralabs.org\/sv\/wp-json\/wp\/v2\/product_cat?post=78019"},{"taxonomy":"product_tag","embeddable":true,"href":"https:\/\/asteralabs.org\/sv\/wp-json\/wp\/v2\/product_tag?post=78019"}],"curies":[{"name":"wp","href":"https:\/\/api.w.org\/{rel}","templated":true}]}}