{"id":78025,"date":"2023-09-07T12:39:07","date_gmt":"2023-09-07T12:39:07","guid":{"rendered":"https:\/\/asteralabs.org\/product\/hcg-humant-koriongonadotropin\/"},"modified":"2026-01-15T10:46:34","modified_gmt":"2026-01-15T10:46:34","slug":"hcg-humant-koriongonadotropin","status":"publish","type":"product","link":"https:\/\/asteralabs.org\/sv\/product\/hcg-humant-koriongonadotropin\/","title":{"rendered":"HCG (humant koriongonadotropin)"},"content":{"rendered":"<p><strong>DOSERING<\/strong>: Humant koriongonadotropin (HCG), 5000 IE per injektionsflaska<\/p>\n<p><strong>PAKETETS INNEH\u00c5LL:<\/strong><\/p>\n<p>1 injektionsflaska inneh\u00e5llande 5000 IE injicerbar l\u00f6sning<\/p>\n<p><strong>VAD \u00c4R DET?<\/strong><\/p>\n<p>Human Chorionic Gonadotropin (HCG) \u00e4r ett mycket effektivt injicerbart hormon som efterliknar funktionen av luteiniserande hormon (LH) i kroppen. Det anv\u00e4nds ofta f\u00f6r att st\u00f6dja fertilitet hos kvinnor, \u00e5terst\u00e4lla naturliga testosteronniv\u00e5er hos m\u00e4n med l\u00e5gt testosteron och f\u00f6rhindra testikelkrympning under anabola steroidcykler. HCG fr\u00e4mjar \u00e4gglossning, \u00f6kar testosteronproduktionen, uppr\u00e4tth\u00e5ller testikelfunktion, och f\u00f6rb\u00e4ttrar spermiernas kvalitet, vilket g\u00f6r det till ett v\u00e4rdefullt verktyg f\u00f6r reproduktiv h\u00e4lsa och hormonell balans b\u00e5de hos m\u00e4n och kvinnor.<\/p>\n<p><strong>HUR MAN ANV\u00c4NDER:<\/strong><\/p>\n<p>Den rekommenderade dosen av HCG beror p\u00e5 dess syfte:<\/p>\n<ul>\n<li>F\u00f6r fertilitet (kvinnor):<\/li>\n<\/ul>\n<p>HCG anv\u00e4nds f\u00f6r att utl\u00f6sa \u00e4gglossning hos kvinnor som genomg\u00e5r fertilitetsbehandling. Det typiska protokollet omfattar en enda intramuskul\u00e4r injektion p\u00e5 5 000-10 000 IE, som ges cirka 36 timmar f\u00f6re planerad intrauterin insemination (IUI) eller \u00e4gguttag f\u00f6r provr\u00f6rsbefruktning (IVF).<\/p>\n<ul>\n<li>F\u00f6r st\u00f6d vid fertilitet (m\u00e4n):<\/li>\n<\/ul>\n<p>En typisk dos varierar mellan 500-1000 IE, administrerad via intramuskul\u00e4r eller subkutan injektion, tv\u00e5 till tre g\u00e5nger i veckan. <strong>BATCHINFORMATION:<br \/>\n<\/strong>Batch nr: <span data-sheets-root=\"1\">GR69023<\/span><br \/>\nTillverkningsdatum: <span data-sheets-root=\"1\" data-sheets-value=\"{&quot;1&quot;:2,&quot;2&quot;:&quot;03.2023.&quot;}\" data-sheets-userformat=\"{&quot;2&quot;:577,&quot;3&quot;:{&quot;1&quot;:0},&quot;9&quot;:0,&quot;12&quot;:0}\">10.2025.<\/span><br \/>\nUtg\u00e5ngsdatum: 10<span data-sheets-root=\"1\" data-sheets-value=\"{&quot;1&quot;:2,&quot;2&quot;:&quot;03.2026.&quot;}\" data-sheets-userformat=\"{&quot;2&quot;:637,&quot;3&quot;:{&quot;1&quot;:0},&quot;5&quot;:{&quot;1&quot;:[{&quot;1&quot;:2,&quot;2&quot;:0,&quot;5&quot;:{&quot;1&quot;:2,&quot;2&quot;:0}},{&quot;1&quot;:0,&quot;2&quot;:0,&quot;3&quot;:3},{&quot;1&quot;:1,&quot;2&quot;:0,&quot;4&quot;:1}]},&quot;6&quot;:{&quot;1&quot;:[{&quot;1&quot;:2,&quot;2&quot;:0,&quot;5&quot;:{&quot;1&quot;:2,&quot;2&quot;:0}},{&quot;1&quot;:0,&quot;2&quot;:0,&quot;3&quot;:3},{&quot;1&quot;:1,&quot;2&quot;:0,&quot;4&quot;:1}]},&quot;7&quot;:{&quot;1&quot;:[{&quot;1&quot;:2,&quot;2&quot;:0,&quot;5&quot;:{&quot;1&quot;:2,&quot;2&quot;:0}},{&quot;1&quot;:0,&quot;2&quot;:0,&quot;3&quot;:3},{&quot;1&quot;:1,&quot;2&quot;:0,&quot;4&quot;:1}]},&quot;8&quot;:{&quot;1&quot;:[{&quot;1&quot;:2,&quot;2&quot;:0,&quot;5&quot;:{&quot;1&quot;:2,&quot;2&quot;:0}},{&quot;1&quot;:0,&quot;2&quot;:0,&quot;3&quot;:3},{&quot;1&quot;:1,&quot;2&quot;:0,&quot;4&quot;:1}]},&quot;9&quot;:0,&quot;12&quot;:0}\">.2028.<\/span><\/p>\n","protected":false},"excerpt":{"rendered":"<p>DOSERING: Humant koriongonadotropin (HCG), 5000 IE per injektionsflaska PAKETETS INNEH\u00c5LL: 1 injektionsflaska inneh\u00e5llande 5000 IE injicerbar l\u00f6sning VAD \u00c4R DET? Human Chorionic Gonadotropin (HCG) \u00e4r ett mycket effektivt injicerbart hormon som efterliknar funktionen av luteiniserande hormon (LH) i kroppen. Det anv\u00e4nds ofta f\u00f6r att st\u00f6dja fertilitet hos kvinnor, \u00e5terst\u00e4lla naturliga testosteronniv\u00e5er hos m\u00e4n med l\u00e5gt&hellip;<\/p>\n","protected":false},"featured_media":80471,"comment_status":"closed","ping_status":"closed","template":"","meta":[],"product_cat":[171,191],"product_tag":[],"yoast_head":"<!-- This site is optimized with the Yoast SEO plugin v23.0 - https:\/\/yoast.com\/wordpress\/plugins\/seo\/ -->\n<title>HCG (humant koriongonadotropin) - Astera Labs<\/title>\n<meta name=\"robots\" content=\"index, follow, max-snippet:-1, max-image-preview:large, max-video-preview:-1\" \/>\n<link rel=\"canonical\" href=\"https:\/\/asteralabs.org\/sv\/product\/hcg-humant-koriongonadotropin\/\" \/>\n<meta property=\"og:locale\" content=\"sv_SE\" \/>\n<meta property=\"og:type\" content=\"article\" \/>\n<meta property=\"og:title\" content=\"HCG (humant koriongonadotropin) - Astera Labs\" \/>\n<meta property=\"og:description\" content=\"DOSERING: Humant koriongonadotropin (HCG), 5000 IE per injektionsflaska PAKETETS INNEH\u00c5LL: 1 injektionsflaska inneh\u00e5llande 5000 IE injicerbar l\u00f6sning VAD \u00c4R DET? Human Chorionic Gonadotropin (HCG) \u00e4r ett mycket effektivt injicerbart hormon som efterliknar funktionen av luteiniserande hormon (LH) i kroppen. Det anv\u00e4nds ofta f\u00f6r att st\u00f6dja fertilitet hos kvinnor, \u00e5terst\u00e4lla naturliga testosteronniv\u00e5er hos m\u00e4n med l\u00e5gt&hellip;\" \/>\n<meta property=\"og:url\" content=\"https:\/\/asteralabs.org\/sv\/product\/hcg-humant-koriongonadotropin\/\" \/>\n<meta property=\"og:site_name\" content=\"Astera Labs\" \/>\n<meta property=\"article:modified_time\" content=\"2026-01-15T10:46:34+00:00\" \/>\n<meta property=\"og:image\" content=\"https:\/\/asteralabs.org\/wp-content\/uploads\/2023\/09\/HCG-vial-front-noBG.png\" \/>\n\t<meta property=\"og:image:width\" content=\"2000\" \/>\n\t<meta property=\"og:image:height\" content=\"2000\" \/>\n\t<meta property=\"og:image:type\" content=\"image\/png\" \/>\n<meta name=\"twitter:card\" content=\"summary_large_image\" \/>\n<script type=\"application\/ld+json\" class=\"yoast-schema-graph\">{\"@context\":\"https:\/\/schema.org\",\"@graph\":[{\"@type\":\"WebPage\",\"@id\":\"https:\/\/asteralabs.org\/sv\/product\/hcg-humant-koriongonadotropin\/\",\"url\":\"https:\/\/asteralabs.org\/sv\/product\/hcg-humant-koriongonadotropin\/\",\"name\":\"HCG (humant koriongonadotropin) - Astera Labs\",\"isPartOf\":{\"@id\":\"https:\/\/asteralabs.org\/sv\/#website\"},\"primaryImageOfPage\":{\"@id\":\"https:\/\/asteralabs.org\/sv\/product\/hcg-humant-koriongonadotropin\/#primaryimage\"},\"image\":{\"@id\":\"https:\/\/asteralabs.org\/sv\/product\/hcg-humant-koriongonadotropin\/#primaryimage\"},\"thumbnailUrl\":\"https:\/\/asteralabs.org\/wp-content\/uploads\/2023\/09\/HCG-vial-front-noBG-FIXED.png\",\"datePublished\":\"2023-09-07T12:39:07+00:00\",\"dateModified\":\"2026-01-15T10:46:34+00:00\",\"breadcrumb\":{\"@id\":\"https:\/\/asteralabs.org\/sv\/product\/hcg-humant-koriongonadotropin\/#breadcrumb\"},\"inLanguage\":\"sv-SE\",\"potentialAction\":[{\"@type\":\"ReadAction\",\"target\":[\"https:\/\/asteralabs.org\/sv\/product\/hcg-humant-koriongonadotropin\/\"]}]},{\"@type\":\"ImageObject\",\"inLanguage\":\"sv-SE\",\"@id\":\"https:\/\/asteralabs.org\/sv\/product\/hcg-humant-koriongonadotropin\/#primaryimage\",\"url\":\"https:\/\/asteralabs.org\/wp-content\/uploads\/2023\/09\/HCG-vial-front-noBG-FIXED.png\",\"contentUrl\":\"https:\/\/asteralabs.org\/wp-content\/uploads\/2023\/09\/HCG-vial-front-noBG-FIXED.png\",\"width\":2000,\"height\":2000},{\"@type\":\"BreadcrumbList\",\"@id\":\"https:\/\/asteralabs.org\/sv\/product\/hcg-humant-koriongonadotropin\/#breadcrumb\",\"itemListElement\":[{\"@type\":\"ListItem\",\"position\":1,\"name\":\"Home\",\"item\":\"https:\/\/asteralabs.org\/sv\/\"},{\"@type\":\"ListItem\",\"position\":2,\"name\":\"Butik\",\"item\":\"https:\/\/asteralabs.org\/butik\/\"},{\"@type\":\"ListItem\",\"position\":3,\"name\":\"HCG (humant koriongonadotropin)\"}]},{\"@type\":\"WebSite\",\"@id\":\"https:\/\/asteralabs.org\/sv\/#website\",\"url\":\"https:\/\/asteralabs.org\/sv\/\",\"name\":\"Astera Labs\",\"description\":\"Improve Your Quality Of Life\",\"publisher\":{\"@id\":\"https:\/\/asteralabs.org\/sv\/#organization\"},\"potentialAction\":[{\"@type\":\"SearchAction\",\"target\":{\"@type\":\"EntryPoint\",\"urlTemplate\":\"https:\/\/asteralabs.org\/sv\/?s={search_term_string}\"},\"query-input\":\"required name=search_term_string\"}],\"inLanguage\":\"sv-SE\"},{\"@type\":\"Organization\",\"@id\":\"https:\/\/asteralabs.org\/sv\/#organization\",\"name\":\"Astera Labs\",\"url\":\"https:\/\/asteralabs.org\/sv\/\",\"logo\":{\"@type\":\"ImageObject\",\"inLanguage\":\"sv-SE\",\"@id\":\"https:\/\/asteralabs.org\/sv\/#\/schema\/logo\/image\/\",\"url\":\"https:\/\/asteralabs.org\/wp-content\/uploads\/2022\/12\/astera-2.png\",\"contentUrl\":\"https:\/\/asteralabs.org\/wp-content\/uploads\/2022\/12\/astera-2.png\",\"width\":437,\"height\":111,\"caption\":\"Astera Labs\"},\"image\":{\"@id\":\"https:\/\/asteralabs.org\/sv\/#\/schema\/logo\/image\/\"}}]}<\/script>\n<!-- \/ Yoast SEO plugin. -->","yoast_head_json":{"title":"HCG (humant koriongonadotropin) - Astera Labs","robots":{"index":"index","follow":"follow","max-snippet":"max-snippet:-1","max-image-preview":"max-image-preview:large","max-video-preview":"max-video-preview:-1"},"canonical":"https:\/\/asteralabs.org\/sv\/product\/hcg-humant-koriongonadotropin\/","og_locale":"sv_SE","og_type":"article","og_title":"HCG (humant koriongonadotropin) - Astera Labs","og_description":"DOSERING: Humant koriongonadotropin (HCG), 5000 IE per injektionsflaska PAKETETS INNEH\u00c5LL: 1 injektionsflaska inneh\u00e5llande 5000 IE injicerbar l\u00f6sning VAD \u00c4R DET? Human Chorionic Gonadotropin (HCG) \u00e4r ett mycket effektivt injicerbart hormon som efterliknar funktionen av luteiniserande hormon (LH) i kroppen. Det anv\u00e4nds ofta f\u00f6r att st\u00f6dja fertilitet hos kvinnor, \u00e5terst\u00e4lla naturliga testosteronniv\u00e5er hos m\u00e4n med l\u00e5gt&hellip;","og_url":"https:\/\/asteralabs.org\/sv\/product\/hcg-humant-koriongonadotropin\/","og_site_name":"Astera Labs","article_modified_time":"2026-01-15T10:46:34+00:00","og_image":[{"width":2000,"height":2000,"url":"https:\/\/asteralabs.org\/wp-content\/uploads\/2023\/09\/HCG-vial-front-noBG.png","type":"image\/png"}],"twitter_card":"summary_large_image","schema":{"@context":"https:\/\/schema.org","@graph":[{"@type":"WebPage","@id":"https:\/\/asteralabs.org\/sv\/product\/hcg-humant-koriongonadotropin\/","url":"https:\/\/asteralabs.org\/sv\/product\/hcg-humant-koriongonadotropin\/","name":"HCG (humant koriongonadotropin) - Astera Labs","isPartOf":{"@id":"https:\/\/asteralabs.org\/sv\/#website"},"primaryImageOfPage":{"@id":"https:\/\/asteralabs.org\/sv\/product\/hcg-humant-koriongonadotropin\/#primaryimage"},"image":{"@id":"https:\/\/asteralabs.org\/sv\/product\/hcg-humant-koriongonadotropin\/#primaryimage"},"thumbnailUrl":"https:\/\/asteralabs.org\/wp-content\/uploads\/2023\/09\/HCG-vial-front-noBG-FIXED.png","datePublished":"2023-09-07T12:39:07+00:00","dateModified":"2026-01-15T10:46:34+00:00","breadcrumb":{"@id":"https:\/\/asteralabs.org\/sv\/product\/hcg-humant-koriongonadotropin\/#breadcrumb"},"inLanguage":"sv-SE","potentialAction":[{"@type":"ReadAction","target":["https:\/\/asteralabs.org\/sv\/product\/hcg-humant-koriongonadotropin\/"]}]},{"@type":"ImageObject","inLanguage":"sv-SE","@id":"https:\/\/asteralabs.org\/sv\/product\/hcg-humant-koriongonadotropin\/#primaryimage","url":"https:\/\/asteralabs.org\/wp-content\/uploads\/2023\/09\/HCG-vial-front-noBG-FIXED.png","contentUrl":"https:\/\/asteralabs.org\/wp-content\/uploads\/2023\/09\/HCG-vial-front-noBG-FIXED.png","width":2000,"height":2000},{"@type":"BreadcrumbList","@id":"https:\/\/asteralabs.org\/sv\/product\/hcg-humant-koriongonadotropin\/#breadcrumb","itemListElement":[{"@type":"ListItem","position":1,"name":"Home","item":"https:\/\/asteralabs.org\/sv\/"},{"@type":"ListItem","position":2,"name":"Butik","item":"https:\/\/asteralabs.org\/butik\/"},{"@type":"ListItem","position":3,"name":"HCG (humant koriongonadotropin)"}]},{"@type":"WebSite","@id":"https:\/\/asteralabs.org\/sv\/#website","url":"https:\/\/asteralabs.org\/sv\/","name":"Astera Labs","description":"Improve Your Quality Of Life","publisher":{"@id":"https:\/\/asteralabs.org\/sv\/#organization"},"potentialAction":[{"@type":"SearchAction","target":{"@type":"EntryPoint","urlTemplate":"https:\/\/asteralabs.org\/sv\/?s={search_term_string}"},"query-input":"required name=search_term_string"}],"inLanguage":"sv-SE"},{"@type":"Organization","@id":"https:\/\/asteralabs.org\/sv\/#organization","name":"Astera Labs","url":"https:\/\/asteralabs.org\/sv\/","logo":{"@type":"ImageObject","inLanguage":"sv-SE","@id":"https:\/\/asteralabs.org\/sv\/#\/schema\/logo\/image\/","url":"https:\/\/asteralabs.org\/wp-content\/uploads\/2022\/12\/astera-2.png","contentUrl":"https:\/\/asteralabs.org\/wp-content\/uploads\/2022\/12\/astera-2.png","width":437,"height":111,"caption":"Astera Labs"},"image":{"@id":"https:\/\/asteralabs.org\/sv\/#\/schema\/logo\/image\/"}}]}},"_links":{"self":[{"href":"https:\/\/asteralabs.org\/sv\/wp-json\/wp\/v2\/product\/78025"}],"collection":[{"href":"https:\/\/asteralabs.org\/sv\/wp-json\/wp\/v2\/product"}],"about":[{"href":"https:\/\/asteralabs.org\/sv\/wp-json\/wp\/v2\/types\/product"}],"replies":[{"embeddable":true,"href":"https:\/\/asteralabs.org\/sv\/wp-json\/wp\/v2\/comments?post=78025"}],"version-history":[{"count":2,"href":"https:\/\/asteralabs.org\/sv\/wp-json\/wp\/v2\/product\/78025\/revisions"}],"predecessor-version":[{"id":79496,"href":"https:\/\/asteralabs.org\/sv\/wp-json\/wp\/v2\/product\/78025\/revisions\/79496"}],"wp:featuredmedia":[{"embeddable":true,"href":"https:\/\/asteralabs.org\/sv\/wp-json\/wp\/v2\/media\/80471"}],"wp:attachment":[{"href":"https:\/\/asteralabs.org\/sv\/wp-json\/wp\/v2\/media?parent=78025"}],"wp:term":[{"taxonomy":"product_cat","embeddable":true,"href":"https:\/\/asteralabs.org\/sv\/wp-json\/wp\/v2\/product_cat?post=78025"},{"taxonomy":"product_tag","embeddable":true,"href":"https:\/\/asteralabs.org\/sv\/wp-json\/wp\/v2\/product_tag?post=78025"}],"curies":[{"name":"wp","href":"https:\/\/api.w.org\/{rel}","templated":true}]}}