{"id":78041,"date":"2023-09-07T12:36:30","date_gmt":"2023-09-07T12:36:30","guid":{"rendered":"https:\/\/asteralabs.org\/product\/yk11-50-tabletter\/"},"modified":"2026-01-15T10:56:20","modified_gmt":"2026-01-15T10:56:20","slug":"yk11-50-tabletter","status":"publish","type":"product","link":"https:\/\/asteralabs.org\/sv\/product\/yk11-50-tabletter\/","title":{"rendered":"YK11 50 tabletter"},"content":{"rendered":"<p><strong>DOSERING<\/strong>: YK11 5 mg per tablett<\/p>\n<p><strong>PAKETETS INNEH\u00c5LL:<\/strong><\/p>\n<p>1 dosp\u00e5se med 50 tabletter, var och en inneh\u00e5llande 5 mg<\/p>\n<p><strong>VAD \u00c4R DET?<\/strong><\/p>\n<p>YK11 anses tekniskt vara en Selective Androgen Receptor Modulator (SARM) k\u00e4nd f\u00f6r sin potenta Myostatin-h\u00e4mmande f\u00f6rm\u00e5ga. Genom att blockera Myostatin till\u00e5ter YK11 anv\u00e4ndare att driva bortom v\u00e5ra naturliga genetiska begr\u00e4nsningar, vilket m\u00f6jligg\u00f6r betydande muskeltillv\u00e4xt. Det har utformats f\u00f6r att fr\u00e4mja muskeltillv\u00e4xt och styrka.<\/p>\n<p><strong>HUR MAN ANV\u00c4NDER:<\/strong><\/p>\n<p>\u00c4ven en l\u00e5g dos p\u00e5 5 mg per dag under en cykel p\u00e5 4-8 veckor kan ge m\u00e4rkbara muskelvinster. F\u00f6r optimala resultat f\u00f6redrar dock m\u00e5nga anv\u00e4ndare en daglig dos p\u00e5 10-20 mg. Det rekommenderas att anv\u00e4nda i slutet av cykeln n\u00e4r muskeltillv\u00e4xten har n\u00e5tt en plat\u00e5. <strong><br \/>\nBATCHINFORMATION:<br \/>\n<\/strong>Batch nr: <span data-sheets-root=\"1\">FP38006<\/span><br \/>\nTillverkningsdatum: <span data-sheets-root=\"1\" data-sheets-value=\"{&quot;1&quot;:2,&quot;2&quot;:&quot;03.2023.&quot;}\" data-sheets-userformat=\"{&quot;2&quot;:577,&quot;3&quot;:{&quot;1&quot;:0},&quot;9&quot;:0,&quot;12&quot;:0}\">10.2025.<\/span><br \/>\nUtg\u00e5ngsdatum: 10<span data-sheets-root=\"1\" data-sheets-value=\"{&quot;1&quot;:2,&quot;2&quot;:&quot;03.2026.&quot;}\" data-sheets-userformat=\"{&quot;2&quot;:637,&quot;3&quot;:{&quot;1&quot;:0},&quot;5&quot;:{&quot;1&quot;:[{&quot;1&quot;:2,&quot;2&quot;:0,&quot;5&quot;:{&quot;1&quot;:2,&quot;2&quot;:0}},{&quot;1&quot;:0,&quot;2&quot;:0,&quot;3&quot;:3},{&quot;1&quot;:1,&quot;2&quot;:0,&quot;4&quot;:1}]},&quot;6&quot;:{&quot;1&quot;:[{&quot;1&quot;:2,&quot;2&quot;:0,&quot;5&quot;:{&quot;1&quot;:2,&quot;2&quot;:0}},{&quot;1&quot;:0,&quot;2&quot;:0,&quot;3&quot;:3},{&quot;1&quot;:1,&quot;2&quot;:0,&quot;4&quot;:1}]},&quot;7&quot;:{&quot;1&quot;:[{&quot;1&quot;:2,&quot;2&quot;:0,&quot;5&quot;:{&quot;1&quot;:2,&quot;2&quot;:0}},{&quot;1&quot;:0,&quot;2&quot;:0,&quot;3&quot;:3},{&quot;1&quot;:1,&quot;2&quot;:0,&quot;4&quot;:1}]},&quot;8&quot;:{&quot;1&quot;:[{&quot;1&quot;:2,&quot;2&quot;:0,&quot;5&quot;:{&quot;1&quot;:2,&quot;2&quot;:0}},{&quot;1&quot;:0,&quot;2&quot;:0,&quot;3&quot;:3},{&quot;1&quot;:1,&quot;2&quot;:0,&quot;4&quot;:1}]},&quot;9&quot;:0,&quot;12&quot;:0}\">.2028.<\/span><\/p>\n","protected":false},"excerpt":{"rendered":"<p>DOSERING: YK11 5 mg per tablett PAKETETS INNEH\u00c5LL: 1 dosp\u00e5se med 50 tabletter, var och en inneh\u00e5llande 5 mg VAD \u00c4R DET? YK11 anses tekniskt vara en Selective Androgen Receptor Modulator (SARM) k\u00e4nd f\u00f6r sin potenta Myostatin-h\u00e4mmande f\u00f6rm\u00e5ga. Genom att blockera Myostatin till\u00e5ter YK11 anv\u00e4ndare att driva bortom v\u00e5ra naturliga genetiska begr\u00e4nsningar, vilket m\u00f6jligg\u00f6r betydande&hellip;<\/p>\n","protected":false},"featured_media":76486,"comment_status":"closed","ping_status":"closed","template":"","meta":[],"product_cat":[171,200],"product_tag":[],"yoast_head":"<!-- This site is optimized with the Yoast SEO plugin v23.0 - https:\/\/yoast.com\/wordpress\/plugins\/seo\/ -->\n<title>YK11 50 tabletter - Astera Labs<\/title>\n<meta name=\"robots\" content=\"index, follow, max-snippet:-1, max-image-preview:large, max-video-preview:-1\" \/>\n<link rel=\"canonical\" href=\"https:\/\/asteralabs.org\/sv\/product\/yk11-50-tabletter\/\" \/>\n<meta property=\"og:locale\" content=\"sv_SE\" \/>\n<meta property=\"og:type\" content=\"article\" \/>\n<meta property=\"og:title\" content=\"YK11 50 tabletter - Astera Labs\" \/>\n<meta property=\"og:description\" content=\"DOSERING: YK11 5 mg per tablett PAKETETS INNEH\u00c5LL: 1 dosp\u00e5se med 50 tabletter, var och en inneh\u00e5llande 5 mg VAD \u00c4R DET? YK11 anses tekniskt vara en Selective Androgen Receptor Modulator (SARM) k\u00e4nd f\u00f6r sin potenta Myostatin-h\u00e4mmande f\u00f6rm\u00e5ga. Genom att blockera Myostatin till\u00e5ter YK11 anv\u00e4ndare att driva bortom v\u00e5ra naturliga genetiska begr\u00e4nsningar, vilket m\u00f6jligg\u00f6r betydande&hellip;\" \/>\n<meta property=\"og:url\" content=\"https:\/\/asteralabs.org\/sv\/product\/yk11-50-tabletter\/\" \/>\n<meta property=\"og:site_name\" content=\"Astera Labs\" \/>\n<meta property=\"article:modified_time\" content=\"2026-01-15T10:56:20+00:00\" \/>\n<meta property=\"og:image\" content=\"https:\/\/asteralabs.org\/wp-content\/uploads\/2023\/09\/Astera-zipbag-SARMs-YK11.png\" \/>\n\t<meta property=\"og:image:width\" content=\"2000\" \/>\n\t<meta property=\"og:image:height\" content=\"2000\" \/>\n\t<meta property=\"og:image:type\" content=\"image\/png\" \/>\n<meta name=\"twitter:card\" content=\"summary_large_image\" \/>\n<script type=\"application\/ld+json\" class=\"yoast-schema-graph\">{\"@context\":\"https:\/\/schema.org\",\"@graph\":[{\"@type\":\"WebPage\",\"@id\":\"https:\/\/asteralabs.org\/sv\/product\/yk11-50-tabletter\/\",\"url\":\"https:\/\/asteralabs.org\/sv\/product\/yk11-50-tabletter\/\",\"name\":\"YK11 50 tabletter - Astera Labs\",\"isPartOf\":{\"@id\":\"https:\/\/asteralabs.org\/sv\/#website\"},\"primaryImageOfPage\":{\"@id\":\"https:\/\/asteralabs.org\/sv\/product\/yk11-50-tabletter\/#primaryimage\"},\"image\":{\"@id\":\"https:\/\/asteralabs.org\/sv\/product\/yk11-50-tabletter\/#primaryimage\"},\"thumbnailUrl\":\"https:\/\/asteralabs.org\/wp-content\/uploads\/2023\/09\/Astera-zipbag-SARMs-YK11.png\",\"datePublished\":\"2023-09-07T12:36:30+00:00\",\"dateModified\":\"2026-01-15T10:56:20+00:00\",\"breadcrumb\":{\"@id\":\"https:\/\/asteralabs.org\/sv\/product\/yk11-50-tabletter\/#breadcrumb\"},\"inLanguage\":\"sv-SE\",\"potentialAction\":[{\"@type\":\"ReadAction\",\"target\":[\"https:\/\/asteralabs.org\/sv\/product\/yk11-50-tabletter\/\"]}]},{\"@type\":\"ImageObject\",\"inLanguage\":\"sv-SE\",\"@id\":\"https:\/\/asteralabs.org\/sv\/product\/yk11-50-tabletter\/#primaryimage\",\"url\":\"https:\/\/asteralabs.org\/wp-content\/uploads\/2023\/09\/Astera-zipbag-SARMs-YK11.png\",\"contentUrl\":\"https:\/\/asteralabs.org\/wp-content\/uploads\/2023\/09\/Astera-zipbag-SARMs-YK11.png\",\"width\":2000,\"height\":2000},{\"@type\":\"BreadcrumbList\",\"@id\":\"https:\/\/asteralabs.org\/sv\/product\/yk11-50-tabletter\/#breadcrumb\",\"itemListElement\":[{\"@type\":\"ListItem\",\"position\":1,\"name\":\"Home\",\"item\":\"https:\/\/asteralabs.org\/sv\/\"},{\"@type\":\"ListItem\",\"position\":2,\"name\":\"Butik\",\"item\":\"https:\/\/asteralabs.org\/butik\/\"},{\"@type\":\"ListItem\",\"position\":3,\"name\":\"YK11 50 tabletter\"}]},{\"@type\":\"WebSite\",\"@id\":\"https:\/\/asteralabs.org\/sv\/#website\",\"url\":\"https:\/\/asteralabs.org\/sv\/\",\"name\":\"Astera Labs\",\"description\":\"Improve Your Quality Of Life\",\"publisher\":{\"@id\":\"https:\/\/asteralabs.org\/sv\/#organization\"},\"potentialAction\":[{\"@type\":\"SearchAction\",\"target\":{\"@type\":\"EntryPoint\",\"urlTemplate\":\"https:\/\/asteralabs.org\/sv\/?s={search_term_string}\"},\"query-input\":\"required name=search_term_string\"}],\"inLanguage\":\"sv-SE\"},{\"@type\":\"Organization\",\"@id\":\"https:\/\/asteralabs.org\/sv\/#organization\",\"name\":\"Astera Labs\",\"url\":\"https:\/\/asteralabs.org\/sv\/\",\"logo\":{\"@type\":\"ImageObject\",\"inLanguage\":\"sv-SE\",\"@id\":\"https:\/\/asteralabs.org\/sv\/#\/schema\/logo\/image\/\",\"url\":\"https:\/\/asteralabs.org\/wp-content\/uploads\/2022\/12\/astera-2.png\",\"contentUrl\":\"https:\/\/asteralabs.org\/wp-content\/uploads\/2022\/12\/astera-2.png\",\"width\":437,\"height\":111,\"caption\":\"Astera Labs\"},\"image\":{\"@id\":\"https:\/\/asteralabs.org\/sv\/#\/schema\/logo\/image\/\"}}]}<\/script>\n<!-- \/ Yoast SEO plugin. -->","yoast_head_json":{"title":"YK11 50 tabletter - Astera Labs","robots":{"index":"index","follow":"follow","max-snippet":"max-snippet:-1","max-image-preview":"max-image-preview:large","max-video-preview":"max-video-preview:-1"},"canonical":"https:\/\/asteralabs.org\/sv\/product\/yk11-50-tabletter\/","og_locale":"sv_SE","og_type":"article","og_title":"YK11 50 tabletter - Astera Labs","og_description":"DOSERING: YK11 5 mg per tablett PAKETETS INNEH\u00c5LL: 1 dosp\u00e5se med 50 tabletter, var och en inneh\u00e5llande 5 mg VAD \u00c4R DET? YK11 anses tekniskt vara en Selective Androgen Receptor Modulator (SARM) k\u00e4nd f\u00f6r sin potenta Myostatin-h\u00e4mmande f\u00f6rm\u00e5ga. Genom att blockera Myostatin till\u00e5ter YK11 anv\u00e4ndare att driva bortom v\u00e5ra naturliga genetiska begr\u00e4nsningar, vilket m\u00f6jligg\u00f6r betydande&hellip;","og_url":"https:\/\/asteralabs.org\/sv\/product\/yk11-50-tabletter\/","og_site_name":"Astera Labs","article_modified_time":"2026-01-15T10:56:20+00:00","og_image":[{"width":2000,"height":2000,"url":"https:\/\/asteralabs.org\/wp-content\/uploads\/2023\/09\/Astera-zipbag-SARMs-YK11.png","type":"image\/png"}],"twitter_card":"summary_large_image","schema":{"@context":"https:\/\/schema.org","@graph":[{"@type":"WebPage","@id":"https:\/\/asteralabs.org\/sv\/product\/yk11-50-tabletter\/","url":"https:\/\/asteralabs.org\/sv\/product\/yk11-50-tabletter\/","name":"YK11 50 tabletter - Astera Labs","isPartOf":{"@id":"https:\/\/asteralabs.org\/sv\/#website"},"primaryImageOfPage":{"@id":"https:\/\/asteralabs.org\/sv\/product\/yk11-50-tabletter\/#primaryimage"},"image":{"@id":"https:\/\/asteralabs.org\/sv\/product\/yk11-50-tabletter\/#primaryimage"},"thumbnailUrl":"https:\/\/asteralabs.org\/wp-content\/uploads\/2023\/09\/Astera-zipbag-SARMs-YK11.png","datePublished":"2023-09-07T12:36:30+00:00","dateModified":"2026-01-15T10:56:20+00:00","breadcrumb":{"@id":"https:\/\/asteralabs.org\/sv\/product\/yk11-50-tabletter\/#breadcrumb"},"inLanguage":"sv-SE","potentialAction":[{"@type":"ReadAction","target":["https:\/\/asteralabs.org\/sv\/product\/yk11-50-tabletter\/"]}]},{"@type":"ImageObject","inLanguage":"sv-SE","@id":"https:\/\/asteralabs.org\/sv\/product\/yk11-50-tabletter\/#primaryimage","url":"https:\/\/asteralabs.org\/wp-content\/uploads\/2023\/09\/Astera-zipbag-SARMs-YK11.png","contentUrl":"https:\/\/asteralabs.org\/wp-content\/uploads\/2023\/09\/Astera-zipbag-SARMs-YK11.png","width":2000,"height":2000},{"@type":"BreadcrumbList","@id":"https:\/\/asteralabs.org\/sv\/product\/yk11-50-tabletter\/#breadcrumb","itemListElement":[{"@type":"ListItem","position":1,"name":"Home","item":"https:\/\/asteralabs.org\/sv\/"},{"@type":"ListItem","position":2,"name":"Butik","item":"https:\/\/asteralabs.org\/butik\/"},{"@type":"ListItem","position":3,"name":"YK11 50 tabletter"}]},{"@type":"WebSite","@id":"https:\/\/asteralabs.org\/sv\/#website","url":"https:\/\/asteralabs.org\/sv\/","name":"Astera Labs","description":"Improve Your Quality Of Life","publisher":{"@id":"https:\/\/asteralabs.org\/sv\/#organization"},"potentialAction":[{"@type":"SearchAction","target":{"@type":"EntryPoint","urlTemplate":"https:\/\/asteralabs.org\/sv\/?s={search_term_string}"},"query-input":"required name=search_term_string"}],"inLanguage":"sv-SE"},{"@type":"Organization","@id":"https:\/\/asteralabs.org\/sv\/#organization","name":"Astera Labs","url":"https:\/\/asteralabs.org\/sv\/","logo":{"@type":"ImageObject","inLanguage":"sv-SE","@id":"https:\/\/asteralabs.org\/sv\/#\/schema\/logo\/image\/","url":"https:\/\/asteralabs.org\/wp-content\/uploads\/2022\/12\/astera-2.png","contentUrl":"https:\/\/asteralabs.org\/wp-content\/uploads\/2022\/12\/astera-2.png","width":437,"height":111,"caption":"Astera Labs"},"image":{"@id":"https:\/\/asteralabs.org\/sv\/#\/schema\/logo\/image\/"}}]}},"_links":{"self":[{"href":"https:\/\/asteralabs.org\/sv\/wp-json\/wp\/v2\/product\/78041"}],"collection":[{"href":"https:\/\/asteralabs.org\/sv\/wp-json\/wp\/v2\/product"}],"about":[{"href":"https:\/\/asteralabs.org\/sv\/wp-json\/wp\/v2\/types\/product"}],"replies":[{"embeddable":true,"href":"https:\/\/asteralabs.org\/sv\/wp-json\/wp\/v2\/comments?post=78041"}],"version-history":[{"count":2,"href":"https:\/\/asteralabs.org\/sv\/wp-json\/wp\/v2\/product\/78041\/revisions"}],"predecessor-version":[{"id":79530,"href":"https:\/\/asteralabs.org\/sv\/wp-json\/wp\/v2\/product\/78041\/revisions\/79530"}],"wp:featuredmedia":[{"embeddable":true,"href":"https:\/\/asteralabs.org\/sv\/wp-json\/wp\/v2\/media\/76486"}],"wp:attachment":[{"href":"https:\/\/asteralabs.org\/sv\/wp-json\/wp\/v2\/media?parent=78041"}],"wp:term":[{"taxonomy":"product_cat","embeddable":true,"href":"https:\/\/asteralabs.org\/sv\/wp-json\/wp\/v2\/product_cat?post=78041"},{"taxonomy":"product_tag","embeddable":true,"href":"https:\/\/asteralabs.org\/sv\/wp-json\/wp\/v2\/product_tag?post=78041"}],"curies":[{"name":"wp","href":"https:\/\/api.w.org\/{rel}","templated":true}]}}