{"id":78053,"date":"2023-09-07T12:34:48","date_gmt":"2023-09-07T12:34:48","guid":{"rendered":"https:\/\/asteralabs.org\/product\/s4-50-tabletter\/"},"modified":"2026-01-15T12:29:02","modified_gmt":"2026-01-15T12:29:02","slug":"s4-50-tabletter","status":"publish","type":"product","link":"https:\/\/asteralabs.org\/sv\/product\/s4-50-tabletter\/","title":{"rendered":"S4 50 tabletter"},"content":{"rendered":"<p><strong>Dosering<\/strong>: S4 Andarine 25 mg per tablett<\/p>\n<p><strong>PAKETETS INNEH\u00c5LL:<\/strong><\/p>\n<p>1 dosp\u00e5se med 50 tabletter, var och en inneh\u00e5llande 25 mg<\/p>\n<p><strong>VAD \u00c4R DET?<\/strong><\/p>\n<p>Andarine, allm\u00e4nt kallad S4, \u00e4r en av de mest potenta selektiva androgenreceptormodulatorer (SARM) som finns tillg\u00e4ngliga, k\u00e4nd f\u00f6r sin f\u00f6rm\u00e5ga att f\u00f6rb\u00e4ttra tr\u00e4ningen och f\u00f6rb\u00e4ttra den \u00f6vergripande kroppsbyggnaden. Det \u00e4r f\u00f6r n\u00e4rvarande inte lika popul\u00e4rt bland kroppsbyggare och idrottare som det brukade vara tidigare.<br \/>\n<strong>F\u00d6RM\u00c5NER:<br \/>\n<\/strong><\/p>\n<p>De viktigaste f\u00f6rdelarna med S4 inkluderar att fr\u00e4mja muskeltillv\u00e4xt, \u00f6ka styrkan, f\u00f6rb\u00e4ttra benmineraldensiteten, minska kroppsfett, p\u00e5skynda muskel\u00e5terh\u00e4mtning och leverera snabba vinster.<\/p>\n<p><strong>HUR MAN ANV\u00c4NDER:<\/strong><\/p>\n<p>F\u00f6r nya anv\u00e4ndare rekommenderas vanligen en startdos p\u00e5 25 mg per dag under de f\u00f6rsta tv\u00e5 veckorna, varefter dosen gradvis kan \u00f6kas. Det rekommenderas dock att inte \u00f6verskrida en daglig dos p\u00e5 50 mg eftersom det kan orsaka problem med \u00f6gonsynen, t.ex. niktalopi. Dosen b\u00f6r delas upp i minst tv\u00e5 doser. <strong><br \/>\nBATCHINFORMATION:<br \/>\n<\/strong>Batch nr: <span data-sheets-root=\"1\" data-sheets-value=\"{\" data-sheets-userformat=\"{\">LI49903<\/span><br \/>\nTillverkningsdatum: <span data-sheets-root=\"1\" data-sheets-value=\"{\" data-sheets-userformat=\"{\">10.2025.<\/span><br \/>\nUtg\u00e5ngsdatum: <span data-sheets-root=\"1\" data-sheets-value=\"{\" data-sheets-userformat=\"{\">10.2028<\/span><\/p>\n","protected":false},"excerpt":{"rendered":"<p>Dosering: S4 Andarine 25 mg per tablett PAKETETS INNEH\u00c5LL: 1 dosp\u00e5se med 50 tabletter, var och en inneh\u00e5llande 25 mg VAD \u00c4R DET? Andarine, allm\u00e4nt kallad S4, \u00e4r en av de mest potenta selektiva androgenreceptormodulatorer (SARM) som finns tillg\u00e4ngliga, k\u00e4nd f\u00f6r sin f\u00f6rm\u00e5ga att f\u00f6rb\u00e4ttra tr\u00e4ningen och f\u00f6rb\u00e4ttra den \u00f6vergripande kroppsbyggnaden. Det \u00e4r f\u00f6r n\u00e4rvarande&hellip;<\/p>\n","protected":false},"featured_media":76470,"comment_status":"closed","ping_status":"closed","template":"","meta":[],"product_cat":[171,200],"product_tag":[],"yoast_head":"<!-- This site is optimized with the Yoast SEO plugin v23.0 - https:\/\/yoast.com\/wordpress\/plugins\/seo\/ -->\n<title>S4 50 tabletter - Astera Labs<\/title>\n<meta name=\"robots\" content=\"index, follow, max-snippet:-1, max-image-preview:large, max-video-preview:-1\" \/>\n<link rel=\"canonical\" href=\"https:\/\/asteralabs.org\/sv\/product\/s4-50-tabletter\/\" \/>\n<meta property=\"og:locale\" content=\"sv_SE\" \/>\n<meta property=\"og:type\" content=\"article\" \/>\n<meta property=\"og:title\" content=\"S4 50 tabletter - Astera Labs\" \/>\n<meta property=\"og:description\" content=\"Dosering: S4 Andarine 25 mg per tablett PAKETETS INNEH\u00c5LL: 1 dosp\u00e5se med 50 tabletter, var och en inneh\u00e5llande 25 mg VAD \u00c4R DET? Andarine, allm\u00e4nt kallad S4, \u00e4r en av de mest potenta selektiva androgenreceptormodulatorer (SARM) som finns tillg\u00e4ngliga, k\u00e4nd f\u00f6r sin f\u00f6rm\u00e5ga att f\u00f6rb\u00e4ttra tr\u00e4ningen och f\u00f6rb\u00e4ttra den \u00f6vergripande kroppsbyggnaden. Det \u00e4r f\u00f6r n\u00e4rvarande&hellip;\" \/>\n<meta property=\"og:url\" content=\"https:\/\/asteralabs.org\/sv\/product\/s4-50-tabletter\/\" \/>\n<meta property=\"og:site_name\" content=\"Astera Labs\" \/>\n<meta property=\"article:modified_time\" content=\"2026-01-15T12:29:02+00:00\" \/>\n<meta property=\"og:image\" content=\"https:\/\/asteralabs.org\/wp-content\/uploads\/2023\/09\/Astera-zipbag-SARMs-S4.png\" \/>\n\t<meta property=\"og:image:width\" content=\"2000\" \/>\n\t<meta property=\"og:image:height\" content=\"2000\" \/>\n\t<meta property=\"og:image:type\" content=\"image\/png\" \/>\n<meta name=\"twitter:card\" content=\"summary_large_image\" \/>\n<script type=\"application\/ld+json\" class=\"yoast-schema-graph\">{\"@context\":\"https:\/\/schema.org\",\"@graph\":[{\"@type\":\"WebPage\",\"@id\":\"https:\/\/asteralabs.org\/sv\/product\/s4-50-tabletter\/\",\"url\":\"https:\/\/asteralabs.org\/sv\/product\/s4-50-tabletter\/\",\"name\":\"S4 50 tabletter - Astera Labs\",\"isPartOf\":{\"@id\":\"https:\/\/asteralabs.org\/sv\/#website\"},\"primaryImageOfPage\":{\"@id\":\"https:\/\/asteralabs.org\/sv\/product\/s4-50-tabletter\/#primaryimage\"},\"image\":{\"@id\":\"https:\/\/asteralabs.org\/sv\/product\/s4-50-tabletter\/#primaryimage\"},\"thumbnailUrl\":\"https:\/\/asteralabs.org\/wp-content\/uploads\/2023\/09\/Astera-zipbag-SARMs-S4.png\",\"datePublished\":\"2023-09-07T12:34:48+00:00\",\"dateModified\":\"2026-01-15T12:29:02+00:00\",\"breadcrumb\":{\"@id\":\"https:\/\/asteralabs.org\/sv\/product\/s4-50-tabletter\/#breadcrumb\"},\"inLanguage\":\"sv-SE\",\"potentialAction\":[{\"@type\":\"ReadAction\",\"target\":[\"https:\/\/asteralabs.org\/sv\/product\/s4-50-tabletter\/\"]}]},{\"@type\":\"ImageObject\",\"inLanguage\":\"sv-SE\",\"@id\":\"https:\/\/asteralabs.org\/sv\/product\/s4-50-tabletter\/#primaryimage\",\"url\":\"https:\/\/asteralabs.org\/wp-content\/uploads\/2023\/09\/Astera-zipbag-SARMs-S4.png\",\"contentUrl\":\"https:\/\/asteralabs.org\/wp-content\/uploads\/2023\/09\/Astera-zipbag-SARMs-S4.png\",\"width\":2000,\"height\":2000},{\"@type\":\"BreadcrumbList\",\"@id\":\"https:\/\/asteralabs.org\/sv\/product\/s4-50-tabletter\/#breadcrumb\",\"itemListElement\":[{\"@type\":\"ListItem\",\"position\":1,\"name\":\"Home\",\"item\":\"https:\/\/asteralabs.org\/sv\/\"},{\"@type\":\"ListItem\",\"position\":2,\"name\":\"Butik\",\"item\":\"https:\/\/asteralabs.org\/butik\/\"},{\"@type\":\"ListItem\",\"position\":3,\"name\":\"S4 50 tabletter\"}]},{\"@type\":\"WebSite\",\"@id\":\"https:\/\/asteralabs.org\/sv\/#website\",\"url\":\"https:\/\/asteralabs.org\/sv\/\",\"name\":\"Astera Labs\",\"description\":\"Improve Your Quality Of Life\",\"publisher\":{\"@id\":\"https:\/\/asteralabs.org\/sv\/#organization\"},\"potentialAction\":[{\"@type\":\"SearchAction\",\"target\":{\"@type\":\"EntryPoint\",\"urlTemplate\":\"https:\/\/asteralabs.org\/sv\/?s={search_term_string}\"},\"query-input\":\"required name=search_term_string\"}],\"inLanguage\":\"sv-SE\"},{\"@type\":\"Organization\",\"@id\":\"https:\/\/asteralabs.org\/sv\/#organization\",\"name\":\"Astera Labs\",\"url\":\"https:\/\/asteralabs.org\/sv\/\",\"logo\":{\"@type\":\"ImageObject\",\"inLanguage\":\"sv-SE\",\"@id\":\"https:\/\/asteralabs.org\/sv\/#\/schema\/logo\/image\/\",\"url\":\"https:\/\/asteralabs.org\/wp-content\/uploads\/2022\/12\/astera-2.png\",\"contentUrl\":\"https:\/\/asteralabs.org\/wp-content\/uploads\/2022\/12\/astera-2.png\",\"width\":437,\"height\":111,\"caption\":\"Astera Labs\"},\"image\":{\"@id\":\"https:\/\/asteralabs.org\/sv\/#\/schema\/logo\/image\/\"}}]}<\/script>\n<!-- \/ Yoast SEO plugin. -->","yoast_head_json":{"title":"S4 50 tabletter - Astera Labs","robots":{"index":"index","follow":"follow","max-snippet":"max-snippet:-1","max-image-preview":"max-image-preview:large","max-video-preview":"max-video-preview:-1"},"canonical":"https:\/\/asteralabs.org\/sv\/product\/s4-50-tabletter\/","og_locale":"sv_SE","og_type":"article","og_title":"S4 50 tabletter - Astera Labs","og_description":"Dosering: S4 Andarine 25 mg per tablett PAKETETS INNEH\u00c5LL: 1 dosp\u00e5se med 50 tabletter, var och en inneh\u00e5llande 25 mg VAD \u00c4R DET? Andarine, allm\u00e4nt kallad S4, \u00e4r en av de mest potenta selektiva androgenreceptormodulatorer (SARM) som finns tillg\u00e4ngliga, k\u00e4nd f\u00f6r sin f\u00f6rm\u00e5ga att f\u00f6rb\u00e4ttra tr\u00e4ningen och f\u00f6rb\u00e4ttra den \u00f6vergripande kroppsbyggnaden. Det \u00e4r f\u00f6r n\u00e4rvarande&hellip;","og_url":"https:\/\/asteralabs.org\/sv\/product\/s4-50-tabletter\/","og_site_name":"Astera Labs","article_modified_time":"2026-01-15T12:29:02+00:00","og_image":[{"width":2000,"height":2000,"url":"https:\/\/asteralabs.org\/wp-content\/uploads\/2023\/09\/Astera-zipbag-SARMs-S4.png","type":"image\/png"}],"twitter_card":"summary_large_image","schema":{"@context":"https:\/\/schema.org","@graph":[{"@type":"WebPage","@id":"https:\/\/asteralabs.org\/sv\/product\/s4-50-tabletter\/","url":"https:\/\/asteralabs.org\/sv\/product\/s4-50-tabletter\/","name":"S4 50 tabletter - Astera Labs","isPartOf":{"@id":"https:\/\/asteralabs.org\/sv\/#website"},"primaryImageOfPage":{"@id":"https:\/\/asteralabs.org\/sv\/product\/s4-50-tabletter\/#primaryimage"},"image":{"@id":"https:\/\/asteralabs.org\/sv\/product\/s4-50-tabletter\/#primaryimage"},"thumbnailUrl":"https:\/\/asteralabs.org\/wp-content\/uploads\/2023\/09\/Astera-zipbag-SARMs-S4.png","datePublished":"2023-09-07T12:34:48+00:00","dateModified":"2026-01-15T12:29:02+00:00","breadcrumb":{"@id":"https:\/\/asteralabs.org\/sv\/product\/s4-50-tabletter\/#breadcrumb"},"inLanguage":"sv-SE","potentialAction":[{"@type":"ReadAction","target":["https:\/\/asteralabs.org\/sv\/product\/s4-50-tabletter\/"]}]},{"@type":"ImageObject","inLanguage":"sv-SE","@id":"https:\/\/asteralabs.org\/sv\/product\/s4-50-tabletter\/#primaryimage","url":"https:\/\/asteralabs.org\/wp-content\/uploads\/2023\/09\/Astera-zipbag-SARMs-S4.png","contentUrl":"https:\/\/asteralabs.org\/wp-content\/uploads\/2023\/09\/Astera-zipbag-SARMs-S4.png","width":2000,"height":2000},{"@type":"BreadcrumbList","@id":"https:\/\/asteralabs.org\/sv\/product\/s4-50-tabletter\/#breadcrumb","itemListElement":[{"@type":"ListItem","position":1,"name":"Home","item":"https:\/\/asteralabs.org\/sv\/"},{"@type":"ListItem","position":2,"name":"Butik","item":"https:\/\/asteralabs.org\/butik\/"},{"@type":"ListItem","position":3,"name":"S4 50 tabletter"}]},{"@type":"WebSite","@id":"https:\/\/asteralabs.org\/sv\/#website","url":"https:\/\/asteralabs.org\/sv\/","name":"Astera Labs","description":"Improve Your Quality Of Life","publisher":{"@id":"https:\/\/asteralabs.org\/sv\/#organization"},"potentialAction":[{"@type":"SearchAction","target":{"@type":"EntryPoint","urlTemplate":"https:\/\/asteralabs.org\/sv\/?s={search_term_string}"},"query-input":"required name=search_term_string"}],"inLanguage":"sv-SE"},{"@type":"Organization","@id":"https:\/\/asteralabs.org\/sv\/#organization","name":"Astera Labs","url":"https:\/\/asteralabs.org\/sv\/","logo":{"@type":"ImageObject","inLanguage":"sv-SE","@id":"https:\/\/asteralabs.org\/sv\/#\/schema\/logo\/image\/","url":"https:\/\/asteralabs.org\/wp-content\/uploads\/2022\/12\/astera-2.png","contentUrl":"https:\/\/asteralabs.org\/wp-content\/uploads\/2022\/12\/astera-2.png","width":437,"height":111,"caption":"Astera Labs"},"image":{"@id":"https:\/\/asteralabs.org\/sv\/#\/schema\/logo\/image\/"}}]}},"_links":{"self":[{"href":"https:\/\/asteralabs.org\/sv\/wp-json\/wp\/v2\/product\/78053"}],"collection":[{"href":"https:\/\/asteralabs.org\/sv\/wp-json\/wp\/v2\/product"}],"about":[{"href":"https:\/\/asteralabs.org\/sv\/wp-json\/wp\/v2\/types\/product"}],"replies":[{"embeddable":true,"href":"https:\/\/asteralabs.org\/sv\/wp-json\/wp\/v2\/comments?post=78053"}],"version-history":[{"count":2,"href":"https:\/\/asteralabs.org\/sv\/wp-json\/wp\/v2\/product\/78053\/revisions"}],"predecessor-version":[{"id":79685,"href":"https:\/\/asteralabs.org\/sv\/wp-json\/wp\/v2\/product\/78053\/revisions\/79685"}],"wp:featuredmedia":[{"embeddable":true,"href":"https:\/\/asteralabs.org\/sv\/wp-json\/wp\/v2\/media\/76470"}],"wp:attachment":[{"href":"https:\/\/asteralabs.org\/sv\/wp-json\/wp\/v2\/media?parent=78053"}],"wp:term":[{"taxonomy":"product_cat","embeddable":true,"href":"https:\/\/asteralabs.org\/sv\/wp-json\/wp\/v2\/product_cat?post=78053"},{"taxonomy":"product_tag","embeddable":true,"href":"https:\/\/asteralabs.org\/sv\/wp-json\/wp\/v2\/product_tag?post=78053"}],"curies":[{"name":"wp","href":"https:\/\/api.w.org\/{rel}","templated":true}]}}