{"id":78067,"date":"2023-09-07T12:34:02","date_gmt":"2023-09-07T12:34:02","guid":{"rendered":"https:\/\/asteralabs.org\/product\/s23-50-tabletter\/"},"modified":"2026-01-15T12:35:22","modified_gmt":"2026-01-15T12:35:22","slug":"s23-50-tabletter","status":"publish","type":"product","link":"https:\/\/asteralabs.org\/sv\/product\/s23-50-tabletter\/","title":{"rendered":"S23 50 tabletter"},"content":{"rendered":"<p><strong>DOSERING<\/strong>: S23 10 mg per tablett<\/p>\n<p><strong>PAKETETS INNEH\u00c5LL:<\/strong><\/p>\n<p>1 dosp\u00e5se med 50 tabletter, var och en inneh\u00e5llande 10 mg<\/p>\n<p><strong>VAD \u00c4R DET?<\/strong><\/p>\n<p>S23 \u00e4r en selektiv androgenreceptormodulator (SARM) som tas oralt, k\u00e4nd f\u00f6r sin f\u00f6rm\u00e5ga att f\u00f6rb\u00e4ttra mager muskelmassa och \u00f6ka bent\u00e4theten. Till skillnad fr\u00e5n traditionella steroider \u00e4r S23 v\u00e4vnadsselektiv, vilket inneb\u00e4r att den specifikt riktar sig till vissa v\u00e4vnader. Det hj\u00e4lper till att minska vattenretentionen, vilket fr\u00e4mjar ett mer definierat, mejslat utseende med \u00f6kad muskelh\u00e5rdhet och en kornig konsistens. Det \u00e4r f\u00f6rmodligen den mest kraftfulla SARM som finns p\u00e5 marknaden.<\/p>\n<p><strong>HUR MAN ANV\u00c4NDER:<\/strong><\/p>\n<p>F\u00f6r optimala resultat rekommenderas en daglig dos p\u00e5 10-30 mg f\u00f6r m\u00e4n, uppdelad i tv\u00e5 doser p\u00e5 grund av S23: s 12-timmars halveringstid. Eftersom det \u00e4r en mycket kraftfull produkt rekommenderas att inte \u00f6verskrida 6 veckors dagligt intag och att ta en leverst\u00f6djande produkt som TUDCA tillsammans med den. <strong><br \/>\nBATCHINFORMATION:<br \/>\n<\/strong>Batch nr: <span data-sheets-root=\"1\" data-sheets-value=\"{\" data-sheets-userformat=\"{\">WS35857<\/span><br \/>\nTillverkningsdatum: <span data-sheets-root=\"1\" data-sheets-value=\"{\" data-sheets-userformat=\"{\">10.2025.<\/span><br \/>\nUtg\u00e5ngsdatum: <span data-sheets-root=\"1\" data-sheets-value=\"{\" data-sheets-userformat=\"{\">10.2028.<\/span><\/p>\n","protected":false},"excerpt":{"rendered":"<p>DOSERING: S23 10 mg per tablett PAKETETS INNEH\u00c5LL: 1 dosp\u00e5se med 50 tabletter, var och en inneh\u00e5llande 10 mg VAD \u00c4R DET? S23 \u00e4r en selektiv androgenreceptormodulator (SARM) som tas oralt, k\u00e4nd f\u00f6r sin f\u00f6rm\u00e5ga att f\u00f6rb\u00e4ttra mager muskelmassa och \u00f6ka bent\u00e4theten. Till skillnad fr\u00e5n traditionella steroider \u00e4r S23 v\u00e4vnadsselektiv, vilket inneb\u00e4r att den specifikt&hellip;<\/p>\n","protected":false},"featured_media":76462,"comment_status":"closed","ping_status":"closed","template":"","meta":[],"product_cat":[171,200],"product_tag":[],"yoast_head":"<!-- This site is optimized with the Yoast SEO plugin v23.0 - https:\/\/yoast.com\/wordpress\/plugins\/seo\/ -->\n<title>S23 50 tabletter - Astera Labs<\/title>\n<meta name=\"robots\" content=\"index, follow, max-snippet:-1, max-image-preview:large, max-video-preview:-1\" \/>\n<link rel=\"canonical\" href=\"https:\/\/asteralabs.org\/sv\/product\/s23-50-tabletter\/\" \/>\n<meta property=\"og:locale\" content=\"sv_SE\" \/>\n<meta property=\"og:type\" content=\"article\" \/>\n<meta property=\"og:title\" content=\"S23 50 tabletter - Astera Labs\" \/>\n<meta property=\"og:description\" content=\"DOSERING: S23 10 mg per tablett PAKETETS INNEH\u00c5LL: 1 dosp\u00e5se med 50 tabletter, var och en inneh\u00e5llande 10 mg VAD \u00c4R DET? S23 \u00e4r en selektiv androgenreceptormodulator (SARM) som tas oralt, k\u00e4nd f\u00f6r sin f\u00f6rm\u00e5ga att f\u00f6rb\u00e4ttra mager muskelmassa och \u00f6ka bent\u00e4theten. Till skillnad fr\u00e5n traditionella steroider \u00e4r S23 v\u00e4vnadsselektiv, vilket inneb\u00e4r att den specifikt&hellip;\" \/>\n<meta property=\"og:url\" content=\"https:\/\/asteralabs.org\/sv\/product\/s23-50-tabletter\/\" \/>\n<meta property=\"og:site_name\" content=\"Astera Labs\" \/>\n<meta property=\"article:modified_time\" content=\"2026-01-15T12:35:22+00:00\" \/>\n<meta property=\"og:image\" content=\"https:\/\/asteralabs.org\/wp-content\/uploads\/2023\/09\/Astera-zipbag-SARMs-S23.png\" \/>\n\t<meta property=\"og:image:width\" content=\"2000\" \/>\n\t<meta property=\"og:image:height\" content=\"2000\" \/>\n\t<meta property=\"og:image:type\" content=\"image\/png\" \/>\n<meta name=\"twitter:card\" content=\"summary_large_image\" \/>\n<script type=\"application\/ld+json\" class=\"yoast-schema-graph\">{\"@context\":\"https:\/\/schema.org\",\"@graph\":[{\"@type\":\"WebPage\",\"@id\":\"https:\/\/asteralabs.org\/sv\/product\/s23-50-tabletter\/\",\"url\":\"https:\/\/asteralabs.org\/sv\/product\/s23-50-tabletter\/\",\"name\":\"S23 50 tabletter - Astera Labs\",\"isPartOf\":{\"@id\":\"https:\/\/asteralabs.org\/sv\/#website\"},\"primaryImageOfPage\":{\"@id\":\"https:\/\/asteralabs.org\/sv\/product\/s23-50-tabletter\/#primaryimage\"},\"image\":{\"@id\":\"https:\/\/asteralabs.org\/sv\/product\/s23-50-tabletter\/#primaryimage\"},\"thumbnailUrl\":\"https:\/\/asteralabs.org\/wp-content\/uploads\/2023\/09\/Astera-zipbag-SARMs-S23.png\",\"datePublished\":\"2023-09-07T12:34:02+00:00\",\"dateModified\":\"2026-01-15T12:35:22+00:00\",\"breadcrumb\":{\"@id\":\"https:\/\/asteralabs.org\/sv\/product\/s23-50-tabletter\/#breadcrumb\"},\"inLanguage\":\"sv-SE\",\"potentialAction\":[{\"@type\":\"ReadAction\",\"target\":[\"https:\/\/asteralabs.org\/sv\/product\/s23-50-tabletter\/\"]}]},{\"@type\":\"ImageObject\",\"inLanguage\":\"sv-SE\",\"@id\":\"https:\/\/asteralabs.org\/sv\/product\/s23-50-tabletter\/#primaryimage\",\"url\":\"https:\/\/asteralabs.org\/wp-content\/uploads\/2023\/09\/Astera-zipbag-SARMs-S23.png\",\"contentUrl\":\"https:\/\/asteralabs.org\/wp-content\/uploads\/2023\/09\/Astera-zipbag-SARMs-S23.png\",\"width\":2000,\"height\":2000},{\"@type\":\"BreadcrumbList\",\"@id\":\"https:\/\/asteralabs.org\/sv\/product\/s23-50-tabletter\/#breadcrumb\",\"itemListElement\":[{\"@type\":\"ListItem\",\"position\":1,\"name\":\"Home\",\"item\":\"https:\/\/asteralabs.org\/sv\/\"},{\"@type\":\"ListItem\",\"position\":2,\"name\":\"Butik\",\"item\":\"https:\/\/asteralabs.org\/butik\/\"},{\"@type\":\"ListItem\",\"position\":3,\"name\":\"S23 50 tabletter\"}]},{\"@type\":\"WebSite\",\"@id\":\"https:\/\/asteralabs.org\/sv\/#website\",\"url\":\"https:\/\/asteralabs.org\/sv\/\",\"name\":\"Astera Labs\",\"description\":\"Improve Your Quality Of Life\",\"publisher\":{\"@id\":\"https:\/\/asteralabs.org\/sv\/#organization\"},\"potentialAction\":[{\"@type\":\"SearchAction\",\"target\":{\"@type\":\"EntryPoint\",\"urlTemplate\":\"https:\/\/asteralabs.org\/sv\/?s={search_term_string}\"},\"query-input\":\"required name=search_term_string\"}],\"inLanguage\":\"sv-SE\"},{\"@type\":\"Organization\",\"@id\":\"https:\/\/asteralabs.org\/sv\/#organization\",\"name\":\"Astera Labs\",\"url\":\"https:\/\/asteralabs.org\/sv\/\",\"logo\":{\"@type\":\"ImageObject\",\"inLanguage\":\"sv-SE\",\"@id\":\"https:\/\/asteralabs.org\/sv\/#\/schema\/logo\/image\/\",\"url\":\"https:\/\/asteralabs.org\/wp-content\/uploads\/2022\/12\/astera-2.png\",\"contentUrl\":\"https:\/\/asteralabs.org\/wp-content\/uploads\/2022\/12\/astera-2.png\",\"width\":437,\"height\":111,\"caption\":\"Astera Labs\"},\"image\":{\"@id\":\"https:\/\/asteralabs.org\/sv\/#\/schema\/logo\/image\/\"}}]}<\/script>\n<!-- \/ Yoast SEO plugin. -->","yoast_head_json":{"title":"S23 50 tabletter - Astera Labs","robots":{"index":"index","follow":"follow","max-snippet":"max-snippet:-1","max-image-preview":"max-image-preview:large","max-video-preview":"max-video-preview:-1"},"canonical":"https:\/\/asteralabs.org\/sv\/product\/s23-50-tabletter\/","og_locale":"sv_SE","og_type":"article","og_title":"S23 50 tabletter - Astera Labs","og_description":"DOSERING: S23 10 mg per tablett PAKETETS INNEH\u00c5LL: 1 dosp\u00e5se med 50 tabletter, var och en inneh\u00e5llande 10 mg VAD \u00c4R DET? S23 \u00e4r en selektiv androgenreceptormodulator (SARM) som tas oralt, k\u00e4nd f\u00f6r sin f\u00f6rm\u00e5ga att f\u00f6rb\u00e4ttra mager muskelmassa och \u00f6ka bent\u00e4theten. Till skillnad fr\u00e5n traditionella steroider \u00e4r S23 v\u00e4vnadsselektiv, vilket inneb\u00e4r att den specifikt&hellip;","og_url":"https:\/\/asteralabs.org\/sv\/product\/s23-50-tabletter\/","og_site_name":"Astera Labs","article_modified_time":"2026-01-15T12:35:22+00:00","og_image":[{"width":2000,"height":2000,"url":"https:\/\/asteralabs.org\/wp-content\/uploads\/2023\/09\/Astera-zipbag-SARMs-S23.png","type":"image\/png"}],"twitter_card":"summary_large_image","schema":{"@context":"https:\/\/schema.org","@graph":[{"@type":"WebPage","@id":"https:\/\/asteralabs.org\/sv\/product\/s23-50-tabletter\/","url":"https:\/\/asteralabs.org\/sv\/product\/s23-50-tabletter\/","name":"S23 50 tabletter - Astera Labs","isPartOf":{"@id":"https:\/\/asteralabs.org\/sv\/#website"},"primaryImageOfPage":{"@id":"https:\/\/asteralabs.org\/sv\/product\/s23-50-tabletter\/#primaryimage"},"image":{"@id":"https:\/\/asteralabs.org\/sv\/product\/s23-50-tabletter\/#primaryimage"},"thumbnailUrl":"https:\/\/asteralabs.org\/wp-content\/uploads\/2023\/09\/Astera-zipbag-SARMs-S23.png","datePublished":"2023-09-07T12:34:02+00:00","dateModified":"2026-01-15T12:35:22+00:00","breadcrumb":{"@id":"https:\/\/asteralabs.org\/sv\/product\/s23-50-tabletter\/#breadcrumb"},"inLanguage":"sv-SE","potentialAction":[{"@type":"ReadAction","target":["https:\/\/asteralabs.org\/sv\/product\/s23-50-tabletter\/"]}]},{"@type":"ImageObject","inLanguage":"sv-SE","@id":"https:\/\/asteralabs.org\/sv\/product\/s23-50-tabletter\/#primaryimage","url":"https:\/\/asteralabs.org\/wp-content\/uploads\/2023\/09\/Astera-zipbag-SARMs-S23.png","contentUrl":"https:\/\/asteralabs.org\/wp-content\/uploads\/2023\/09\/Astera-zipbag-SARMs-S23.png","width":2000,"height":2000},{"@type":"BreadcrumbList","@id":"https:\/\/asteralabs.org\/sv\/product\/s23-50-tabletter\/#breadcrumb","itemListElement":[{"@type":"ListItem","position":1,"name":"Home","item":"https:\/\/asteralabs.org\/sv\/"},{"@type":"ListItem","position":2,"name":"Butik","item":"https:\/\/asteralabs.org\/butik\/"},{"@type":"ListItem","position":3,"name":"S23 50 tabletter"}]},{"@type":"WebSite","@id":"https:\/\/asteralabs.org\/sv\/#website","url":"https:\/\/asteralabs.org\/sv\/","name":"Astera Labs","description":"Improve Your Quality Of Life","publisher":{"@id":"https:\/\/asteralabs.org\/sv\/#organization"},"potentialAction":[{"@type":"SearchAction","target":{"@type":"EntryPoint","urlTemplate":"https:\/\/asteralabs.org\/sv\/?s={search_term_string}"},"query-input":"required name=search_term_string"}],"inLanguage":"sv-SE"},{"@type":"Organization","@id":"https:\/\/asteralabs.org\/sv\/#organization","name":"Astera Labs","url":"https:\/\/asteralabs.org\/sv\/","logo":{"@type":"ImageObject","inLanguage":"sv-SE","@id":"https:\/\/asteralabs.org\/sv\/#\/schema\/logo\/image\/","url":"https:\/\/asteralabs.org\/wp-content\/uploads\/2022\/12\/astera-2.png","contentUrl":"https:\/\/asteralabs.org\/wp-content\/uploads\/2022\/12\/astera-2.png","width":437,"height":111,"caption":"Astera Labs"},"image":{"@id":"https:\/\/asteralabs.org\/sv\/#\/schema\/logo\/image\/"}}]}},"_links":{"self":[{"href":"https:\/\/asteralabs.org\/sv\/wp-json\/wp\/v2\/product\/78067"}],"collection":[{"href":"https:\/\/asteralabs.org\/sv\/wp-json\/wp\/v2\/product"}],"about":[{"href":"https:\/\/asteralabs.org\/sv\/wp-json\/wp\/v2\/types\/product"}],"replies":[{"embeddable":true,"href":"https:\/\/asteralabs.org\/sv\/wp-json\/wp\/v2\/comments?post=78067"}],"version-history":[{"count":2,"href":"https:\/\/asteralabs.org\/sv\/wp-json\/wp\/v2\/product\/78067\/revisions"}],"predecessor-version":[{"id":79713,"href":"https:\/\/asteralabs.org\/sv\/wp-json\/wp\/v2\/product\/78067\/revisions\/79713"}],"wp:featuredmedia":[{"embeddable":true,"href":"https:\/\/asteralabs.org\/sv\/wp-json\/wp\/v2\/media\/76462"}],"wp:attachment":[{"href":"https:\/\/asteralabs.org\/sv\/wp-json\/wp\/v2\/media?parent=78067"}],"wp:term":[{"taxonomy":"product_cat","embeddable":true,"href":"https:\/\/asteralabs.org\/sv\/wp-json\/wp\/v2\/product_cat?post=78067"},{"taxonomy":"product_tag","embeddable":true,"href":"https:\/\/asteralabs.org\/sv\/wp-json\/wp\/v2\/product_tag?post=78067"}],"curies":[{"name":"wp","href":"https:\/\/api.w.org\/{rel}","templated":true}]}}