{"id":78072,"date":"2023-09-07T12:30:27","date_gmt":"2023-09-07T12:30:27","guid":{"rendered":"https:\/\/asteralabs.org\/product\/rad140-50-tabletter\/"},"modified":"2026-01-15T12:40:45","modified_gmt":"2026-01-15T12:40:45","slug":"rad140-50-tabletter","status":"publish","type":"product","link":"https:\/\/asteralabs.org\/sv\/product\/rad140-50-tabletter\/","title":{"rendered":"RAD140 50 tabletter"},"content":{"rendered":"<p><strong>DOSERING<\/strong>: RAD140 Testolone 10 mg per tablett<\/p>\n<p><strong>PAKETETS INNEH\u00c5LL:<\/strong><\/p>\n<p>1 dosp\u00e5se med 50 tabletter, var och en inneh\u00e5llande 10 mg<\/p>\n<p><strong>VAD \u00c4R DET?<\/strong><\/p>\n<p>Testolone, \u00e4ven kallad RAD140, \u00e4r en Selective Androgen Receptor Modulator (SARM) som \u00e4r k\u00e4nd f\u00f6r sin starka potential att fr\u00e4mja muskeltillv\u00e4xt. K\u00e4nd som en av de mest effektiva SARM: erna f\u00f6r massf\u00f6rst\u00e4rkning, \u00e4r det h\u00f6gt v\u00e4rderat f\u00f6r att f\u00f6rb\u00e4ttra muskelstorlek och styrka.<br \/>\n<strong>F\u00d6RM\u00c5NER:<br \/>\n<\/strong><\/p>\n<p>RAD140 riktar sig specifikt mot muskelutveckling och st\u00f6der b\u00e5de muskeltillv\u00e4xt och hj\u00e4rnfunktion. Ut\u00f6ver bulking \u00e4r RAD140 ocks\u00e5 l\u00e4mpligt f\u00f6r sk\u00e4rcykler, eftersom det hj\u00e4lper till att utveckla mager muskelv\u00e4vnad samtidigt som det st\u00f6der fettf\u00f6rlust, vilket g\u00f6r det till ett m\u00e5ngsidigt alternativ f\u00f6r olika fitnessm\u00e5l, det \u00e4r ocks\u00e5 bra f\u00f6r styrkeprestanda.<\/p>\n<p><strong>HUR MAN ANV\u00c4NDER:<\/strong><\/p>\n<p>F\u00f6r b\u00e4sta resultat anv\u00e4nds RAD140 vanligtvis i cykler p\u00e5 upp till 8 veckor. Ett dagligt intag av 10-30 mg rekommenderas ofta f\u00f6r styrkef\u00f6rb\u00e4ttring, med effektiva doser som str\u00e4cker sig fr\u00e5n 10 mg till 100 mg. Det rekommenderas att inte \u00f6verskrida en 8-veckorscykel. <strong><br \/>\nBATCHINFORMATION:<br \/>\n<\/strong>Batch nr: <span data-sheets-root=\"1\">SE67214<\/span><br \/>\nTillverkningsdatum: 10<span data-sheets-root=\"1\" data-sheets-value=\"{&quot;1&quot;:2,&quot;2&quot;:&quot;03.2023.&quot;}\" data-sheets-userformat=\"{&quot;2&quot;:577,&quot;3&quot;:{&quot;1&quot;:0},&quot;9&quot;:0,&quot;12&quot;:0}\">.2025.<\/span><br \/>\nUtg\u00e5ngsdatum: 10<span data-sheets-root=\"1\" data-sheets-value=\"{&quot;1&quot;:2,&quot;2&quot;:&quot;03.2026.&quot;}\" data-sheets-userformat=\"{&quot;2&quot;:637,&quot;3&quot;:{&quot;1&quot;:0},&quot;5&quot;:{&quot;1&quot;:[{&quot;1&quot;:2,&quot;2&quot;:0,&quot;5&quot;:{&quot;1&quot;:2,&quot;2&quot;:0}},{&quot;1&quot;:0,&quot;2&quot;:0,&quot;3&quot;:3},{&quot;1&quot;:1,&quot;2&quot;:0,&quot;4&quot;:1}]},&quot;6&quot;:{&quot;1&quot;:[{&quot;1&quot;:2,&quot;2&quot;:0,&quot;5&quot;:{&quot;1&quot;:2,&quot;2&quot;:0}},{&quot;1&quot;:0,&quot;2&quot;:0,&quot;3&quot;:3},{&quot;1&quot;:1,&quot;2&quot;:0,&quot;4&quot;:1}]},&quot;7&quot;:{&quot;1&quot;:[{&quot;1&quot;:2,&quot;2&quot;:0,&quot;5&quot;:{&quot;1&quot;:2,&quot;2&quot;:0}},{&quot;1&quot;:0,&quot;2&quot;:0,&quot;3&quot;:3},{&quot;1&quot;:1,&quot;2&quot;:0,&quot;4&quot;:1}]},&quot;8&quot;:{&quot;1&quot;:[{&quot;1&quot;:2,&quot;2&quot;:0,&quot;5&quot;:{&quot;1&quot;:2,&quot;2&quot;:0}},{&quot;1&quot;:0,&quot;2&quot;:0,&quot;3&quot;:3},{&quot;1&quot;:1,&quot;2&quot;:0,&quot;4&quot;:1}]},&quot;9&quot;:0,&quot;12&quot;:0}\">.2028.<\/span><\/p>\n","protected":false},"excerpt":{"rendered":"<p>DOSERING: RAD140 Testolone 10 mg per tablett PAKETETS INNEH\u00c5LL: 1 dosp\u00e5se med 50 tabletter, var och en inneh\u00e5llande 10 mg VAD \u00c4R DET? Testolone, \u00e4ven kallad RAD140, \u00e4r en Selective Androgen Receptor Modulator (SARM) som \u00e4r k\u00e4nd f\u00f6r sin starka potential att fr\u00e4mja muskeltillv\u00e4xt. K\u00e4nd som en av de mest effektiva SARM: erna f\u00f6r massf\u00f6rst\u00e4rkning,&hellip;<\/p>\n","protected":false},"featured_media":76454,"comment_status":"closed","ping_status":"closed","template":"","meta":{"_acf_changed":false},"product_brand":[],"product_cat":[171,200],"product_tag":[],"class_list":{"0":"post-78072","1":"product","2":"type-product","3":"status-publish","4":"has-post-thumbnail","6":"product_cat-all-sv","7":"product_cat-sarms-sv","8":"description-off","10":"first","11":"instock","12":"shipping-taxable","13":"product-type-simple"},"acf":[],"yoast_head":"<!-- This site is optimized with the Yoast SEO plugin v27.4 - https:\/\/yoast.com\/product\/yoast-seo-wordpress\/ -->\n<title>RAD140 50 tabletter - Astera Labs<\/title>\n<meta name=\"robots\" content=\"index, follow, max-snippet:-1, max-image-preview:large, max-video-preview:-1\" \/>\n<link rel=\"canonical\" href=\"https:\/\/asteralabs.org\/sv\/product\/rad140-50-tabletter\/\" \/>\n<meta property=\"og:locale\" content=\"sv_SE\" \/>\n<meta property=\"og:type\" content=\"article\" \/>\n<meta property=\"og:title\" content=\"RAD140 50 tabletter - Astera Labs\" \/>\n<meta property=\"og:description\" content=\"DOSERING: RAD140 Testolone 10 mg per tablett PAKETETS INNEH\u00c5LL: 1 dosp\u00e5se med 50 tabletter, var och en inneh\u00e5llande 10 mg VAD \u00c4R DET? Testolone, \u00e4ven kallad RAD140, \u00e4r en Selective Androgen Receptor Modulator (SARM) som \u00e4r k\u00e4nd f\u00f6r sin starka potential att fr\u00e4mja muskeltillv\u00e4xt. K\u00e4nd som en av de mest effektiva SARM: erna f\u00f6r massf\u00f6rst\u00e4rkning,&hellip;\" \/>\n<meta property=\"og:url\" content=\"https:\/\/asteralabs.org\/sv\/product\/rad140-50-tabletter\/\" \/>\n<meta property=\"og:site_name\" content=\"Astera Labs\" \/>\n<meta property=\"article:modified_time\" content=\"2026-01-15T12:40:45+00:00\" \/>\n<meta property=\"og:image\" content=\"https:\/\/asteralabs.org\/wp-content\/uploads\/2023\/09\/Astera-zipbag-SARMs-RAD140.png\" \/>\n\t<meta property=\"og:image:width\" content=\"2000\" \/>\n\t<meta property=\"og:image:height\" content=\"2000\" \/>\n\t<meta property=\"og:image:type\" content=\"image\/png\" \/>\n<meta name=\"twitter:card\" content=\"summary_large_image\" \/>\n<script type=\"application\/ld+json\" class=\"yoast-schema-graph\">{\"@context\":\"https:\\\/\\\/schema.org\",\"@graph\":[{\"@type\":\"WebPage\",\"@id\":\"https:\\\/\\\/asteralabs.org\\\/sv\\\/product\\\/rad140-50-tabletter\\\/\",\"url\":\"https:\\\/\\\/asteralabs.org\\\/sv\\\/product\\\/rad140-50-tabletter\\\/\",\"name\":\"RAD140 50 tabletter - Astera Labs\",\"isPartOf\":{\"@id\":\"https:\\\/\\\/asteralabs.org\\\/sv\\\/#website\"},\"primaryImageOfPage\":{\"@id\":\"https:\\\/\\\/asteralabs.org\\\/sv\\\/product\\\/rad140-50-tabletter\\\/#primaryimage\"},\"image\":{\"@id\":\"https:\\\/\\\/asteralabs.org\\\/sv\\\/product\\\/rad140-50-tabletter\\\/#primaryimage\"},\"thumbnailUrl\":\"https:\\\/\\\/asteralabs.org\\\/wp-content\\\/uploads\\\/2023\\\/09\\\/Astera-zipbag-SARMs-RAD140.png\",\"datePublished\":\"2023-09-07T12:30:27+00:00\",\"dateModified\":\"2026-01-15T12:40:45+00:00\",\"breadcrumb\":{\"@id\":\"https:\\\/\\\/asteralabs.org\\\/sv\\\/product\\\/rad140-50-tabletter\\\/#breadcrumb\"},\"inLanguage\":\"sv-SE\",\"potentialAction\":[{\"@type\":\"ReadAction\",\"target\":[\"https:\\\/\\\/asteralabs.org\\\/sv\\\/product\\\/rad140-50-tabletter\\\/\"]}]},{\"@type\":\"ImageObject\",\"inLanguage\":\"sv-SE\",\"@id\":\"https:\\\/\\\/asteralabs.org\\\/sv\\\/product\\\/rad140-50-tabletter\\\/#primaryimage\",\"url\":\"https:\\\/\\\/asteralabs.org\\\/wp-content\\\/uploads\\\/2023\\\/09\\\/Astera-zipbag-SARMs-RAD140.png\",\"contentUrl\":\"https:\\\/\\\/asteralabs.org\\\/wp-content\\\/uploads\\\/2023\\\/09\\\/Astera-zipbag-SARMs-RAD140.png\",\"width\":2000,\"height\":2000},{\"@type\":\"BreadcrumbList\",\"@id\":\"https:\\\/\\\/asteralabs.org\\\/sv\\\/product\\\/rad140-50-tabletter\\\/#breadcrumb\",\"itemListElement\":[{\"@type\":\"ListItem\",\"position\":1,\"name\":\"Home\",\"item\":\"https:\\\/\\\/asteralabs.org\\\/sv\\\/\"},{\"@type\":\"ListItem\",\"position\":2,\"name\":\"Butik\",\"item\":\"https:\\\/\\\/asteralabs.org\\\/sv\\\/butik\\\/\"},{\"@type\":\"ListItem\",\"position\":3,\"name\":\"RAD140 50 tabletter\"}]},{\"@type\":\"WebSite\",\"@id\":\"https:\\\/\\\/asteralabs.org\\\/sv\\\/#website\",\"url\":\"https:\\\/\\\/asteralabs.org\\\/sv\\\/\",\"name\":\"Astera Labs\",\"description\":\"Improve Your Quality Of Life\",\"publisher\":{\"@id\":\"https:\\\/\\\/asteralabs.org\\\/sv\\\/#organization\"},\"potentialAction\":[{\"@type\":\"SearchAction\",\"target\":{\"@type\":\"EntryPoint\",\"urlTemplate\":\"https:\\\/\\\/asteralabs.org\\\/sv\\\/?s={search_term_string}\"},\"query-input\":{\"@type\":\"PropertyValueSpecification\",\"valueRequired\":true,\"valueName\":\"search_term_string\"}}],\"inLanguage\":\"sv-SE\"},{\"@type\":\"Organization\",\"@id\":\"https:\\\/\\\/asteralabs.org\\\/sv\\\/#organization\",\"name\":\"Astera Labs\",\"url\":\"https:\\\/\\\/asteralabs.org\\\/sv\\\/\",\"logo\":{\"@type\":\"ImageObject\",\"inLanguage\":\"sv-SE\",\"@id\":\"https:\\\/\\\/asteralabs.org\\\/sv\\\/#\\\/schema\\\/logo\\\/image\\\/\",\"url\":\"https:\\\/\\\/asteralabs.org\\\/wp-content\\\/uploads\\\/2022\\\/12\\\/astera-2.png\",\"contentUrl\":\"https:\\\/\\\/asteralabs.org\\\/wp-content\\\/uploads\\\/2022\\\/12\\\/astera-2.png\",\"width\":437,\"height\":111,\"caption\":\"Astera Labs\"},\"image\":{\"@id\":\"https:\\\/\\\/asteralabs.org\\\/sv\\\/#\\\/schema\\\/logo\\\/image\\\/\"}}]}<\/script>\n<!-- \/ Yoast SEO plugin. -->","yoast_head_json":{"title":"RAD140 50 tabletter - Astera Labs","robots":{"index":"index","follow":"follow","max-snippet":"max-snippet:-1","max-image-preview":"max-image-preview:large","max-video-preview":"max-video-preview:-1"},"canonical":"https:\/\/asteralabs.org\/sv\/product\/rad140-50-tabletter\/","og_locale":"sv_SE","og_type":"article","og_title":"RAD140 50 tabletter - Astera Labs","og_description":"DOSERING: RAD140 Testolone 10 mg per tablett PAKETETS INNEH\u00c5LL: 1 dosp\u00e5se med 50 tabletter, var och en inneh\u00e5llande 10 mg VAD \u00c4R DET? Testolone, \u00e4ven kallad RAD140, \u00e4r en Selective Androgen Receptor Modulator (SARM) som \u00e4r k\u00e4nd f\u00f6r sin starka potential att fr\u00e4mja muskeltillv\u00e4xt. K\u00e4nd som en av de mest effektiva SARM: erna f\u00f6r massf\u00f6rst\u00e4rkning,&hellip;","og_url":"https:\/\/asteralabs.org\/sv\/product\/rad140-50-tabletter\/","og_site_name":"Astera Labs","article_modified_time":"2026-01-15T12:40:45+00:00","og_image":[{"width":2000,"height":2000,"url":"https:\/\/asteralabs.org\/wp-content\/uploads\/2023\/09\/Astera-zipbag-SARMs-RAD140.png","type":"image\/png"}],"twitter_card":"summary_large_image","schema":{"@context":"https:\/\/schema.org","@graph":[{"@type":"WebPage","@id":"https:\/\/asteralabs.org\/sv\/product\/rad140-50-tabletter\/","url":"https:\/\/asteralabs.org\/sv\/product\/rad140-50-tabletter\/","name":"RAD140 50 tabletter - Astera Labs","isPartOf":{"@id":"https:\/\/asteralabs.org\/sv\/#website"},"primaryImageOfPage":{"@id":"https:\/\/asteralabs.org\/sv\/product\/rad140-50-tabletter\/#primaryimage"},"image":{"@id":"https:\/\/asteralabs.org\/sv\/product\/rad140-50-tabletter\/#primaryimage"},"thumbnailUrl":"https:\/\/asteralabs.org\/wp-content\/uploads\/2023\/09\/Astera-zipbag-SARMs-RAD140.png","datePublished":"2023-09-07T12:30:27+00:00","dateModified":"2026-01-15T12:40:45+00:00","breadcrumb":{"@id":"https:\/\/asteralabs.org\/sv\/product\/rad140-50-tabletter\/#breadcrumb"},"inLanguage":"sv-SE","potentialAction":[{"@type":"ReadAction","target":["https:\/\/asteralabs.org\/sv\/product\/rad140-50-tabletter\/"]}]},{"@type":"ImageObject","inLanguage":"sv-SE","@id":"https:\/\/asteralabs.org\/sv\/product\/rad140-50-tabletter\/#primaryimage","url":"https:\/\/asteralabs.org\/wp-content\/uploads\/2023\/09\/Astera-zipbag-SARMs-RAD140.png","contentUrl":"https:\/\/asteralabs.org\/wp-content\/uploads\/2023\/09\/Astera-zipbag-SARMs-RAD140.png","width":2000,"height":2000},{"@type":"BreadcrumbList","@id":"https:\/\/asteralabs.org\/sv\/product\/rad140-50-tabletter\/#breadcrumb","itemListElement":[{"@type":"ListItem","position":1,"name":"Home","item":"https:\/\/asteralabs.org\/sv\/"},{"@type":"ListItem","position":2,"name":"Butik","item":"https:\/\/asteralabs.org\/sv\/butik\/"},{"@type":"ListItem","position":3,"name":"RAD140 50 tabletter"}]},{"@type":"WebSite","@id":"https:\/\/asteralabs.org\/sv\/#website","url":"https:\/\/asteralabs.org\/sv\/","name":"Astera Labs","description":"Improve Your Quality Of Life","publisher":{"@id":"https:\/\/asteralabs.org\/sv\/#organization"},"potentialAction":[{"@type":"SearchAction","target":{"@type":"EntryPoint","urlTemplate":"https:\/\/asteralabs.org\/sv\/?s={search_term_string}"},"query-input":{"@type":"PropertyValueSpecification","valueRequired":true,"valueName":"search_term_string"}}],"inLanguage":"sv-SE"},{"@type":"Organization","@id":"https:\/\/asteralabs.org\/sv\/#organization","name":"Astera Labs","url":"https:\/\/asteralabs.org\/sv\/","logo":{"@type":"ImageObject","inLanguage":"sv-SE","@id":"https:\/\/asteralabs.org\/sv\/#\/schema\/logo\/image\/","url":"https:\/\/asteralabs.org\/wp-content\/uploads\/2022\/12\/astera-2.png","contentUrl":"https:\/\/asteralabs.org\/wp-content\/uploads\/2022\/12\/astera-2.png","width":437,"height":111,"caption":"Astera Labs"},"image":{"@id":"https:\/\/asteralabs.org\/sv\/#\/schema\/logo\/image\/"}}]}},"_links":{"self":[{"href":"https:\/\/asteralabs.org\/sv\/wp-json\/wp\/v2\/product\/78072","targetHints":{"allow":["GET"]}}],"collection":[{"href":"https:\/\/asteralabs.org\/sv\/wp-json\/wp\/v2\/product"}],"about":[{"href":"https:\/\/asteralabs.org\/sv\/wp-json\/wp\/v2\/types\/product"}],"replies":[{"embeddable":true,"href":"https:\/\/asteralabs.org\/sv\/wp-json\/wp\/v2\/comments?post=78072"}],"version-history":[{"count":2,"href":"https:\/\/asteralabs.org\/sv\/wp-json\/wp\/v2\/product\/78072\/revisions"}],"predecessor-version":[{"id":79730,"href":"https:\/\/asteralabs.org\/sv\/wp-json\/wp\/v2\/product\/78072\/revisions\/79730"}],"wp:featuredmedia":[{"embeddable":true,"href":"https:\/\/asteralabs.org\/sv\/wp-json\/wp\/v2\/media\/76454"}],"wp:attachment":[{"href":"https:\/\/asteralabs.org\/sv\/wp-json\/wp\/v2\/media?parent=78072"}],"wp:term":[{"taxonomy":"product_brand","embeddable":true,"href":"https:\/\/asteralabs.org\/sv\/wp-json\/wp\/v2\/product_brand?post=78072"},{"taxonomy":"product_cat","embeddable":true,"href":"https:\/\/asteralabs.org\/sv\/wp-json\/wp\/v2\/product_cat?post=78072"},{"taxonomy":"product_tag","embeddable":true,"href":"https:\/\/asteralabs.org\/sv\/wp-json\/wp\/v2\/product_tag?post=78072"}],"curies":[{"name":"wp","href":"https:\/\/api.w.org\/{rel}","templated":true}]}}