{"id":78079,"date":"2023-09-07T12:29:31","date_gmt":"2023-09-07T12:29:31","guid":{"rendered":"https:\/\/asteralabs.org\/product\/mk677-50-tabletter\/"},"modified":"2026-01-15T12:46:21","modified_gmt":"2026-01-15T12:46:21","slug":"mk677-50-tabletter","status":"publish","type":"product","link":"https:\/\/asteralabs.org\/sv\/product\/mk677-50-tabletter\/","title":{"rendered":"MK677 50 tabletter"},"content":{"rendered":"<p><strong>DOSERING<\/strong>:<br \/>\nMK-677 Ibutamoren 10 mg per tablett<\/p>\n<p><strong>PAKETETS INNEH\u00c5LL:<\/strong><\/p>\n<p>1 dosp\u00e5se med 50 tabletter, var och en inneh\u00e5llande 10 mg<\/p>\n<p><strong>VAD \u00c4R DET?<\/strong><\/p>\n<p>Ibutamoren, \u00e4ven k\u00e4nd som MK-677, \u00e4r en f\u00f6rening som stimulerar fris\u00e4ttning av tillv\u00e4xthormon, vilket resulterar i f\u00f6rh\u00f6jda niv\u00e5er av b\u00e5de tillv\u00e4xthormon och IGF-1 i kroppen. Dess effekter syftar till att f\u00f6rb\u00e4ttra ben- och muskelmassan, \u00f6ka benmineraldensiteten, f\u00f6rb\u00e4ttra s\u00f6mnkvaliteten, \u00f6ka minnesfunktionen och st\u00e4rka immunf\u00f6rsvaret.<br \/>\n<strong>F\u00d6RM\u00c5NER:<br \/>\n<\/strong><\/p>\n<p>F\u00f6r erfarna anv\u00e4ndare \u00e4r en dos p\u00e5 20-30 mg per dag vanligtvis v\u00e4l tolererad, vilket balanserar \u00f6nskade effekter med minimerade biverkningsrisker. Denna dos \u00e4r popul\u00e4r bland kroppsbyggare som vill optimera muskeltillv\u00e4xten. F\u00f6r nya anv\u00e4ndare rekommenderas en l\u00e4gre startdos p\u00e5 10 mg dagligen, med gradvisa \u00f6kningar efter behov f\u00f6r att passa individuell tolerans.<\/p>\n<p><strong>HUR MAN ANV\u00c4NDER:<\/strong><\/p>\n<p>Den rekommenderade dosen f\u00f6r MK-677 Ibutamoren \u00e4r i allm\u00e4nhet mellan 10 och 30 mg, som tas en g\u00e5ng dagligen. De flesta anv\u00e4ndare tycker att 20-30 mg per dag uppn\u00e5r optimala effekter. Det rekommenderas att ta 10 mg f\u00f6re frukost och 10 mg f\u00f6re s\u00e4ngg\u00e5endet. <strong>BATCHINFORMATION:<br \/>\n<\/strong>Batch nr: <span data-sheets-root=\"1\" data-sheets-value=\"{\" data-sheets-userformat=\"{\">MC87806<\/span><br \/>\nTillverkningsdatum: <span data-sheets-root=\"1\" data-sheets-value=\"{\" data-sheets-userformat=\"{\">10.2025.<\/span><br \/>\nUtg\u00e5ngsdatum: <span data-sheets-root=\"1\" data-sheets-value=\"{\" data-sheets-userformat=\"{\">10.2028.<\/span><\/p>\n","protected":false},"excerpt":{"rendered":"<p>DOSERING: MK-677 Ibutamoren 10 mg per tablett PAKETETS INNEH\u00c5LL: 1 dosp\u00e5se med 50 tabletter, var och en inneh\u00e5llande 10 mg VAD \u00c4R DET? Ibutamoren, \u00e4ven k\u00e4nd som MK-677, \u00e4r en f\u00f6rening som stimulerar fris\u00e4ttning av tillv\u00e4xthormon, vilket resulterar i f\u00f6rh\u00f6jda niv\u00e5er av b\u00e5de tillv\u00e4xthormon och IGF-1 i kroppen. Dess effekter syftar till att f\u00f6rb\u00e4ttra ben-&hellip;<\/p>\n","protected":false},"featured_media":76438,"comment_status":"closed","ping_status":"closed","template":"","meta":{"_acf_changed":false},"product_brand":[],"product_cat":[171,200],"product_tag":[],"class_list":{"0":"post-78079","1":"product","2":"type-product","3":"status-publish","4":"has-post-thumbnail","6":"product_cat-all-sv","7":"product_cat-sarms-sv","8":"description-off","10":"first","11":"instock","12":"shipping-taxable","13":"product-type-simple"},"acf":[],"yoast_head":"<!-- This site is optimized with the Yoast SEO plugin v27.4 - https:\/\/yoast.com\/product\/yoast-seo-wordpress\/ -->\n<title>MK677 50 tabletter - Astera Labs<\/title>\n<meta name=\"robots\" content=\"index, follow, max-snippet:-1, max-image-preview:large, max-video-preview:-1\" \/>\n<link rel=\"canonical\" href=\"https:\/\/asteralabs.org\/sv\/product\/mk677-50-tabletter\/\" \/>\n<meta property=\"og:locale\" content=\"sv_SE\" \/>\n<meta property=\"og:type\" content=\"article\" \/>\n<meta property=\"og:title\" content=\"MK677 50 tabletter - Astera Labs\" \/>\n<meta property=\"og:description\" content=\"DOSERING: MK-677 Ibutamoren 10 mg per tablett PAKETETS INNEH\u00c5LL: 1 dosp\u00e5se med 50 tabletter, var och en inneh\u00e5llande 10 mg VAD \u00c4R DET? Ibutamoren, \u00e4ven k\u00e4nd som MK-677, \u00e4r en f\u00f6rening som stimulerar fris\u00e4ttning av tillv\u00e4xthormon, vilket resulterar i f\u00f6rh\u00f6jda niv\u00e5er av b\u00e5de tillv\u00e4xthormon och IGF-1 i kroppen. Dess effekter syftar till att f\u00f6rb\u00e4ttra ben-&hellip;\" \/>\n<meta property=\"og:url\" content=\"https:\/\/asteralabs.org\/sv\/product\/mk677-50-tabletter\/\" \/>\n<meta property=\"og:site_name\" content=\"Astera Labs\" \/>\n<meta property=\"article:modified_time\" content=\"2026-01-15T12:46:21+00:00\" \/>\n<meta property=\"og:image\" content=\"https:\/\/asteralabs.org\/wp-content\/uploads\/2023\/09\/Astera-zipbag-SARMs-MK677.png\" \/>\n\t<meta property=\"og:image:width\" content=\"2000\" \/>\n\t<meta property=\"og:image:height\" content=\"2000\" \/>\n\t<meta property=\"og:image:type\" content=\"image\/png\" \/>\n<meta name=\"twitter:card\" content=\"summary_large_image\" \/>\n<script type=\"application\/ld+json\" class=\"yoast-schema-graph\">{\"@context\":\"https:\\\/\\\/schema.org\",\"@graph\":[{\"@type\":\"WebPage\",\"@id\":\"https:\\\/\\\/asteralabs.org\\\/sv\\\/product\\\/mk677-50-tabletter\\\/\",\"url\":\"https:\\\/\\\/asteralabs.org\\\/sv\\\/product\\\/mk677-50-tabletter\\\/\",\"name\":\"MK677 50 tabletter - Astera Labs\",\"isPartOf\":{\"@id\":\"https:\\\/\\\/asteralabs.org\\\/sv\\\/#website\"},\"primaryImageOfPage\":{\"@id\":\"https:\\\/\\\/asteralabs.org\\\/sv\\\/product\\\/mk677-50-tabletter\\\/#primaryimage\"},\"image\":{\"@id\":\"https:\\\/\\\/asteralabs.org\\\/sv\\\/product\\\/mk677-50-tabletter\\\/#primaryimage\"},\"thumbnailUrl\":\"https:\\\/\\\/asteralabs.org\\\/wp-content\\\/uploads\\\/2023\\\/09\\\/Astera-zipbag-SARMs-MK677.png\",\"datePublished\":\"2023-09-07T12:29:31+00:00\",\"dateModified\":\"2026-01-15T12:46:21+00:00\",\"breadcrumb\":{\"@id\":\"https:\\\/\\\/asteralabs.org\\\/sv\\\/product\\\/mk677-50-tabletter\\\/#breadcrumb\"},\"inLanguage\":\"sv-SE\",\"potentialAction\":[{\"@type\":\"ReadAction\",\"target\":[\"https:\\\/\\\/asteralabs.org\\\/sv\\\/product\\\/mk677-50-tabletter\\\/\"]}]},{\"@type\":\"ImageObject\",\"inLanguage\":\"sv-SE\",\"@id\":\"https:\\\/\\\/asteralabs.org\\\/sv\\\/product\\\/mk677-50-tabletter\\\/#primaryimage\",\"url\":\"https:\\\/\\\/asteralabs.org\\\/wp-content\\\/uploads\\\/2023\\\/09\\\/Astera-zipbag-SARMs-MK677.png\",\"contentUrl\":\"https:\\\/\\\/asteralabs.org\\\/wp-content\\\/uploads\\\/2023\\\/09\\\/Astera-zipbag-SARMs-MK677.png\",\"width\":2000,\"height\":2000},{\"@type\":\"BreadcrumbList\",\"@id\":\"https:\\\/\\\/asteralabs.org\\\/sv\\\/product\\\/mk677-50-tabletter\\\/#breadcrumb\",\"itemListElement\":[{\"@type\":\"ListItem\",\"position\":1,\"name\":\"Home\",\"item\":\"https:\\\/\\\/asteralabs.org\\\/sv\\\/\"},{\"@type\":\"ListItem\",\"position\":2,\"name\":\"Butik\",\"item\":\"https:\\\/\\\/asteralabs.org\\\/sv\\\/butik\\\/\"},{\"@type\":\"ListItem\",\"position\":3,\"name\":\"MK677 50 tabletter\"}]},{\"@type\":\"WebSite\",\"@id\":\"https:\\\/\\\/asteralabs.org\\\/sv\\\/#website\",\"url\":\"https:\\\/\\\/asteralabs.org\\\/sv\\\/\",\"name\":\"Astera Labs\",\"description\":\"Improve Your Quality Of Life\",\"publisher\":{\"@id\":\"https:\\\/\\\/asteralabs.org\\\/sv\\\/#organization\"},\"potentialAction\":[{\"@type\":\"SearchAction\",\"target\":{\"@type\":\"EntryPoint\",\"urlTemplate\":\"https:\\\/\\\/asteralabs.org\\\/sv\\\/?s={search_term_string}\"},\"query-input\":{\"@type\":\"PropertyValueSpecification\",\"valueRequired\":true,\"valueName\":\"search_term_string\"}}],\"inLanguage\":\"sv-SE\"},{\"@type\":\"Organization\",\"@id\":\"https:\\\/\\\/asteralabs.org\\\/sv\\\/#organization\",\"name\":\"Astera Labs\",\"url\":\"https:\\\/\\\/asteralabs.org\\\/sv\\\/\",\"logo\":{\"@type\":\"ImageObject\",\"inLanguage\":\"sv-SE\",\"@id\":\"https:\\\/\\\/asteralabs.org\\\/sv\\\/#\\\/schema\\\/logo\\\/image\\\/\",\"url\":\"https:\\\/\\\/asteralabs.org\\\/wp-content\\\/uploads\\\/2022\\\/12\\\/astera-2.png\",\"contentUrl\":\"https:\\\/\\\/asteralabs.org\\\/wp-content\\\/uploads\\\/2022\\\/12\\\/astera-2.png\",\"width\":437,\"height\":111,\"caption\":\"Astera Labs\"},\"image\":{\"@id\":\"https:\\\/\\\/asteralabs.org\\\/sv\\\/#\\\/schema\\\/logo\\\/image\\\/\"}}]}<\/script>\n<!-- \/ Yoast SEO plugin. -->","yoast_head_json":{"title":"MK677 50 tabletter - Astera Labs","robots":{"index":"index","follow":"follow","max-snippet":"max-snippet:-1","max-image-preview":"max-image-preview:large","max-video-preview":"max-video-preview:-1"},"canonical":"https:\/\/asteralabs.org\/sv\/product\/mk677-50-tabletter\/","og_locale":"sv_SE","og_type":"article","og_title":"MK677 50 tabletter - Astera Labs","og_description":"DOSERING: MK-677 Ibutamoren 10 mg per tablett PAKETETS INNEH\u00c5LL: 1 dosp\u00e5se med 50 tabletter, var och en inneh\u00e5llande 10 mg VAD \u00c4R DET? Ibutamoren, \u00e4ven k\u00e4nd som MK-677, \u00e4r en f\u00f6rening som stimulerar fris\u00e4ttning av tillv\u00e4xthormon, vilket resulterar i f\u00f6rh\u00f6jda niv\u00e5er av b\u00e5de tillv\u00e4xthormon och IGF-1 i kroppen. Dess effekter syftar till att f\u00f6rb\u00e4ttra ben-&hellip;","og_url":"https:\/\/asteralabs.org\/sv\/product\/mk677-50-tabletter\/","og_site_name":"Astera Labs","article_modified_time":"2026-01-15T12:46:21+00:00","og_image":[{"width":2000,"height":2000,"url":"https:\/\/asteralabs.org\/wp-content\/uploads\/2023\/09\/Astera-zipbag-SARMs-MK677.png","type":"image\/png"}],"twitter_card":"summary_large_image","schema":{"@context":"https:\/\/schema.org","@graph":[{"@type":"WebPage","@id":"https:\/\/asteralabs.org\/sv\/product\/mk677-50-tabletter\/","url":"https:\/\/asteralabs.org\/sv\/product\/mk677-50-tabletter\/","name":"MK677 50 tabletter - Astera Labs","isPartOf":{"@id":"https:\/\/asteralabs.org\/sv\/#website"},"primaryImageOfPage":{"@id":"https:\/\/asteralabs.org\/sv\/product\/mk677-50-tabletter\/#primaryimage"},"image":{"@id":"https:\/\/asteralabs.org\/sv\/product\/mk677-50-tabletter\/#primaryimage"},"thumbnailUrl":"https:\/\/asteralabs.org\/wp-content\/uploads\/2023\/09\/Astera-zipbag-SARMs-MK677.png","datePublished":"2023-09-07T12:29:31+00:00","dateModified":"2026-01-15T12:46:21+00:00","breadcrumb":{"@id":"https:\/\/asteralabs.org\/sv\/product\/mk677-50-tabletter\/#breadcrumb"},"inLanguage":"sv-SE","potentialAction":[{"@type":"ReadAction","target":["https:\/\/asteralabs.org\/sv\/product\/mk677-50-tabletter\/"]}]},{"@type":"ImageObject","inLanguage":"sv-SE","@id":"https:\/\/asteralabs.org\/sv\/product\/mk677-50-tabletter\/#primaryimage","url":"https:\/\/asteralabs.org\/wp-content\/uploads\/2023\/09\/Astera-zipbag-SARMs-MK677.png","contentUrl":"https:\/\/asteralabs.org\/wp-content\/uploads\/2023\/09\/Astera-zipbag-SARMs-MK677.png","width":2000,"height":2000},{"@type":"BreadcrumbList","@id":"https:\/\/asteralabs.org\/sv\/product\/mk677-50-tabletter\/#breadcrumb","itemListElement":[{"@type":"ListItem","position":1,"name":"Home","item":"https:\/\/asteralabs.org\/sv\/"},{"@type":"ListItem","position":2,"name":"Butik","item":"https:\/\/asteralabs.org\/sv\/butik\/"},{"@type":"ListItem","position":3,"name":"MK677 50 tabletter"}]},{"@type":"WebSite","@id":"https:\/\/asteralabs.org\/sv\/#website","url":"https:\/\/asteralabs.org\/sv\/","name":"Astera Labs","description":"Improve Your Quality Of Life","publisher":{"@id":"https:\/\/asteralabs.org\/sv\/#organization"},"potentialAction":[{"@type":"SearchAction","target":{"@type":"EntryPoint","urlTemplate":"https:\/\/asteralabs.org\/sv\/?s={search_term_string}"},"query-input":{"@type":"PropertyValueSpecification","valueRequired":true,"valueName":"search_term_string"}}],"inLanguage":"sv-SE"},{"@type":"Organization","@id":"https:\/\/asteralabs.org\/sv\/#organization","name":"Astera Labs","url":"https:\/\/asteralabs.org\/sv\/","logo":{"@type":"ImageObject","inLanguage":"sv-SE","@id":"https:\/\/asteralabs.org\/sv\/#\/schema\/logo\/image\/","url":"https:\/\/asteralabs.org\/wp-content\/uploads\/2022\/12\/astera-2.png","contentUrl":"https:\/\/asteralabs.org\/wp-content\/uploads\/2022\/12\/astera-2.png","width":437,"height":111,"caption":"Astera Labs"},"image":{"@id":"https:\/\/asteralabs.org\/sv\/#\/schema\/logo\/image\/"}}]}},"_links":{"self":[{"href":"https:\/\/asteralabs.org\/sv\/wp-json\/wp\/v2\/product\/78079","targetHints":{"allow":["GET"]}}],"collection":[{"href":"https:\/\/asteralabs.org\/sv\/wp-json\/wp\/v2\/product"}],"about":[{"href":"https:\/\/asteralabs.org\/sv\/wp-json\/wp\/v2\/types\/product"}],"replies":[{"embeddable":true,"href":"https:\/\/asteralabs.org\/sv\/wp-json\/wp\/v2\/comments?post=78079"}],"version-history":[{"count":2,"href":"https:\/\/asteralabs.org\/sv\/wp-json\/wp\/v2\/product\/78079\/revisions"}],"predecessor-version":[{"id":79755,"href":"https:\/\/asteralabs.org\/sv\/wp-json\/wp\/v2\/product\/78079\/revisions\/79755"}],"wp:featuredmedia":[{"embeddable":true,"href":"https:\/\/asteralabs.org\/sv\/wp-json\/wp\/v2\/media\/76438"}],"wp:attachment":[{"href":"https:\/\/asteralabs.org\/sv\/wp-json\/wp\/v2\/media?parent=78079"}],"wp:term":[{"taxonomy":"product_brand","embeddable":true,"href":"https:\/\/asteralabs.org\/sv\/wp-json\/wp\/v2\/product_brand?post=78079"},{"taxonomy":"product_cat","embeddable":true,"href":"https:\/\/asteralabs.org\/sv\/wp-json\/wp\/v2\/product_cat?post=78079"},{"taxonomy":"product_tag","embeddable":true,"href":"https:\/\/asteralabs.org\/sv\/wp-json\/wp\/v2\/product_tag?post=78079"}],"curies":[{"name":"wp","href":"https:\/\/api.w.org\/{rel}","templated":true}]}}