{"id":78084,"date":"2023-09-07T12:27:51","date_gmt":"2023-09-07T12:27:51","guid":{"rendered":"https:\/\/asteralabs.org\/product\/mk2866-50-tabletter\/"},"modified":"2026-01-15T12:53:57","modified_gmt":"2026-01-15T12:53:57","slug":"mk2866-50-tabletter","status":"publish","type":"product","link":"https:\/\/asteralabs.org\/sv\/product\/mk2866-50-tabletter\/","title":{"rendered":"MK2866 50 tabletter"},"content":{"rendered":"<p><strong>DOSERING<\/strong>: MK-2866 Ostarine 10 mg per tablett<\/p>\n<p><strong>PAKETETS INNEH\u00c5LL:<\/strong><\/p>\n<p>1 dosp\u00e5se inneh\u00e5llande 50 tabletter, vardera med 10 mg<\/p>\n<p><strong>VAD \u00c4R DET?<\/strong><\/p>\n<p>Ostarine, \u00e4ven k\u00e4nd som MK-2866, \u00e4r en kraftfull och selektiv androgenreceptormodulator (SARM) utformad f\u00f6r att f\u00f6rb\u00e4ttra styrka, uth\u00e5llighet och mager muskelmassa. Det \u00e4r s\u00e4rskilt f\u00f6rdelaktigt under fettf\u00f6rlust eller sk\u00e4rfaser, eftersom det bevarar muskelmassa, f\u00f6rhindrar muskelf\u00f6rlust, st\u00f6der reparation av bindv\u00e4v, stimulerar mager muskeltillv\u00e4xt och f\u00f6rb\u00e4ttrar bent\u00e4theten.<\/p>\n<p><strong>HUR MAN ANV\u00c4NDER:<\/strong><\/p>\n<p>F\u00f6r Ostarine MK-2866 varierar den rekommenderade dagliga dosen fr\u00e5n 10 mg till 50 mg. Nyb\u00f6rjare rekommenderas att b\u00f6rja med en konservativ 10 mg dagligen, mellanliggande anv\u00e4ndare kan \u00f6verv\u00e4ga att \u00f6ka till 25 mg per dag, medan avancerade anv\u00e4ndare kan ta upp till 50 mg dagligen. H\u00f6gre doser som 100 mg kan \u00f6ka muskeltorrhet, fettf\u00f6rlust och totala muskelvinster men kan ocks\u00e5 \u00f6ka risken f\u00f6r biverkningar. <strong><br \/>\nBATCHINFORMATION:<br \/>\n<\/strong>Batch nr: <span data-sheets-root=\"1\">OK61440<\/span><br \/>\nTillverkningsdatum: 10<span data-sheets-root=\"1\" data-sheets-value=\"{&quot;1&quot;:2,&quot;2&quot;:&quot;03.2023.&quot;}\" data-sheets-userformat=\"{&quot;2&quot;:577,&quot;3&quot;:{&quot;1&quot;:0},&quot;9&quot;:0,&quot;12&quot;:0}\">.2025.<\/span><br \/>\nUtg\u00e5ngsdatum: 10<span data-sheets-root=\"1\" data-sheets-value=\"{&quot;1&quot;:2,&quot;2&quot;:&quot;03.2026.&quot;}\" data-sheets-userformat=\"{&quot;2&quot;:637,&quot;3&quot;:{&quot;1&quot;:0},&quot;5&quot;:{&quot;1&quot;:[{&quot;1&quot;:2,&quot;2&quot;:0,&quot;5&quot;:{&quot;1&quot;:2,&quot;2&quot;:0}},{&quot;1&quot;:0,&quot;2&quot;:0,&quot;3&quot;:3},{&quot;1&quot;:1,&quot;2&quot;:0,&quot;4&quot;:1}]},&quot;6&quot;:{&quot;1&quot;:[{&quot;1&quot;:2,&quot;2&quot;:0,&quot;5&quot;:{&quot;1&quot;:2,&quot;2&quot;:0}},{&quot;1&quot;:0,&quot;2&quot;:0,&quot;3&quot;:3},{&quot;1&quot;:1,&quot;2&quot;:0,&quot;4&quot;:1}]},&quot;7&quot;:{&quot;1&quot;:[{&quot;1&quot;:2,&quot;2&quot;:0,&quot;5&quot;:{&quot;1&quot;:2,&quot;2&quot;:0}},{&quot;1&quot;:0,&quot;2&quot;:0,&quot;3&quot;:3},{&quot;1&quot;:1,&quot;2&quot;:0,&quot;4&quot;:1}]},&quot;8&quot;:{&quot;1&quot;:[{&quot;1&quot;:2,&quot;2&quot;:0,&quot;5&quot;:{&quot;1&quot;:2,&quot;2&quot;:0}},{&quot;1&quot;:0,&quot;2&quot;:0,&quot;3&quot;:3},{&quot;1&quot;:1,&quot;2&quot;:0,&quot;4&quot;:1}]},&quot;9&quot;:0,&quot;12&quot;:0}\">.2028.<\/span><\/p>\n","protected":false},"excerpt":{"rendered":"<p>DOSERING: MK-2866 Ostarine 10 mg per tablett PAKETETS INNEH\u00c5LL: 1 dosp\u00e5se inneh\u00e5llande 50 tabletter, vardera med 10 mg VAD \u00c4R DET? Ostarine, \u00e4ven k\u00e4nd som MK-2866, \u00e4r en kraftfull och selektiv androgenreceptormodulator (SARM) utformad f\u00f6r att f\u00f6rb\u00e4ttra styrka, uth\u00e5llighet och mager muskelmassa. Det \u00e4r s\u00e4rskilt f\u00f6rdelaktigt under fettf\u00f6rlust eller sk\u00e4rfaser, eftersom det bevarar muskelmassa, f\u00f6rhindrar&hellip;<\/p>\n","protected":false},"featured_media":76446,"comment_status":"closed","ping_status":"closed","template":"","meta":[],"product_cat":[171,200],"product_tag":[],"yoast_head":"<!-- This site is optimized with the Yoast SEO plugin v23.0 - https:\/\/yoast.com\/wordpress\/plugins\/seo\/ -->\n<title>MK2866 50 tabletter - Astera Labs<\/title>\n<meta name=\"robots\" content=\"index, follow, max-snippet:-1, max-image-preview:large, max-video-preview:-1\" \/>\n<link rel=\"canonical\" href=\"https:\/\/asteralabs.org\/sv\/product\/mk2866-50-tabletter\/\" \/>\n<meta property=\"og:locale\" content=\"sv_SE\" \/>\n<meta property=\"og:type\" content=\"article\" \/>\n<meta property=\"og:title\" content=\"MK2866 50 tabletter - Astera Labs\" \/>\n<meta property=\"og:description\" content=\"DOSERING: MK-2866 Ostarine 10 mg per tablett PAKETETS INNEH\u00c5LL: 1 dosp\u00e5se inneh\u00e5llande 50 tabletter, vardera med 10 mg VAD \u00c4R DET? Ostarine, \u00e4ven k\u00e4nd som MK-2866, \u00e4r en kraftfull och selektiv androgenreceptormodulator (SARM) utformad f\u00f6r att f\u00f6rb\u00e4ttra styrka, uth\u00e5llighet och mager muskelmassa. Det \u00e4r s\u00e4rskilt f\u00f6rdelaktigt under fettf\u00f6rlust eller sk\u00e4rfaser, eftersom det bevarar muskelmassa, f\u00f6rhindrar&hellip;\" \/>\n<meta property=\"og:url\" content=\"https:\/\/asteralabs.org\/sv\/product\/mk2866-50-tabletter\/\" \/>\n<meta property=\"og:site_name\" content=\"Astera Labs\" \/>\n<meta property=\"article:modified_time\" content=\"2026-01-15T12:53:57+00:00\" \/>\n<meta property=\"og:image\" content=\"https:\/\/asteralabs.org\/wp-content\/uploads\/2023\/09\/Astera-zipbag-SARMs-MK2866.png\" \/>\n\t<meta property=\"og:image:width\" content=\"2000\" \/>\n\t<meta property=\"og:image:height\" content=\"2000\" \/>\n\t<meta property=\"og:image:type\" content=\"image\/png\" \/>\n<meta name=\"twitter:card\" content=\"summary_large_image\" \/>\n<script type=\"application\/ld+json\" class=\"yoast-schema-graph\">{\"@context\":\"https:\/\/schema.org\",\"@graph\":[{\"@type\":\"WebPage\",\"@id\":\"https:\/\/asteralabs.org\/sv\/product\/mk2866-50-tabletter\/\",\"url\":\"https:\/\/asteralabs.org\/sv\/product\/mk2866-50-tabletter\/\",\"name\":\"MK2866 50 tabletter - Astera Labs\",\"isPartOf\":{\"@id\":\"https:\/\/asteralabs.org\/sv\/#website\"},\"primaryImageOfPage\":{\"@id\":\"https:\/\/asteralabs.org\/sv\/product\/mk2866-50-tabletter\/#primaryimage\"},\"image\":{\"@id\":\"https:\/\/asteralabs.org\/sv\/product\/mk2866-50-tabletter\/#primaryimage\"},\"thumbnailUrl\":\"https:\/\/asteralabs.org\/wp-content\/uploads\/2023\/09\/Astera-zipbag-SARMs-MK2866.png\",\"datePublished\":\"2023-09-07T12:27:51+00:00\",\"dateModified\":\"2026-01-15T12:53:57+00:00\",\"breadcrumb\":{\"@id\":\"https:\/\/asteralabs.org\/sv\/product\/mk2866-50-tabletter\/#breadcrumb\"},\"inLanguage\":\"sv-SE\",\"potentialAction\":[{\"@type\":\"ReadAction\",\"target\":[\"https:\/\/asteralabs.org\/sv\/product\/mk2866-50-tabletter\/\"]}]},{\"@type\":\"ImageObject\",\"inLanguage\":\"sv-SE\",\"@id\":\"https:\/\/asteralabs.org\/sv\/product\/mk2866-50-tabletter\/#primaryimage\",\"url\":\"https:\/\/asteralabs.org\/wp-content\/uploads\/2023\/09\/Astera-zipbag-SARMs-MK2866.png\",\"contentUrl\":\"https:\/\/asteralabs.org\/wp-content\/uploads\/2023\/09\/Astera-zipbag-SARMs-MK2866.png\",\"width\":2000,\"height\":2000},{\"@type\":\"BreadcrumbList\",\"@id\":\"https:\/\/asteralabs.org\/sv\/product\/mk2866-50-tabletter\/#breadcrumb\",\"itemListElement\":[{\"@type\":\"ListItem\",\"position\":1,\"name\":\"Home\",\"item\":\"https:\/\/asteralabs.org\/sv\/\"},{\"@type\":\"ListItem\",\"position\":2,\"name\":\"Butik\",\"item\":\"https:\/\/asteralabs.org\/butik\/\"},{\"@type\":\"ListItem\",\"position\":3,\"name\":\"MK2866 50 tabletter\"}]},{\"@type\":\"WebSite\",\"@id\":\"https:\/\/asteralabs.org\/sv\/#website\",\"url\":\"https:\/\/asteralabs.org\/sv\/\",\"name\":\"Astera Labs\",\"description\":\"Improve Your Quality Of Life\",\"publisher\":{\"@id\":\"https:\/\/asteralabs.org\/sv\/#organization\"},\"potentialAction\":[{\"@type\":\"SearchAction\",\"target\":{\"@type\":\"EntryPoint\",\"urlTemplate\":\"https:\/\/asteralabs.org\/sv\/?s={search_term_string}\"},\"query-input\":\"required name=search_term_string\"}],\"inLanguage\":\"sv-SE\"},{\"@type\":\"Organization\",\"@id\":\"https:\/\/asteralabs.org\/sv\/#organization\",\"name\":\"Astera Labs\",\"url\":\"https:\/\/asteralabs.org\/sv\/\",\"logo\":{\"@type\":\"ImageObject\",\"inLanguage\":\"sv-SE\",\"@id\":\"https:\/\/asteralabs.org\/sv\/#\/schema\/logo\/image\/\",\"url\":\"https:\/\/asteralabs.org\/wp-content\/uploads\/2022\/12\/astera-2.png\",\"contentUrl\":\"https:\/\/asteralabs.org\/wp-content\/uploads\/2022\/12\/astera-2.png\",\"width\":437,\"height\":111,\"caption\":\"Astera Labs\"},\"image\":{\"@id\":\"https:\/\/asteralabs.org\/sv\/#\/schema\/logo\/image\/\"}}]}<\/script>\n<!-- \/ Yoast SEO plugin. -->","yoast_head_json":{"title":"MK2866 50 tabletter - Astera Labs","robots":{"index":"index","follow":"follow","max-snippet":"max-snippet:-1","max-image-preview":"max-image-preview:large","max-video-preview":"max-video-preview:-1"},"canonical":"https:\/\/asteralabs.org\/sv\/product\/mk2866-50-tabletter\/","og_locale":"sv_SE","og_type":"article","og_title":"MK2866 50 tabletter - Astera Labs","og_description":"DOSERING: MK-2866 Ostarine 10 mg per tablett PAKETETS INNEH\u00c5LL: 1 dosp\u00e5se inneh\u00e5llande 50 tabletter, vardera med 10 mg VAD \u00c4R DET? Ostarine, \u00e4ven k\u00e4nd som MK-2866, \u00e4r en kraftfull och selektiv androgenreceptormodulator (SARM) utformad f\u00f6r att f\u00f6rb\u00e4ttra styrka, uth\u00e5llighet och mager muskelmassa. Det \u00e4r s\u00e4rskilt f\u00f6rdelaktigt under fettf\u00f6rlust eller sk\u00e4rfaser, eftersom det bevarar muskelmassa, f\u00f6rhindrar&hellip;","og_url":"https:\/\/asteralabs.org\/sv\/product\/mk2866-50-tabletter\/","og_site_name":"Astera Labs","article_modified_time":"2026-01-15T12:53:57+00:00","og_image":[{"width":2000,"height":2000,"url":"https:\/\/asteralabs.org\/wp-content\/uploads\/2023\/09\/Astera-zipbag-SARMs-MK2866.png","type":"image\/png"}],"twitter_card":"summary_large_image","schema":{"@context":"https:\/\/schema.org","@graph":[{"@type":"WebPage","@id":"https:\/\/asteralabs.org\/sv\/product\/mk2866-50-tabletter\/","url":"https:\/\/asteralabs.org\/sv\/product\/mk2866-50-tabletter\/","name":"MK2866 50 tabletter - Astera Labs","isPartOf":{"@id":"https:\/\/asteralabs.org\/sv\/#website"},"primaryImageOfPage":{"@id":"https:\/\/asteralabs.org\/sv\/product\/mk2866-50-tabletter\/#primaryimage"},"image":{"@id":"https:\/\/asteralabs.org\/sv\/product\/mk2866-50-tabletter\/#primaryimage"},"thumbnailUrl":"https:\/\/asteralabs.org\/wp-content\/uploads\/2023\/09\/Astera-zipbag-SARMs-MK2866.png","datePublished":"2023-09-07T12:27:51+00:00","dateModified":"2026-01-15T12:53:57+00:00","breadcrumb":{"@id":"https:\/\/asteralabs.org\/sv\/product\/mk2866-50-tabletter\/#breadcrumb"},"inLanguage":"sv-SE","potentialAction":[{"@type":"ReadAction","target":["https:\/\/asteralabs.org\/sv\/product\/mk2866-50-tabletter\/"]}]},{"@type":"ImageObject","inLanguage":"sv-SE","@id":"https:\/\/asteralabs.org\/sv\/product\/mk2866-50-tabletter\/#primaryimage","url":"https:\/\/asteralabs.org\/wp-content\/uploads\/2023\/09\/Astera-zipbag-SARMs-MK2866.png","contentUrl":"https:\/\/asteralabs.org\/wp-content\/uploads\/2023\/09\/Astera-zipbag-SARMs-MK2866.png","width":2000,"height":2000},{"@type":"BreadcrumbList","@id":"https:\/\/asteralabs.org\/sv\/product\/mk2866-50-tabletter\/#breadcrumb","itemListElement":[{"@type":"ListItem","position":1,"name":"Home","item":"https:\/\/asteralabs.org\/sv\/"},{"@type":"ListItem","position":2,"name":"Butik","item":"https:\/\/asteralabs.org\/butik\/"},{"@type":"ListItem","position":3,"name":"MK2866 50 tabletter"}]},{"@type":"WebSite","@id":"https:\/\/asteralabs.org\/sv\/#website","url":"https:\/\/asteralabs.org\/sv\/","name":"Astera Labs","description":"Improve Your Quality Of Life","publisher":{"@id":"https:\/\/asteralabs.org\/sv\/#organization"},"potentialAction":[{"@type":"SearchAction","target":{"@type":"EntryPoint","urlTemplate":"https:\/\/asteralabs.org\/sv\/?s={search_term_string}"},"query-input":"required name=search_term_string"}],"inLanguage":"sv-SE"},{"@type":"Organization","@id":"https:\/\/asteralabs.org\/sv\/#organization","name":"Astera Labs","url":"https:\/\/asteralabs.org\/sv\/","logo":{"@type":"ImageObject","inLanguage":"sv-SE","@id":"https:\/\/asteralabs.org\/sv\/#\/schema\/logo\/image\/","url":"https:\/\/asteralabs.org\/wp-content\/uploads\/2022\/12\/astera-2.png","contentUrl":"https:\/\/asteralabs.org\/wp-content\/uploads\/2022\/12\/astera-2.png","width":437,"height":111,"caption":"Astera Labs"},"image":{"@id":"https:\/\/asteralabs.org\/sv\/#\/schema\/logo\/image\/"}}]}},"_links":{"self":[{"href":"https:\/\/asteralabs.org\/sv\/wp-json\/wp\/v2\/product\/78084"}],"collection":[{"href":"https:\/\/asteralabs.org\/sv\/wp-json\/wp\/v2\/product"}],"about":[{"href":"https:\/\/asteralabs.org\/sv\/wp-json\/wp\/v2\/types\/product"}],"replies":[{"embeddable":true,"href":"https:\/\/asteralabs.org\/sv\/wp-json\/wp\/v2\/comments?post=78084"}],"version-history":[{"count":2,"href":"https:\/\/asteralabs.org\/sv\/wp-json\/wp\/v2\/product\/78084\/revisions"}],"predecessor-version":[{"id":79789,"href":"https:\/\/asteralabs.org\/sv\/wp-json\/wp\/v2\/product\/78084\/revisions\/79789"}],"wp:featuredmedia":[{"embeddable":true,"href":"https:\/\/asteralabs.org\/sv\/wp-json\/wp\/v2\/media\/76446"}],"wp:attachment":[{"href":"https:\/\/asteralabs.org\/sv\/wp-json\/wp\/v2\/media?parent=78084"}],"wp:term":[{"taxonomy":"product_cat","embeddable":true,"href":"https:\/\/asteralabs.org\/sv\/wp-json\/wp\/v2\/product_cat?post=78084"},{"taxonomy":"product_tag","embeddable":true,"href":"https:\/\/asteralabs.org\/sv\/wp-json\/wp\/v2\/product_tag?post=78084"}],"curies":[{"name":"wp","href":"https:\/\/api.w.org\/{rel}","templated":true}]}}