{"id":78116,"date":"2023-01-13T20:28:42","date_gmt":"2023-01-13T20:28:42","guid":{"rendered":"https:\/\/asteralabs.org\/product\/sildenafil-citrate-viagra-50-tabletter\/"},"modified":"2026-01-16T10:42:48","modified_gmt":"2026-01-16T10:42:48","slug":"sildenafil-citrate-viagra-50-tabletter","status":"publish","type":"product","link":"https:\/\/asteralabs.org\/sv\/product\/sildenafil-citrate-viagra-50-tabletter\/","title":{"rendered":"Sildenafil Citrate (Viagra) 50 tabletter"},"content":{"rendered":"<p><strong>DOSERING: <\/strong><br \/>\nSildenafil Citrate (Viagra) 100 mg\/tablett <strong>F\u00d6RPACKNINGSINNEH\u00c5LL <\/strong>:<br \/>\n1 <strong>dosett <\/strong>, 50 tabletter, 100 mg per tablett <strong>VAD <\/strong> \u00c4R DET:<br \/>\nDet \u00e4r det mest popul\u00e4ra l\u00e4kemedlet f\u00f6r behandling av erektil dysfunktion, f\u00f6rutom att det kan vara anv\u00e4ndbart f\u00f6r att f\u00f6rb\u00e4ttra blodtrycket och b\u00e4ttre vaskularisering. <strong>HUR MAN ANV\u00c4NDER: <\/strong><br \/>\nDet rekommenderas att ta mellan 50 och 100 mg en timme f\u00f6re sexuell aktivitet, samma protokoll kan ocks\u00e5 till\u00e4mpas f\u00f6r att f\u00f6rb\u00e4ttra vaskulariteten under tr\u00e4ning. Dosen b\u00f6r \u00e4ndras tills du n\u00e5r \u00f6nskad effekt. <strong>BATCHINFORMATION:<br \/>\n<\/strong>Batch nr: <span data-sheets-root=\"1\" data-sheets-value=\"{\" data-sheets-userformat=\"{\">MM20034<\/span><br \/>\nTillverkningsdatum: <span data-sheets-root=\"1\" data-sheets-value=\"{\" data-sheets-userformat=\"{\">10.2025.<\/span><br \/>\nUtg\u00e5ngsdatum: <span data-sheets-root=\"1\" data-sheets-value=\"{\" data-sheets-userformat=\"{\">10.2028.<\/span><\/p>\n","protected":false},"excerpt":{"rendered":"<p>DOSERING: Sildenafil Citrate (Viagra) 100 mg\/tablett F\u00d6RPACKNINGSINNEH\u00c5LL : 1 dosett , 50 tabletter, 100 mg per tablett VAD \u00c4R DET: Det \u00e4r det mest popul\u00e4ra l\u00e4kemedlet f\u00f6r behandling av erektil dysfunktion, f\u00f6rutom att det kan vara anv\u00e4ndbart f\u00f6r att f\u00f6rb\u00e4ttra blodtrycket och b\u00e4ttre vaskularisering. HUR MAN ANV\u00c4NDER: Det rekommenderas att ta mellan 50 och 100&hellip;<\/p>\n","protected":false},"featured_media":76102,"comment_status":"open","ping_status":"closed","template":"","meta":[],"product_cat":[171,179],"product_tag":[],"yoast_head":"<!-- This site is optimized with the Yoast SEO plugin v23.0 - https:\/\/yoast.com\/wordpress\/plugins\/seo\/ -->\n<title>Sildenafil Citrate (Viagra) 50 tabletter - Astera Labs<\/title>\n<meta name=\"robots\" content=\"index, follow, max-snippet:-1, max-image-preview:large, max-video-preview:-1\" \/>\n<link rel=\"canonical\" href=\"https:\/\/asteralabs.org\/sv\/product\/sildenafil-citrate-viagra-50-tabletter\/\" \/>\n<meta property=\"og:locale\" content=\"sv_SE\" \/>\n<meta property=\"og:type\" content=\"article\" \/>\n<meta property=\"og:title\" content=\"Sildenafil Citrate (Viagra) 50 tabletter - Astera Labs\" \/>\n<meta property=\"og:description\" content=\"DOSERING: Sildenafil Citrate (Viagra) 100 mg\/tablett F\u00d6RPACKNINGSINNEH\u00c5LL : 1 dosett , 50 tabletter, 100 mg per tablett VAD \u00c4R DET: Det \u00e4r det mest popul\u00e4ra l\u00e4kemedlet f\u00f6r behandling av erektil dysfunktion, f\u00f6rutom att det kan vara anv\u00e4ndbart f\u00f6r att f\u00f6rb\u00e4ttra blodtrycket och b\u00e4ttre vaskularisering. HUR MAN ANV\u00c4NDER: Det rekommenderas att ta mellan 50 och 100&hellip;\" \/>\n<meta property=\"og:url\" content=\"https:\/\/asteralabs.org\/sv\/product\/sildenafil-citrate-viagra-50-tabletter\/\" \/>\n<meta property=\"og:site_name\" content=\"Astera Labs\" \/>\n<meta property=\"article:modified_time\" content=\"2026-01-16T10:42:48+00:00\" \/>\n<meta property=\"og:image\" content=\"https:\/\/asteralabs.org\/wp-content\/uploads\/2023\/01\/Sildenafil-Citrate-50-tabs-mockup-nbg.png\" \/>\n\t<meta property=\"og:image:width\" content=\"2000\" \/>\n\t<meta property=\"og:image:height\" content=\"2000\" \/>\n\t<meta property=\"og:image:type\" content=\"image\/png\" \/>\n<meta name=\"twitter:card\" content=\"summary_large_image\" \/>\n<script type=\"application\/ld+json\" class=\"yoast-schema-graph\">{\"@context\":\"https:\/\/schema.org\",\"@graph\":[{\"@type\":\"WebPage\",\"@id\":\"https:\/\/asteralabs.org\/sv\/product\/sildenafil-citrate-viagra-50-tabletter\/\",\"url\":\"https:\/\/asteralabs.org\/sv\/product\/sildenafil-citrate-viagra-50-tabletter\/\",\"name\":\"Sildenafil Citrate (Viagra) 50 tabletter - Astera Labs\",\"isPartOf\":{\"@id\":\"https:\/\/asteralabs.org\/sv\/#website\"},\"primaryImageOfPage\":{\"@id\":\"https:\/\/asteralabs.org\/sv\/product\/sildenafil-citrate-viagra-50-tabletter\/#primaryimage\"},\"image\":{\"@id\":\"https:\/\/asteralabs.org\/sv\/product\/sildenafil-citrate-viagra-50-tabletter\/#primaryimage\"},\"thumbnailUrl\":\"https:\/\/asteralabs.org\/wp-content\/uploads\/2023\/01\/Sildenafil-Citrate-50-tabs-mockup-nbg.png\",\"datePublished\":\"2023-01-13T20:28:42+00:00\",\"dateModified\":\"2026-01-16T10:42:48+00:00\",\"breadcrumb\":{\"@id\":\"https:\/\/asteralabs.org\/sv\/product\/sildenafil-citrate-viagra-50-tabletter\/#breadcrumb\"},\"inLanguage\":\"sv-SE\",\"potentialAction\":[{\"@type\":\"ReadAction\",\"target\":[\"https:\/\/asteralabs.org\/sv\/product\/sildenafil-citrate-viagra-50-tabletter\/\"]}]},{\"@type\":\"ImageObject\",\"inLanguage\":\"sv-SE\",\"@id\":\"https:\/\/asteralabs.org\/sv\/product\/sildenafil-citrate-viagra-50-tabletter\/#primaryimage\",\"url\":\"https:\/\/asteralabs.org\/wp-content\/uploads\/2023\/01\/Sildenafil-Citrate-50-tabs-mockup-nbg.png\",\"contentUrl\":\"https:\/\/asteralabs.org\/wp-content\/uploads\/2023\/01\/Sildenafil-Citrate-50-tabs-mockup-nbg.png\",\"width\":2000,\"height\":2000},{\"@type\":\"BreadcrumbList\",\"@id\":\"https:\/\/asteralabs.org\/sv\/product\/sildenafil-citrate-viagra-50-tabletter\/#breadcrumb\",\"itemListElement\":[{\"@type\":\"ListItem\",\"position\":1,\"name\":\"Home\",\"item\":\"https:\/\/asteralabs.org\/sv\/\"},{\"@type\":\"ListItem\",\"position\":2,\"name\":\"Butik\",\"item\":\"https:\/\/asteralabs.org\/butik\/\"},{\"@type\":\"ListItem\",\"position\":3,\"name\":\"Sildenafil Citrate (Viagra) 50 tabletter\"}]},{\"@type\":\"WebSite\",\"@id\":\"https:\/\/asteralabs.org\/sv\/#website\",\"url\":\"https:\/\/asteralabs.org\/sv\/\",\"name\":\"Astera Labs\",\"description\":\"Improve Your Quality Of Life\",\"publisher\":{\"@id\":\"https:\/\/asteralabs.org\/sv\/#organization\"},\"potentialAction\":[{\"@type\":\"SearchAction\",\"target\":{\"@type\":\"EntryPoint\",\"urlTemplate\":\"https:\/\/asteralabs.org\/sv\/?s={search_term_string}\"},\"query-input\":\"required name=search_term_string\"}],\"inLanguage\":\"sv-SE\"},{\"@type\":\"Organization\",\"@id\":\"https:\/\/asteralabs.org\/sv\/#organization\",\"name\":\"Astera Labs\",\"url\":\"https:\/\/asteralabs.org\/sv\/\",\"logo\":{\"@type\":\"ImageObject\",\"inLanguage\":\"sv-SE\",\"@id\":\"https:\/\/asteralabs.org\/sv\/#\/schema\/logo\/image\/\",\"url\":\"https:\/\/asteralabs.org\/wp-content\/uploads\/2022\/12\/astera-2.png\",\"contentUrl\":\"https:\/\/asteralabs.org\/wp-content\/uploads\/2022\/12\/astera-2.png\",\"width\":437,\"height\":111,\"caption\":\"Astera Labs\"},\"image\":{\"@id\":\"https:\/\/asteralabs.org\/sv\/#\/schema\/logo\/image\/\"}}]}<\/script>\n<!-- \/ Yoast SEO plugin. -->","yoast_head_json":{"title":"Sildenafil Citrate (Viagra) 50 tabletter - Astera Labs","robots":{"index":"index","follow":"follow","max-snippet":"max-snippet:-1","max-image-preview":"max-image-preview:large","max-video-preview":"max-video-preview:-1"},"canonical":"https:\/\/asteralabs.org\/sv\/product\/sildenafil-citrate-viagra-50-tabletter\/","og_locale":"sv_SE","og_type":"article","og_title":"Sildenafil Citrate (Viagra) 50 tabletter - Astera Labs","og_description":"DOSERING: Sildenafil Citrate (Viagra) 100 mg\/tablett F\u00d6RPACKNINGSINNEH\u00c5LL : 1 dosett , 50 tabletter, 100 mg per tablett VAD \u00c4R DET: Det \u00e4r det mest popul\u00e4ra l\u00e4kemedlet f\u00f6r behandling av erektil dysfunktion, f\u00f6rutom att det kan vara anv\u00e4ndbart f\u00f6r att f\u00f6rb\u00e4ttra blodtrycket och b\u00e4ttre vaskularisering. HUR MAN ANV\u00c4NDER: Det rekommenderas att ta mellan 50 och 100&hellip;","og_url":"https:\/\/asteralabs.org\/sv\/product\/sildenafil-citrate-viagra-50-tabletter\/","og_site_name":"Astera Labs","article_modified_time":"2026-01-16T10:42:48+00:00","og_image":[{"width":2000,"height":2000,"url":"https:\/\/asteralabs.org\/wp-content\/uploads\/2023\/01\/Sildenafil-Citrate-50-tabs-mockup-nbg.png","type":"image\/png"}],"twitter_card":"summary_large_image","schema":{"@context":"https:\/\/schema.org","@graph":[{"@type":"WebPage","@id":"https:\/\/asteralabs.org\/sv\/product\/sildenafil-citrate-viagra-50-tabletter\/","url":"https:\/\/asteralabs.org\/sv\/product\/sildenafil-citrate-viagra-50-tabletter\/","name":"Sildenafil Citrate (Viagra) 50 tabletter - Astera Labs","isPartOf":{"@id":"https:\/\/asteralabs.org\/sv\/#website"},"primaryImageOfPage":{"@id":"https:\/\/asteralabs.org\/sv\/product\/sildenafil-citrate-viagra-50-tabletter\/#primaryimage"},"image":{"@id":"https:\/\/asteralabs.org\/sv\/product\/sildenafil-citrate-viagra-50-tabletter\/#primaryimage"},"thumbnailUrl":"https:\/\/asteralabs.org\/wp-content\/uploads\/2023\/01\/Sildenafil-Citrate-50-tabs-mockup-nbg.png","datePublished":"2023-01-13T20:28:42+00:00","dateModified":"2026-01-16T10:42:48+00:00","breadcrumb":{"@id":"https:\/\/asteralabs.org\/sv\/product\/sildenafil-citrate-viagra-50-tabletter\/#breadcrumb"},"inLanguage":"sv-SE","potentialAction":[{"@type":"ReadAction","target":["https:\/\/asteralabs.org\/sv\/product\/sildenafil-citrate-viagra-50-tabletter\/"]}]},{"@type":"ImageObject","inLanguage":"sv-SE","@id":"https:\/\/asteralabs.org\/sv\/product\/sildenafil-citrate-viagra-50-tabletter\/#primaryimage","url":"https:\/\/asteralabs.org\/wp-content\/uploads\/2023\/01\/Sildenafil-Citrate-50-tabs-mockup-nbg.png","contentUrl":"https:\/\/asteralabs.org\/wp-content\/uploads\/2023\/01\/Sildenafil-Citrate-50-tabs-mockup-nbg.png","width":2000,"height":2000},{"@type":"BreadcrumbList","@id":"https:\/\/asteralabs.org\/sv\/product\/sildenafil-citrate-viagra-50-tabletter\/#breadcrumb","itemListElement":[{"@type":"ListItem","position":1,"name":"Home","item":"https:\/\/asteralabs.org\/sv\/"},{"@type":"ListItem","position":2,"name":"Butik","item":"https:\/\/asteralabs.org\/butik\/"},{"@type":"ListItem","position":3,"name":"Sildenafil Citrate (Viagra) 50 tabletter"}]},{"@type":"WebSite","@id":"https:\/\/asteralabs.org\/sv\/#website","url":"https:\/\/asteralabs.org\/sv\/","name":"Astera Labs","description":"Improve Your Quality Of Life","publisher":{"@id":"https:\/\/asteralabs.org\/sv\/#organization"},"potentialAction":[{"@type":"SearchAction","target":{"@type":"EntryPoint","urlTemplate":"https:\/\/asteralabs.org\/sv\/?s={search_term_string}"},"query-input":"required name=search_term_string"}],"inLanguage":"sv-SE"},{"@type":"Organization","@id":"https:\/\/asteralabs.org\/sv\/#organization","name":"Astera Labs","url":"https:\/\/asteralabs.org\/sv\/","logo":{"@type":"ImageObject","inLanguage":"sv-SE","@id":"https:\/\/asteralabs.org\/sv\/#\/schema\/logo\/image\/","url":"https:\/\/asteralabs.org\/wp-content\/uploads\/2022\/12\/astera-2.png","contentUrl":"https:\/\/asteralabs.org\/wp-content\/uploads\/2022\/12\/astera-2.png","width":437,"height":111,"caption":"Astera Labs"},"image":{"@id":"https:\/\/asteralabs.org\/sv\/#\/schema\/logo\/image\/"}}]}},"_links":{"self":[{"href":"https:\/\/asteralabs.org\/sv\/wp-json\/wp\/v2\/product\/78116"}],"collection":[{"href":"https:\/\/asteralabs.org\/sv\/wp-json\/wp\/v2\/product"}],"about":[{"href":"https:\/\/asteralabs.org\/sv\/wp-json\/wp\/v2\/types\/product"}],"replies":[{"embeddable":true,"href":"https:\/\/asteralabs.org\/sv\/wp-json\/wp\/v2\/comments?post=78116"}],"version-history":[{"count":0,"href":"https:\/\/asteralabs.org\/sv\/wp-json\/wp\/v2\/product\/78116\/revisions"}],"wp:featuredmedia":[{"embeddable":true,"href":"https:\/\/asteralabs.org\/sv\/wp-json\/wp\/v2\/media\/76102"}],"wp:attachment":[{"href":"https:\/\/asteralabs.org\/sv\/wp-json\/wp\/v2\/media?parent=78116"}],"wp:term":[{"taxonomy":"product_cat","embeddable":true,"href":"https:\/\/asteralabs.org\/sv\/wp-json\/wp\/v2\/product_cat?post=78116"},{"taxonomy":"product_tag","embeddable":true,"href":"https:\/\/asteralabs.org\/sv\/wp-json\/wp\/v2\/product_tag?post=78116"}],"curies":[{"name":"wp","href":"https:\/\/api.w.org\/{rel}","templated":true}]}}