{"id":78121,"date":"2023-01-13T20:24:49","date_gmt":"2023-01-13T20:24:49","guid":{"rendered":"https:\/\/asteralabs.org\/product\/tadalafil-cialis-50-tabletter\/"},"modified":"2026-01-15T13:20:10","modified_gmt":"2026-01-15T13:20:10","slug":"tadalafil-cialis-50-tabletter","status":"publish","type":"product","link":"https:\/\/asteralabs.org\/sv\/product\/tadalafil-cialis-50-tabletter\/","title":{"rendered":"Tadalafil (Cialis) 50 tabletter"},"content":{"rendered":"<p><strong>DOSERING: <\/strong><br \/>\nTadalafil (Cialis) 20 mg \/ tab <strong>F\u00f6rpackningens inneh\u00e5ll: <\/strong><br \/>\n1 s\u00e4tesv\u00e4ska, 50 tabletter, 20 mg per tablett <strong>VAD \u00c4 <\/strong>R DET:<br \/>\nDet \u00e4r ett av de mest anv\u00e4nda l\u00e4kemedlen f\u00f6r behandling av erektil dysfunktion tillsammans med viagra, till skillnad fr\u00e5n detta \u00e4r varaktigheten av dess effekt mycket l\u00e5ng, s\u00e5 det \u00e4r inte n\u00f6dv\u00e4ndigt att ta det ofta. <strong>HUR MAN ANV\u00c4NDER: <\/strong><br \/>\nDet \u00e4r tillr\u00e5dligt att ta det tv\u00e5 timmar f\u00f6re den sexuella aktiviteten s\u00e5 att den ut\u00f6var sin effekt. Det \u00e4r bara n\u00f6dv\u00e4ndigt att ta det en g\u00e5ng om dagen och doserna kan variera fr\u00e5n 5 till 20 mg per dag, det \u00e4r tillr\u00e5dligt att \u00e4ndra dosen tills \u00f6nskad effekt uppn\u00e5s. <strong>BATCHINFORMATION:<br \/>\n<\/strong>Batch nr: <span data-sheets-root=\"1\" data-sheets-value=\"{\" data-sheets-userformat=\"{\">DM64132<\/span><br \/>\nTillverkningsdatum: <span data-sheets-root=\"1\" data-sheets-value=\"{\" data-sheets-userformat=\"{\">10.2025.<\/span><br \/>\nUtg\u00e5ngsdatum: <span data-sheets-root=\"1\" data-sheets-value=\"{\" data-sheets-userformat=\"{\">10.2028.<\/span><\/p>\n","protected":false},"excerpt":{"rendered":"<p>DOSERING: Tadalafil (Cialis) 20 mg \/ tab F\u00f6rpackningens inneh\u00e5ll: 1 s\u00e4tesv\u00e4ska, 50 tabletter, 20 mg per tablett VAD \u00c4 R DET: Det \u00e4r ett av de mest anv\u00e4nda l\u00e4kemedlen f\u00f6r behandling av erektil dysfunktion tillsammans med viagra, till skillnad fr\u00e5n detta \u00e4r varaktigheten av dess effekt mycket l\u00e5ng, s\u00e5 det \u00e4r inte n\u00f6dv\u00e4ndigt att ta&hellip;<\/p>\n","protected":false},"featured_media":76542,"comment_status":"open","ping_status":"closed","template":"","meta":[],"product_cat":[171,179],"product_tag":[],"yoast_head":"<!-- This site is optimized with the Yoast SEO plugin v23.0 - https:\/\/yoast.com\/wordpress\/plugins\/seo\/ -->\n<title>Tadalafil (Cialis) 50 tabletter - Astera Labs<\/title>\n<meta name=\"robots\" content=\"index, follow, max-snippet:-1, max-image-preview:large, max-video-preview:-1\" \/>\n<link rel=\"canonical\" href=\"https:\/\/asteralabs.org\/sv\/product\/tadalafil-cialis-50-tabletter\/\" \/>\n<meta property=\"og:locale\" content=\"sv_SE\" \/>\n<meta property=\"og:type\" content=\"article\" \/>\n<meta property=\"og:title\" content=\"Tadalafil (Cialis) 50 tabletter - Astera Labs\" \/>\n<meta property=\"og:description\" content=\"DOSERING: Tadalafil (Cialis) 20 mg \/ tab F\u00f6rpackningens inneh\u00e5ll: 1 s\u00e4tesv\u00e4ska, 50 tabletter, 20 mg per tablett VAD \u00c4 R DET: Det \u00e4r ett av de mest anv\u00e4nda l\u00e4kemedlen f\u00f6r behandling av erektil dysfunktion tillsammans med viagra, till skillnad fr\u00e5n detta \u00e4r varaktigheten av dess effekt mycket l\u00e5ng, s\u00e5 det \u00e4r inte n\u00f6dv\u00e4ndigt att ta&hellip;\" \/>\n<meta property=\"og:url\" content=\"https:\/\/asteralabs.org\/sv\/product\/tadalafil-cialis-50-tabletter\/\" \/>\n<meta property=\"og:site_name\" content=\"Astera Labs\" \/>\n<meta property=\"article:modified_time\" content=\"2026-01-15T13:20:10+00:00\" \/>\n<meta property=\"og:image\" content=\"https:\/\/asteralabs.org\/wp-content\/uploads\/2023\/01\/tadalafil-cialis-50-tabs.png\" \/>\n\t<meta property=\"og:image:width\" content=\"2000\" \/>\n\t<meta property=\"og:image:height\" content=\"2000\" \/>\n\t<meta property=\"og:image:type\" content=\"image\/png\" \/>\n<meta name=\"twitter:card\" content=\"summary_large_image\" \/>\n<script type=\"application\/ld+json\" class=\"yoast-schema-graph\">{\"@context\":\"https:\/\/schema.org\",\"@graph\":[{\"@type\":\"WebPage\",\"@id\":\"https:\/\/asteralabs.org\/sv\/product\/tadalafil-cialis-50-tabletter\/\",\"url\":\"https:\/\/asteralabs.org\/sv\/product\/tadalafil-cialis-50-tabletter\/\",\"name\":\"Tadalafil (Cialis) 50 tabletter - Astera Labs\",\"isPartOf\":{\"@id\":\"https:\/\/asteralabs.org\/sv\/#website\"},\"primaryImageOfPage\":{\"@id\":\"https:\/\/asteralabs.org\/sv\/product\/tadalafil-cialis-50-tabletter\/#primaryimage\"},\"image\":{\"@id\":\"https:\/\/asteralabs.org\/sv\/product\/tadalafil-cialis-50-tabletter\/#primaryimage\"},\"thumbnailUrl\":\"https:\/\/asteralabs.org\/wp-content\/uploads\/2023\/01\/tadalafil-cialis-50-tabs.png\",\"datePublished\":\"2023-01-13T20:24:49+00:00\",\"dateModified\":\"2026-01-15T13:20:10+00:00\",\"breadcrumb\":{\"@id\":\"https:\/\/asteralabs.org\/sv\/product\/tadalafil-cialis-50-tabletter\/#breadcrumb\"},\"inLanguage\":\"sv-SE\",\"potentialAction\":[{\"@type\":\"ReadAction\",\"target\":[\"https:\/\/asteralabs.org\/sv\/product\/tadalafil-cialis-50-tabletter\/\"]}]},{\"@type\":\"ImageObject\",\"inLanguage\":\"sv-SE\",\"@id\":\"https:\/\/asteralabs.org\/sv\/product\/tadalafil-cialis-50-tabletter\/#primaryimage\",\"url\":\"https:\/\/asteralabs.org\/wp-content\/uploads\/2023\/01\/tadalafil-cialis-50-tabs.png\",\"contentUrl\":\"https:\/\/asteralabs.org\/wp-content\/uploads\/2023\/01\/tadalafil-cialis-50-tabs.png\",\"width\":2000,\"height\":2000},{\"@type\":\"BreadcrumbList\",\"@id\":\"https:\/\/asteralabs.org\/sv\/product\/tadalafil-cialis-50-tabletter\/#breadcrumb\",\"itemListElement\":[{\"@type\":\"ListItem\",\"position\":1,\"name\":\"Home\",\"item\":\"https:\/\/asteralabs.org\/sv\/\"},{\"@type\":\"ListItem\",\"position\":2,\"name\":\"Butik\",\"item\":\"https:\/\/asteralabs.org\/butik\/\"},{\"@type\":\"ListItem\",\"position\":3,\"name\":\"Tadalafil (Cialis) 50 tabletter\"}]},{\"@type\":\"WebSite\",\"@id\":\"https:\/\/asteralabs.org\/sv\/#website\",\"url\":\"https:\/\/asteralabs.org\/sv\/\",\"name\":\"Astera Labs\",\"description\":\"Improve Your Quality Of Life\",\"publisher\":{\"@id\":\"https:\/\/asteralabs.org\/sv\/#organization\"},\"potentialAction\":[{\"@type\":\"SearchAction\",\"target\":{\"@type\":\"EntryPoint\",\"urlTemplate\":\"https:\/\/asteralabs.org\/sv\/?s={search_term_string}\"},\"query-input\":\"required name=search_term_string\"}],\"inLanguage\":\"sv-SE\"},{\"@type\":\"Organization\",\"@id\":\"https:\/\/asteralabs.org\/sv\/#organization\",\"name\":\"Astera Labs\",\"url\":\"https:\/\/asteralabs.org\/sv\/\",\"logo\":{\"@type\":\"ImageObject\",\"inLanguage\":\"sv-SE\",\"@id\":\"https:\/\/asteralabs.org\/sv\/#\/schema\/logo\/image\/\",\"url\":\"https:\/\/asteralabs.org\/wp-content\/uploads\/2022\/12\/astera-2.png\",\"contentUrl\":\"https:\/\/asteralabs.org\/wp-content\/uploads\/2022\/12\/astera-2.png\",\"width\":437,\"height\":111,\"caption\":\"Astera Labs\"},\"image\":{\"@id\":\"https:\/\/asteralabs.org\/sv\/#\/schema\/logo\/image\/\"}}]}<\/script>\n<!-- \/ Yoast SEO plugin. -->","yoast_head_json":{"title":"Tadalafil (Cialis) 50 tabletter - Astera Labs","robots":{"index":"index","follow":"follow","max-snippet":"max-snippet:-1","max-image-preview":"max-image-preview:large","max-video-preview":"max-video-preview:-1"},"canonical":"https:\/\/asteralabs.org\/sv\/product\/tadalafil-cialis-50-tabletter\/","og_locale":"sv_SE","og_type":"article","og_title":"Tadalafil (Cialis) 50 tabletter - Astera Labs","og_description":"DOSERING: Tadalafil (Cialis) 20 mg \/ tab F\u00f6rpackningens inneh\u00e5ll: 1 s\u00e4tesv\u00e4ska, 50 tabletter, 20 mg per tablett VAD \u00c4 R DET: Det \u00e4r ett av de mest anv\u00e4nda l\u00e4kemedlen f\u00f6r behandling av erektil dysfunktion tillsammans med viagra, till skillnad fr\u00e5n detta \u00e4r varaktigheten av dess effekt mycket l\u00e5ng, s\u00e5 det \u00e4r inte n\u00f6dv\u00e4ndigt att ta&hellip;","og_url":"https:\/\/asteralabs.org\/sv\/product\/tadalafil-cialis-50-tabletter\/","og_site_name":"Astera Labs","article_modified_time":"2026-01-15T13:20:10+00:00","og_image":[{"width":2000,"height":2000,"url":"https:\/\/asteralabs.org\/wp-content\/uploads\/2023\/01\/tadalafil-cialis-50-tabs.png","type":"image\/png"}],"twitter_card":"summary_large_image","schema":{"@context":"https:\/\/schema.org","@graph":[{"@type":"WebPage","@id":"https:\/\/asteralabs.org\/sv\/product\/tadalafil-cialis-50-tabletter\/","url":"https:\/\/asteralabs.org\/sv\/product\/tadalafil-cialis-50-tabletter\/","name":"Tadalafil (Cialis) 50 tabletter - Astera Labs","isPartOf":{"@id":"https:\/\/asteralabs.org\/sv\/#website"},"primaryImageOfPage":{"@id":"https:\/\/asteralabs.org\/sv\/product\/tadalafil-cialis-50-tabletter\/#primaryimage"},"image":{"@id":"https:\/\/asteralabs.org\/sv\/product\/tadalafil-cialis-50-tabletter\/#primaryimage"},"thumbnailUrl":"https:\/\/asteralabs.org\/wp-content\/uploads\/2023\/01\/tadalafil-cialis-50-tabs.png","datePublished":"2023-01-13T20:24:49+00:00","dateModified":"2026-01-15T13:20:10+00:00","breadcrumb":{"@id":"https:\/\/asteralabs.org\/sv\/product\/tadalafil-cialis-50-tabletter\/#breadcrumb"},"inLanguage":"sv-SE","potentialAction":[{"@type":"ReadAction","target":["https:\/\/asteralabs.org\/sv\/product\/tadalafil-cialis-50-tabletter\/"]}]},{"@type":"ImageObject","inLanguage":"sv-SE","@id":"https:\/\/asteralabs.org\/sv\/product\/tadalafil-cialis-50-tabletter\/#primaryimage","url":"https:\/\/asteralabs.org\/wp-content\/uploads\/2023\/01\/tadalafil-cialis-50-tabs.png","contentUrl":"https:\/\/asteralabs.org\/wp-content\/uploads\/2023\/01\/tadalafil-cialis-50-tabs.png","width":2000,"height":2000},{"@type":"BreadcrumbList","@id":"https:\/\/asteralabs.org\/sv\/product\/tadalafil-cialis-50-tabletter\/#breadcrumb","itemListElement":[{"@type":"ListItem","position":1,"name":"Home","item":"https:\/\/asteralabs.org\/sv\/"},{"@type":"ListItem","position":2,"name":"Butik","item":"https:\/\/asteralabs.org\/butik\/"},{"@type":"ListItem","position":3,"name":"Tadalafil (Cialis) 50 tabletter"}]},{"@type":"WebSite","@id":"https:\/\/asteralabs.org\/sv\/#website","url":"https:\/\/asteralabs.org\/sv\/","name":"Astera Labs","description":"Improve Your Quality Of Life","publisher":{"@id":"https:\/\/asteralabs.org\/sv\/#organization"},"potentialAction":[{"@type":"SearchAction","target":{"@type":"EntryPoint","urlTemplate":"https:\/\/asteralabs.org\/sv\/?s={search_term_string}"},"query-input":"required name=search_term_string"}],"inLanguage":"sv-SE"},{"@type":"Organization","@id":"https:\/\/asteralabs.org\/sv\/#organization","name":"Astera Labs","url":"https:\/\/asteralabs.org\/sv\/","logo":{"@type":"ImageObject","inLanguage":"sv-SE","@id":"https:\/\/asteralabs.org\/sv\/#\/schema\/logo\/image\/","url":"https:\/\/asteralabs.org\/wp-content\/uploads\/2022\/12\/astera-2.png","contentUrl":"https:\/\/asteralabs.org\/wp-content\/uploads\/2022\/12\/astera-2.png","width":437,"height":111,"caption":"Astera Labs"},"image":{"@id":"https:\/\/asteralabs.org\/sv\/#\/schema\/logo\/image\/"}}]}},"_links":{"self":[{"href":"https:\/\/asteralabs.org\/sv\/wp-json\/wp\/v2\/product\/78121"}],"collection":[{"href":"https:\/\/asteralabs.org\/sv\/wp-json\/wp\/v2\/product"}],"about":[{"href":"https:\/\/asteralabs.org\/sv\/wp-json\/wp\/v2\/types\/product"}],"replies":[{"embeddable":true,"href":"https:\/\/asteralabs.org\/sv\/wp-json\/wp\/v2\/comments?post=78121"}],"version-history":[{"count":2,"href":"https:\/\/asteralabs.org\/sv\/wp-json\/wp\/v2\/product\/78121\/revisions"}],"predecessor-version":[{"id":79886,"href":"https:\/\/asteralabs.org\/sv\/wp-json\/wp\/v2\/product\/78121\/revisions\/79886"}],"wp:featuredmedia":[{"embeddable":true,"href":"https:\/\/asteralabs.org\/sv\/wp-json\/wp\/v2\/media\/76542"}],"wp:attachment":[{"href":"https:\/\/asteralabs.org\/sv\/wp-json\/wp\/v2\/media?parent=78121"}],"wp:term":[{"taxonomy":"product_cat","embeddable":true,"href":"https:\/\/asteralabs.org\/sv\/wp-json\/wp\/v2\/product_cat?post=78121"},{"taxonomy":"product_tag","embeddable":true,"href":"https:\/\/asteralabs.org\/sv\/wp-json\/wp\/v2\/product_tag?post=78121"}],"curies":[{"name":"wp","href":"https:\/\/api.w.org\/{rel}","templated":true}]}}