{"id":78127,"date":"2023-01-10T23:02:18","date_gmt":"2023-01-10T23:02:18","guid":{"rendered":"https:\/\/asteralabs.org\/product\/fluoximesteron-halotestin\/"},"modified":"2026-01-16T09:12:54","modified_gmt":"2026-01-16T09:12:54","slug":"fluoximesteron-halotestin","status":"publish","type":"product","link":"https:\/\/asteralabs.org\/sv\/product\/fluoximesteron-halotestin\/","title":{"rendered":"Fluoximesteron (Halotestin)"},"content":{"rendered":"<p><strong>DOSERING: <\/strong><br \/>\nFluoxymesterone (Halotestin) 5mg\/tab <strong>F\u00f6rpackningsinneh\u00e5ll: <\/strong><br \/>\n1 satchet, 50tabs, 5 mg per tab <strong>VAD <\/strong> \u00c4R DET:<br \/>\nFluoxymesterone \u00e4r en mycket potent oral steroid som uppvisar extremt starka androgena egenskaper. F\u00f6r kroppsbyggare och styrka idrottare fluoxymesterone erbjuder flera tydliga f\u00f6rdelar j\u00e4mf\u00f6rt med andra droger. Dessa kommer dock med n\u00e5gra allvarliga potentiella biverkningar. <strong>HUR MAN ANV\u00c4NDER: <\/strong><br \/>\nDosen och varaktigheten av cykeln beror p\u00e5 anv\u00e4ndarens m\u00e5l, doserna varierar fr\u00e5n 20-50 mg dagligen och det rekommenderas inte att anv\u00e4nda det i mer \u00e4n 4-6 veckor i rad. I kroppsbyggnad anv\u00e4nds det f\u00f6r att br\u00e4nna mer fett och ge ett mer androgent utseende f\u00f6r t\u00e4vlingar, i kontakt- eller styrkesporter anv\u00e4nds det f\u00f6r att \u00f6ka styrkan och aggressiviteten. <strong>BATCHINFORMATION:<br \/>\n<\/strong>Batch nr: <span data-sheets-root=\"1\" data-sheets-value=\"{\" data-sheets-userformat=\"{\">DP05787<\/span><br \/>\nTillverkningsdatum: 10<span data-sheets-root=\"1\" data-sheets-value=\"{&quot;1&quot;:2,&quot;2&quot;:&quot;03.2023.&quot;}\" data-sheets-userformat=\"{&quot;2&quot;:577,&quot;3&quot;:{&quot;1&quot;:0},&quot;9&quot;:0,&quot;12&quot;:0}\">.2025.<\/span><br \/>\nUtg\u00e5ngsdatum: <span data-sheets-root=\"1\" data-sheets-value=\"{\" data-sheets-userformat=\"{\">10.2028.<\/span><\/p>\n","protected":false},"excerpt":{"rendered":"<p>DOSERING: Fluoxymesterone (Halotestin) 5mg\/tab F\u00f6rpackningsinneh\u00e5ll: 1 satchet, 50tabs, 5 mg per tab VAD \u00c4R DET: Fluoxymesterone \u00e4r en mycket potent oral steroid som uppvisar extremt starka androgena egenskaper. F\u00f6r kroppsbyggare och styrka idrottare fluoxymesterone erbjuder flera tydliga f\u00f6rdelar j\u00e4mf\u00f6rt med andra droger. Dessa kommer dock med n\u00e5gra allvarliga potentiella biverkningar. HUR MAN ANV\u00c4NDER: Dosen och&hellip;<\/p>\n","protected":false},"featured_media":76062,"comment_status":"open","ping_status":"closed","template":"","meta":[],"product_cat":[171,179],"product_tag":[],"yoast_head":"<!-- This site is optimized with the Yoast SEO plugin v23.0 - https:\/\/yoast.com\/wordpress\/plugins\/seo\/ -->\n<title>Fluoximesteron (Halotestin) - Astera Labs<\/title>\n<meta name=\"robots\" content=\"index, follow, max-snippet:-1, max-image-preview:large, max-video-preview:-1\" \/>\n<link rel=\"canonical\" href=\"https:\/\/asteralabs.org\/sv\/product\/fluoximesteron-halotestin\/\" \/>\n<meta property=\"og:locale\" content=\"sv_SE\" \/>\n<meta property=\"og:type\" content=\"article\" \/>\n<meta property=\"og:title\" content=\"Fluoximesteron (Halotestin) - Astera Labs\" \/>\n<meta property=\"og:description\" content=\"DOSERING: Fluoxymesterone (Halotestin) 5mg\/tab F\u00f6rpackningsinneh\u00e5ll: 1 satchet, 50tabs, 5 mg per tab VAD \u00c4R DET: Fluoxymesterone \u00e4r en mycket potent oral steroid som uppvisar extremt starka androgena egenskaper. F\u00f6r kroppsbyggare och styrka idrottare fluoxymesterone erbjuder flera tydliga f\u00f6rdelar j\u00e4mf\u00f6rt med andra droger. Dessa kommer dock med n\u00e5gra allvarliga potentiella biverkningar. HUR MAN ANV\u00c4NDER: Dosen och&hellip;\" \/>\n<meta property=\"og:url\" content=\"https:\/\/asteralabs.org\/sv\/product\/fluoximesteron-halotestin\/\" \/>\n<meta property=\"og:site_name\" content=\"Astera Labs\" \/>\n<meta property=\"article:modified_time\" content=\"2026-01-16T09:12:54+00:00\" \/>\n<meta property=\"og:image\" content=\"https:\/\/asteralabs.org\/wp-content\/uploads\/2023\/01\/Halotestin-mockup-nbg.png\" \/>\n\t<meta property=\"og:image:width\" content=\"2000\" \/>\n\t<meta property=\"og:image:height\" content=\"2000\" \/>\n\t<meta property=\"og:image:type\" content=\"image\/png\" \/>\n<meta name=\"twitter:card\" content=\"summary_large_image\" \/>\n<script type=\"application\/ld+json\" class=\"yoast-schema-graph\">{\"@context\":\"https:\/\/schema.org\",\"@graph\":[{\"@type\":\"WebPage\",\"@id\":\"https:\/\/asteralabs.org\/sv\/product\/fluoximesteron-halotestin\/\",\"url\":\"https:\/\/asteralabs.org\/sv\/product\/fluoximesteron-halotestin\/\",\"name\":\"Fluoximesteron (Halotestin) - Astera Labs\",\"isPartOf\":{\"@id\":\"https:\/\/asteralabs.org\/sv\/#website\"},\"primaryImageOfPage\":{\"@id\":\"https:\/\/asteralabs.org\/sv\/product\/fluoximesteron-halotestin\/#primaryimage\"},\"image\":{\"@id\":\"https:\/\/asteralabs.org\/sv\/product\/fluoximesteron-halotestin\/#primaryimage\"},\"thumbnailUrl\":\"https:\/\/asteralabs.org\/wp-content\/uploads\/2023\/01\/Halotestin-mockup-nbg.png\",\"datePublished\":\"2023-01-10T23:02:18+00:00\",\"dateModified\":\"2026-01-16T09:12:54+00:00\",\"breadcrumb\":{\"@id\":\"https:\/\/asteralabs.org\/sv\/product\/fluoximesteron-halotestin\/#breadcrumb\"},\"inLanguage\":\"sv-SE\",\"potentialAction\":[{\"@type\":\"ReadAction\",\"target\":[\"https:\/\/asteralabs.org\/sv\/product\/fluoximesteron-halotestin\/\"]}]},{\"@type\":\"ImageObject\",\"inLanguage\":\"sv-SE\",\"@id\":\"https:\/\/asteralabs.org\/sv\/product\/fluoximesteron-halotestin\/#primaryimage\",\"url\":\"https:\/\/asteralabs.org\/wp-content\/uploads\/2023\/01\/Halotestin-mockup-nbg.png\",\"contentUrl\":\"https:\/\/asteralabs.org\/wp-content\/uploads\/2023\/01\/Halotestin-mockup-nbg.png\",\"width\":2000,\"height\":2000},{\"@type\":\"BreadcrumbList\",\"@id\":\"https:\/\/asteralabs.org\/sv\/product\/fluoximesteron-halotestin\/#breadcrumb\",\"itemListElement\":[{\"@type\":\"ListItem\",\"position\":1,\"name\":\"Home\",\"item\":\"https:\/\/asteralabs.org\/sv\/\"},{\"@type\":\"ListItem\",\"position\":2,\"name\":\"Butik\",\"item\":\"https:\/\/asteralabs.org\/butik\/\"},{\"@type\":\"ListItem\",\"position\":3,\"name\":\"Fluoximesteron (Halotestin)\"}]},{\"@type\":\"WebSite\",\"@id\":\"https:\/\/asteralabs.org\/sv\/#website\",\"url\":\"https:\/\/asteralabs.org\/sv\/\",\"name\":\"Astera Labs\",\"description\":\"Improve Your Quality Of Life\",\"publisher\":{\"@id\":\"https:\/\/asteralabs.org\/sv\/#organization\"},\"potentialAction\":[{\"@type\":\"SearchAction\",\"target\":{\"@type\":\"EntryPoint\",\"urlTemplate\":\"https:\/\/asteralabs.org\/sv\/?s={search_term_string}\"},\"query-input\":\"required name=search_term_string\"}],\"inLanguage\":\"sv-SE\"},{\"@type\":\"Organization\",\"@id\":\"https:\/\/asteralabs.org\/sv\/#organization\",\"name\":\"Astera Labs\",\"url\":\"https:\/\/asteralabs.org\/sv\/\",\"logo\":{\"@type\":\"ImageObject\",\"inLanguage\":\"sv-SE\",\"@id\":\"https:\/\/asteralabs.org\/sv\/#\/schema\/logo\/image\/\",\"url\":\"https:\/\/asteralabs.org\/wp-content\/uploads\/2022\/12\/astera-2.png\",\"contentUrl\":\"https:\/\/asteralabs.org\/wp-content\/uploads\/2022\/12\/astera-2.png\",\"width\":437,\"height\":111,\"caption\":\"Astera Labs\"},\"image\":{\"@id\":\"https:\/\/asteralabs.org\/sv\/#\/schema\/logo\/image\/\"}}]}<\/script>\n<!-- \/ Yoast SEO plugin. -->","yoast_head_json":{"title":"Fluoximesteron (Halotestin) - Astera Labs","robots":{"index":"index","follow":"follow","max-snippet":"max-snippet:-1","max-image-preview":"max-image-preview:large","max-video-preview":"max-video-preview:-1"},"canonical":"https:\/\/asteralabs.org\/sv\/product\/fluoximesteron-halotestin\/","og_locale":"sv_SE","og_type":"article","og_title":"Fluoximesteron (Halotestin) - Astera Labs","og_description":"DOSERING: Fluoxymesterone (Halotestin) 5mg\/tab F\u00f6rpackningsinneh\u00e5ll: 1 satchet, 50tabs, 5 mg per tab VAD \u00c4R DET: Fluoxymesterone \u00e4r en mycket potent oral steroid som uppvisar extremt starka androgena egenskaper. F\u00f6r kroppsbyggare och styrka idrottare fluoxymesterone erbjuder flera tydliga f\u00f6rdelar j\u00e4mf\u00f6rt med andra droger. Dessa kommer dock med n\u00e5gra allvarliga potentiella biverkningar. HUR MAN ANV\u00c4NDER: Dosen och&hellip;","og_url":"https:\/\/asteralabs.org\/sv\/product\/fluoximesteron-halotestin\/","og_site_name":"Astera Labs","article_modified_time":"2026-01-16T09:12:54+00:00","og_image":[{"width":2000,"height":2000,"url":"https:\/\/asteralabs.org\/wp-content\/uploads\/2023\/01\/Halotestin-mockup-nbg.png","type":"image\/png"}],"twitter_card":"summary_large_image","schema":{"@context":"https:\/\/schema.org","@graph":[{"@type":"WebPage","@id":"https:\/\/asteralabs.org\/sv\/product\/fluoximesteron-halotestin\/","url":"https:\/\/asteralabs.org\/sv\/product\/fluoximesteron-halotestin\/","name":"Fluoximesteron (Halotestin) - Astera Labs","isPartOf":{"@id":"https:\/\/asteralabs.org\/sv\/#website"},"primaryImageOfPage":{"@id":"https:\/\/asteralabs.org\/sv\/product\/fluoximesteron-halotestin\/#primaryimage"},"image":{"@id":"https:\/\/asteralabs.org\/sv\/product\/fluoximesteron-halotestin\/#primaryimage"},"thumbnailUrl":"https:\/\/asteralabs.org\/wp-content\/uploads\/2023\/01\/Halotestin-mockup-nbg.png","datePublished":"2023-01-10T23:02:18+00:00","dateModified":"2026-01-16T09:12:54+00:00","breadcrumb":{"@id":"https:\/\/asteralabs.org\/sv\/product\/fluoximesteron-halotestin\/#breadcrumb"},"inLanguage":"sv-SE","potentialAction":[{"@type":"ReadAction","target":["https:\/\/asteralabs.org\/sv\/product\/fluoximesteron-halotestin\/"]}]},{"@type":"ImageObject","inLanguage":"sv-SE","@id":"https:\/\/asteralabs.org\/sv\/product\/fluoximesteron-halotestin\/#primaryimage","url":"https:\/\/asteralabs.org\/wp-content\/uploads\/2023\/01\/Halotestin-mockup-nbg.png","contentUrl":"https:\/\/asteralabs.org\/wp-content\/uploads\/2023\/01\/Halotestin-mockup-nbg.png","width":2000,"height":2000},{"@type":"BreadcrumbList","@id":"https:\/\/asteralabs.org\/sv\/product\/fluoximesteron-halotestin\/#breadcrumb","itemListElement":[{"@type":"ListItem","position":1,"name":"Home","item":"https:\/\/asteralabs.org\/sv\/"},{"@type":"ListItem","position":2,"name":"Butik","item":"https:\/\/asteralabs.org\/butik\/"},{"@type":"ListItem","position":3,"name":"Fluoximesteron (Halotestin)"}]},{"@type":"WebSite","@id":"https:\/\/asteralabs.org\/sv\/#website","url":"https:\/\/asteralabs.org\/sv\/","name":"Astera Labs","description":"Improve Your Quality Of Life","publisher":{"@id":"https:\/\/asteralabs.org\/sv\/#organization"},"potentialAction":[{"@type":"SearchAction","target":{"@type":"EntryPoint","urlTemplate":"https:\/\/asteralabs.org\/sv\/?s={search_term_string}"},"query-input":"required name=search_term_string"}],"inLanguage":"sv-SE"},{"@type":"Organization","@id":"https:\/\/asteralabs.org\/sv\/#organization","name":"Astera Labs","url":"https:\/\/asteralabs.org\/sv\/","logo":{"@type":"ImageObject","inLanguage":"sv-SE","@id":"https:\/\/asteralabs.org\/sv\/#\/schema\/logo\/image\/","url":"https:\/\/asteralabs.org\/wp-content\/uploads\/2022\/12\/astera-2.png","contentUrl":"https:\/\/asteralabs.org\/wp-content\/uploads\/2022\/12\/astera-2.png","width":437,"height":111,"caption":"Astera Labs"},"image":{"@id":"https:\/\/asteralabs.org\/sv\/#\/schema\/logo\/image\/"}}]}},"_links":{"self":[{"href":"https:\/\/asteralabs.org\/sv\/wp-json\/wp\/v2\/product\/78127"}],"collection":[{"href":"https:\/\/asteralabs.org\/sv\/wp-json\/wp\/v2\/product"}],"about":[{"href":"https:\/\/asteralabs.org\/sv\/wp-json\/wp\/v2\/types\/product"}],"replies":[{"embeddable":true,"href":"https:\/\/asteralabs.org\/sv\/wp-json\/wp\/v2\/comments?post=78127"}],"version-history":[{"count":0,"href":"https:\/\/asteralabs.org\/sv\/wp-json\/wp\/v2\/product\/78127\/revisions"}],"wp:featuredmedia":[{"embeddable":true,"href":"https:\/\/asteralabs.org\/sv\/wp-json\/wp\/v2\/media\/76062"}],"wp:attachment":[{"href":"https:\/\/asteralabs.org\/sv\/wp-json\/wp\/v2\/media?parent=78127"}],"wp:term":[{"taxonomy":"product_cat","embeddable":true,"href":"https:\/\/asteralabs.org\/sv\/wp-json\/wp\/v2\/product_cat?post=78127"},{"taxonomy":"product_tag","embeddable":true,"href":"https:\/\/asteralabs.org\/sv\/wp-json\/wp\/v2\/product_tag?post=78127"}],"curies":[{"name":"wp","href":"https:\/\/api.w.org\/{rel}","templated":true}]}}