{"id":78134,"date":"2023-01-10T23:01:27","date_gmt":"2023-01-10T23:01:27","guid":{"rendered":"https:\/\/asteralabs.org\/product\/klordodehydrometyltestosteron-turinabol\/"},"modified":"2026-01-16T08:27:09","modified_gmt":"2026-01-16T08:27:09","slug":"klordodehydrometyltestosteron-turinabol","status":"publish","type":"product","link":"https:\/\/asteralabs.org\/sv\/product\/klordodehydrometyltestosteron-turinabol\/","title":{"rendered":"Klordodehydrometyltestosteron (Turinabol)"},"content":{"rendered":"<p><strong>DOSERING: <\/strong><br \/>\nKlorodehydrometyltestosteron (Turinabol) 20 mg \/ tab <strong>F\u00f6rpackningens inneh\u00e5ll: <\/strong><br \/>\n1 satchet, 100 flikar, 20 mg per flik <strong>Vad \u00e4r det: <\/strong><br \/>\nTurinabol \u00e4r en 17-alfa-alkylerad f\u00f6rening som \u00e4r ett derivat av Dianabol.<br \/>\nDen har en 4-klorbindning som h\u00e4mmar aromatiseringen av f\u00f6reningen. Det har ocks\u00e5 en f\u00f6rdelaktig effekt n\u00e4r det g\u00e4ller dess f\u00f6rm\u00e5ga att minska bindningen av k\u00f6nshormonbindande globulin till andra anabola steroider.<br \/>\n\u00c4ven vid relativt l\u00e5ga doser \u00e4r det ganska effektivt vid denna funktion och kan f\u00f6rb\u00e4ttra verkan av alla anabola medel som en anv\u00e4ndare kan k\u00f6ra med f\u00f6reningen. <strong>HUR MAN ANV\u00c4NDER: <\/strong><br \/>\nDoser varierar fr\u00e5n 40-60mg, \u00e4ven om vissa anv\u00e4ndare har anv\u00e4nt doser s\u00e5 h\u00f6ga som 100mg. Det \u00e4r inte s\u00e4rskilt hepatotoxiskt, s\u00e5 det kan anv\u00e4ndas i 8-veckors cykler. Det \u00e4r tillr\u00e5dligt att dela upp dosen i tv\u00e5 dagliga doser.<\/p>\n<p><strong>BATCH INFORMATION:<br \/>\n<\/strong>Batch nr: <span data-sheets-root=\"1\" data-sheets-value=\"{\" data-sheets-userformat=\"{\">BF14358<\/span><br \/>\nTillverkningsdatum: <span data-sheets-root=\"1\" data-sheets-value=\"{\" data-sheets-userformat=\"{\">10.2025.<\/span><br \/>\nUtg\u00e5ngsdatum: <span data-sheets-root=\"1\" data-sheets-value=\"{\" data-sheets-userformat=\"{\">10.2028.<\/span><\/p>\n","protected":false},"excerpt":{"rendered":"<p>DOSERING: Klorodehydrometyltestosteron (Turinabol) 20 mg \/ tab F\u00f6rpackningens inneh\u00e5ll: 1 satchet, 100 flikar, 20 mg per flik Vad \u00e4r det: Turinabol \u00e4r en 17-alfa-alkylerad f\u00f6rening som \u00e4r ett derivat av Dianabol. Den har en 4-klorbindning som h\u00e4mmar aromatiseringen av f\u00f6reningen. Det har ocks\u00e5 en f\u00f6rdelaktig effekt n\u00e4r det g\u00e4ller dess f\u00f6rm\u00e5ga att minska bindningen av&hellip;<\/p>\n","protected":false},"featured_media":76366,"comment_status":"open","ping_status":"closed","template":"","meta":[],"product_cat":[171,179],"product_tag":[],"yoast_head":"<!-- This site is optimized with the Yoast SEO plugin v23.0 - https:\/\/yoast.com\/wordpress\/plugins\/seo\/ -->\n<title>Klordodehydrometyltestosteron (Turinabol) - Astera Labs<\/title>\n<meta name=\"robots\" content=\"index, follow, max-snippet:-1, max-image-preview:large, max-video-preview:-1\" \/>\n<link rel=\"canonical\" href=\"https:\/\/asteralabs.org\/sv\/product\/klordodehydrometyltestosteron-turinabol\/\" \/>\n<meta property=\"og:locale\" content=\"sv_SE\" \/>\n<meta property=\"og:type\" content=\"article\" \/>\n<meta property=\"og:title\" content=\"Klordodehydrometyltestosteron (Turinabol) - Astera Labs\" \/>\n<meta property=\"og:description\" content=\"DOSERING: Klorodehydrometyltestosteron (Turinabol) 20 mg \/ tab F\u00f6rpackningens inneh\u00e5ll: 1 satchet, 100 flikar, 20 mg per flik Vad \u00e4r det: Turinabol \u00e4r en 17-alfa-alkylerad f\u00f6rening som \u00e4r ett derivat av Dianabol. Den har en 4-klorbindning som h\u00e4mmar aromatiseringen av f\u00f6reningen. Det har ocks\u00e5 en f\u00f6rdelaktig effekt n\u00e4r det g\u00e4ller dess f\u00f6rm\u00e5ga att minska bindningen av&hellip;\" \/>\n<meta property=\"og:url\" content=\"https:\/\/asteralabs.org\/sv\/product\/klordodehydrometyltestosteron-turinabol\/\" \/>\n<meta property=\"og:site_name\" content=\"Astera Labs\" \/>\n<meta property=\"article:modified_time\" content=\"2026-01-16T08:27:09+00:00\" \/>\n<meta property=\"og:image\" content=\"https:\/\/asteralabs.org\/wp-content\/uploads\/2023\/01\/Turinabol-mockup-nbg.png\" \/>\n\t<meta property=\"og:image:width\" content=\"2000\" \/>\n\t<meta property=\"og:image:height\" content=\"2000\" \/>\n\t<meta property=\"og:image:type\" content=\"image\/png\" \/>\n<meta name=\"twitter:card\" content=\"summary_large_image\" \/>\n<script type=\"application\/ld+json\" class=\"yoast-schema-graph\">{\"@context\":\"https:\/\/schema.org\",\"@graph\":[{\"@type\":\"WebPage\",\"@id\":\"https:\/\/asteralabs.org\/sv\/product\/klordodehydrometyltestosteron-turinabol\/\",\"url\":\"https:\/\/asteralabs.org\/sv\/product\/klordodehydrometyltestosteron-turinabol\/\",\"name\":\"Klordodehydrometyltestosteron (Turinabol) - Astera Labs\",\"isPartOf\":{\"@id\":\"https:\/\/asteralabs.org\/sv\/#website\"},\"primaryImageOfPage\":{\"@id\":\"https:\/\/asteralabs.org\/sv\/product\/klordodehydrometyltestosteron-turinabol\/#primaryimage\"},\"image\":{\"@id\":\"https:\/\/asteralabs.org\/sv\/product\/klordodehydrometyltestosteron-turinabol\/#primaryimage\"},\"thumbnailUrl\":\"https:\/\/asteralabs.org\/wp-content\/uploads\/2023\/01\/Turinabol-mockup-nbg.png\",\"datePublished\":\"2023-01-10T23:01:27+00:00\",\"dateModified\":\"2026-01-16T08:27:09+00:00\",\"breadcrumb\":{\"@id\":\"https:\/\/asteralabs.org\/sv\/product\/klordodehydrometyltestosteron-turinabol\/#breadcrumb\"},\"inLanguage\":\"sv-SE\",\"potentialAction\":[{\"@type\":\"ReadAction\",\"target\":[\"https:\/\/asteralabs.org\/sv\/product\/klordodehydrometyltestosteron-turinabol\/\"]}]},{\"@type\":\"ImageObject\",\"inLanguage\":\"sv-SE\",\"@id\":\"https:\/\/asteralabs.org\/sv\/product\/klordodehydrometyltestosteron-turinabol\/#primaryimage\",\"url\":\"https:\/\/asteralabs.org\/wp-content\/uploads\/2023\/01\/Turinabol-mockup-nbg.png\",\"contentUrl\":\"https:\/\/asteralabs.org\/wp-content\/uploads\/2023\/01\/Turinabol-mockup-nbg.png\",\"width\":2000,\"height\":2000},{\"@type\":\"BreadcrumbList\",\"@id\":\"https:\/\/asteralabs.org\/sv\/product\/klordodehydrometyltestosteron-turinabol\/#breadcrumb\",\"itemListElement\":[{\"@type\":\"ListItem\",\"position\":1,\"name\":\"Home\",\"item\":\"https:\/\/asteralabs.org\/sv\/\"},{\"@type\":\"ListItem\",\"position\":2,\"name\":\"Butik\",\"item\":\"https:\/\/asteralabs.org\/butik\/\"},{\"@type\":\"ListItem\",\"position\":3,\"name\":\"Klordodehydrometyltestosteron (Turinabol)\"}]},{\"@type\":\"WebSite\",\"@id\":\"https:\/\/asteralabs.org\/sv\/#website\",\"url\":\"https:\/\/asteralabs.org\/sv\/\",\"name\":\"Astera Labs\",\"description\":\"Improve Your Quality Of Life\",\"publisher\":{\"@id\":\"https:\/\/asteralabs.org\/sv\/#organization\"},\"potentialAction\":[{\"@type\":\"SearchAction\",\"target\":{\"@type\":\"EntryPoint\",\"urlTemplate\":\"https:\/\/asteralabs.org\/sv\/?s={search_term_string}\"},\"query-input\":\"required name=search_term_string\"}],\"inLanguage\":\"sv-SE\"},{\"@type\":\"Organization\",\"@id\":\"https:\/\/asteralabs.org\/sv\/#organization\",\"name\":\"Astera Labs\",\"url\":\"https:\/\/asteralabs.org\/sv\/\",\"logo\":{\"@type\":\"ImageObject\",\"inLanguage\":\"sv-SE\",\"@id\":\"https:\/\/asteralabs.org\/sv\/#\/schema\/logo\/image\/\",\"url\":\"https:\/\/asteralabs.org\/wp-content\/uploads\/2022\/12\/astera-2.png\",\"contentUrl\":\"https:\/\/asteralabs.org\/wp-content\/uploads\/2022\/12\/astera-2.png\",\"width\":437,\"height\":111,\"caption\":\"Astera Labs\"},\"image\":{\"@id\":\"https:\/\/asteralabs.org\/sv\/#\/schema\/logo\/image\/\"}}]}<\/script>\n<!-- \/ Yoast SEO plugin. -->","yoast_head_json":{"title":"Klordodehydrometyltestosteron (Turinabol) - Astera Labs","robots":{"index":"index","follow":"follow","max-snippet":"max-snippet:-1","max-image-preview":"max-image-preview:large","max-video-preview":"max-video-preview:-1"},"canonical":"https:\/\/asteralabs.org\/sv\/product\/klordodehydrometyltestosteron-turinabol\/","og_locale":"sv_SE","og_type":"article","og_title":"Klordodehydrometyltestosteron (Turinabol) - Astera Labs","og_description":"DOSERING: Klorodehydrometyltestosteron (Turinabol) 20 mg \/ tab F\u00f6rpackningens inneh\u00e5ll: 1 satchet, 100 flikar, 20 mg per flik Vad \u00e4r det: Turinabol \u00e4r en 17-alfa-alkylerad f\u00f6rening som \u00e4r ett derivat av Dianabol. Den har en 4-klorbindning som h\u00e4mmar aromatiseringen av f\u00f6reningen. Det har ocks\u00e5 en f\u00f6rdelaktig effekt n\u00e4r det g\u00e4ller dess f\u00f6rm\u00e5ga att minska bindningen av&hellip;","og_url":"https:\/\/asteralabs.org\/sv\/product\/klordodehydrometyltestosteron-turinabol\/","og_site_name":"Astera Labs","article_modified_time":"2026-01-16T08:27:09+00:00","og_image":[{"width":2000,"height":2000,"url":"https:\/\/asteralabs.org\/wp-content\/uploads\/2023\/01\/Turinabol-mockup-nbg.png","type":"image\/png"}],"twitter_card":"summary_large_image","schema":{"@context":"https:\/\/schema.org","@graph":[{"@type":"WebPage","@id":"https:\/\/asteralabs.org\/sv\/product\/klordodehydrometyltestosteron-turinabol\/","url":"https:\/\/asteralabs.org\/sv\/product\/klordodehydrometyltestosteron-turinabol\/","name":"Klordodehydrometyltestosteron (Turinabol) - Astera Labs","isPartOf":{"@id":"https:\/\/asteralabs.org\/sv\/#website"},"primaryImageOfPage":{"@id":"https:\/\/asteralabs.org\/sv\/product\/klordodehydrometyltestosteron-turinabol\/#primaryimage"},"image":{"@id":"https:\/\/asteralabs.org\/sv\/product\/klordodehydrometyltestosteron-turinabol\/#primaryimage"},"thumbnailUrl":"https:\/\/asteralabs.org\/wp-content\/uploads\/2023\/01\/Turinabol-mockup-nbg.png","datePublished":"2023-01-10T23:01:27+00:00","dateModified":"2026-01-16T08:27:09+00:00","breadcrumb":{"@id":"https:\/\/asteralabs.org\/sv\/product\/klordodehydrometyltestosteron-turinabol\/#breadcrumb"},"inLanguage":"sv-SE","potentialAction":[{"@type":"ReadAction","target":["https:\/\/asteralabs.org\/sv\/product\/klordodehydrometyltestosteron-turinabol\/"]}]},{"@type":"ImageObject","inLanguage":"sv-SE","@id":"https:\/\/asteralabs.org\/sv\/product\/klordodehydrometyltestosteron-turinabol\/#primaryimage","url":"https:\/\/asteralabs.org\/wp-content\/uploads\/2023\/01\/Turinabol-mockup-nbg.png","contentUrl":"https:\/\/asteralabs.org\/wp-content\/uploads\/2023\/01\/Turinabol-mockup-nbg.png","width":2000,"height":2000},{"@type":"BreadcrumbList","@id":"https:\/\/asteralabs.org\/sv\/product\/klordodehydrometyltestosteron-turinabol\/#breadcrumb","itemListElement":[{"@type":"ListItem","position":1,"name":"Home","item":"https:\/\/asteralabs.org\/sv\/"},{"@type":"ListItem","position":2,"name":"Butik","item":"https:\/\/asteralabs.org\/butik\/"},{"@type":"ListItem","position":3,"name":"Klordodehydrometyltestosteron (Turinabol)"}]},{"@type":"WebSite","@id":"https:\/\/asteralabs.org\/sv\/#website","url":"https:\/\/asteralabs.org\/sv\/","name":"Astera Labs","description":"Improve Your Quality Of Life","publisher":{"@id":"https:\/\/asteralabs.org\/sv\/#organization"},"potentialAction":[{"@type":"SearchAction","target":{"@type":"EntryPoint","urlTemplate":"https:\/\/asteralabs.org\/sv\/?s={search_term_string}"},"query-input":"required name=search_term_string"}],"inLanguage":"sv-SE"},{"@type":"Organization","@id":"https:\/\/asteralabs.org\/sv\/#organization","name":"Astera Labs","url":"https:\/\/asteralabs.org\/sv\/","logo":{"@type":"ImageObject","inLanguage":"sv-SE","@id":"https:\/\/asteralabs.org\/sv\/#\/schema\/logo\/image\/","url":"https:\/\/asteralabs.org\/wp-content\/uploads\/2022\/12\/astera-2.png","contentUrl":"https:\/\/asteralabs.org\/wp-content\/uploads\/2022\/12\/astera-2.png","width":437,"height":111,"caption":"Astera Labs"},"image":{"@id":"https:\/\/asteralabs.org\/sv\/#\/schema\/logo\/image\/"}}]}},"_links":{"self":[{"href":"https:\/\/asteralabs.org\/sv\/wp-json\/wp\/v2\/product\/78134"}],"collection":[{"href":"https:\/\/asteralabs.org\/sv\/wp-json\/wp\/v2\/product"}],"about":[{"href":"https:\/\/asteralabs.org\/sv\/wp-json\/wp\/v2\/types\/product"}],"replies":[{"embeddable":true,"href":"https:\/\/asteralabs.org\/sv\/wp-json\/wp\/v2\/comments?post=78134"}],"version-history":[{"count":0,"href":"https:\/\/asteralabs.org\/sv\/wp-json\/wp\/v2\/product\/78134\/revisions"}],"wp:featuredmedia":[{"embeddable":true,"href":"https:\/\/asteralabs.org\/sv\/wp-json\/wp\/v2\/media\/76366"}],"wp:attachment":[{"href":"https:\/\/asteralabs.org\/sv\/wp-json\/wp\/v2\/media?parent=78134"}],"wp:term":[{"taxonomy":"product_cat","embeddable":true,"href":"https:\/\/asteralabs.org\/sv\/wp-json\/wp\/v2\/product_cat?post=78134"},{"taxonomy":"product_tag","embeddable":true,"href":"https:\/\/asteralabs.org\/sv\/wp-json\/wp\/v2\/product_tag?post=78134"}],"curies":[{"name":"wp","href":"https:\/\/api.w.org\/{rel}","templated":true}]}}