{"id":78150,"date":"2023-01-10T23:00:06","date_gmt":"2023-01-10T23:00:06","guid":{"rendered":"https:\/\/asteralabs.org\/product\/clenbuterol-hcl\/"},"modified":"2026-01-16T08:34:21","modified_gmt":"2026-01-16T08:34:21","slug":"clenbuterol-hcl","status":"publish","type":"product","link":"https:\/\/asteralabs.org\/sv\/product\/clenbuterol-hcl\/","title":{"rendered":"Clenbuterol HCL"},"content":{"rendered":"<p><strong>DOSERING: <\/strong><br \/>\nClenbuterol HCL 40mcg\/tablett <strong>F\u00d6RPACKNINGSINNEH\u00c5LL: <\/strong><br \/>\n1 dosett, 100 tabletter, 40mcg per tablett <strong>VAD \u00c4R DET: <\/strong><br \/>\nClenbuterol \u00e4r en sympatomimetisk amin som anv\u00e4nds av personer med andningssv\u00e5righeter som ett avsv\u00e4llande och bronkdilaterande medel. N\u00e4r det g\u00e4ller anv\u00e4ndningen av clenbuterol f\u00f6r styrka idrottare och kroppsbyggare, kan dess funktion som en beta-2-agonist bidra till att \u00f6ka lipolys. Detta \u00e5stadkoms via en \u00f6kning av basal \u00e4mnesoms\u00e4ttning, samt \u00f6kad v\u00e4rmeproduktion i mitokondrierna som tj\u00e4nar till att \u00f6ka kroppstemperaturen och d\u00e4rmed \u00f6ka termogenesen. Dessutom har det visats att clenbuterol kan direkt stimulera fettceller och p\u00e5skynda nedbrytningen av triglycerider och d\u00e4rmed bilda fria fettsyror. <strong>HUR MAN ANV\u00c4NDER: <\/strong><br \/>\n\u00c4ven om den har en mycket l\u00e5ng halveringstid, det rekommenderas att dela upp dosen i tre doser f\u00f6rdelade \u00f6ver dagen. Den initiala dosen \u00e4r vanligtvis 20mcgs, det \u00e4r tillr\u00e5dligt att \u00f6ka dosen lite efter lite varje g\u00e5ng den slutar ut\u00f6va sin effekt (det \u00e4r tillr\u00e5dligt att leta efter en mall f\u00f6r en clenbuterol-pyramidcykel). F\u00f6r att undvika o\u00f6nskade biverkningar som takykardi eller hj\u00e4rtremodellering \u00e4r det l\u00e4mpligt att kombinera det med l\u00e5ga doser av Nebivolol. <strong>BATCHINFORMATION:<br \/>\n<\/strong>Batch nr: <span data-sheets-root=\"1\" data-sheets-value=\"{\" data-sheets-userformat=\"{\">AD21833<\/span><br \/>\nTillverkningsdatum: <span data-sheets-root=\"1\" data-sheets-value=\"{\" data-sheets-userformat=\"{\">10.2025.<\/span><br \/>\nUtg\u00e5ngsdatum: <span data-sheets-root=\"1\" data-sheets-value=\"{\" data-sheets-userformat=\"{\">10.2028.<\/span><\/p>\n","protected":false},"excerpt":{"rendered":"<p>DOSERING: Clenbuterol HCL 40mcg\/tablett F\u00d6RPACKNINGSINNEH\u00c5LL: 1 dosett, 100 tabletter, 40mcg per tablett VAD \u00c4R DET: Clenbuterol \u00e4r en sympatomimetisk amin som anv\u00e4nds av personer med andningssv\u00e5righeter som ett avsv\u00e4llande och bronkdilaterande medel. N\u00e4r det g\u00e4ller anv\u00e4ndningen av clenbuterol f\u00f6r styrka idrottare och kroppsbyggare, kan dess funktion som en beta-2-agonist bidra till att \u00f6ka lipolys. Detta&hellip;<\/p>\n","protected":false},"featured_media":76230,"comment_status":"open","ping_status":"closed","template":"","meta":[],"product_cat":[171,179],"product_tag":[],"yoast_head":"<!-- This site is optimized with the Yoast SEO plugin v23.0 - https:\/\/yoast.com\/wordpress\/plugins\/seo\/ -->\n<title>Clenbuterol HCL - Astera Labs<\/title>\n<meta name=\"robots\" content=\"index, follow, max-snippet:-1, max-image-preview:large, max-video-preview:-1\" \/>\n<link rel=\"canonical\" href=\"https:\/\/asteralabs.org\/sv\/product\/clenbuterol-hcl\/\" \/>\n<meta property=\"og:locale\" content=\"sv_SE\" \/>\n<meta property=\"og:type\" content=\"article\" \/>\n<meta property=\"og:title\" content=\"Clenbuterol HCL - Astera Labs\" \/>\n<meta property=\"og:description\" content=\"DOSERING: Clenbuterol HCL 40mcg\/tablett F\u00d6RPACKNINGSINNEH\u00c5LL: 1 dosett, 100 tabletter, 40mcg per tablett VAD \u00c4R DET: Clenbuterol \u00e4r en sympatomimetisk amin som anv\u00e4nds av personer med andningssv\u00e5righeter som ett avsv\u00e4llande och bronkdilaterande medel. N\u00e4r det g\u00e4ller anv\u00e4ndningen av clenbuterol f\u00f6r styrka idrottare och kroppsbyggare, kan dess funktion som en beta-2-agonist bidra till att \u00f6ka lipolys. Detta&hellip;\" \/>\n<meta property=\"og:url\" content=\"https:\/\/asteralabs.org\/sv\/product\/clenbuterol-hcl\/\" \/>\n<meta property=\"og:site_name\" content=\"Astera Labs\" \/>\n<meta property=\"article:modified_time\" content=\"2026-01-16T08:34:21+00:00\" \/>\n<meta property=\"og:image\" content=\"https:\/\/asteralabs.org\/wp-content\/uploads\/2023\/01\/Clenbuterol-HCL-mockup-nbg.png\" \/>\n\t<meta property=\"og:image:width\" content=\"2000\" \/>\n\t<meta property=\"og:image:height\" content=\"2000\" \/>\n\t<meta property=\"og:image:type\" content=\"image\/png\" \/>\n<meta name=\"twitter:card\" content=\"summary_large_image\" \/>\n<script type=\"application\/ld+json\" class=\"yoast-schema-graph\">{\"@context\":\"https:\/\/schema.org\",\"@graph\":[{\"@type\":\"WebPage\",\"@id\":\"https:\/\/asteralabs.org\/sv\/product\/clenbuterol-hcl\/\",\"url\":\"https:\/\/asteralabs.org\/sv\/product\/clenbuterol-hcl\/\",\"name\":\"Clenbuterol HCL - Astera Labs\",\"isPartOf\":{\"@id\":\"https:\/\/asteralabs.org\/sv\/#website\"},\"primaryImageOfPage\":{\"@id\":\"https:\/\/asteralabs.org\/sv\/product\/clenbuterol-hcl\/#primaryimage\"},\"image\":{\"@id\":\"https:\/\/asteralabs.org\/sv\/product\/clenbuterol-hcl\/#primaryimage\"},\"thumbnailUrl\":\"https:\/\/asteralabs.org\/wp-content\/uploads\/2023\/01\/Clenbuterol-HCL-mockup-nbg.png\",\"datePublished\":\"2023-01-10T23:00:06+00:00\",\"dateModified\":\"2026-01-16T08:34:21+00:00\",\"breadcrumb\":{\"@id\":\"https:\/\/asteralabs.org\/sv\/product\/clenbuterol-hcl\/#breadcrumb\"},\"inLanguage\":\"sv-SE\",\"potentialAction\":[{\"@type\":\"ReadAction\",\"target\":[\"https:\/\/asteralabs.org\/sv\/product\/clenbuterol-hcl\/\"]}]},{\"@type\":\"ImageObject\",\"inLanguage\":\"sv-SE\",\"@id\":\"https:\/\/asteralabs.org\/sv\/product\/clenbuterol-hcl\/#primaryimage\",\"url\":\"https:\/\/asteralabs.org\/wp-content\/uploads\/2023\/01\/Clenbuterol-HCL-mockup-nbg.png\",\"contentUrl\":\"https:\/\/asteralabs.org\/wp-content\/uploads\/2023\/01\/Clenbuterol-HCL-mockup-nbg.png\",\"width\":2000,\"height\":2000},{\"@type\":\"BreadcrumbList\",\"@id\":\"https:\/\/asteralabs.org\/sv\/product\/clenbuterol-hcl\/#breadcrumb\",\"itemListElement\":[{\"@type\":\"ListItem\",\"position\":1,\"name\":\"Home\",\"item\":\"https:\/\/asteralabs.org\/sv\/\"},{\"@type\":\"ListItem\",\"position\":2,\"name\":\"Butik\",\"item\":\"https:\/\/asteralabs.org\/butik\/\"},{\"@type\":\"ListItem\",\"position\":3,\"name\":\"Clenbuterol HCL\"}]},{\"@type\":\"WebSite\",\"@id\":\"https:\/\/asteralabs.org\/sv\/#website\",\"url\":\"https:\/\/asteralabs.org\/sv\/\",\"name\":\"Astera Labs\",\"description\":\"Improve Your Quality Of Life\",\"publisher\":{\"@id\":\"https:\/\/asteralabs.org\/sv\/#organization\"},\"potentialAction\":[{\"@type\":\"SearchAction\",\"target\":{\"@type\":\"EntryPoint\",\"urlTemplate\":\"https:\/\/asteralabs.org\/sv\/?s={search_term_string}\"},\"query-input\":\"required name=search_term_string\"}],\"inLanguage\":\"sv-SE\"},{\"@type\":\"Organization\",\"@id\":\"https:\/\/asteralabs.org\/sv\/#organization\",\"name\":\"Astera Labs\",\"url\":\"https:\/\/asteralabs.org\/sv\/\",\"logo\":{\"@type\":\"ImageObject\",\"inLanguage\":\"sv-SE\",\"@id\":\"https:\/\/asteralabs.org\/sv\/#\/schema\/logo\/image\/\",\"url\":\"https:\/\/asteralabs.org\/wp-content\/uploads\/2022\/12\/astera-2.png\",\"contentUrl\":\"https:\/\/asteralabs.org\/wp-content\/uploads\/2022\/12\/astera-2.png\",\"width\":437,\"height\":111,\"caption\":\"Astera Labs\"},\"image\":{\"@id\":\"https:\/\/asteralabs.org\/sv\/#\/schema\/logo\/image\/\"}}]}<\/script>\n<!-- \/ Yoast SEO plugin. -->","yoast_head_json":{"title":"Clenbuterol HCL - Astera Labs","robots":{"index":"index","follow":"follow","max-snippet":"max-snippet:-1","max-image-preview":"max-image-preview:large","max-video-preview":"max-video-preview:-1"},"canonical":"https:\/\/asteralabs.org\/sv\/product\/clenbuterol-hcl\/","og_locale":"sv_SE","og_type":"article","og_title":"Clenbuterol HCL - Astera Labs","og_description":"DOSERING: Clenbuterol HCL 40mcg\/tablett F\u00d6RPACKNINGSINNEH\u00c5LL: 1 dosett, 100 tabletter, 40mcg per tablett VAD \u00c4R DET: Clenbuterol \u00e4r en sympatomimetisk amin som anv\u00e4nds av personer med andningssv\u00e5righeter som ett avsv\u00e4llande och bronkdilaterande medel. N\u00e4r det g\u00e4ller anv\u00e4ndningen av clenbuterol f\u00f6r styrka idrottare och kroppsbyggare, kan dess funktion som en beta-2-agonist bidra till att \u00f6ka lipolys. Detta&hellip;","og_url":"https:\/\/asteralabs.org\/sv\/product\/clenbuterol-hcl\/","og_site_name":"Astera Labs","article_modified_time":"2026-01-16T08:34:21+00:00","og_image":[{"width":2000,"height":2000,"url":"https:\/\/asteralabs.org\/wp-content\/uploads\/2023\/01\/Clenbuterol-HCL-mockup-nbg.png","type":"image\/png"}],"twitter_card":"summary_large_image","schema":{"@context":"https:\/\/schema.org","@graph":[{"@type":"WebPage","@id":"https:\/\/asteralabs.org\/sv\/product\/clenbuterol-hcl\/","url":"https:\/\/asteralabs.org\/sv\/product\/clenbuterol-hcl\/","name":"Clenbuterol HCL - Astera Labs","isPartOf":{"@id":"https:\/\/asteralabs.org\/sv\/#website"},"primaryImageOfPage":{"@id":"https:\/\/asteralabs.org\/sv\/product\/clenbuterol-hcl\/#primaryimage"},"image":{"@id":"https:\/\/asteralabs.org\/sv\/product\/clenbuterol-hcl\/#primaryimage"},"thumbnailUrl":"https:\/\/asteralabs.org\/wp-content\/uploads\/2023\/01\/Clenbuterol-HCL-mockup-nbg.png","datePublished":"2023-01-10T23:00:06+00:00","dateModified":"2026-01-16T08:34:21+00:00","breadcrumb":{"@id":"https:\/\/asteralabs.org\/sv\/product\/clenbuterol-hcl\/#breadcrumb"},"inLanguage":"sv-SE","potentialAction":[{"@type":"ReadAction","target":["https:\/\/asteralabs.org\/sv\/product\/clenbuterol-hcl\/"]}]},{"@type":"ImageObject","inLanguage":"sv-SE","@id":"https:\/\/asteralabs.org\/sv\/product\/clenbuterol-hcl\/#primaryimage","url":"https:\/\/asteralabs.org\/wp-content\/uploads\/2023\/01\/Clenbuterol-HCL-mockup-nbg.png","contentUrl":"https:\/\/asteralabs.org\/wp-content\/uploads\/2023\/01\/Clenbuterol-HCL-mockup-nbg.png","width":2000,"height":2000},{"@type":"BreadcrumbList","@id":"https:\/\/asteralabs.org\/sv\/product\/clenbuterol-hcl\/#breadcrumb","itemListElement":[{"@type":"ListItem","position":1,"name":"Home","item":"https:\/\/asteralabs.org\/sv\/"},{"@type":"ListItem","position":2,"name":"Butik","item":"https:\/\/asteralabs.org\/butik\/"},{"@type":"ListItem","position":3,"name":"Clenbuterol HCL"}]},{"@type":"WebSite","@id":"https:\/\/asteralabs.org\/sv\/#website","url":"https:\/\/asteralabs.org\/sv\/","name":"Astera Labs","description":"Improve Your Quality Of Life","publisher":{"@id":"https:\/\/asteralabs.org\/sv\/#organization"},"potentialAction":[{"@type":"SearchAction","target":{"@type":"EntryPoint","urlTemplate":"https:\/\/asteralabs.org\/sv\/?s={search_term_string}"},"query-input":"required name=search_term_string"}],"inLanguage":"sv-SE"},{"@type":"Organization","@id":"https:\/\/asteralabs.org\/sv\/#organization","name":"Astera Labs","url":"https:\/\/asteralabs.org\/sv\/","logo":{"@type":"ImageObject","inLanguage":"sv-SE","@id":"https:\/\/asteralabs.org\/sv\/#\/schema\/logo\/image\/","url":"https:\/\/asteralabs.org\/wp-content\/uploads\/2022\/12\/astera-2.png","contentUrl":"https:\/\/asteralabs.org\/wp-content\/uploads\/2022\/12\/astera-2.png","width":437,"height":111,"caption":"Astera Labs"},"image":{"@id":"https:\/\/asteralabs.org\/sv\/#\/schema\/logo\/image\/"}}]}},"_links":{"self":[{"href":"https:\/\/asteralabs.org\/sv\/wp-json\/wp\/v2\/product\/78150"}],"collection":[{"href":"https:\/\/asteralabs.org\/sv\/wp-json\/wp\/v2\/product"}],"about":[{"href":"https:\/\/asteralabs.org\/sv\/wp-json\/wp\/v2\/types\/product"}],"replies":[{"embeddable":true,"href":"https:\/\/asteralabs.org\/sv\/wp-json\/wp\/v2\/comments?post=78150"}],"version-history":[{"count":0,"href":"https:\/\/asteralabs.org\/sv\/wp-json\/wp\/v2\/product\/78150\/revisions"}],"wp:featuredmedia":[{"embeddable":true,"href":"https:\/\/asteralabs.org\/sv\/wp-json\/wp\/v2\/media\/76230"}],"wp:attachment":[{"href":"https:\/\/asteralabs.org\/sv\/wp-json\/wp\/v2\/media?parent=78150"}],"wp:term":[{"taxonomy":"product_cat","embeddable":true,"href":"https:\/\/asteralabs.org\/sv\/wp-json\/wp\/v2\/product_cat?post=78150"},{"taxonomy":"product_tag","embeddable":true,"href":"https:\/\/asteralabs.org\/sv\/wp-json\/wp\/v2\/product_tag?post=78150"}],"curies":[{"name":"wp","href":"https:\/\/api.w.org\/{rel}","templated":true}]}}