{"id":78162,"date":"2023-01-10T22:56:46","date_gmt":"2023-01-10T22:56:46","guid":{"rendered":"https:\/\/asteralabs.org\/product\/mibolerone-cheque-drops\/"},"modified":"2026-01-16T10:21:59","modified_gmt":"2026-01-16T10:21:59","slug":"mibolerone-cheque-drops","status":"publish","type":"product","link":"https:\/\/asteralabs.org\/sv\/product\/mibolerone-cheque-drops\/","title":{"rendered":"Mibolerone (Cheque Drops)"},"content":{"rendered":"<p><strong>DOSERING: <\/strong><br \/>\nMibolerone 0,5mg\/tab <strong>F\u00f6rpackningsinneh\u00e5ll: <\/strong><br \/>\n1 satchet, 50 flikar, 0,5mg per flik <strong>VAD \u00c4R DET: <\/strong><br \/>\nMibolerone \u00e4r ett 7,17-dimetylerat derivat av nandrolon, Det \u00e4r en mycket kraftfull oral steroid, men dess anv\u00e4ndningsomr\u00e5den \u00e4r mycket specifika, fr\u00e4mst f\u00f6r styrkelyftst\u00e4vlingar, strongman eller kontaktsporter f\u00f6r att \u00f6ka styrka och aggressivitet. <strong>HUR MAN ANV\u00c4NDER: <\/strong><br \/>\nDet \u00e4r l\u00e4mpligt att ta mellan 0,5 till 1 mg 30 minuter f\u00f6re en styrka sportevenemang, b\u00f6r idrottaren ta h\u00e4nsyn till att blodtrycket kan stiga till farliga niv\u00e5er med dess anv\u00e4ndning. <strong>BATCHINFORMATION:<br \/>\n<\/strong>Batch nr: <span data-sheets-root=\"1\" data-sheets-value=\"{\" data-sheets-userformat=\"{\">MD29854<\/span><br \/>\nTillverkningsdatum: <span data-sheets-root=\"1\" data-sheets-value=\"{\" data-sheets-userformat=\"{\">10.2025.<\/span><br \/>\nUtg\u00e5ngsdatum: <span data-sheets-root=\"1\" data-sheets-value=\"{\" data-sheets-userformat=\"{\">10.2028.<\/span><\/p>\n","protected":false},"excerpt":{"rendered":"<p>DOSERING: Mibolerone 0,5mg\/tab F\u00f6rpackningsinneh\u00e5ll: 1 satchet, 50 flikar, 0,5mg per flik VAD \u00c4R DET: Mibolerone \u00e4r ett 7,17-dimetylerat derivat av nandrolon, Det \u00e4r en mycket kraftfull oral steroid, men dess anv\u00e4ndningsomr\u00e5den \u00e4r mycket specifika, fr\u00e4mst f\u00f6r styrkelyftst\u00e4vlingar, strongman eller kontaktsporter f\u00f6r att \u00f6ka styrka och aggressivitet. HUR MAN ANV\u00c4NDER: Det \u00e4r l\u00e4mpligt att ta mellan&hellip;<\/p>\n","protected":false},"featured_media":76318,"comment_status":"open","ping_status":"closed","template":"","meta":[],"product_cat":[171,179],"product_tag":[],"yoast_head":"<!-- This site is optimized with the Yoast SEO plugin v23.0 - https:\/\/yoast.com\/wordpress\/plugins\/seo\/ -->\n<title>Mibolerone (Cheque Drops) - Astera Labs<\/title>\n<meta name=\"robots\" content=\"index, follow, max-snippet:-1, max-image-preview:large, max-video-preview:-1\" \/>\n<link rel=\"canonical\" href=\"https:\/\/asteralabs.org\/sv\/product\/mibolerone-cheque-drops\/\" \/>\n<meta property=\"og:locale\" content=\"sv_SE\" \/>\n<meta property=\"og:type\" content=\"article\" \/>\n<meta property=\"og:title\" content=\"Mibolerone (Cheque Drops) - Astera Labs\" \/>\n<meta property=\"og:description\" content=\"DOSERING: Mibolerone 0,5mg\/tab F\u00f6rpackningsinneh\u00e5ll: 1 satchet, 50 flikar, 0,5mg per flik VAD \u00c4R DET: Mibolerone \u00e4r ett 7,17-dimetylerat derivat av nandrolon, Det \u00e4r en mycket kraftfull oral steroid, men dess anv\u00e4ndningsomr\u00e5den \u00e4r mycket specifika, fr\u00e4mst f\u00f6r styrkelyftst\u00e4vlingar, strongman eller kontaktsporter f\u00f6r att \u00f6ka styrka och aggressivitet. HUR MAN ANV\u00c4NDER: Det \u00e4r l\u00e4mpligt att ta mellan&hellip;\" \/>\n<meta property=\"og:url\" content=\"https:\/\/asteralabs.org\/sv\/product\/mibolerone-cheque-drops\/\" \/>\n<meta property=\"og:site_name\" content=\"Astera Labs\" \/>\n<meta property=\"article:modified_time\" content=\"2026-01-16T10:21:59+00:00\" \/>\n<meta property=\"og:image\" content=\"https:\/\/asteralabs.org\/wp-content\/uploads\/2023\/01\/Mibolerone-cheque-drops-mockup-nbg.png\" \/>\n\t<meta property=\"og:image:width\" content=\"2000\" \/>\n\t<meta property=\"og:image:height\" content=\"2000\" \/>\n\t<meta property=\"og:image:type\" content=\"image\/png\" \/>\n<meta name=\"twitter:card\" content=\"summary_large_image\" \/>\n<script type=\"application\/ld+json\" class=\"yoast-schema-graph\">{\"@context\":\"https:\/\/schema.org\",\"@graph\":[{\"@type\":\"WebPage\",\"@id\":\"https:\/\/asteralabs.org\/sv\/product\/mibolerone-cheque-drops\/\",\"url\":\"https:\/\/asteralabs.org\/sv\/product\/mibolerone-cheque-drops\/\",\"name\":\"Mibolerone (Cheque Drops) - Astera Labs\",\"isPartOf\":{\"@id\":\"https:\/\/asteralabs.org\/sv\/#website\"},\"primaryImageOfPage\":{\"@id\":\"https:\/\/asteralabs.org\/sv\/product\/mibolerone-cheque-drops\/#primaryimage\"},\"image\":{\"@id\":\"https:\/\/asteralabs.org\/sv\/product\/mibolerone-cheque-drops\/#primaryimage\"},\"thumbnailUrl\":\"https:\/\/asteralabs.org\/wp-content\/uploads\/2023\/01\/Mibolerone-cheque-drops-mockup-nbg.png\",\"datePublished\":\"2023-01-10T22:56:46+00:00\",\"dateModified\":\"2026-01-16T10:21:59+00:00\",\"breadcrumb\":{\"@id\":\"https:\/\/asteralabs.org\/sv\/product\/mibolerone-cheque-drops\/#breadcrumb\"},\"inLanguage\":\"sv-SE\",\"potentialAction\":[{\"@type\":\"ReadAction\",\"target\":[\"https:\/\/asteralabs.org\/sv\/product\/mibolerone-cheque-drops\/\"]}]},{\"@type\":\"ImageObject\",\"inLanguage\":\"sv-SE\",\"@id\":\"https:\/\/asteralabs.org\/sv\/product\/mibolerone-cheque-drops\/#primaryimage\",\"url\":\"https:\/\/asteralabs.org\/wp-content\/uploads\/2023\/01\/Mibolerone-cheque-drops-mockup-nbg.png\",\"contentUrl\":\"https:\/\/asteralabs.org\/wp-content\/uploads\/2023\/01\/Mibolerone-cheque-drops-mockup-nbg.png\",\"width\":2000,\"height\":2000},{\"@type\":\"BreadcrumbList\",\"@id\":\"https:\/\/asteralabs.org\/sv\/product\/mibolerone-cheque-drops\/#breadcrumb\",\"itemListElement\":[{\"@type\":\"ListItem\",\"position\":1,\"name\":\"Home\",\"item\":\"https:\/\/asteralabs.org\/sv\/\"},{\"@type\":\"ListItem\",\"position\":2,\"name\":\"Butik\",\"item\":\"https:\/\/asteralabs.org\/butik\/\"},{\"@type\":\"ListItem\",\"position\":3,\"name\":\"Mibolerone (Cheque Drops)\"}]},{\"@type\":\"WebSite\",\"@id\":\"https:\/\/asteralabs.org\/sv\/#website\",\"url\":\"https:\/\/asteralabs.org\/sv\/\",\"name\":\"Astera Labs\",\"description\":\"Improve Your Quality Of Life\",\"publisher\":{\"@id\":\"https:\/\/asteralabs.org\/sv\/#organization\"},\"potentialAction\":[{\"@type\":\"SearchAction\",\"target\":{\"@type\":\"EntryPoint\",\"urlTemplate\":\"https:\/\/asteralabs.org\/sv\/?s={search_term_string}\"},\"query-input\":\"required name=search_term_string\"}],\"inLanguage\":\"sv-SE\"},{\"@type\":\"Organization\",\"@id\":\"https:\/\/asteralabs.org\/sv\/#organization\",\"name\":\"Astera Labs\",\"url\":\"https:\/\/asteralabs.org\/sv\/\",\"logo\":{\"@type\":\"ImageObject\",\"inLanguage\":\"sv-SE\",\"@id\":\"https:\/\/asteralabs.org\/sv\/#\/schema\/logo\/image\/\",\"url\":\"https:\/\/asteralabs.org\/wp-content\/uploads\/2022\/12\/astera-2.png\",\"contentUrl\":\"https:\/\/asteralabs.org\/wp-content\/uploads\/2022\/12\/astera-2.png\",\"width\":437,\"height\":111,\"caption\":\"Astera Labs\"},\"image\":{\"@id\":\"https:\/\/asteralabs.org\/sv\/#\/schema\/logo\/image\/\"}}]}<\/script>\n<!-- \/ Yoast SEO plugin. -->","yoast_head_json":{"title":"Mibolerone (Cheque Drops) - Astera Labs","robots":{"index":"index","follow":"follow","max-snippet":"max-snippet:-1","max-image-preview":"max-image-preview:large","max-video-preview":"max-video-preview:-1"},"canonical":"https:\/\/asteralabs.org\/sv\/product\/mibolerone-cheque-drops\/","og_locale":"sv_SE","og_type":"article","og_title":"Mibolerone (Cheque Drops) - Astera Labs","og_description":"DOSERING: Mibolerone 0,5mg\/tab F\u00f6rpackningsinneh\u00e5ll: 1 satchet, 50 flikar, 0,5mg per flik VAD \u00c4R DET: Mibolerone \u00e4r ett 7,17-dimetylerat derivat av nandrolon, Det \u00e4r en mycket kraftfull oral steroid, men dess anv\u00e4ndningsomr\u00e5den \u00e4r mycket specifika, fr\u00e4mst f\u00f6r styrkelyftst\u00e4vlingar, strongman eller kontaktsporter f\u00f6r att \u00f6ka styrka och aggressivitet. HUR MAN ANV\u00c4NDER: Det \u00e4r l\u00e4mpligt att ta mellan&hellip;","og_url":"https:\/\/asteralabs.org\/sv\/product\/mibolerone-cheque-drops\/","og_site_name":"Astera Labs","article_modified_time":"2026-01-16T10:21:59+00:00","og_image":[{"width":2000,"height":2000,"url":"https:\/\/asteralabs.org\/wp-content\/uploads\/2023\/01\/Mibolerone-cheque-drops-mockup-nbg.png","type":"image\/png"}],"twitter_card":"summary_large_image","schema":{"@context":"https:\/\/schema.org","@graph":[{"@type":"WebPage","@id":"https:\/\/asteralabs.org\/sv\/product\/mibolerone-cheque-drops\/","url":"https:\/\/asteralabs.org\/sv\/product\/mibolerone-cheque-drops\/","name":"Mibolerone (Cheque Drops) - Astera Labs","isPartOf":{"@id":"https:\/\/asteralabs.org\/sv\/#website"},"primaryImageOfPage":{"@id":"https:\/\/asteralabs.org\/sv\/product\/mibolerone-cheque-drops\/#primaryimage"},"image":{"@id":"https:\/\/asteralabs.org\/sv\/product\/mibolerone-cheque-drops\/#primaryimage"},"thumbnailUrl":"https:\/\/asteralabs.org\/wp-content\/uploads\/2023\/01\/Mibolerone-cheque-drops-mockup-nbg.png","datePublished":"2023-01-10T22:56:46+00:00","dateModified":"2026-01-16T10:21:59+00:00","breadcrumb":{"@id":"https:\/\/asteralabs.org\/sv\/product\/mibolerone-cheque-drops\/#breadcrumb"},"inLanguage":"sv-SE","potentialAction":[{"@type":"ReadAction","target":["https:\/\/asteralabs.org\/sv\/product\/mibolerone-cheque-drops\/"]}]},{"@type":"ImageObject","inLanguage":"sv-SE","@id":"https:\/\/asteralabs.org\/sv\/product\/mibolerone-cheque-drops\/#primaryimage","url":"https:\/\/asteralabs.org\/wp-content\/uploads\/2023\/01\/Mibolerone-cheque-drops-mockup-nbg.png","contentUrl":"https:\/\/asteralabs.org\/wp-content\/uploads\/2023\/01\/Mibolerone-cheque-drops-mockup-nbg.png","width":2000,"height":2000},{"@type":"BreadcrumbList","@id":"https:\/\/asteralabs.org\/sv\/product\/mibolerone-cheque-drops\/#breadcrumb","itemListElement":[{"@type":"ListItem","position":1,"name":"Home","item":"https:\/\/asteralabs.org\/sv\/"},{"@type":"ListItem","position":2,"name":"Butik","item":"https:\/\/asteralabs.org\/butik\/"},{"@type":"ListItem","position":3,"name":"Mibolerone (Cheque Drops)"}]},{"@type":"WebSite","@id":"https:\/\/asteralabs.org\/sv\/#website","url":"https:\/\/asteralabs.org\/sv\/","name":"Astera Labs","description":"Improve Your Quality Of Life","publisher":{"@id":"https:\/\/asteralabs.org\/sv\/#organization"},"potentialAction":[{"@type":"SearchAction","target":{"@type":"EntryPoint","urlTemplate":"https:\/\/asteralabs.org\/sv\/?s={search_term_string}"},"query-input":"required name=search_term_string"}],"inLanguage":"sv-SE"},{"@type":"Organization","@id":"https:\/\/asteralabs.org\/sv\/#organization","name":"Astera Labs","url":"https:\/\/asteralabs.org\/sv\/","logo":{"@type":"ImageObject","inLanguage":"sv-SE","@id":"https:\/\/asteralabs.org\/sv\/#\/schema\/logo\/image\/","url":"https:\/\/asteralabs.org\/wp-content\/uploads\/2022\/12\/astera-2.png","contentUrl":"https:\/\/asteralabs.org\/wp-content\/uploads\/2022\/12\/astera-2.png","width":437,"height":111,"caption":"Astera Labs"},"image":{"@id":"https:\/\/asteralabs.org\/sv\/#\/schema\/logo\/image\/"}}]}},"_links":{"self":[{"href":"https:\/\/asteralabs.org\/sv\/wp-json\/wp\/v2\/product\/78162"}],"collection":[{"href":"https:\/\/asteralabs.org\/sv\/wp-json\/wp\/v2\/product"}],"about":[{"href":"https:\/\/asteralabs.org\/sv\/wp-json\/wp\/v2\/types\/product"}],"replies":[{"embeddable":true,"href":"https:\/\/asteralabs.org\/sv\/wp-json\/wp\/v2\/comments?post=78162"}],"version-history":[{"count":0,"href":"https:\/\/asteralabs.org\/sv\/wp-json\/wp\/v2\/product\/78162\/revisions"}],"wp:featuredmedia":[{"embeddable":true,"href":"https:\/\/asteralabs.org\/sv\/wp-json\/wp\/v2\/media\/76318"}],"wp:attachment":[{"href":"https:\/\/asteralabs.org\/sv\/wp-json\/wp\/v2\/media?parent=78162"}],"wp:term":[{"taxonomy":"product_cat","embeddable":true,"href":"https:\/\/asteralabs.org\/sv\/wp-json\/wp\/v2\/product_cat?post=78162"},{"taxonomy":"product_tag","embeddable":true,"href":"https:\/\/asteralabs.org\/sv\/wp-json\/wp\/v2\/product_tag?post=78162"}],"curies":[{"name":"wp","href":"https:\/\/api.w.org\/{rel}","templated":true}]}}