{"id":78174,"date":"2023-01-10T22:54:15","date_gmt":"2023-01-10T22:54:15","guid":{"rendered":"https:\/\/asteralabs.org\/product\/levotyroxin-natrium-t4\/"},"modified":"2026-01-16T09:31:43","modified_gmt":"2026-01-16T09:31:43","slug":"levotyroxin-natrium-t4","status":"publish","type":"product","link":"https:\/\/asteralabs.org\/sv\/product\/levotyroxin-natrium-t4\/","title":{"rendered":"Levotyroxin natrium (T4)"},"content":{"rendered":"<p><strong>DOSERING: <\/strong><br \/>\nLevotyroxinnatrium (T4) 50mcg\/tab <strong>F\u00f6rpackningsinneh\u00e5ll: <\/strong><br \/>\n1 dosett, 50 tabletter, 50mcg per tablett <strong>VAD \u00c4R DET: <\/strong><br \/>\nThyroxin, \u00e4ven kallat tetrajodtyronin (vanligtvis f\u00f6rkortat T4), \u00e4r den huvudsakliga typen av sk\u00f6ldk\u00f6rtelhormon som uts\u00f6ndras av follikelcellerna i sk\u00f6ldk\u00f6rteln. Det anv\u00e4nds f\u00f6r att \u00f6ka den basala \u00e4mnesoms\u00e4ttningen, vilket fr\u00e4mjar vikt- och fettf\u00f6rlust. <strong>HUR MAN ANV\u00c4NDER: <\/strong><br \/>\nDess anv\u00e4ndningsdos beror p\u00e5 den anv\u00e4ndning du vill ge den. Om det vi vill helt enkelt \u00e4r att anv\u00e4nda det f\u00f6r att undvika en viss anpassning p\u00e5 niv\u00e5n av den basala \u00e4mnesoms\u00e4ttningen, begr\u00e4nsa dig till att anv\u00e4nda T4 i en daglig dos p\u00e5 mellan 12.5 och 50mcg dagligen . Om vi vill anv\u00e4nda det f\u00f6r att avsev\u00e4rt \u00f6ka den basala \u00e4mnesoms\u00e4ttningen kommer den dos som ska anv\u00e4ndas att vara 250mcg dagligen. Dosen tas en g\u00e5ng om dagen p\u00e5 fastande mage. <strong>BATCH INFORMATION:<br \/>\n<\/strong>Batch nr: <span data-sheets-root=\"1\" data-sheets-value=\"{\" data-sheets-userformat=\"{\">XE28298<\/span><br \/>\nTillverkningsdatum: <span data-sheets-root=\"1\" data-sheets-value=\"{\" data-sheets-userformat=\"{\">10.2025.<\/span><br \/>\nUtg\u00e5ngsdatum: <span data-sheets-root=\"1\" data-sheets-value=\"{\" data-sheets-userformat=\"{\">10.2028.<\/span><\/p>\n","protected":false},"excerpt":{"rendered":"<p>DOSERING: Levotyroxinnatrium (T4) 50mcg\/tab F\u00f6rpackningsinneh\u00e5ll: 1 dosett, 50 tabletter, 50mcg per tablett VAD \u00c4R DET: Thyroxin, \u00e4ven kallat tetrajodtyronin (vanligtvis f\u00f6rkortat T4), \u00e4r den huvudsakliga typen av sk\u00f6ldk\u00f6rtelhormon som uts\u00f6ndras av follikelcellerna i sk\u00f6ldk\u00f6rteln. Det anv\u00e4nds f\u00f6r att \u00f6ka den basala \u00e4mnesoms\u00e4ttningen, vilket fr\u00e4mjar vikt- och fettf\u00f6rlust. HUR MAN ANV\u00c4NDER: Dess anv\u00e4ndningsdos beror p\u00e5 den&hellip;<\/p>\n","protected":false},"featured_media":76070,"comment_status":"open","ping_status":"closed","template":"","meta":[],"product_cat":[171,179],"product_tag":[],"yoast_head":"<!-- This site is optimized with the Yoast SEO plugin v23.0 - https:\/\/yoast.com\/wordpress\/plugins\/seo\/ -->\n<title>Levotyroxin natrium (T4) - Astera Labs<\/title>\n<meta name=\"robots\" content=\"index, follow, max-snippet:-1, max-image-preview:large, max-video-preview:-1\" \/>\n<link rel=\"canonical\" href=\"https:\/\/asteralabs.org\/sv\/product\/levotyroxin-natrium-t4\/\" \/>\n<meta property=\"og:locale\" content=\"sv_SE\" \/>\n<meta property=\"og:type\" content=\"article\" \/>\n<meta property=\"og:title\" content=\"Levotyroxin natrium (T4) - Astera Labs\" \/>\n<meta property=\"og:description\" content=\"DOSERING: Levotyroxinnatrium (T4) 50mcg\/tab F\u00f6rpackningsinneh\u00e5ll: 1 dosett, 50 tabletter, 50mcg per tablett VAD \u00c4R DET: Thyroxin, \u00e4ven kallat tetrajodtyronin (vanligtvis f\u00f6rkortat T4), \u00e4r den huvudsakliga typen av sk\u00f6ldk\u00f6rtelhormon som uts\u00f6ndras av follikelcellerna i sk\u00f6ldk\u00f6rteln. Det anv\u00e4nds f\u00f6r att \u00f6ka den basala \u00e4mnesoms\u00e4ttningen, vilket fr\u00e4mjar vikt- och fettf\u00f6rlust. HUR MAN ANV\u00c4NDER: Dess anv\u00e4ndningsdos beror p\u00e5 den&hellip;\" \/>\n<meta property=\"og:url\" content=\"https:\/\/asteralabs.org\/sv\/product\/levotyroxin-natrium-t4\/\" \/>\n<meta property=\"og:site_name\" content=\"Astera Labs\" \/>\n<meta property=\"article:modified_time\" content=\"2026-01-16T09:31:43+00:00\" \/>\n<meta property=\"og:image\" content=\"https:\/\/asteralabs.org\/wp-content\/uploads\/2023\/01\/T4-mockup-nbg.png\" \/>\n\t<meta property=\"og:image:width\" content=\"2000\" \/>\n\t<meta property=\"og:image:height\" content=\"2000\" \/>\n\t<meta property=\"og:image:type\" content=\"image\/png\" \/>\n<meta name=\"twitter:card\" content=\"summary_large_image\" \/>\n<script type=\"application\/ld+json\" class=\"yoast-schema-graph\">{\"@context\":\"https:\/\/schema.org\",\"@graph\":[{\"@type\":\"WebPage\",\"@id\":\"https:\/\/asteralabs.org\/sv\/product\/levotyroxin-natrium-t4\/\",\"url\":\"https:\/\/asteralabs.org\/sv\/product\/levotyroxin-natrium-t4\/\",\"name\":\"Levotyroxin natrium (T4) - Astera Labs\",\"isPartOf\":{\"@id\":\"https:\/\/asteralabs.org\/sv\/#website\"},\"primaryImageOfPage\":{\"@id\":\"https:\/\/asteralabs.org\/sv\/product\/levotyroxin-natrium-t4\/#primaryimage\"},\"image\":{\"@id\":\"https:\/\/asteralabs.org\/sv\/product\/levotyroxin-natrium-t4\/#primaryimage\"},\"thumbnailUrl\":\"https:\/\/asteralabs.org\/wp-content\/uploads\/2023\/01\/T4-mockup-nbg.png\",\"datePublished\":\"2023-01-10T22:54:15+00:00\",\"dateModified\":\"2026-01-16T09:31:43+00:00\",\"breadcrumb\":{\"@id\":\"https:\/\/asteralabs.org\/sv\/product\/levotyroxin-natrium-t4\/#breadcrumb\"},\"inLanguage\":\"sv-SE\",\"potentialAction\":[{\"@type\":\"ReadAction\",\"target\":[\"https:\/\/asteralabs.org\/sv\/product\/levotyroxin-natrium-t4\/\"]}]},{\"@type\":\"ImageObject\",\"inLanguage\":\"sv-SE\",\"@id\":\"https:\/\/asteralabs.org\/sv\/product\/levotyroxin-natrium-t4\/#primaryimage\",\"url\":\"https:\/\/asteralabs.org\/wp-content\/uploads\/2023\/01\/T4-mockup-nbg.png\",\"contentUrl\":\"https:\/\/asteralabs.org\/wp-content\/uploads\/2023\/01\/T4-mockup-nbg.png\",\"width\":2000,\"height\":2000},{\"@type\":\"BreadcrumbList\",\"@id\":\"https:\/\/asteralabs.org\/sv\/product\/levotyroxin-natrium-t4\/#breadcrumb\",\"itemListElement\":[{\"@type\":\"ListItem\",\"position\":1,\"name\":\"Home\",\"item\":\"https:\/\/asteralabs.org\/sv\/\"},{\"@type\":\"ListItem\",\"position\":2,\"name\":\"Butik\",\"item\":\"https:\/\/asteralabs.org\/butik\/\"},{\"@type\":\"ListItem\",\"position\":3,\"name\":\"Levotyroxin natrium (T4)\"}]},{\"@type\":\"WebSite\",\"@id\":\"https:\/\/asteralabs.org\/sv\/#website\",\"url\":\"https:\/\/asteralabs.org\/sv\/\",\"name\":\"Astera Labs\",\"description\":\"Improve Your Quality Of Life\",\"publisher\":{\"@id\":\"https:\/\/asteralabs.org\/sv\/#organization\"},\"potentialAction\":[{\"@type\":\"SearchAction\",\"target\":{\"@type\":\"EntryPoint\",\"urlTemplate\":\"https:\/\/asteralabs.org\/sv\/?s={search_term_string}\"},\"query-input\":\"required name=search_term_string\"}],\"inLanguage\":\"sv-SE\"},{\"@type\":\"Organization\",\"@id\":\"https:\/\/asteralabs.org\/sv\/#organization\",\"name\":\"Astera Labs\",\"url\":\"https:\/\/asteralabs.org\/sv\/\",\"logo\":{\"@type\":\"ImageObject\",\"inLanguage\":\"sv-SE\",\"@id\":\"https:\/\/asteralabs.org\/sv\/#\/schema\/logo\/image\/\",\"url\":\"https:\/\/asteralabs.org\/wp-content\/uploads\/2022\/12\/astera-2.png\",\"contentUrl\":\"https:\/\/asteralabs.org\/wp-content\/uploads\/2022\/12\/astera-2.png\",\"width\":437,\"height\":111,\"caption\":\"Astera Labs\"},\"image\":{\"@id\":\"https:\/\/asteralabs.org\/sv\/#\/schema\/logo\/image\/\"}}]}<\/script>\n<!-- \/ Yoast SEO plugin. -->","yoast_head_json":{"title":"Levotyroxin natrium (T4) - Astera Labs","robots":{"index":"index","follow":"follow","max-snippet":"max-snippet:-1","max-image-preview":"max-image-preview:large","max-video-preview":"max-video-preview:-1"},"canonical":"https:\/\/asteralabs.org\/sv\/product\/levotyroxin-natrium-t4\/","og_locale":"sv_SE","og_type":"article","og_title":"Levotyroxin natrium (T4) - Astera Labs","og_description":"DOSERING: Levotyroxinnatrium (T4) 50mcg\/tab F\u00f6rpackningsinneh\u00e5ll: 1 dosett, 50 tabletter, 50mcg per tablett VAD \u00c4R DET: Thyroxin, \u00e4ven kallat tetrajodtyronin (vanligtvis f\u00f6rkortat T4), \u00e4r den huvudsakliga typen av sk\u00f6ldk\u00f6rtelhormon som uts\u00f6ndras av follikelcellerna i sk\u00f6ldk\u00f6rteln. Det anv\u00e4nds f\u00f6r att \u00f6ka den basala \u00e4mnesoms\u00e4ttningen, vilket fr\u00e4mjar vikt- och fettf\u00f6rlust. HUR MAN ANV\u00c4NDER: Dess anv\u00e4ndningsdos beror p\u00e5 den&hellip;","og_url":"https:\/\/asteralabs.org\/sv\/product\/levotyroxin-natrium-t4\/","og_site_name":"Astera Labs","article_modified_time":"2026-01-16T09:31:43+00:00","og_image":[{"width":2000,"height":2000,"url":"https:\/\/asteralabs.org\/wp-content\/uploads\/2023\/01\/T4-mockup-nbg.png","type":"image\/png"}],"twitter_card":"summary_large_image","schema":{"@context":"https:\/\/schema.org","@graph":[{"@type":"WebPage","@id":"https:\/\/asteralabs.org\/sv\/product\/levotyroxin-natrium-t4\/","url":"https:\/\/asteralabs.org\/sv\/product\/levotyroxin-natrium-t4\/","name":"Levotyroxin natrium (T4) - Astera Labs","isPartOf":{"@id":"https:\/\/asteralabs.org\/sv\/#website"},"primaryImageOfPage":{"@id":"https:\/\/asteralabs.org\/sv\/product\/levotyroxin-natrium-t4\/#primaryimage"},"image":{"@id":"https:\/\/asteralabs.org\/sv\/product\/levotyroxin-natrium-t4\/#primaryimage"},"thumbnailUrl":"https:\/\/asteralabs.org\/wp-content\/uploads\/2023\/01\/T4-mockup-nbg.png","datePublished":"2023-01-10T22:54:15+00:00","dateModified":"2026-01-16T09:31:43+00:00","breadcrumb":{"@id":"https:\/\/asteralabs.org\/sv\/product\/levotyroxin-natrium-t4\/#breadcrumb"},"inLanguage":"sv-SE","potentialAction":[{"@type":"ReadAction","target":["https:\/\/asteralabs.org\/sv\/product\/levotyroxin-natrium-t4\/"]}]},{"@type":"ImageObject","inLanguage":"sv-SE","@id":"https:\/\/asteralabs.org\/sv\/product\/levotyroxin-natrium-t4\/#primaryimage","url":"https:\/\/asteralabs.org\/wp-content\/uploads\/2023\/01\/T4-mockup-nbg.png","contentUrl":"https:\/\/asteralabs.org\/wp-content\/uploads\/2023\/01\/T4-mockup-nbg.png","width":2000,"height":2000},{"@type":"BreadcrumbList","@id":"https:\/\/asteralabs.org\/sv\/product\/levotyroxin-natrium-t4\/#breadcrumb","itemListElement":[{"@type":"ListItem","position":1,"name":"Home","item":"https:\/\/asteralabs.org\/sv\/"},{"@type":"ListItem","position":2,"name":"Butik","item":"https:\/\/asteralabs.org\/butik\/"},{"@type":"ListItem","position":3,"name":"Levotyroxin natrium (T4)"}]},{"@type":"WebSite","@id":"https:\/\/asteralabs.org\/sv\/#website","url":"https:\/\/asteralabs.org\/sv\/","name":"Astera Labs","description":"Improve Your Quality Of Life","publisher":{"@id":"https:\/\/asteralabs.org\/sv\/#organization"},"potentialAction":[{"@type":"SearchAction","target":{"@type":"EntryPoint","urlTemplate":"https:\/\/asteralabs.org\/sv\/?s={search_term_string}"},"query-input":"required name=search_term_string"}],"inLanguage":"sv-SE"},{"@type":"Organization","@id":"https:\/\/asteralabs.org\/sv\/#organization","name":"Astera Labs","url":"https:\/\/asteralabs.org\/sv\/","logo":{"@type":"ImageObject","inLanguage":"sv-SE","@id":"https:\/\/asteralabs.org\/sv\/#\/schema\/logo\/image\/","url":"https:\/\/asteralabs.org\/wp-content\/uploads\/2022\/12\/astera-2.png","contentUrl":"https:\/\/asteralabs.org\/wp-content\/uploads\/2022\/12\/astera-2.png","width":437,"height":111,"caption":"Astera Labs"},"image":{"@id":"https:\/\/asteralabs.org\/sv\/#\/schema\/logo\/image\/"}}]}},"_links":{"self":[{"href":"https:\/\/asteralabs.org\/sv\/wp-json\/wp\/v2\/product\/78174"}],"collection":[{"href":"https:\/\/asteralabs.org\/sv\/wp-json\/wp\/v2\/product"}],"about":[{"href":"https:\/\/asteralabs.org\/sv\/wp-json\/wp\/v2\/types\/product"}],"replies":[{"embeddable":true,"href":"https:\/\/asteralabs.org\/sv\/wp-json\/wp\/v2\/comments?post=78174"}],"version-history":[{"count":0,"href":"https:\/\/asteralabs.org\/sv\/wp-json\/wp\/v2\/product\/78174\/revisions"}],"wp:featuredmedia":[{"embeddable":true,"href":"https:\/\/asteralabs.org\/sv\/wp-json\/wp\/v2\/media\/76070"}],"wp:attachment":[{"href":"https:\/\/asteralabs.org\/sv\/wp-json\/wp\/v2\/media?parent=78174"}],"wp:term":[{"taxonomy":"product_cat","embeddable":true,"href":"https:\/\/asteralabs.org\/sv\/wp-json\/wp\/v2\/product_cat?post=78174"},{"taxonomy":"product_tag","embeddable":true,"href":"https:\/\/asteralabs.org\/sv\/wp-json\/wp\/v2\/product_tag?post=78174"}],"curies":[{"name":"wp","href":"https:\/\/api.w.org\/{rel}","templated":true}]}}