{"id":78190,"date":"2023-01-10T22:53:33","date_gmt":"2023-01-10T22:53:33","guid":{"rendered":"https:\/\/asteralabs.org\/product\/liothyronin-natrium-t3\/"},"modified":"2026-01-16T09:25:07","modified_gmt":"2026-01-16T09:25:07","slug":"liothyronin-natrium-t3","status":"publish","type":"product","link":"https:\/\/asteralabs.org\/sv\/product\/liothyronin-natrium-t3\/","title":{"rendered":"Liothyronin natrium (T3)"},"content":{"rendered":"<p><strong>DOSERING: <\/strong><br \/>\nLiothyronine Sodium (T3) 25mcg\/tab <strong>F\u00f6rpackningsinneh\u00e5ll: <\/strong><br \/>\n1 dosett, 50 tabletter, 25mcg per tablett <strong>VAD \u00c4R DET: <\/strong><br \/>\nTriiodothyronine, \u00e4ven k\u00e4nt som T3, \u00e4r ett sk\u00f6ldk\u00f6rtelhormon. Det p\u00e5verkar n\u00e4stan alla fysiologiska processer i kroppen, inklusive tillv\u00e4xt och utveckling, \u00e4mnesoms\u00e4ttning, kroppstemperatur och hj\u00e4rtfrekvens. Det anv\u00e4nds f\u00f6r att \u00f6ka den basala \u00e4mnesoms\u00e4ttningen, vilket fr\u00e4mjar vikt- och fettf\u00f6rlust. <strong>HUR MAN ANV\u00c4NDER: <\/strong><br \/>\nOm vi vill anv\u00e4nda den f\u00f6r att avsev\u00e4rt \u00f6ka den basala \u00e4mnesoms\u00e4ttningen kommer den dos som ska anv\u00e4ndas att vara 62,5 mcg dagligen, l\u00e4gre doser kan fungera men enligt kliniska pr\u00f6vningar b\u00f6r detta vara den b\u00e4sta dosen f\u00f6r dem som vill g\u00f6ra en f\u00f6r\u00e4ndring.<br \/>\nDosen tas en g\u00e5ng om dagen p\u00e5 fastande mage.<\/p>\n<p><strong>BATCH INFORMATION:<br \/>\n<\/strong>Batch nr: <span data-sheets-root=\"1\" data-sheets-value=\"{\" data-sheets-userformat=\"{\">ZD82095<\/span><br \/>\nTillverkningsdatum: <span data-sheets-root=\"1\" data-sheets-value=\"{\" data-sheets-userformat=\"{\">10.2025.<\/span><br \/>\nUtg\u00e5ngsdatum: <span data-sheets-root=\"1\" data-sheets-value=\"{\" data-sheets-userformat=\"{\">10.2028.<\/span><\/p>\n","protected":false},"excerpt":{"rendered":"<p>DOSERING: Liothyronine Sodium (T3) 25mcg\/tab F\u00f6rpackningsinneh\u00e5ll: 1 dosett, 50 tabletter, 25mcg per tablett VAD \u00c4R DET: Triiodothyronine, \u00e4ven k\u00e4nt som T3, \u00e4r ett sk\u00f6ldk\u00f6rtelhormon. Det p\u00e5verkar n\u00e4stan alla fysiologiska processer i kroppen, inklusive tillv\u00e4xt och utveckling, \u00e4mnesoms\u00e4ttning, kroppstemperatur och hj\u00e4rtfrekvens. Det anv\u00e4nds f\u00f6r att \u00f6ka den basala \u00e4mnesoms\u00e4ttningen, vilket fr\u00e4mjar vikt- och fettf\u00f6rlust. HUR MAN&hellip;<\/p>\n","protected":false},"featured_media":76078,"comment_status":"open","ping_status":"closed","template":"","meta":[],"product_cat":[171,179],"product_tag":[],"yoast_head":"<!-- This site is optimized with the Yoast SEO plugin v23.0 - https:\/\/yoast.com\/wordpress\/plugins\/seo\/ -->\n<title>Liothyronin natrium (T3) - Astera Labs<\/title>\n<meta name=\"robots\" content=\"index, follow, max-snippet:-1, max-image-preview:large, max-video-preview:-1\" \/>\n<link rel=\"canonical\" href=\"https:\/\/asteralabs.org\/sv\/product\/liothyronin-natrium-t3\/\" \/>\n<meta property=\"og:locale\" content=\"sv_SE\" \/>\n<meta property=\"og:type\" content=\"article\" \/>\n<meta property=\"og:title\" content=\"Liothyronin natrium (T3) - Astera Labs\" \/>\n<meta property=\"og:description\" content=\"DOSERING: Liothyronine Sodium (T3) 25mcg\/tab F\u00f6rpackningsinneh\u00e5ll: 1 dosett, 50 tabletter, 25mcg per tablett VAD \u00c4R DET: Triiodothyronine, \u00e4ven k\u00e4nt som T3, \u00e4r ett sk\u00f6ldk\u00f6rtelhormon. Det p\u00e5verkar n\u00e4stan alla fysiologiska processer i kroppen, inklusive tillv\u00e4xt och utveckling, \u00e4mnesoms\u00e4ttning, kroppstemperatur och hj\u00e4rtfrekvens. Det anv\u00e4nds f\u00f6r att \u00f6ka den basala \u00e4mnesoms\u00e4ttningen, vilket fr\u00e4mjar vikt- och fettf\u00f6rlust. HUR MAN&hellip;\" \/>\n<meta property=\"og:url\" content=\"https:\/\/asteralabs.org\/sv\/product\/liothyronin-natrium-t3\/\" \/>\n<meta property=\"og:site_name\" content=\"Astera Labs\" \/>\n<meta property=\"article:modified_time\" content=\"2026-01-16T09:25:07+00:00\" \/>\n<meta property=\"og:image\" content=\"https:\/\/asteralabs.org\/wp-content\/uploads\/2023\/01\/T3-mockup-nbg.png\" \/>\n\t<meta property=\"og:image:width\" content=\"2000\" \/>\n\t<meta property=\"og:image:height\" content=\"2000\" \/>\n\t<meta property=\"og:image:type\" content=\"image\/png\" \/>\n<meta name=\"twitter:card\" content=\"summary_large_image\" \/>\n<script type=\"application\/ld+json\" class=\"yoast-schema-graph\">{\"@context\":\"https:\/\/schema.org\",\"@graph\":[{\"@type\":\"WebPage\",\"@id\":\"https:\/\/asteralabs.org\/sv\/product\/liothyronin-natrium-t3\/\",\"url\":\"https:\/\/asteralabs.org\/sv\/product\/liothyronin-natrium-t3\/\",\"name\":\"Liothyronin natrium (T3) - Astera Labs\",\"isPartOf\":{\"@id\":\"https:\/\/asteralabs.org\/sv\/#website\"},\"primaryImageOfPage\":{\"@id\":\"https:\/\/asteralabs.org\/sv\/product\/liothyronin-natrium-t3\/#primaryimage\"},\"image\":{\"@id\":\"https:\/\/asteralabs.org\/sv\/product\/liothyronin-natrium-t3\/#primaryimage\"},\"thumbnailUrl\":\"https:\/\/asteralabs.org\/wp-content\/uploads\/2023\/01\/T3-mockup-nbg.png\",\"datePublished\":\"2023-01-10T22:53:33+00:00\",\"dateModified\":\"2026-01-16T09:25:07+00:00\",\"breadcrumb\":{\"@id\":\"https:\/\/asteralabs.org\/sv\/product\/liothyronin-natrium-t3\/#breadcrumb\"},\"inLanguage\":\"sv-SE\",\"potentialAction\":[{\"@type\":\"ReadAction\",\"target\":[\"https:\/\/asteralabs.org\/sv\/product\/liothyronin-natrium-t3\/\"]}]},{\"@type\":\"ImageObject\",\"inLanguage\":\"sv-SE\",\"@id\":\"https:\/\/asteralabs.org\/sv\/product\/liothyronin-natrium-t3\/#primaryimage\",\"url\":\"https:\/\/asteralabs.org\/wp-content\/uploads\/2023\/01\/T3-mockup-nbg.png\",\"contentUrl\":\"https:\/\/asteralabs.org\/wp-content\/uploads\/2023\/01\/T3-mockup-nbg.png\",\"width\":2000,\"height\":2000},{\"@type\":\"BreadcrumbList\",\"@id\":\"https:\/\/asteralabs.org\/sv\/product\/liothyronin-natrium-t3\/#breadcrumb\",\"itemListElement\":[{\"@type\":\"ListItem\",\"position\":1,\"name\":\"Home\",\"item\":\"https:\/\/asteralabs.org\/sv\/\"},{\"@type\":\"ListItem\",\"position\":2,\"name\":\"Butik\",\"item\":\"https:\/\/asteralabs.org\/butik\/\"},{\"@type\":\"ListItem\",\"position\":3,\"name\":\"Liothyronin natrium (T3)\"}]},{\"@type\":\"WebSite\",\"@id\":\"https:\/\/asteralabs.org\/sv\/#website\",\"url\":\"https:\/\/asteralabs.org\/sv\/\",\"name\":\"Astera Labs\",\"description\":\"Improve Your Quality Of Life\",\"publisher\":{\"@id\":\"https:\/\/asteralabs.org\/sv\/#organization\"},\"potentialAction\":[{\"@type\":\"SearchAction\",\"target\":{\"@type\":\"EntryPoint\",\"urlTemplate\":\"https:\/\/asteralabs.org\/sv\/?s={search_term_string}\"},\"query-input\":\"required name=search_term_string\"}],\"inLanguage\":\"sv-SE\"},{\"@type\":\"Organization\",\"@id\":\"https:\/\/asteralabs.org\/sv\/#organization\",\"name\":\"Astera Labs\",\"url\":\"https:\/\/asteralabs.org\/sv\/\",\"logo\":{\"@type\":\"ImageObject\",\"inLanguage\":\"sv-SE\",\"@id\":\"https:\/\/asteralabs.org\/sv\/#\/schema\/logo\/image\/\",\"url\":\"https:\/\/asteralabs.org\/wp-content\/uploads\/2022\/12\/astera-2.png\",\"contentUrl\":\"https:\/\/asteralabs.org\/wp-content\/uploads\/2022\/12\/astera-2.png\",\"width\":437,\"height\":111,\"caption\":\"Astera Labs\"},\"image\":{\"@id\":\"https:\/\/asteralabs.org\/sv\/#\/schema\/logo\/image\/\"}}]}<\/script>\n<!-- \/ Yoast SEO plugin. -->","yoast_head_json":{"title":"Liothyronin natrium (T3) - Astera Labs","robots":{"index":"index","follow":"follow","max-snippet":"max-snippet:-1","max-image-preview":"max-image-preview:large","max-video-preview":"max-video-preview:-1"},"canonical":"https:\/\/asteralabs.org\/sv\/product\/liothyronin-natrium-t3\/","og_locale":"sv_SE","og_type":"article","og_title":"Liothyronin natrium (T3) - Astera Labs","og_description":"DOSERING: Liothyronine Sodium (T3) 25mcg\/tab F\u00f6rpackningsinneh\u00e5ll: 1 dosett, 50 tabletter, 25mcg per tablett VAD \u00c4R DET: Triiodothyronine, \u00e4ven k\u00e4nt som T3, \u00e4r ett sk\u00f6ldk\u00f6rtelhormon. Det p\u00e5verkar n\u00e4stan alla fysiologiska processer i kroppen, inklusive tillv\u00e4xt och utveckling, \u00e4mnesoms\u00e4ttning, kroppstemperatur och hj\u00e4rtfrekvens. Det anv\u00e4nds f\u00f6r att \u00f6ka den basala \u00e4mnesoms\u00e4ttningen, vilket fr\u00e4mjar vikt- och fettf\u00f6rlust. HUR MAN&hellip;","og_url":"https:\/\/asteralabs.org\/sv\/product\/liothyronin-natrium-t3\/","og_site_name":"Astera Labs","article_modified_time":"2026-01-16T09:25:07+00:00","og_image":[{"width":2000,"height":2000,"url":"https:\/\/asteralabs.org\/wp-content\/uploads\/2023\/01\/T3-mockup-nbg.png","type":"image\/png"}],"twitter_card":"summary_large_image","schema":{"@context":"https:\/\/schema.org","@graph":[{"@type":"WebPage","@id":"https:\/\/asteralabs.org\/sv\/product\/liothyronin-natrium-t3\/","url":"https:\/\/asteralabs.org\/sv\/product\/liothyronin-natrium-t3\/","name":"Liothyronin natrium (T3) - Astera Labs","isPartOf":{"@id":"https:\/\/asteralabs.org\/sv\/#website"},"primaryImageOfPage":{"@id":"https:\/\/asteralabs.org\/sv\/product\/liothyronin-natrium-t3\/#primaryimage"},"image":{"@id":"https:\/\/asteralabs.org\/sv\/product\/liothyronin-natrium-t3\/#primaryimage"},"thumbnailUrl":"https:\/\/asteralabs.org\/wp-content\/uploads\/2023\/01\/T3-mockup-nbg.png","datePublished":"2023-01-10T22:53:33+00:00","dateModified":"2026-01-16T09:25:07+00:00","breadcrumb":{"@id":"https:\/\/asteralabs.org\/sv\/product\/liothyronin-natrium-t3\/#breadcrumb"},"inLanguage":"sv-SE","potentialAction":[{"@type":"ReadAction","target":["https:\/\/asteralabs.org\/sv\/product\/liothyronin-natrium-t3\/"]}]},{"@type":"ImageObject","inLanguage":"sv-SE","@id":"https:\/\/asteralabs.org\/sv\/product\/liothyronin-natrium-t3\/#primaryimage","url":"https:\/\/asteralabs.org\/wp-content\/uploads\/2023\/01\/T3-mockup-nbg.png","contentUrl":"https:\/\/asteralabs.org\/wp-content\/uploads\/2023\/01\/T3-mockup-nbg.png","width":2000,"height":2000},{"@type":"BreadcrumbList","@id":"https:\/\/asteralabs.org\/sv\/product\/liothyronin-natrium-t3\/#breadcrumb","itemListElement":[{"@type":"ListItem","position":1,"name":"Home","item":"https:\/\/asteralabs.org\/sv\/"},{"@type":"ListItem","position":2,"name":"Butik","item":"https:\/\/asteralabs.org\/butik\/"},{"@type":"ListItem","position":3,"name":"Liothyronin natrium (T3)"}]},{"@type":"WebSite","@id":"https:\/\/asteralabs.org\/sv\/#website","url":"https:\/\/asteralabs.org\/sv\/","name":"Astera Labs","description":"Improve Your Quality Of Life","publisher":{"@id":"https:\/\/asteralabs.org\/sv\/#organization"},"potentialAction":[{"@type":"SearchAction","target":{"@type":"EntryPoint","urlTemplate":"https:\/\/asteralabs.org\/sv\/?s={search_term_string}"},"query-input":"required name=search_term_string"}],"inLanguage":"sv-SE"},{"@type":"Organization","@id":"https:\/\/asteralabs.org\/sv\/#organization","name":"Astera Labs","url":"https:\/\/asteralabs.org\/sv\/","logo":{"@type":"ImageObject","inLanguage":"sv-SE","@id":"https:\/\/asteralabs.org\/sv\/#\/schema\/logo\/image\/","url":"https:\/\/asteralabs.org\/wp-content\/uploads\/2022\/12\/astera-2.png","contentUrl":"https:\/\/asteralabs.org\/wp-content\/uploads\/2022\/12\/astera-2.png","width":437,"height":111,"caption":"Astera Labs"},"image":{"@id":"https:\/\/asteralabs.org\/sv\/#\/schema\/logo\/image\/"}}]}},"_links":{"self":[{"href":"https:\/\/asteralabs.org\/sv\/wp-json\/wp\/v2\/product\/78190"}],"collection":[{"href":"https:\/\/asteralabs.org\/sv\/wp-json\/wp\/v2\/product"}],"about":[{"href":"https:\/\/asteralabs.org\/sv\/wp-json\/wp\/v2\/types\/product"}],"replies":[{"embeddable":true,"href":"https:\/\/asteralabs.org\/sv\/wp-json\/wp\/v2\/comments?post=78190"}],"version-history":[{"count":0,"href":"https:\/\/asteralabs.org\/sv\/wp-json\/wp\/v2\/product\/78190\/revisions"}],"wp:featuredmedia":[{"embeddable":true,"href":"https:\/\/asteralabs.org\/sv\/wp-json\/wp\/v2\/media\/76078"}],"wp:attachment":[{"href":"https:\/\/asteralabs.org\/sv\/wp-json\/wp\/v2\/media?parent=78190"}],"wp:term":[{"taxonomy":"product_cat","embeddable":true,"href":"https:\/\/asteralabs.org\/sv\/wp-json\/wp\/v2\/product_cat?post=78190"},{"taxonomy":"product_tag","embeddable":true,"href":"https:\/\/asteralabs.org\/sv\/wp-json\/wp\/v2\/product_tag?post=78190"}],"curies":[{"name":"wp","href":"https:\/\/api.w.org\/{rel}","templated":true}]}}