{"id":78201,"date":"2023-01-10T22:52:10","date_gmt":"2023-01-10T22:52:10","guid":{"rendered":"https:\/\/asteralabs.org\/product\/tamoxifen-citrate\/"},"modified":"2026-01-15T13:12:28","modified_gmt":"2026-01-15T13:12:28","slug":"tamoxifen-citrate","status":"publish","type":"product","link":"https:\/\/asteralabs.org\/sv\/product\/tamoxifen-citrate\/","title":{"rendered":"Tamoxifen Citrate"},"content":{"rendered":"<p><strong>DOSERING: <\/strong><br \/>\nTamoxifencitrat 20 mg\/tablett <strong>F\u00d6RPACKNINGSINNEH\u00c5LL <\/strong>:<br \/>\n1 <strong>dosett <\/strong>, 50 tabletter, 20 mg per tablett <strong>VAD \u00c4R DET: <\/strong><br \/>\nTamoxifencitrat \u00e4r en selektiv \u00f6strogenreceptormodulator. Selektiva \u00f6strogenreceptormodulatorer kan fungera som \u00f6strogenreceptoragonister eller -antagonister. Denna aktivitet hos tamoxifencitrat \u00e4r v\u00e4vnadsselektiv och p\u00e5verkar de \u00f6strogenreceptorer som finns i lever, br\u00f6st och ben.<br \/>\nN\u00e4r tamoxifenmolekylen binder till denna receptor blockeras \u00f6strogenet och kan inte ha n\u00e5gon effekt. F\u00f6r kroppsbyggare Tamoxifen citrat kan hj\u00e4lpa till p\u00e5 tv\u00e5 s\u00e4tt.<br \/>\nF\u00f6r det f\u00f6rsta p\u00e5 grund av bindningsaffiniteten hos f\u00f6reningen kan det hj\u00e4lpa till att f\u00f6rebygga gynekomasti. Tamoxifen kommer att konkurrera med \u00f6strogen f\u00f6r \u00f6strogenreceptorerna i vissa v\u00e4vnader, inklusive br\u00f6stet, och om det kan binda till receptorn \u00f6strogen kommer inte att ha en m\u00f6jlighet att interagera med receptorn och d\u00e4rf\u00f6r gynokomasti b\u00f6r inte kunna utvecklas. Den andra, och m\u00f6jligen mer f\u00f6rdelaktigt, aspekt av tamoxifencitrat f\u00f6r steroid anv\u00e4ndare \u00e4r dess f\u00f6rm\u00e5ga att \u00f6ka produktionen av luteiniserande hormon och follikelstimulerande hormon, och d\u00e4rmed \u00f6ka testosteron. Denna f\u00f6rm\u00e5ga \u00e4r varf\u00f6r det \u00e4r<br \/>\nofta anv\u00e4nds av steroidanv\u00e4ndare under deras post-cykel terapi. <strong>HUR MAN ANV\u00c4NDER: <\/strong><br \/>\nDosen f\u00f6r att behandla b\u00e5de gynekomasti och att anv\u00e4ndas i PCT varierar mellan 20-40 mg per dag, dosen m\u00e5ste justeras tills \u00f6nskad effekt uppn\u00e5s.<\/p>\n<p><strong>BATCH INFORMATION:<br \/>\n<\/strong>Batch nr: <span data-sheets-root=\"1\" data-sheets-value=\"{\" data-sheets-userformat=\"{\">ZF85240<\/span><br \/>\nTillverkningsdatum: <span data-sheets-root=\"1\" data-sheets-value=\"{\" data-sheets-userformat=\"{\">10.2025.<\/span><br \/>\nUtg\u00e5ngsdatum: <span data-sheets-root=\"1\" data-sheets-value=\"{\" data-sheets-userformat=\"{\">10.2028.<\/span><\/p>\n","protected":false},"excerpt":{"rendered":"<p>DOSERING: Tamoxifencitrat 20 mg\/tablett F\u00d6RPACKNINGSINNEH\u00c5LL : 1 dosett , 50 tabletter, 20 mg per tablett VAD \u00c4R DET: Tamoxifencitrat \u00e4r en selektiv \u00f6strogenreceptormodulator. Selektiva \u00f6strogenreceptormodulatorer kan fungera som \u00f6strogenreceptoragonister eller -antagonister. Denna aktivitet hos tamoxifencitrat \u00e4r v\u00e4vnadsselektiv och p\u00e5verkar de \u00f6strogenreceptorer som finns i lever, br\u00f6st och ben. N\u00e4r tamoxifenmolekylen binder till denna receptor blockeras&hellip;<\/p>\n","protected":false},"featured_media":76358,"comment_status":"open","ping_status":"closed","template":"","meta":[],"product_cat":[171,179],"product_tag":[],"yoast_head":"<!-- This site is optimized with the Yoast SEO plugin v23.0 - https:\/\/yoast.com\/wordpress\/plugins\/seo\/ -->\n<title>Tamoxifen Citrate - Astera Labs<\/title>\n<meta name=\"robots\" content=\"index, follow, max-snippet:-1, max-image-preview:large, max-video-preview:-1\" \/>\n<link rel=\"canonical\" href=\"https:\/\/asteralabs.org\/sv\/product\/tamoxifen-citrate\/\" \/>\n<meta property=\"og:locale\" content=\"sv_SE\" \/>\n<meta property=\"og:type\" content=\"article\" \/>\n<meta property=\"og:title\" content=\"Tamoxifen Citrate - Astera Labs\" \/>\n<meta property=\"og:description\" content=\"DOSERING: Tamoxifencitrat 20 mg\/tablett F\u00d6RPACKNINGSINNEH\u00c5LL : 1 dosett , 50 tabletter, 20 mg per tablett VAD \u00c4R DET: Tamoxifencitrat \u00e4r en selektiv \u00f6strogenreceptormodulator. Selektiva \u00f6strogenreceptormodulatorer kan fungera som \u00f6strogenreceptoragonister eller -antagonister. Denna aktivitet hos tamoxifencitrat \u00e4r v\u00e4vnadsselektiv och p\u00e5verkar de \u00f6strogenreceptorer som finns i lever, br\u00f6st och ben. N\u00e4r tamoxifenmolekylen binder till denna receptor blockeras&hellip;\" \/>\n<meta property=\"og:url\" content=\"https:\/\/asteralabs.org\/sv\/product\/tamoxifen-citrate\/\" \/>\n<meta property=\"og:site_name\" content=\"Astera Labs\" \/>\n<meta property=\"article:modified_time\" content=\"2026-01-15T13:12:28+00:00\" \/>\n<meta property=\"og:image\" content=\"https:\/\/asteralabs.org\/wp-content\/uploads\/2023\/01\/Tamoxifen-citrate-mockup-nbg.png\" \/>\n\t<meta property=\"og:image:width\" content=\"2000\" \/>\n\t<meta property=\"og:image:height\" content=\"2000\" \/>\n\t<meta property=\"og:image:type\" content=\"image\/png\" \/>\n<meta name=\"twitter:card\" content=\"summary_large_image\" \/>\n<script type=\"application\/ld+json\" class=\"yoast-schema-graph\">{\"@context\":\"https:\/\/schema.org\",\"@graph\":[{\"@type\":\"WebPage\",\"@id\":\"https:\/\/asteralabs.org\/sv\/product\/tamoxifen-citrate\/\",\"url\":\"https:\/\/asteralabs.org\/sv\/product\/tamoxifen-citrate\/\",\"name\":\"Tamoxifen Citrate - Astera Labs\",\"isPartOf\":{\"@id\":\"https:\/\/asteralabs.org\/sv\/#website\"},\"primaryImageOfPage\":{\"@id\":\"https:\/\/asteralabs.org\/sv\/product\/tamoxifen-citrate\/#primaryimage\"},\"image\":{\"@id\":\"https:\/\/asteralabs.org\/sv\/product\/tamoxifen-citrate\/#primaryimage\"},\"thumbnailUrl\":\"https:\/\/asteralabs.org\/wp-content\/uploads\/2023\/01\/Tamoxifen-citrate-mockup-nbg.png\",\"datePublished\":\"2023-01-10T22:52:10+00:00\",\"dateModified\":\"2026-01-15T13:12:28+00:00\",\"breadcrumb\":{\"@id\":\"https:\/\/asteralabs.org\/sv\/product\/tamoxifen-citrate\/#breadcrumb\"},\"inLanguage\":\"sv-SE\",\"potentialAction\":[{\"@type\":\"ReadAction\",\"target\":[\"https:\/\/asteralabs.org\/sv\/product\/tamoxifen-citrate\/\"]}]},{\"@type\":\"ImageObject\",\"inLanguage\":\"sv-SE\",\"@id\":\"https:\/\/asteralabs.org\/sv\/product\/tamoxifen-citrate\/#primaryimage\",\"url\":\"https:\/\/asteralabs.org\/wp-content\/uploads\/2023\/01\/Tamoxifen-citrate-mockup-nbg.png\",\"contentUrl\":\"https:\/\/asteralabs.org\/wp-content\/uploads\/2023\/01\/Tamoxifen-citrate-mockup-nbg.png\",\"width\":2000,\"height\":2000},{\"@type\":\"BreadcrumbList\",\"@id\":\"https:\/\/asteralabs.org\/sv\/product\/tamoxifen-citrate\/#breadcrumb\",\"itemListElement\":[{\"@type\":\"ListItem\",\"position\":1,\"name\":\"Home\",\"item\":\"https:\/\/asteralabs.org\/sv\/\"},{\"@type\":\"ListItem\",\"position\":2,\"name\":\"Butik\",\"item\":\"https:\/\/asteralabs.org\/butik\/\"},{\"@type\":\"ListItem\",\"position\":3,\"name\":\"Tamoxifen Citrate\"}]},{\"@type\":\"WebSite\",\"@id\":\"https:\/\/asteralabs.org\/sv\/#website\",\"url\":\"https:\/\/asteralabs.org\/sv\/\",\"name\":\"Astera Labs\",\"description\":\"Improve Your Quality Of Life\",\"publisher\":{\"@id\":\"https:\/\/asteralabs.org\/sv\/#organization\"},\"potentialAction\":[{\"@type\":\"SearchAction\",\"target\":{\"@type\":\"EntryPoint\",\"urlTemplate\":\"https:\/\/asteralabs.org\/sv\/?s={search_term_string}\"},\"query-input\":\"required name=search_term_string\"}],\"inLanguage\":\"sv-SE\"},{\"@type\":\"Organization\",\"@id\":\"https:\/\/asteralabs.org\/sv\/#organization\",\"name\":\"Astera Labs\",\"url\":\"https:\/\/asteralabs.org\/sv\/\",\"logo\":{\"@type\":\"ImageObject\",\"inLanguage\":\"sv-SE\",\"@id\":\"https:\/\/asteralabs.org\/sv\/#\/schema\/logo\/image\/\",\"url\":\"https:\/\/asteralabs.org\/wp-content\/uploads\/2022\/12\/astera-2.png\",\"contentUrl\":\"https:\/\/asteralabs.org\/wp-content\/uploads\/2022\/12\/astera-2.png\",\"width\":437,\"height\":111,\"caption\":\"Astera Labs\"},\"image\":{\"@id\":\"https:\/\/asteralabs.org\/sv\/#\/schema\/logo\/image\/\"}}]}<\/script>\n<!-- \/ Yoast SEO plugin. -->","yoast_head_json":{"title":"Tamoxifen Citrate - Astera Labs","robots":{"index":"index","follow":"follow","max-snippet":"max-snippet:-1","max-image-preview":"max-image-preview:large","max-video-preview":"max-video-preview:-1"},"canonical":"https:\/\/asteralabs.org\/sv\/product\/tamoxifen-citrate\/","og_locale":"sv_SE","og_type":"article","og_title":"Tamoxifen Citrate - Astera Labs","og_description":"DOSERING: Tamoxifencitrat 20 mg\/tablett F\u00d6RPACKNINGSINNEH\u00c5LL : 1 dosett , 50 tabletter, 20 mg per tablett VAD \u00c4R DET: Tamoxifencitrat \u00e4r en selektiv \u00f6strogenreceptormodulator. Selektiva \u00f6strogenreceptormodulatorer kan fungera som \u00f6strogenreceptoragonister eller -antagonister. Denna aktivitet hos tamoxifencitrat \u00e4r v\u00e4vnadsselektiv och p\u00e5verkar de \u00f6strogenreceptorer som finns i lever, br\u00f6st och ben. N\u00e4r tamoxifenmolekylen binder till denna receptor blockeras&hellip;","og_url":"https:\/\/asteralabs.org\/sv\/product\/tamoxifen-citrate\/","og_site_name":"Astera Labs","article_modified_time":"2026-01-15T13:12:28+00:00","og_image":[{"width":2000,"height":2000,"url":"https:\/\/asteralabs.org\/wp-content\/uploads\/2023\/01\/Tamoxifen-citrate-mockup-nbg.png","type":"image\/png"}],"twitter_card":"summary_large_image","schema":{"@context":"https:\/\/schema.org","@graph":[{"@type":"WebPage","@id":"https:\/\/asteralabs.org\/sv\/product\/tamoxifen-citrate\/","url":"https:\/\/asteralabs.org\/sv\/product\/tamoxifen-citrate\/","name":"Tamoxifen Citrate - Astera Labs","isPartOf":{"@id":"https:\/\/asteralabs.org\/sv\/#website"},"primaryImageOfPage":{"@id":"https:\/\/asteralabs.org\/sv\/product\/tamoxifen-citrate\/#primaryimage"},"image":{"@id":"https:\/\/asteralabs.org\/sv\/product\/tamoxifen-citrate\/#primaryimage"},"thumbnailUrl":"https:\/\/asteralabs.org\/wp-content\/uploads\/2023\/01\/Tamoxifen-citrate-mockup-nbg.png","datePublished":"2023-01-10T22:52:10+00:00","dateModified":"2026-01-15T13:12:28+00:00","breadcrumb":{"@id":"https:\/\/asteralabs.org\/sv\/product\/tamoxifen-citrate\/#breadcrumb"},"inLanguage":"sv-SE","potentialAction":[{"@type":"ReadAction","target":["https:\/\/asteralabs.org\/sv\/product\/tamoxifen-citrate\/"]}]},{"@type":"ImageObject","inLanguage":"sv-SE","@id":"https:\/\/asteralabs.org\/sv\/product\/tamoxifen-citrate\/#primaryimage","url":"https:\/\/asteralabs.org\/wp-content\/uploads\/2023\/01\/Tamoxifen-citrate-mockup-nbg.png","contentUrl":"https:\/\/asteralabs.org\/wp-content\/uploads\/2023\/01\/Tamoxifen-citrate-mockup-nbg.png","width":2000,"height":2000},{"@type":"BreadcrumbList","@id":"https:\/\/asteralabs.org\/sv\/product\/tamoxifen-citrate\/#breadcrumb","itemListElement":[{"@type":"ListItem","position":1,"name":"Home","item":"https:\/\/asteralabs.org\/sv\/"},{"@type":"ListItem","position":2,"name":"Butik","item":"https:\/\/asteralabs.org\/butik\/"},{"@type":"ListItem","position":3,"name":"Tamoxifen Citrate"}]},{"@type":"WebSite","@id":"https:\/\/asteralabs.org\/sv\/#website","url":"https:\/\/asteralabs.org\/sv\/","name":"Astera Labs","description":"Improve Your Quality Of Life","publisher":{"@id":"https:\/\/asteralabs.org\/sv\/#organization"},"potentialAction":[{"@type":"SearchAction","target":{"@type":"EntryPoint","urlTemplate":"https:\/\/asteralabs.org\/sv\/?s={search_term_string}"},"query-input":"required name=search_term_string"}],"inLanguage":"sv-SE"},{"@type":"Organization","@id":"https:\/\/asteralabs.org\/sv\/#organization","name":"Astera Labs","url":"https:\/\/asteralabs.org\/sv\/","logo":{"@type":"ImageObject","inLanguage":"sv-SE","@id":"https:\/\/asteralabs.org\/sv\/#\/schema\/logo\/image\/","url":"https:\/\/asteralabs.org\/wp-content\/uploads\/2022\/12\/astera-2.png","contentUrl":"https:\/\/asteralabs.org\/wp-content\/uploads\/2022\/12\/astera-2.png","width":437,"height":111,"caption":"Astera Labs"},"image":{"@id":"https:\/\/asteralabs.org\/sv\/#\/schema\/logo\/image\/"}}]}},"_links":{"self":[{"href":"https:\/\/asteralabs.org\/sv\/wp-json\/wp\/v2\/product\/78201"}],"collection":[{"href":"https:\/\/asteralabs.org\/sv\/wp-json\/wp\/v2\/product"}],"about":[{"href":"https:\/\/asteralabs.org\/sv\/wp-json\/wp\/v2\/types\/product"}],"replies":[{"embeddable":true,"href":"https:\/\/asteralabs.org\/sv\/wp-json\/wp\/v2\/comments?post=78201"}],"version-history":[{"count":2,"href":"https:\/\/asteralabs.org\/sv\/wp-json\/wp\/v2\/product\/78201\/revisions"}],"predecessor-version":[{"id":79861,"href":"https:\/\/asteralabs.org\/sv\/wp-json\/wp\/v2\/product\/78201\/revisions\/79861"}],"wp:featuredmedia":[{"embeddable":true,"href":"https:\/\/asteralabs.org\/sv\/wp-json\/wp\/v2\/media\/76358"}],"wp:attachment":[{"href":"https:\/\/asteralabs.org\/sv\/wp-json\/wp\/v2\/media?parent=78201"}],"wp:term":[{"taxonomy":"product_cat","embeddable":true,"href":"https:\/\/asteralabs.org\/sv\/wp-json\/wp\/v2\/product_cat?post=78201"},{"taxonomy":"product_tag","embeddable":true,"href":"https:\/\/asteralabs.org\/sv\/wp-json\/wp\/v2\/product_tag?post=78201"}],"curies":[{"name":"wp","href":"https:\/\/api.w.org\/{rel}","templated":true}]}}