{"id":78214,"date":"2023-01-10T22:49:48","date_gmt":"2023-01-10T22:49:48","guid":{"rendered":"https:\/\/asteralabs.org\/product\/anastrozol\/"},"modified":"2026-01-16T08:09:52","modified_gmt":"2026-01-16T08:09:52","slug":"anastrozol","status":"publish","type":"product","link":"https:\/\/asteralabs.org\/sv\/product\/anastrozol\/","title":{"rendered":"Anastrozol"},"content":{"rendered":"<p><strong>DOSERING: <\/strong><br \/>\nAnastrozol 1 mg\/tablett <strong>F\u00d6RPACKNINGENS IN <\/strong>NEH\u00c5LL:<br \/>\n1 dosett, 50 tabletter, 1 mg per tablett <strong>VAD \u00c4R DET: <\/strong><br \/>\nAnastrozol \u00e4r en aromatash\u00e4mmare. Aromatash\u00e4mmare f\u00f6rhindrar omvandlingen av androgener till \u00f6strogen i fett, muskler, br\u00f6st och hj\u00e4rna. Den medicinska anv\u00e4ndningen av Anastrozole \u00e4r fr\u00e4mst att h\u00e4mma utvecklingen och tillv\u00e4xten av br\u00f6stcancer hos kvinnor genom att blockera aromatasenzymet. Det har ocks\u00e5 anv\u00e4nts av vissa l\u00e4kare f\u00f6r att f\u00f6rs\u00f6ka behandla l\u00e5g testosteronproduktion hos m\u00e4n, s\u00e5v\u00e4l som att anv\u00e4ndas i samband med testosteroners\u00e4ttningsterapi.<br \/>\nF\u00f6r kroppsbyggare och styrka idrottare, \u00e4r Anastrozol anv\u00e4nds f\u00f6r att minimera aromatisering av anabola steroider, och i mindre utstr\u00e4ckning f\u00f6r dess f\u00f6rm\u00e5ga att h\u00f6ja testosteronniv\u00e5erna i anv\u00e4ndarna.<br \/>\nGenom att minska m\u00e4ngden \u00f6strogen i en steroid anv\u00e4ndarens kropp kommer han att kunna undvika \u00f6strogenrelaterade biverkningar s\u00e5som v\u00e4tskeretention, gynokomasti, etc. <strong>HUR MAN ANV\u00c4NDER: <\/strong><br \/>\nDoseringen varierar kraftigt beroende p\u00e5 anv\u00e4ndaren och de aromatiserande f\u00f6reningar som anv\u00e4nds, vissa anv\u00e4ndare kommer att finna att 0,5mgs anv\u00e4nds E3.5D \u00e4r tillr\u00e4ckligt f\u00f6r att inte ha n\u00e5gra \u00f6strogena biverkningar.<\/p>\n<p><strong>BATCH INFORMATION:<br \/>\n<\/strong>Batch nr: <span data-sheets-root=\"1\" data-sheets-value=\"{\" data-sheets-userformat=\"{\">DM55007<\/span><br \/>\nTillverkningsdatum: <span data-sheets-root=\"1\" data-sheets-value=\"{\" data-sheets-userformat=\"{\">10.2025.<\/span><br \/>\nUtg\u00e5ngsdatum: <span data-sheets-root=\"1\" data-sheets-value=\"{\" data-sheets-userformat=\"{\">10.2028.<\/span><\/p>\n","protected":false},"excerpt":{"rendered":"<p>DOSERING: Anastrozol 1 mg\/tablett F\u00d6RPACKNINGENS IN NEH\u00c5LL: 1 dosett, 50 tabletter, 1 mg per tablett VAD \u00c4R DET: Anastrozol \u00e4r en aromatash\u00e4mmare. Aromatash\u00e4mmare f\u00f6rhindrar omvandlingen av androgener till \u00f6strogen i fett, muskler, br\u00f6st och hj\u00e4rna. Den medicinska anv\u00e4ndningen av Anastrozole \u00e4r fr\u00e4mst att h\u00e4mma utvecklingen och tillv\u00e4xten av br\u00f6stcancer hos kvinnor genom att blockera aromatasenzymet.&hellip;<\/p>\n","protected":false},"featured_media":76214,"comment_status":"open","ping_status":"closed","template":"","meta":[],"product_cat":[171,179],"product_tag":[],"yoast_head":"<!-- This site is optimized with the Yoast SEO plugin v23.0 - https:\/\/yoast.com\/wordpress\/plugins\/seo\/ -->\n<title>Anastrozol - Astera Labs<\/title>\n<meta name=\"robots\" content=\"index, follow, max-snippet:-1, max-image-preview:large, max-video-preview:-1\" \/>\n<link rel=\"canonical\" href=\"https:\/\/asteralabs.org\/sv\/product\/anastrozol\/\" \/>\n<meta property=\"og:locale\" content=\"sv_SE\" \/>\n<meta property=\"og:type\" content=\"article\" \/>\n<meta property=\"og:title\" content=\"Anastrozol - Astera Labs\" \/>\n<meta property=\"og:description\" content=\"DOSERING: Anastrozol 1 mg\/tablett F\u00d6RPACKNINGENS IN NEH\u00c5LL: 1 dosett, 50 tabletter, 1 mg per tablett VAD \u00c4R DET: Anastrozol \u00e4r en aromatash\u00e4mmare. Aromatash\u00e4mmare f\u00f6rhindrar omvandlingen av androgener till \u00f6strogen i fett, muskler, br\u00f6st och hj\u00e4rna. Den medicinska anv\u00e4ndningen av Anastrozole \u00e4r fr\u00e4mst att h\u00e4mma utvecklingen och tillv\u00e4xten av br\u00f6stcancer hos kvinnor genom att blockera aromatasenzymet.&hellip;\" \/>\n<meta property=\"og:url\" content=\"https:\/\/asteralabs.org\/sv\/product\/anastrozol\/\" \/>\n<meta property=\"og:site_name\" content=\"Astera Labs\" \/>\n<meta property=\"article:modified_time\" content=\"2026-01-16T08:09:52+00:00\" \/>\n<meta property=\"og:image\" content=\"https:\/\/asteralabs.org\/wp-content\/uploads\/2023\/01\/Anastrozole-mockup-nbg.png\" \/>\n\t<meta property=\"og:image:width\" content=\"2000\" \/>\n\t<meta property=\"og:image:height\" content=\"2000\" \/>\n\t<meta property=\"og:image:type\" content=\"image\/png\" \/>\n<meta name=\"twitter:card\" content=\"summary_large_image\" \/>\n<script type=\"application\/ld+json\" class=\"yoast-schema-graph\">{\"@context\":\"https:\/\/schema.org\",\"@graph\":[{\"@type\":\"WebPage\",\"@id\":\"https:\/\/asteralabs.org\/sv\/product\/anastrozol\/\",\"url\":\"https:\/\/asteralabs.org\/sv\/product\/anastrozol\/\",\"name\":\"Anastrozol - Astera Labs\",\"isPartOf\":{\"@id\":\"https:\/\/asteralabs.org\/sv\/#website\"},\"primaryImageOfPage\":{\"@id\":\"https:\/\/asteralabs.org\/sv\/product\/anastrozol\/#primaryimage\"},\"image\":{\"@id\":\"https:\/\/asteralabs.org\/sv\/product\/anastrozol\/#primaryimage\"},\"thumbnailUrl\":\"https:\/\/asteralabs.org\/wp-content\/uploads\/2023\/01\/Anastrozole-mockup-nbg.png\",\"datePublished\":\"2023-01-10T22:49:48+00:00\",\"dateModified\":\"2026-01-16T08:09:52+00:00\",\"breadcrumb\":{\"@id\":\"https:\/\/asteralabs.org\/sv\/product\/anastrozol\/#breadcrumb\"},\"inLanguage\":\"sv-SE\",\"potentialAction\":[{\"@type\":\"ReadAction\",\"target\":[\"https:\/\/asteralabs.org\/sv\/product\/anastrozol\/\"]}]},{\"@type\":\"ImageObject\",\"inLanguage\":\"sv-SE\",\"@id\":\"https:\/\/asteralabs.org\/sv\/product\/anastrozol\/#primaryimage\",\"url\":\"https:\/\/asteralabs.org\/wp-content\/uploads\/2023\/01\/Anastrozole-mockup-nbg.png\",\"contentUrl\":\"https:\/\/asteralabs.org\/wp-content\/uploads\/2023\/01\/Anastrozole-mockup-nbg.png\",\"width\":2000,\"height\":2000},{\"@type\":\"BreadcrumbList\",\"@id\":\"https:\/\/asteralabs.org\/sv\/product\/anastrozol\/#breadcrumb\",\"itemListElement\":[{\"@type\":\"ListItem\",\"position\":1,\"name\":\"Home\",\"item\":\"https:\/\/asteralabs.org\/sv\/\"},{\"@type\":\"ListItem\",\"position\":2,\"name\":\"Butik\",\"item\":\"https:\/\/asteralabs.org\/butik\/\"},{\"@type\":\"ListItem\",\"position\":3,\"name\":\"Anastrozol\"}]},{\"@type\":\"WebSite\",\"@id\":\"https:\/\/asteralabs.org\/sv\/#website\",\"url\":\"https:\/\/asteralabs.org\/sv\/\",\"name\":\"Astera Labs\",\"description\":\"Improve Your Quality Of Life\",\"publisher\":{\"@id\":\"https:\/\/asteralabs.org\/sv\/#organization\"},\"potentialAction\":[{\"@type\":\"SearchAction\",\"target\":{\"@type\":\"EntryPoint\",\"urlTemplate\":\"https:\/\/asteralabs.org\/sv\/?s={search_term_string}\"},\"query-input\":\"required name=search_term_string\"}],\"inLanguage\":\"sv-SE\"},{\"@type\":\"Organization\",\"@id\":\"https:\/\/asteralabs.org\/sv\/#organization\",\"name\":\"Astera Labs\",\"url\":\"https:\/\/asteralabs.org\/sv\/\",\"logo\":{\"@type\":\"ImageObject\",\"inLanguage\":\"sv-SE\",\"@id\":\"https:\/\/asteralabs.org\/sv\/#\/schema\/logo\/image\/\",\"url\":\"https:\/\/asteralabs.org\/wp-content\/uploads\/2022\/12\/astera-2.png\",\"contentUrl\":\"https:\/\/asteralabs.org\/wp-content\/uploads\/2022\/12\/astera-2.png\",\"width\":437,\"height\":111,\"caption\":\"Astera Labs\"},\"image\":{\"@id\":\"https:\/\/asteralabs.org\/sv\/#\/schema\/logo\/image\/\"}}]}<\/script>\n<!-- \/ Yoast SEO plugin. -->","yoast_head_json":{"title":"Anastrozol - Astera Labs","robots":{"index":"index","follow":"follow","max-snippet":"max-snippet:-1","max-image-preview":"max-image-preview:large","max-video-preview":"max-video-preview:-1"},"canonical":"https:\/\/asteralabs.org\/sv\/product\/anastrozol\/","og_locale":"sv_SE","og_type":"article","og_title":"Anastrozol - Astera Labs","og_description":"DOSERING: Anastrozol 1 mg\/tablett F\u00d6RPACKNINGENS IN NEH\u00c5LL: 1 dosett, 50 tabletter, 1 mg per tablett VAD \u00c4R DET: Anastrozol \u00e4r en aromatash\u00e4mmare. Aromatash\u00e4mmare f\u00f6rhindrar omvandlingen av androgener till \u00f6strogen i fett, muskler, br\u00f6st och hj\u00e4rna. Den medicinska anv\u00e4ndningen av Anastrozole \u00e4r fr\u00e4mst att h\u00e4mma utvecklingen och tillv\u00e4xten av br\u00f6stcancer hos kvinnor genom att blockera aromatasenzymet.&hellip;","og_url":"https:\/\/asteralabs.org\/sv\/product\/anastrozol\/","og_site_name":"Astera Labs","article_modified_time":"2026-01-16T08:09:52+00:00","og_image":[{"width":2000,"height":2000,"url":"https:\/\/asteralabs.org\/wp-content\/uploads\/2023\/01\/Anastrozole-mockup-nbg.png","type":"image\/png"}],"twitter_card":"summary_large_image","schema":{"@context":"https:\/\/schema.org","@graph":[{"@type":"WebPage","@id":"https:\/\/asteralabs.org\/sv\/product\/anastrozol\/","url":"https:\/\/asteralabs.org\/sv\/product\/anastrozol\/","name":"Anastrozol - Astera Labs","isPartOf":{"@id":"https:\/\/asteralabs.org\/sv\/#website"},"primaryImageOfPage":{"@id":"https:\/\/asteralabs.org\/sv\/product\/anastrozol\/#primaryimage"},"image":{"@id":"https:\/\/asteralabs.org\/sv\/product\/anastrozol\/#primaryimage"},"thumbnailUrl":"https:\/\/asteralabs.org\/wp-content\/uploads\/2023\/01\/Anastrozole-mockup-nbg.png","datePublished":"2023-01-10T22:49:48+00:00","dateModified":"2026-01-16T08:09:52+00:00","breadcrumb":{"@id":"https:\/\/asteralabs.org\/sv\/product\/anastrozol\/#breadcrumb"},"inLanguage":"sv-SE","potentialAction":[{"@type":"ReadAction","target":["https:\/\/asteralabs.org\/sv\/product\/anastrozol\/"]}]},{"@type":"ImageObject","inLanguage":"sv-SE","@id":"https:\/\/asteralabs.org\/sv\/product\/anastrozol\/#primaryimage","url":"https:\/\/asteralabs.org\/wp-content\/uploads\/2023\/01\/Anastrozole-mockup-nbg.png","contentUrl":"https:\/\/asteralabs.org\/wp-content\/uploads\/2023\/01\/Anastrozole-mockup-nbg.png","width":2000,"height":2000},{"@type":"BreadcrumbList","@id":"https:\/\/asteralabs.org\/sv\/product\/anastrozol\/#breadcrumb","itemListElement":[{"@type":"ListItem","position":1,"name":"Home","item":"https:\/\/asteralabs.org\/sv\/"},{"@type":"ListItem","position":2,"name":"Butik","item":"https:\/\/asteralabs.org\/butik\/"},{"@type":"ListItem","position":3,"name":"Anastrozol"}]},{"@type":"WebSite","@id":"https:\/\/asteralabs.org\/sv\/#website","url":"https:\/\/asteralabs.org\/sv\/","name":"Astera Labs","description":"Improve Your Quality Of Life","publisher":{"@id":"https:\/\/asteralabs.org\/sv\/#organization"},"potentialAction":[{"@type":"SearchAction","target":{"@type":"EntryPoint","urlTemplate":"https:\/\/asteralabs.org\/sv\/?s={search_term_string}"},"query-input":"required name=search_term_string"}],"inLanguage":"sv-SE"},{"@type":"Organization","@id":"https:\/\/asteralabs.org\/sv\/#organization","name":"Astera Labs","url":"https:\/\/asteralabs.org\/sv\/","logo":{"@type":"ImageObject","inLanguage":"sv-SE","@id":"https:\/\/asteralabs.org\/sv\/#\/schema\/logo\/image\/","url":"https:\/\/asteralabs.org\/wp-content\/uploads\/2022\/12\/astera-2.png","contentUrl":"https:\/\/asteralabs.org\/wp-content\/uploads\/2022\/12\/astera-2.png","width":437,"height":111,"caption":"Astera Labs"},"image":{"@id":"https:\/\/asteralabs.org\/sv\/#\/schema\/logo\/image\/"}}]}},"_links":{"self":[{"href":"https:\/\/asteralabs.org\/sv\/wp-json\/wp\/v2\/product\/78214"}],"collection":[{"href":"https:\/\/asteralabs.org\/sv\/wp-json\/wp\/v2\/product"}],"about":[{"href":"https:\/\/asteralabs.org\/sv\/wp-json\/wp\/v2\/types\/product"}],"replies":[{"embeddable":true,"href":"https:\/\/asteralabs.org\/sv\/wp-json\/wp\/v2\/comments?post=78214"}],"version-history":[{"count":0,"href":"https:\/\/asteralabs.org\/sv\/wp-json\/wp\/v2\/product\/78214\/revisions"}],"wp:featuredmedia":[{"embeddable":true,"href":"https:\/\/asteralabs.org\/sv\/wp-json\/wp\/v2\/media\/76214"}],"wp:attachment":[{"href":"https:\/\/asteralabs.org\/sv\/wp-json\/wp\/v2\/media?parent=78214"}],"wp:term":[{"taxonomy":"product_cat","embeddable":true,"href":"https:\/\/asteralabs.org\/sv\/wp-json\/wp\/v2\/product_cat?post=78214"},{"taxonomy":"product_tag","embeddable":true,"href":"https:\/\/asteralabs.org\/sv\/wp-json\/wp\/v2\/product_tag?post=78214"}],"curies":[{"name":"wp","href":"https:\/\/api.w.org\/{rel}","templated":true}]}}