{"id":78239,"date":"2023-01-10T22:47:13","date_gmt":"2023-01-10T22:47:13","guid":{"rendered":"https:\/\/asteralabs.org\/product\/letrozol\/"},"modified":"2026-01-16T09:18:41","modified_gmt":"2026-01-16T09:18:41","slug":"letrozol","status":"publish","type":"product","link":"https:\/\/asteralabs.org\/sv\/product\/letrozol\/","title":{"rendered":"Letrozol"},"content":{"rendered":"<p><strong>DOSERING: <\/strong><br \/>\nLetrozol 1mg\/tab <strong>F\u00f6rpackningsinneh\u00e5ll: <\/strong><br \/>\n1 satchet, 50 tabletter, 1mg per tablett <strong>VAD <\/strong> \u00c4R DET:<br \/>\nDet \u00e4r den mest kraftfulla av de s\u00e5 kallade &#8220;suicidala aromatash\u00e4mmarna&#8221;, det anv\u00e4nds vanligtvis f\u00f6re t\u00e4vling eller f\u00f6r att v\u00e4nda gynekomasti. <strong>HUR MAN ANV\u00c4NDER: <\/strong><br \/>\nDosen varierar mycket beroende p\u00e5 anv\u00e4ndaren och b\u00f6r endast justeras baserat p\u00e5 den personens blodarbete, det \u00e4r tillr\u00e5dligt att anv\u00e4nda 0,5 mg som den f\u00f6rsta dosen och justera den baserat p\u00e5 de erh\u00e5llna effekterna. <strong>BATCHINFORMATION:<br \/>\n<\/strong>Batch nr: <span data-sheets-root=\"1\" data-sheets-value=\"{\" data-sheets-userformat=\"{\">ZL47124<\/span><br \/>\nTillverkningsdatum: <span data-sheets-root=\"1\" data-sheets-value=\"{\" data-sheets-userformat=\"{\">10.2025.<\/span><br \/>\nUtg\u00e5ngsdatum: <span data-sheets-root=\"1\" data-sheets-value=\"{\" data-sheets-userformat=\"{\">10.2028.<\/span><\/p>\n","protected":false},"excerpt":{"rendered":"<p>DOSERING: Letrozol 1mg\/tab F\u00f6rpackningsinneh\u00e5ll: 1 satchet, 50 tabletter, 1mg per tablett VAD \u00c4R DET: Det \u00e4r den mest kraftfulla av de s\u00e5 kallade &#8220;suicidala aromatash\u00e4mmarna&#8221;, det anv\u00e4nds vanligtvis f\u00f6re t\u00e4vling eller f\u00f6r att v\u00e4nda gynekomasti. HUR MAN ANV\u00c4NDER: Dosen varierar mycket beroende p\u00e5 anv\u00e4ndaren och b\u00f6r endast justeras baserat p\u00e5 den personens blodarbete, det \u00e4r&hellip;<\/p>\n","protected":false},"featured_media":76270,"comment_status":"open","ping_status":"closed","template":"","meta":[],"product_cat":[171,179],"product_tag":[],"yoast_head":"<!-- This site is optimized with the Yoast SEO plugin v23.0 - https:\/\/yoast.com\/wordpress\/plugins\/seo\/ -->\n<title>Letrozol - Astera Labs<\/title>\n<meta name=\"robots\" content=\"index, follow, max-snippet:-1, max-image-preview:large, max-video-preview:-1\" \/>\n<link rel=\"canonical\" href=\"https:\/\/asteralabs.org\/sv\/product\/letrozol\/\" \/>\n<meta property=\"og:locale\" content=\"sv_SE\" \/>\n<meta property=\"og:type\" content=\"article\" \/>\n<meta property=\"og:title\" content=\"Letrozol - Astera Labs\" \/>\n<meta property=\"og:description\" content=\"DOSERING: Letrozol 1mg\/tab F\u00f6rpackningsinneh\u00e5ll: 1 satchet, 50 tabletter, 1mg per tablett VAD \u00c4R DET: Det \u00e4r den mest kraftfulla av de s\u00e5 kallade &#8220;suicidala aromatash\u00e4mmarna&#8221;, det anv\u00e4nds vanligtvis f\u00f6re t\u00e4vling eller f\u00f6r att v\u00e4nda gynekomasti. HUR MAN ANV\u00c4NDER: Dosen varierar mycket beroende p\u00e5 anv\u00e4ndaren och b\u00f6r endast justeras baserat p\u00e5 den personens blodarbete, det \u00e4r&hellip;\" \/>\n<meta property=\"og:url\" content=\"https:\/\/asteralabs.org\/sv\/product\/letrozol\/\" \/>\n<meta property=\"og:site_name\" content=\"Astera Labs\" \/>\n<meta property=\"article:modified_time\" content=\"2026-01-16T09:18:41+00:00\" \/>\n<meta property=\"og:image\" content=\"https:\/\/asteralabs.org\/wp-content\/uploads\/2023\/01\/Letrozole-mockup-nbg.png\" \/>\n\t<meta property=\"og:image:width\" content=\"2000\" \/>\n\t<meta property=\"og:image:height\" content=\"2000\" \/>\n\t<meta property=\"og:image:type\" content=\"image\/png\" \/>\n<meta name=\"twitter:card\" content=\"summary_large_image\" \/>\n<script type=\"application\/ld+json\" class=\"yoast-schema-graph\">{\"@context\":\"https:\/\/schema.org\",\"@graph\":[{\"@type\":\"WebPage\",\"@id\":\"https:\/\/asteralabs.org\/sv\/product\/letrozol\/\",\"url\":\"https:\/\/asteralabs.org\/sv\/product\/letrozol\/\",\"name\":\"Letrozol - Astera Labs\",\"isPartOf\":{\"@id\":\"https:\/\/asteralabs.org\/sv\/#website\"},\"primaryImageOfPage\":{\"@id\":\"https:\/\/asteralabs.org\/sv\/product\/letrozol\/#primaryimage\"},\"image\":{\"@id\":\"https:\/\/asteralabs.org\/sv\/product\/letrozol\/#primaryimage\"},\"thumbnailUrl\":\"https:\/\/asteralabs.org\/wp-content\/uploads\/2023\/01\/Letrozole-mockup-nbg.png\",\"datePublished\":\"2023-01-10T22:47:13+00:00\",\"dateModified\":\"2026-01-16T09:18:41+00:00\",\"breadcrumb\":{\"@id\":\"https:\/\/asteralabs.org\/sv\/product\/letrozol\/#breadcrumb\"},\"inLanguage\":\"sv-SE\",\"potentialAction\":[{\"@type\":\"ReadAction\",\"target\":[\"https:\/\/asteralabs.org\/sv\/product\/letrozol\/\"]}]},{\"@type\":\"ImageObject\",\"inLanguage\":\"sv-SE\",\"@id\":\"https:\/\/asteralabs.org\/sv\/product\/letrozol\/#primaryimage\",\"url\":\"https:\/\/asteralabs.org\/wp-content\/uploads\/2023\/01\/Letrozole-mockup-nbg.png\",\"contentUrl\":\"https:\/\/asteralabs.org\/wp-content\/uploads\/2023\/01\/Letrozole-mockup-nbg.png\",\"width\":2000,\"height\":2000},{\"@type\":\"BreadcrumbList\",\"@id\":\"https:\/\/asteralabs.org\/sv\/product\/letrozol\/#breadcrumb\",\"itemListElement\":[{\"@type\":\"ListItem\",\"position\":1,\"name\":\"Home\",\"item\":\"https:\/\/asteralabs.org\/sv\/\"},{\"@type\":\"ListItem\",\"position\":2,\"name\":\"Butik\",\"item\":\"https:\/\/asteralabs.org\/butik\/\"},{\"@type\":\"ListItem\",\"position\":3,\"name\":\"Letrozol\"}]},{\"@type\":\"WebSite\",\"@id\":\"https:\/\/asteralabs.org\/sv\/#website\",\"url\":\"https:\/\/asteralabs.org\/sv\/\",\"name\":\"Astera Labs\",\"description\":\"Improve Your Quality Of Life\",\"publisher\":{\"@id\":\"https:\/\/asteralabs.org\/sv\/#organization\"},\"potentialAction\":[{\"@type\":\"SearchAction\",\"target\":{\"@type\":\"EntryPoint\",\"urlTemplate\":\"https:\/\/asteralabs.org\/sv\/?s={search_term_string}\"},\"query-input\":\"required name=search_term_string\"}],\"inLanguage\":\"sv-SE\"},{\"@type\":\"Organization\",\"@id\":\"https:\/\/asteralabs.org\/sv\/#organization\",\"name\":\"Astera Labs\",\"url\":\"https:\/\/asteralabs.org\/sv\/\",\"logo\":{\"@type\":\"ImageObject\",\"inLanguage\":\"sv-SE\",\"@id\":\"https:\/\/asteralabs.org\/sv\/#\/schema\/logo\/image\/\",\"url\":\"https:\/\/asteralabs.org\/wp-content\/uploads\/2022\/12\/astera-2.png\",\"contentUrl\":\"https:\/\/asteralabs.org\/wp-content\/uploads\/2022\/12\/astera-2.png\",\"width\":437,\"height\":111,\"caption\":\"Astera Labs\"},\"image\":{\"@id\":\"https:\/\/asteralabs.org\/sv\/#\/schema\/logo\/image\/\"}}]}<\/script>\n<!-- \/ Yoast SEO plugin. -->","yoast_head_json":{"title":"Letrozol - Astera Labs","robots":{"index":"index","follow":"follow","max-snippet":"max-snippet:-1","max-image-preview":"max-image-preview:large","max-video-preview":"max-video-preview:-1"},"canonical":"https:\/\/asteralabs.org\/sv\/product\/letrozol\/","og_locale":"sv_SE","og_type":"article","og_title":"Letrozol - Astera Labs","og_description":"DOSERING: Letrozol 1mg\/tab F\u00f6rpackningsinneh\u00e5ll: 1 satchet, 50 tabletter, 1mg per tablett VAD \u00c4R DET: Det \u00e4r den mest kraftfulla av de s\u00e5 kallade &#8220;suicidala aromatash\u00e4mmarna&#8221;, det anv\u00e4nds vanligtvis f\u00f6re t\u00e4vling eller f\u00f6r att v\u00e4nda gynekomasti. HUR MAN ANV\u00c4NDER: Dosen varierar mycket beroende p\u00e5 anv\u00e4ndaren och b\u00f6r endast justeras baserat p\u00e5 den personens blodarbete, det \u00e4r&hellip;","og_url":"https:\/\/asteralabs.org\/sv\/product\/letrozol\/","og_site_name":"Astera Labs","article_modified_time":"2026-01-16T09:18:41+00:00","og_image":[{"width":2000,"height":2000,"url":"https:\/\/asteralabs.org\/wp-content\/uploads\/2023\/01\/Letrozole-mockup-nbg.png","type":"image\/png"}],"twitter_card":"summary_large_image","schema":{"@context":"https:\/\/schema.org","@graph":[{"@type":"WebPage","@id":"https:\/\/asteralabs.org\/sv\/product\/letrozol\/","url":"https:\/\/asteralabs.org\/sv\/product\/letrozol\/","name":"Letrozol - Astera Labs","isPartOf":{"@id":"https:\/\/asteralabs.org\/sv\/#website"},"primaryImageOfPage":{"@id":"https:\/\/asteralabs.org\/sv\/product\/letrozol\/#primaryimage"},"image":{"@id":"https:\/\/asteralabs.org\/sv\/product\/letrozol\/#primaryimage"},"thumbnailUrl":"https:\/\/asteralabs.org\/wp-content\/uploads\/2023\/01\/Letrozole-mockup-nbg.png","datePublished":"2023-01-10T22:47:13+00:00","dateModified":"2026-01-16T09:18:41+00:00","breadcrumb":{"@id":"https:\/\/asteralabs.org\/sv\/product\/letrozol\/#breadcrumb"},"inLanguage":"sv-SE","potentialAction":[{"@type":"ReadAction","target":["https:\/\/asteralabs.org\/sv\/product\/letrozol\/"]}]},{"@type":"ImageObject","inLanguage":"sv-SE","@id":"https:\/\/asteralabs.org\/sv\/product\/letrozol\/#primaryimage","url":"https:\/\/asteralabs.org\/wp-content\/uploads\/2023\/01\/Letrozole-mockup-nbg.png","contentUrl":"https:\/\/asteralabs.org\/wp-content\/uploads\/2023\/01\/Letrozole-mockup-nbg.png","width":2000,"height":2000},{"@type":"BreadcrumbList","@id":"https:\/\/asteralabs.org\/sv\/product\/letrozol\/#breadcrumb","itemListElement":[{"@type":"ListItem","position":1,"name":"Home","item":"https:\/\/asteralabs.org\/sv\/"},{"@type":"ListItem","position":2,"name":"Butik","item":"https:\/\/asteralabs.org\/butik\/"},{"@type":"ListItem","position":3,"name":"Letrozol"}]},{"@type":"WebSite","@id":"https:\/\/asteralabs.org\/sv\/#website","url":"https:\/\/asteralabs.org\/sv\/","name":"Astera Labs","description":"Improve Your Quality Of Life","publisher":{"@id":"https:\/\/asteralabs.org\/sv\/#organization"},"potentialAction":[{"@type":"SearchAction","target":{"@type":"EntryPoint","urlTemplate":"https:\/\/asteralabs.org\/sv\/?s={search_term_string}"},"query-input":"required name=search_term_string"}],"inLanguage":"sv-SE"},{"@type":"Organization","@id":"https:\/\/asteralabs.org\/sv\/#organization","name":"Astera Labs","url":"https:\/\/asteralabs.org\/sv\/","logo":{"@type":"ImageObject","inLanguage":"sv-SE","@id":"https:\/\/asteralabs.org\/sv\/#\/schema\/logo\/image\/","url":"https:\/\/asteralabs.org\/wp-content\/uploads\/2022\/12\/astera-2.png","contentUrl":"https:\/\/asteralabs.org\/wp-content\/uploads\/2022\/12\/astera-2.png","width":437,"height":111,"caption":"Astera Labs"},"image":{"@id":"https:\/\/asteralabs.org\/sv\/#\/schema\/logo\/image\/"}}]}},"_links":{"self":[{"href":"https:\/\/asteralabs.org\/sv\/wp-json\/wp\/v2\/product\/78239"}],"collection":[{"href":"https:\/\/asteralabs.org\/sv\/wp-json\/wp\/v2\/product"}],"about":[{"href":"https:\/\/asteralabs.org\/sv\/wp-json\/wp\/v2\/types\/product"}],"replies":[{"embeddable":true,"href":"https:\/\/asteralabs.org\/sv\/wp-json\/wp\/v2\/comments?post=78239"}],"version-history":[{"count":0,"href":"https:\/\/asteralabs.org\/sv\/wp-json\/wp\/v2\/product\/78239\/revisions"}],"wp:featuredmedia":[{"embeddable":true,"href":"https:\/\/asteralabs.org\/sv\/wp-json\/wp\/v2\/media\/76270"}],"wp:attachment":[{"href":"https:\/\/asteralabs.org\/sv\/wp-json\/wp\/v2\/media?parent=78239"}],"wp:term":[{"taxonomy":"product_cat","embeddable":true,"href":"https:\/\/asteralabs.org\/sv\/wp-json\/wp\/v2\/product_cat?post=78239"},{"taxonomy":"product_tag","embeddable":true,"href":"https:\/\/asteralabs.org\/sv\/wp-json\/wp\/v2\/product_tag?post=78239"}],"curies":[{"name":"wp","href":"https:\/\/api.w.org\/{rel}","templated":true}]}}