{"id":78244,"date":"2023-01-10T22:43:49","date_gmt":"2023-01-10T22:43:49","guid":{"rendered":"https:\/\/asteralabs.org\/product\/oxymetolon-2\/"},"modified":"2026-01-16T10:35:38","modified_gmt":"2026-01-16T10:35:38","slug":"oxymetolon-2","status":"publish","type":"product","link":"https:\/\/asteralabs.org\/sv\/product\/oxymetolon-2\/","title":{"rendered":"Oxymetolon"},"content":{"rendered":"<p><strong>DOSERING: <\/strong><br \/>\nOxymetholone 25mg\/tab <strong>PACKAGE CONTENT: <\/strong><br \/>\n1 satchet, 100 tabs, 25 mg per tab <strong>VAD <\/strong> \u00c4R DET:<br \/>\nOxymetholone \u00e4r en av de mest anv\u00e4nda orala steroider p\u00e5 marknaden. Det \u00e4r normalt anv\u00e4nds i bulking cykler p\u00e5 grund av den snabba vinst i muskelmassa det ger (delvis tack vare \u00f6kningen av glykogen butiker), ocks\u00e5 p\u00e5 grund av denna anledning ger det en betydande \u00f6kning av styrka, p\u00e5 grund av detta \u00e4r det vanligt f\u00f6rekommande i styrkelyft och strongman t\u00e4vlingar. Dess hepatotoxicitet \u00e4r inte s\u00e5 h\u00f6g som ryktas, relativt h\u00f6ga doser anses vara s\u00e4kra hos sjuka barn och personer med cancer och osteoporos enligt olika kliniska pr\u00f6vningar. Eftersom det \u00e4r den orala versionen kommer dess absorption att bli st\u00f6rre, och eftersom den saknar ester kommer dess absorption att vara n\u00e4stan lika snabb som den orala versionen. <strong>HUR MAN ANV\u00c4NDER: <\/strong><br \/>\nDe vanligaste doserna \u00e4r 50 till 100 mg per dag. \u00c4ven om det \u00e4r injicerbart rekommenderar vi att du anv\u00e4nder samma protokoll som anv\u00e4nds med den orala versionen. Vi rekommenderar att du delar upp dosen tv\u00e5 g\u00e5nger om dagen. Cyklerna varar vanligtvis mellan 4-6 veckor. <strong>BATCHINFORMATION:<br \/>\n<\/strong>Batch nr: <span data-sheets-root=\"1\" data-sheets-value=\"{\" data-sheets-userformat=\"{\">MS33537<\/span><br \/>\nTillverkningsdatum: <span data-sheets-root=\"1\" data-sheets-value=\"{\" data-sheets-userformat=\"{\">10.2025.<\/span><br \/>\nUtg\u00e5ngsdatum: <span data-sheets-root=\"1\" data-sheets-value=\"{\" data-sheets-userformat=\"{\">10.2028.<\/span><\/p>\n","protected":false},"excerpt":{"rendered":"<p>DOSERING: Oxymetholone 25mg\/tab PACKAGE CONTENT: 1 satchet, 100 tabs, 25 mg per tab VAD \u00c4R DET: Oxymetholone \u00e4r en av de mest anv\u00e4nda orala steroider p\u00e5 marknaden. Det \u00e4r normalt anv\u00e4nds i bulking cykler p\u00e5 grund av den snabba vinst i muskelmassa det ger (delvis tack vare \u00f6kningen av glykogen butiker), ocks\u00e5 p\u00e5 grund av&hellip;<\/p>\n","protected":false},"featured_media":76334,"comment_status":"open","ping_status":"closed","template":"","meta":[],"product_cat":[171,179],"product_tag":[],"yoast_head":"<!-- This site is optimized with the Yoast SEO plugin v23.0 - https:\/\/yoast.com\/wordpress\/plugins\/seo\/ -->\n<title>Oxymetolon - Astera Labs<\/title>\n<meta name=\"robots\" content=\"index, follow, max-snippet:-1, max-image-preview:large, max-video-preview:-1\" \/>\n<link rel=\"canonical\" href=\"https:\/\/asteralabs.org\/sv\/product\/oxymetolon-2\/\" \/>\n<meta property=\"og:locale\" content=\"sv_SE\" \/>\n<meta property=\"og:type\" content=\"article\" \/>\n<meta property=\"og:title\" content=\"Oxymetolon - Astera Labs\" \/>\n<meta property=\"og:description\" content=\"DOSERING: Oxymetholone 25mg\/tab PACKAGE CONTENT: 1 satchet, 100 tabs, 25 mg per tab VAD \u00c4R DET: Oxymetholone \u00e4r en av de mest anv\u00e4nda orala steroider p\u00e5 marknaden. Det \u00e4r normalt anv\u00e4nds i bulking cykler p\u00e5 grund av den snabba vinst i muskelmassa det ger (delvis tack vare \u00f6kningen av glykogen butiker), ocks\u00e5 p\u00e5 grund av&hellip;\" \/>\n<meta property=\"og:url\" content=\"https:\/\/asteralabs.org\/sv\/product\/oxymetolon-2\/\" \/>\n<meta property=\"og:site_name\" content=\"Astera Labs\" \/>\n<meta property=\"article:modified_time\" content=\"2026-01-16T10:35:38+00:00\" \/>\n<meta property=\"og:image\" content=\"https:\/\/asteralabs.org\/wp-content\/uploads\/2023\/01\/Oxymetholone-mockup-nbg.png\" \/>\n\t<meta property=\"og:image:width\" content=\"2000\" \/>\n\t<meta property=\"og:image:height\" content=\"2000\" \/>\n\t<meta property=\"og:image:type\" content=\"image\/png\" \/>\n<meta name=\"twitter:card\" content=\"summary_large_image\" \/>\n<script type=\"application\/ld+json\" class=\"yoast-schema-graph\">{\"@context\":\"https:\/\/schema.org\",\"@graph\":[{\"@type\":\"WebPage\",\"@id\":\"https:\/\/asteralabs.org\/sv\/product\/oxymetolon-2\/\",\"url\":\"https:\/\/asteralabs.org\/sv\/product\/oxymetolon-2\/\",\"name\":\"Oxymetolon - Astera Labs\",\"isPartOf\":{\"@id\":\"https:\/\/asteralabs.org\/sv\/#website\"},\"primaryImageOfPage\":{\"@id\":\"https:\/\/asteralabs.org\/sv\/product\/oxymetolon-2\/#primaryimage\"},\"image\":{\"@id\":\"https:\/\/asteralabs.org\/sv\/product\/oxymetolon-2\/#primaryimage\"},\"thumbnailUrl\":\"https:\/\/asteralabs.org\/wp-content\/uploads\/2023\/01\/Oxymetholone-mockup-nbg.png\",\"datePublished\":\"2023-01-10T22:43:49+00:00\",\"dateModified\":\"2026-01-16T10:35:38+00:00\",\"breadcrumb\":{\"@id\":\"https:\/\/asteralabs.org\/sv\/product\/oxymetolon-2\/#breadcrumb\"},\"inLanguage\":\"sv-SE\",\"potentialAction\":[{\"@type\":\"ReadAction\",\"target\":[\"https:\/\/asteralabs.org\/sv\/product\/oxymetolon-2\/\"]}]},{\"@type\":\"ImageObject\",\"inLanguage\":\"sv-SE\",\"@id\":\"https:\/\/asteralabs.org\/sv\/product\/oxymetolon-2\/#primaryimage\",\"url\":\"https:\/\/asteralabs.org\/wp-content\/uploads\/2023\/01\/Oxymetholone-mockup-nbg.png\",\"contentUrl\":\"https:\/\/asteralabs.org\/wp-content\/uploads\/2023\/01\/Oxymetholone-mockup-nbg.png\",\"width\":2000,\"height\":2000},{\"@type\":\"BreadcrumbList\",\"@id\":\"https:\/\/asteralabs.org\/sv\/product\/oxymetolon-2\/#breadcrumb\",\"itemListElement\":[{\"@type\":\"ListItem\",\"position\":1,\"name\":\"Home\",\"item\":\"https:\/\/asteralabs.org\/sv\/\"},{\"@type\":\"ListItem\",\"position\":2,\"name\":\"Butik\",\"item\":\"https:\/\/asteralabs.org\/butik\/\"},{\"@type\":\"ListItem\",\"position\":3,\"name\":\"Oxymetolon\"}]},{\"@type\":\"WebSite\",\"@id\":\"https:\/\/asteralabs.org\/sv\/#website\",\"url\":\"https:\/\/asteralabs.org\/sv\/\",\"name\":\"Astera Labs\",\"description\":\"Improve Your Quality Of Life\",\"publisher\":{\"@id\":\"https:\/\/asteralabs.org\/sv\/#organization\"},\"potentialAction\":[{\"@type\":\"SearchAction\",\"target\":{\"@type\":\"EntryPoint\",\"urlTemplate\":\"https:\/\/asteralabs.org\/sv\/?s={search_term_string}\"},\"query-input\":\"required name=search_term_string\"}],\"inLanguage\":\"sv-SE\"},{\"@type\":\"Organization\",\"@id\":\"https:\/\/asteralabs.org\/sv\/#organization\",\"name\":\"Astera Labs\",\"url\":\"https:\/\/asteralabs.org\/sv\/\",\"logo\":{\"@type\":\"ImageObject\",\"inLanguage\":\"sv-SE\",\"@id\":\"https:\/\/asteralabs.org\/sv\/#\/schema\/logo\/image\/\",\"url\":\"https:\/\/asteralabs.org\/wp-content\/uploads\/2022\/12\/astera-2.png\",\"contentUrl\":\"https:\/\/asteralabs.org\/wp-content\/uploads\/2022\/12\/astera-2.png\",\"width\":437,\"height\":111,\"caption\":\"Astera Labs\"},\"image\":{\"@id\":\"https:\/\/asteralabs.org\/sv\/#\/schema\/logo\/image\/\"}}]}<\/script>\n<!-- \/ Yoast SEO plugin. -->","yoast_head_json":{"title":"Oxymetolon - Astera Labs","robots":{"index":"index","follow":"follow","max-snippet":"max-snippet:-1","max-image-preview":"max-image-preview:large","max-video-preview":"max-video-preview:-1"},"canonical":"https:\/\/asteralabs.org\/sv\/product\/oxymetolon-2\/","og_locale":"sv_SE","og_type":"article","og_title":"Oxymetolon - Astera Labs","og_description":"DOSERING: Oxymetholone 25mg\/tab PACKAGE CONTENT: 1 satchet, 100 tabs, 25 mg per tab VAD \u00c4R DET: Oxymetholone \u00e4r en av de mest anv\u00e4nda orala steroider p\u00e5 marknaden. Det \u00e4r normalt anv\u00e4nds i bulking cykler p\u00e5 grund av den snabba vinst i muskelmassa det ger (delvis tack vare \u00f6kningen av glykogen butiker), ocks\u00e5 p\u00e5 grund av&hellip;","og_url":"https:\/\/asteralabs.org\/sv\/product\/oxymetolon-2\/","og_site_name":"Astera Labs","article_modified_time":"2026-01-16T10:35:38+00:00","og_image":[{"width":2000,"height":2000,"url":"https:\/\/asteralabs.org\/wp-content\/uploads\/2023\/01\/Oxymetholone-mockup-nbg.png","type":"image\/png"}],"twitter_card":"summary_large_image","schema":{"@context":"https:\/\/schema.org","@graph":[{"@type":"WebPage","@id":"https:\/\/asteralabs.org\/sv\/product\/oxymetolon-2\/","url":"https:\/\/asteralabs.org\/sv\/product\/oxymetolon-2\/","name":"Oxymetolon - Astera Labs","isPartOf":{"@id":"https:\/\/asteralabs.org\/sv\/#website"},"primaryImageOfPage":{"@id":"https:\/\/asteralabs.org\/sv\/product\/oxymetolon-2\/#primaryimage"},"image":{"@id":"https:\/\/asteralabs.org\/sv\/product\/oxymetolon-2\/#primaryimage"},"thumbnailUrl":"https:\/\/asteralabs.org\/wp-content\/uploads\/2023\/01\/Oxymetholone-mockup-nbg.png","datePublished":"2023-01-10T22:43:49+00:00","dateModified":"2026-01-16T10:35:38+00:00","breadcrumb":{"@id":"https:\/\/asteralabs.org\/sv\/product\/oxymetolon-2\/#breadcrumb"},"inLanguage":"sv-SE","potentialAction":[{"@type":"ReadAction","target":["https:\/\/asteralabs.org\/sv\/product\/oxymetolon-2\/"]}]},{"@type":"ImageObject","inLanguage":"sv-SE","@id":"https:\/\/asteralabs.org\/sv\/product\/oxymetolon-2\/#primaryimage","url":"https:\/\/asteralabs.org\/wp-content\/uploads\/2023\/01\/Oxymetholone-mockup-nbg.png","contentUrl":"https:\/\/asteralabs.org\/wp-content\/uploads\/2023\/01\/Oxymetholone-mockup-nbg.png","width":2000,"height":2000},{"@type":"BreadcrumbList","@id":"https:\/\/asteralabs.org\/sv\/product\/oxymetolon-2\/#breadcrumb","itemListElement":[{"@type":"ListItem","position":1,"name":"Home","item":"https:\/\/asteralabs.org\/sv\/"},{"@type":"ListItem","position":2,"name":"Butik","item":"https:\/\/asteralabs.org\/butik\/"},{"@type":"ListItem","position":3,"name":"Oxymetolon"}]},{"@type":"WebSite","@id":"https:\/\/asteralabs.org\/sv\/#website","url":"https:\/\/asteralabs.org\/sv\/","name":"Astera Labs","description":"Improve Your Quality Of Life","publisher":{"@id":"https:\/\/asteralabs.org\/sv\/#organization"},"potentialAction":[{"@type":"SearchAction","target":{"@type":"EntryPoint","urlTemplate":"https:\/\/asteralabs.org\/sv\/?s={search_term_string}"},"query-input":"required name=search_term_string"}],"inLanguage":"sv-SE"},{"@type":"Organization","@id":"https:\/\/asteralabs.org\/sv\/#organization","name":"Astera Labs","url":"https:\/\/asteralabs.org\/sv\/","logo":{"@type":"ImageObject","inLanguage":"sv-SE","@id":"https:\/\/asteralabs.org\/sv\/#\/schema\/logo\/image\/","url":"https:\/\/asteralabs.org\/wp-content\/uploads\/2022\/12\/astera-2.png","contentUrl":"https:\/\/asteralabs.org\/wp-content\/uploads\/2022\/12\/astera-2.png","width":437,"height":111,"caption":"Astera Labs"},"image":{"@id":"https:\/\/asteralabs.org\/sv\/#\/schema\/logo\/image\/"}}]}},"_links":{"self":[{"href":"https:\/\/asteralabs.org\/sv\/wp-json\/wp\/v2\/product\/78244"}],"collection":[{"href":"https:\/\/asteralabs.org\/sv\/wp-json\/wp\/v2\/product"}],"about":[{"href":"https:\/\/asteralabs.org\/sv\/wp-json\/wp\/v2\/types\/product"}],"replies":[{"embeddable":true,"href":"https:\/\/asteralabs.org\/sv\/wp-json\/wp\/v2\/comments?post=78244"}],"version-history":[{"count":0,"href":"https:\/\/asteralabs.org\/sv\/wp-json\/wp\/v2\/product\/78244\/revisions"}],"wp:featuredmedia":[{"embeddable":true,"href":"https:\/\/asteralabs.org\/sv\/wp-json\/wp\/v2\/media\/76334"}],"wp:attachment":[{"href":"https:\/\/asteralabs.org\/sv\/wp-json\/wp\/v2\/media?parent=78244"}],"wp:term":[{"taxonomy":"product_cat","embeddable":true,"href":"https:\/\/asteralabs.org\/sv\/wp-json\/wp\/v2\/product_cat?post=78244"},{"taxonomy":"product_tag","embeddable":true,"href":"https:\/\/asteralabs.org\/sv\/wp-json\/wp\/v2\/product_tag?post=78244"}],"curies":[{"name":"wp","href":"https:\/\/api.w.org\/{rel}","templated":true}]}}