{"id":78251,"date":"2023-01-10T22:42:05","date_gmt":"2023-01-10T22:42:05","guid":{"rendered":"https:\/\/asteralabs.org\/product\/stanozolol-2\/"},"modified":"2026-01-15T13:36:24","modified_gmt":"2026-01-15T13:36:24","slug":"stanozolol-2","status":"publish","type":"product","link":"https:\/\/asteralabs.org\/sv\/product\/stanozolol-2\/","title":{"rendered":"Stanozolol"},"content":{"rendered":"<p><strong>DOSERING: <\/strong><br \/>\nStanozolol 20 mg\/tab. <strong>F\u00d6RPACKNINGSINNEH\u00c5LL: <\/strong><br \/>\n1 satchet, 100 flikar, 20 mg per flik VAD \u00c4R <strong>DET:<\/strong><br \/>\nStanozolol mer allm\u00e4nt k\u00e4nd som Winstrol \u00e4r den mest anv\u00e4nda orala steroiden i sk\u00e4rfaser. Dess androgena potential \u00e4r mycket h\u00f6g, vilket g\u00f6r den till den perfekta steroiden n\u00e4r det g\u00e4ller att beh\u00e5lla muskelmassa samtidigt som man f\u00f6rlorar fett. Det \u00e4r ocks\u00e5 mycket anv\u00e4ndbart n\u00e4r det g\u00e4ller att f\u00f6rb\u00e4ttra styrkan och kan vara anv\u00e4ndbart i explosiva sporter. HUR <strong>MAN ANV\u00c4NDER:<\/strong><br \/>\nDoser str\u00e4cker sig fr\u00e5n 30 till 100 mg, med 40-50 mg som en standarddos och 100 mg som en dos f\u00f6re t\u00e4vlingen. Vi rekommenderar inte att du anv\u00e4nder det i mer \u00e4n 4-6 veckor \u00e5t g\u00e5ngen. Vi rekommenderar att du delar upp dosen tv\u00e5 g\u00e5nger om dagen. Eftersom det \u00e4r den orala versionen rekommenderar vi att du anv\u00e4nder den en g\u00e5ng ED. <strong>BATCHINFORMATION:<br \/>\n<\/strong>Batch nr: <span data-sheets-root=\"1\" data-sheets-value=\"{\" data-sheets-userformat=\"{\">NK31868<\/span><br \/>\nTillverkningsdatum: <span data-sheets-root=\"1\" data-sheets-value=\"{\" data-sheets-userformat=\"{\">10.2025.<\/span><br \/>\nUtg\u00e5ngsdatum: <span data-sheets-root=\"1\" data-sheets-value=\"{\" data-sheets-userformat=\"{\">10.2028<\/span><\/p>\n","protected":false},"excerpt":{"rendered":"<p>DOSERING: Stanozolol 20 mg\/tab. F\u00d6RPACKNINGSINNEH\u00c5LL: 1 satchet, 100 flikar, 20 mg per flik VAD \u00c4R DET: Stanozolol mer allm\u00e4nt k\u00e4nd som Winstrol \u00e4r den mest anv\u00e4nda orala steroiden i sk\u00e4rfaser. Dess androgena potential \u00e4r mycket h\u00f6g, vilket g\u00f6r den till den perfekta steroiden n\u00e4r det g\u00e4ller att beh\u00e5lla muskelmassa samtidigt som man f\u00f6rlorar fett. Det&hellip;<\/p>\n","protected":false},"featured_media":76350,"comment_status":"open","ping_status":"closed","template":"","meta":[],"product_cat":[171,179],"product_tag":[],"yoast_head":"<!-- This site is optimized with the Yoast SEO plugin v23.0 - https:\/\/yoast.com\/wordpress\/plugins\/seo\/ -->\n<title>Stanozolol - Astera Labs<\/title>\n<meta name=\"robots\" content=\"index, follow, max-snippet:-1, max-image-preview:large, max-video-preview:-1\" \/>\n<link rel=\"canonical\" href=\"https:\/\/asteralabs.org\/sv\/product\/stanozolol-2\/\" \/>\n<meta property=\"og:locale\" content=\"sv_SE\" \/>\n<meta property=\"og:type\" content=\"article\" \/>\n<meta property=\"og:title\" content=\"Stanozolol - Astera Labs\" \/>\n<meta property=\"og:description\" content=\"DOSERING: Stanozolol 20 mg\/tab. F\u00d6RPACKNINGSINNEH\u00c5LL: 1 satchet, 100 flikar, 20 mg per flik VAD \u00c4R DET: Stanozolol mer allm\u00e4nt k\u00e4nd som Winstrol \u00e4r den mest anv\u00e4nda orala steroiden i sk\u00e4rfaser. Dess androgena potential \u00e4r mycket h\u00f6g, vilket g\u00f6r den till den perfekta steroiden n\u00e4r det g\u00e4ller att beh\u00e5lla muskelmassa samtidigt som man f\u00f6rlorar fett. Det&hellip;\" \/>\n<meta property=\"og:url\" content=\"https:\/\/asteralabs.org\/sv\/product\/stanozolol-2\/\" \/>\n<meta property=\"og:site_name\" content=\"Astera Labs\" \/>\n<meta property=\"article:modified_time\" content=\"2026-01-15T13:36:24+00:00\" \/>\n<meta property=\"og:image\" content=\"https:\/\/asteralabs.org\/wp-content\/uploads\/2023\/01\/Stanozolol-mockup-nbg.png\" \/>\n\t<meta property=\"og:image:width\" content=\"2000\" \/>\n\t<meta property=\"og:image:height\" content=\"2000\" \/>\n\t<meta property=\"og:image:type\" content=\"image\/png\" \/>\n<meta name=\"twitter:card\" content=\"summary_large_image\" \/>\n<script type=\"application\/ld+json\" class=\"yoast-schema-graph\">{\"@context\":\"https:\/\/schema.org\",\"@graph\":[{\"@type\":\"WebPage\",\"@id\":\"https:\/\/asteralabs.org\/sv\/product\/stanozolol-2\/\",\"url\":\"https:\/\/asteralabs.org\/sv\/product\/stanozolol-2\/\",\"name\":\"Stanozolol - Astera Labs\",\"isPartOf\":{\"@id\":\"https:\/\/asteralabs.org\/sv\/#website\"},\"primaryImageOfPage\":{\"@id\":\"https:\/\/asteralabs.org\/sv\/product\/stanozolol-2\/#primaryimage\"},\"image\":{\"@id\":\"https:\/\/asteralabs.org\/sv\/product\/stanozolol-2\/#primaryimage\"},\"thumbnailUrl\":\"https:\/\/asteralabs.org\/wp-content\/uploads\/2023\/01\/Stanozolol-mockup-nbg.png\",\"datePublished\":\"2023-01-10T22:42:05+00:00\",\"dateModified\":\"2026-01-15T13:36:24+00:00\",\"breadcrumb\":{\"@id\":\"https:\/\/asteralabs.org\/sv\/product\/stanozolol-2\/#breadcrumb\"},\"inLanguage\":\"sv-SE\",\"potentialAction\":[{\"@type\":\"ReadAction\",\"target\":[\"https:\/\/asteralabs.org\/sv\/product\/stanozolol-2\/\"]}]},{\"@type\":\"ImageObject\",\"inLanguage\":\"sv-SE\",\"@id\":\"https:\/\/asteralabs.org\/sv\/product\/stanozolol-2\/#primaryimage\",\"url\":\"https:\/\/asteralabs.org\/wp-content\/uploads\/2023\/01\/Stanozolol-mockup-nbg.png\",\"contentUrl\":\"https:\/\/asteralabs.org\/wp-content\/uploads\/2023\/01\/Stanozolol-mockup-nbg.png\",\"width\":2000,\"height\":2000},{\"@type\":\"BreadcrumbList\",\"@id\":\"https:\/\/asteralabs.org\/sv\/product\/stanozolol-2\/#breadcrumb\",\"itemListElement\":[{\"@type\":\"ListItem\",\"position\":1,\"name\":\"Home\",\"item\":\"https:\/\/asteralabs.org\/sv\/\"},{\"@type\":\"ListItem\",\"position\":2,\"name\":\"Butik\",\"item\":\"https:\/\/asteralabs.org\/butik\/\"},{\"@type\":\"ListItem\",\"position\":3,\"name\":\"Stanozolol\"}]},{\"@type\":\"WebSite\",\"@id\":\"https:\/\/asteralabs.org\/sv\/#website\",\"url\":\"https:\/\/asteralabs.org\/sv\/\",\"name\":\"Astera Labs\",\"description\":\"Improve Your Quality Of Life\",\"publisher\":{\"@id\":\"https:\/\/asteralabs.org\/sv\/#organization\"},\"potentialAction\":[{\"@type\":\"SearchAction\",\"target\":{\"@type\":\"EntryPoint\",\"urlTemplate\":\"https:\/\/asteralabs.org\/sv\/?s={search_term_string}\"},\"query-input\":\"required name=search_term_string\"}],\"inLanguage\":\"sv-SE\"},{\"@type\":\"Organization\",\"@id\":\"https:\/\/asteralabs.org\/sv\/#organization\",\"name\":\"Astera Labs\",\"url\":\"https:\/\/asteralabs.org\/sv\/\",\"logo\":{\"@type\":\"ImageObject\",\"inLanguage\":\"sv-SE\",\"@id\":\"https:\/\/asteralabs.org\/sv\/#\/schema\/logo\/image\/\",\"url\":\"https:\/\/asteralabs.org\/wp-content\/uploads\/2022\/12\/astera-2.png\",\"contentUrl\":\"https:\/\/asteralabs.org\/wp-content\/uploads\/2022\/12\/astera-2.png\",\"width\":437,\"height\":111,\"caption\":\"Astera Labs\"},\"image\":{\"@id\":\"https:\/\/asteralabs.org\/sv\/#\/schema\/logo\/image\/\"}}]}<\/script>\n<!-- \/ Yoast SEO plugin. -->","yoast_head_json":{"title":"Stanozolol - Astera Labs","robots":{"index":"index","follow":"follow","max-snippet":"max-snippet:-1","max-image-preview":"max-image-preview:large","max-video-preview":"max-video-preview:-1"},"canonical":"https:\/\/asteralabs.org\/sv\/product\/stanozolol-2\/","og_locale":"sv_SE","og_type":"article","og_title":"Stanozolol - Astera Labs","og_description":"DOSERING: Stanozolol 20 mg\/tab. F\u00d6RPACKNINGSINNEH\u00c5LL: 1 satchet, 100 flikar, 20 mg per flik VAD \u00c4R DET: Stanozolol mer allm\u00e4nt k\u00e4nd som Winstrol \u00e4r den mest anv\u00e4nda orala steroiden i sk\u00e4rfaser. Dess androgena potential \u00e4r mycket h\u00f6g, vilket g\u00f6r den till den perfekta steroiden n\u00e4r det g\u00e4ller att beh\u00e5lla muskelmassa samtidigt som man f\u00f6rlorar fett. Det&hellip;","og_url":"https:\/\/asteralabs.org\/sv\/product\/stanozolol-2\/","og_site_name":"Astera Labs","article_modified_time":"2026-01-15T13:36:24+00:00","og_image":[{"width":2000,"height":2000,"url":"https:\/\/asteralabs.org\/wp-content\/uploads\/2023\/01\/Stanozolol-mockup-nbg.png","type":"image\/png"}],"twitter_card":"summary_large_image","schema":{"@context":"https:\/\/schema.org","@graph":[{"@type":"WebPage","@id":"https:\/\/asteralabs.org\/sv\/product\/stanozolol-2\/","url":"https:\/\/asteralabs.org\/sv\/product\/stanozolol-2\/","name":"Stanozolol - Astera Labs","isPartOf":{"@id":"https:\/\/asteralabs.org\/sv\/#website"},"primaryImageOfPage":{"@id":"https:\/\/asteralabs.org\/sv\/product\/stanozolol-2\/#primaryimage"},"image":{"@id":"https:\/\/asteralabs.org\/sv\/product\/stanozolol-2\/#primaryimage"},"thumbnailUrl":"https:\/\/asteralabs.org\/wp-content\/uploads\/2023\/01\/Stanozolol-mockup-nbg.png","datePublished":"2023-01-10T22:42:05+00:00","dateModified":"2026-01-15T13:36:24+00:00","breadcrumb":{"@id":"https:\/\/asteralabs.org\/sv\/product\/stanozolol-2\/#breadcrumb"},"inLanguage":"sv-SE","potentialAction":[{"@type":"ReadAction","target":["https:\/\/asteralabs.org\/sv\/product\/stanozolol-2\/"]}]},{"@type":"ImageObject","inLanguage":"sv-SE","@id":"https:\/\/asteralabs.org\/sv\/product\/stanozolol-2\/#primaryimage","url":"https:\/\/asteralabs.org\/wp-content\/uploads\/2023\/01\/Stanozolol-mockup-nbg.png","contentUrl":"https:\/\/asteralabs.org\/wp-content\/uploads\/2023\/01\/Stanozolol-mockup-nbg.png","width":2000,"height":2000},{"@type":"BreadcrumbList","@id":"https:\/\/asteralabs.org\/sv\/product\/stanozolol-2\/#breadcrumb","itemListElement":[{"@type":"ListItem","position":1,"name":"Home","item":"https:\/\/asteralabs.org\/sv\/"},{"@type":"ListItem","position":2,"name":"Butik","item":"https:\/\/asteralabs.org\/butik\/"},{"@type":"ListItem","position":3,"name":"Stanozolol"}]},{"@type":"WebSite","@id":"https:\/\/asteralabs.org\/sv\/#website","url":"https:\/\/asteralabs.org\/sv\/","name":"Astera Labs","description":"Improve Your Quality Of Life","publisher":{"@id":"https:\/\/asteralabs.org\/sv\/#organization"},"potentialAction":[{"@type":"SearchAction","target":{"@type":"EntryPoint","urlTemplate":"https:\/\/asteralabs.org\/sv\/?s={search_term_string}"},"query-input":"required name=search_term_string"}],"inLanguage":"sv-SE"},{"@type":"Organization","@id":"https:\/\/asteralabs.org\/sv\/#organization","name":"Astera Labs","url":"https:\/\/asteralabs.org\/sv\/","logo":{"@type":"ImageObject","inLanguage":"sv-SE","@id":"https:\/\/asteralabs.org\/sv\/#\/schema\/logo\/image\/","url":"https:\/\/asteralabs.org\/wp-content\/uploads\/2022\/12\/astera-2.png","contentUrl":"https:\/\/asteralabs.org\/wp-content\/uploads\/2022\/12\/astera-2.png","width":437,"height":111,"caption":"Astera Labs"},"image":{"@id":"https:\/\/asteralabs.org\/sv\/#\/schema\/logo\/image\/"}}]}},"_links":{"self":[{"href":"https:\/\/asteralabs.org\/sv\/wp-json\/wp\/v2\/product\/78251"}],"collection":[{"href":"https:\/\/asteralabs.org\/sv\/wp-json\/wp\/v2\/product"}],"about":[{"href":"https:\/\/asteralabs.org\/sv\/wp-json\/wp\/v2\/types\/product"}],"replies":[{"embeddable":true,"href":"https:\/\/asteralabs.org\/sv\/wp-json\/wp\/v2\/comments?post=78251"}],"version-history":[{"count":2,"href":"https:\/\/asteralabs.org\/sv\/wp-json\/wp\/v2\/product\/78251\/revisions"}],"predecessor-version":[{"id":79935,"href":"https:\/\/asteralabs.org\/sv\/wp-json\/wp\/v2\/product\/78251\/revisions\/79935"}],"wp:featuredmedia":[{"embeddable":true,"href":"https:\/\/asteralabs.org\/sv\/wp-json\/wp\/v2\/media\/76350"}],"wp:attachment":[{"href":"https:\/\/asteralabs.org\/sv\/wp-json\/wp\/v2\/media?parent=78251"}],"wp:term":[{"taxonomy":"product_cat","embeddable":true,"href":"https:\/\/asteralabs.org\/sv\/wp-json\/wp\/v2\/product_cat?post=78251"},{"taxonomy":"product_tag","embeddable":true,"href":"https:\/\/asteralabs.org\/sv\/wp-json\/wp\/v2\/product_tag?post=78251"}],"curies":[{"name":"wp","href":"https:\/\/api.w.org\/{rel}","templated":true}]}}